{"id":251,"date":"2025-04-29T16:33:34","date_gmt":"2025-04-29T14:33:34","guid":{"rendered":"http:\/\/shammi"},"modified":"2025-07-21T13:20:04","modified_gmt":"2025-07-21T11:20:04","slug":"n3-hair-perfector","status":"publish","type":"product","link":"https:\/\/wbcoiffure.fr\/?product=n3-hair-perfector","title":{"rendered":"N\u00b03 HAIR PERFECTOR \u2013 SOIN R\u00c9PARATEUR INTENSE POUR TOUS LES TYPES DE CHEVEUX"},"content":{"rendered":"<div id=\"tab-description\" class=\"woocommerce-Tabs-panel woocommerce-Tabs-panel--description panel entry-content wc-tab\" role=\"tabpanel\" aria-labelledby=\"tab-title-description\">\n<h3 data-start=\"420\" data-end=\"447\"><strong data-start=\"424\" data-end=\"441\">Consistance :<\/strong> Cr\u00e8me<\/h3>\n<h3 data-start=\"449\" data-end=\"564\"><strong data-start=\"453\" data-end=\"474\">Type de cheveux :<\/strong> Tous types de cheveux, particuli\u00e8rement ab\u00eem\u00e9s, color\u00e9s, cassants ou trait\u00e9s chimiquement<\/h3>\n<h3 data-start=\"566\" data-end=\"624\"><strong data-start=\"570\" data-end=\"581\">Effet :<\/strong> R\u00e9paration, renforcement, souplesse, \u00e9clat<\/h3>\n<h3 data-start=\"626\" data-end=\"667\"><strong data-start=\"630\" data-end=\"656\">Type de cuir chevelu :<\/strong> Tous types<\/h3>\n<div class=\"_tableContainer_80l1q_1\">\n<div class=\"_tableWrapper_80l1q_14 group flex w-fit flex-col-reverse\" tabindex=\"-1\">\n<table class=\"w-fit min-w-(--thread-content-width)\" data-start=\"669\" data-end=\"1485\">\n<thead data-start=\"669\" data-end=\"910\">\n<tr data-start=\"669\" data-end=\"910\">\n<th data-start=\"669\" data-end=\"694\" data-col-size=\"sm\"><strong data-start=\"671\" data-end=\"693\">Mode d\u2019Application<\/strong><\/th>\n<th data-start=\"694\" data-end=\"910\" data-col-size=\"xl\">Appliquez g\u00e9n\u00e9reusement sur cheveux humides et essor\u00e9s (apr\u00e8s le N\u00b00 pour un soin renforc\u00e9). Laissez poser 10 \u00e0 20 minutes puis rincez, shampouinez et appliquez un apr\u00e8s-shampooing. \u00c0 utiliser 1 \u00e0 2 fois\/semaine.<\/th>\n<\/tr>\n<\/thead>\n<tbody data-start=\"1117\" data-end=\"1485\">\n<tr data-start=\"1117\" data-end=\"1284\">\n<td data-start=\"1117\" data-end=\"1142\" data-col-size=\"sm\"><strong data-start=\"1119\" data-end=\"1139\">Caract\u00e9ristiques<\/strong><\/td>\n<td data-start=\"1142\" data-end=\"1284\" data-col-size=\"xl\">R\u00e9pare les ponts disulfures internes du cheveu. R\u00e9sultats visibles d\u00e8s la premi\u00e8re utilisation : cheveux plus forts, souples et \u00e9clatants.<\/td>\n<\/tr>\n<tr data-start=\"1285\" data-end=\"1485\">\n<td data-start=\"1285\" data-end=\"1310\" data-col-size=\"sm\"><strong data-start=\"1287\" data-end=\"1307\">Ingr\u00e9dients cl\u00e9s<\/strong><\/td>\n<td data-start=\"1310\" data-end=\"1485\" data-col-size=\"xl\">Contient la mol\u00e9cule brevet\u00e9e OLAPLEX (Bis-Aminopropyl Diglycol Dimaleate). Sans parab\u00e8nes, sans sulfates, cruelty-free, vegan. Flacon 100\u202fml id\u00e9al pour la routine maison.<\/td>\n<\/tr>\n<\/tbody>\n<\/table>\n<\/div>\n<\/div>\n<\/div>\n","protected":false},"excerpt":{"rendered":"<p>Le <strong data-start=\"198\" data-end=\"220\">N\u00b03 Hair Perfector<\/strong> d\u2019<strong data-start=\"223\" data-end=\"234\">Olaplex<\/strong> est un soin culte \u00e0 domicile, con\u00e7u pour renforcer la fibre capillaire en profondeur. Il restaure la structure interne des cheveux tout en leur redonnant douceur, \u00e9clat et force.<\/p>\n","protected":false},"featured_media":1063,"template":"","meta":{"_eb_attr":"","ocean_post_layout":"","ocean_both_sidebars_style":"","ocean_both_sidebars_content_width":0,"ocean_both_sidebars_sidebars_width":0,"ocean_sidebar":"0","ocean_second_sidebar":"0","ocean_disable_margins":"enable","ocean_add_body_class":"","ocean_shortcode_before_top_bar":"","ocean_shortcode_after_top_bar":"","ocean_shortcode_before_header":"","ocean_shortcode_after_header":"","ocean_has_shortcode":"","ocean_shortcode_after_title":"","ocean_shortcode_before_footer_widgets":"","ocean_shortcode_after_footer_widgets":"","ocean_shortcode_before_footer_bottom":"","ocean_shortcode_after_footer_bottom":"","ocean_display_top_bar":"default","ocean_display_header":"default","ocean_header_style":"","ocean_center_header_left_menu":"0","ocean_custom_header_template":"0","ocean_custom_logo":0,"ocean_custom_retina_logo":0,"ocean_custom_logo_max_width":0,"ocean_custom_logo_tablet_max_width":0,"ocean_custom_logo_mobile_max_width":0,"ocean_custom_logo_max_height":0,"ocean_custom_logo_tablet_max_height":0,"ocean_custom_logo_mobile_max_height":0,"ocean_header_custom_menu":"0","ocean_menu_typo_font_family":"0","ocean_menu_typo_font_subset":"","ocean_menu_typo_font_size":0,"ocean_menu_typo_font_size_tablet":0,"ocean_menu_typo_font_size_mobile":0,"ocean_menu_typo_font_size_unit":"px","ocean_menu_typo_font_weight":"","ocean_menu_typo_font_weight_tablet":"","ocean_menu_typo_font_weight_mobile":"","ocean_menu_typo_transform":"","ocean_menu_typo_transform_tablet":"","ocean_menu_typo_transform_mobile":"","ocean_menu_typo_line_height":0,"ocean_menu_typo_line_height_tablet":0,"ocean_menu_typo_line_height_mobile":0,"ocean_menu_typo_line_height_unit":"","ocean_menu_typo_spacing":0,"ocean_menu_typo_spacing_tablet":0,"ocean_menu_typo_spacing_mobile":0,"ocean_menu_typo_spacing_unit":"","ocean_menu_link_color":"","ocean_menu_link_color_hover":"","ocean_menu_link_color_active":"","ocean_menu_link_background":"","ocean_menu_link_hover_background":"","ocean_menu_link_active_background":"","ocean_menu_social_links_bg":"","ocean_menu_social_hover_links_bg":"","ocean_menu_social_links_color":"","ocean_menu_social_hover_links_color":"","ocean_disable_title":"default","ocean_disable_heading":"default","ocean_post_title":"","ocean_post_subheading":"","ocean_post_title_style":"","ocean_post_title_background_color":"","ocean_post_title_background":0,"ocean_post_title_bg_image_position":"","ocean_post_title_bg_image_attachment":"","ocean_post_title_bg_image_repeat":"","ocean_post_title_bg_image_size":"","ocean_post_title_height":0,"ocean_post_title_bg_overlay":0.5,"ocean_post_title_bg_overlay_color":"","ocean_disable_breadcrumbs":"default","ocean_breadcrumbs_color":"","ocean_breadcrumbs_separator_color":"","ocean_breadcrumbs_links_color":"","ocean_breadcrumbs_links_hover_color":"","ocean_display_footer_widgets":"default","ocean_display_footer_bottom":"default","ocean_custom_footer_template":"0"},"pwb-brand":[54],"product_brand":[48],"product_cat":[44,19],"product_tag":[],"class_list":{"0":"post-251","1":"product","2":"type-product","3":"status-publish","4":"has-post-thumbnail","6":"pwb-brand-olaplex","7":"product_brand-olaplex","8":"product_cat-soins","9":"product_cat-beautybuy","10":"pa_marque-olaplex","12":"entry","13":"has-media","15":"first","16":"instock","17":"shipping-taxable","18":"purchasable","19":"product-type-simple","20":"has-product-nav","21":"col","22":"span_1_of_3","23":"owp-content-center","24":"owp-thumbs-layout-horizontal","25":"owp-btn-normal","26":"owp-tabs-layout-horizontal","27":"has-no-thumbnails"},"yoast_head":"<!-- This site is optimized with the Yoast SEO plugin v27.1.1 - https:\/\/yoast.com\/product\/yoast-seo-wordpress\/ -->\n<title>N\u00b03 HAIR PERFECTOR \u2013 SOIN R\u00c9PARATEUR INTENSE POUR TOUS LES TYPES DE CHEVEUX - WB Coiffure<\/title>\n<meta name=\"robots\" content=\"index, follow, max-snippet:-1, max-image-preview:large, max-video-preview:-1\" \/>\n<link rel=\"canonical\" href=\"https:\/\/wbcoiffure.fr\/?product=n3-hair-perfector\" \/>\n<meta property=\"og:locale\" content=\"fr_FR\" \/>\n<meta property=\"og:type\" content=\"article\" \/>\n<meta property=\"og:title\" content=\"N\u00b03 HAIR PERFECTOR \u2013 SOIN R\u00c9PARATEUR INTENSE POUR TOUS LES TYPES DE CHEVEUX - WB Coiffure\" \/>\n<meta property=\"og:description\" content=\"Le N\u00b03 Hair Perfector d\u2019Olaplex est un soin culte \u00e0 domicile, con\u00e7u pour renforcer la fibre capillaire en profondeur. Il restaure la structure interne des cheveux tout en leur redonnant douceur, \u00e9clat et force.\" \/>\n<meta property=\"og:url\" content=\"https:\/\/wbcoiffure.fr\/?product=n3-hair-perfector\" \/>\n<meta property=\"og:site_name\" content=\"WB Coiffure\" \/>\n<meta property=\"article:modified_time\" content=\"2025-07-21T11:20:04+00:00\" \/>\n<meta property=\"og:image\" content=\"https:\/\/wbcoiffure.fr\/wp-content\/uploads\/2025\/04\/olaplex-intensive-bond-building-hair-treatment-no-0-155-ml-511230-fr-scaled.jpg\" \/>\n\t<meta property=\"og:image:width\" content=\"816\" \/>\n\t<meta property=\"og:image:height\" content=\"2560\" \/>\n\t<meta property=\"og:image:type\" content=\"image\/jpeg\" \/>\n<meta name=\"twitter:card\" content=\"summary_large_image\" \/>\n<meta name=\"twitter:label1\" content=\"Dur\u00e9e de lecture estim\u00e9e\" \/>\n\t<meta name=\"twitter:data1\" content=\"1 minute\" \/>\n<script type=\"application\/ld+json\" class=\"yoast-schema-graph\">{\"@context\":\"https:\/\/schema.org\",\"@graph\":[{\"@type\":\"WebPage\",\"@id\":\"https:\/\/wbcoiffure.fr\/?product=n3-hair-perfector\",\"url\":\"https:\/\/wbcoiffure.fr\/?product=n3-hair-perfector\",\"name\":\"N\u00b03 HAIR PERFECTOR \u2013 SOIN R\u00c9PARATEUR INTENSE POUR TOUS LES TYPES DE CHEVEUX - WB Coiffure\",\"isPartOf\":{\"@id\":\"https:\/\/wbcoiffure.fr\/#website\"},\"primaryImageOfPage\":{\"@id\":\"https:\/\/wbcoiffure.fr\/?product=n3-hair-perfector#primaryimage\"},\"image\":{\"@id\":\"https:\/\/wbcoiffure.fr\/?product=n3-hair-perfector#primaryimage\"},\"thumbnailUrl\":\"https:\/\/wbcoiffure.fr\/wp-content\/uploads\/2025\/04\/olaplex-intensive-bond-building-hair-treatment-no-0-155-ml-511230-fr-scaled.jpg\",\"datePublished\":\"2025-04-29T14:33:34+00:00\",\"dateModified\":\"2025-07-21T11:20:04+00:00\",\"breadcrumb\":{\"@id\":\"https:\/\/wbcoiffure.fr\/?product=n3-hair-perfector#breadcrumb\"},\"inLanguage\":\"fr-FR\",\"potentialAction\":[{\"@type\":\"ReadAction\",\"target\":[\"https:\/\/wbcoiffure.fr\/?product=n3-hair-perfector\"]}]},{\"@type\":\"ImageObject\",\"inLanguage\":\"fr-FR\",\"@id\":\"https:\/\/wbcoiffure.fr\/?product=n3-hair-perfector#primaryimage\",\"url\":\"https:\/\/wbcoiffure.fr\/wp-content\/uploads\/2025\/04\/olaplex-intensive-bond-building-hair-treatment-no-0-155-ml-511230-fr-scaled.jpg\",\"contentUrl\":\"https:\/\/wbcoiffure.fr\/wp-content\/uploads\/2025\/04\/olaplex-intensive-bond-building-hair-treatment-no-0-155-ml-511230-fr-scaled.jpg\",\"width\":816,\"height\":2560},{\"@type\":\"BreadcrumbList\",\"@id\":\"https:\/\/wbcoiffure.fr\/?product=n3-hair-perfector#breadcrumb\",\"itemListElement\":[{\"@type\":\"ListItem\",\"position\":1,\"name\":\"Accueil\",\"item\":\"https:\/\/wbcoiffure.fr\/\"},{\"@type\":\"ListItem\",\"position\":2,\"name\":\"Boutique\",\"item\":\"https:\/\/wbcoiffure.fr\/?page_id=409\"},{\"@type\":\"ListItem\",\"position\":3,\"name\":\"N\u00b03 HAIR PERFECTOR \u2013 SOIN R\u00c9PARATEUR INTENSE POUR TOUS LES TYPES DE CHEVEUX\"}]},{\"@type\":\"WebSite\",\"@id\":\"https:\/\/wbcoiffure.fr\/#website\",\"url\":\"https:\/\/wbcoiffure.fr\/\",\"name\":\"WB Coiffure\",\"description\":\"Salon de coiffure Castelnau-le-lez\",\"publisher\":{\"@id\":\"https:\/\/wbcoiffure.fr\/#organization\"},\"potentialAction\":[{\"@type\":\"SearchAction\",\"target\":{\"@type\":\"EntryPoint\",\"urlTemplate\":\"https:\/\/wbcoiffure.fr\/?s={search_term_string}\"},\"query-input\":{\"@type\":\"PropertyValueSpecification\",\"valueRequired\":true,\"valueName\":\"search_term_string\"}}],\"inLanguage\":\"fr-FR\"},{\"@type\":\"Organization\",\"@id\":\"https:\/\/wbcoiffure.fr\/#organization\",\"name\":\"WB Coiffure\",\"url\":\"https:\/\/wbcoiffure.fr\/\",\"logo\":{\"@type\":\"ImageObject\",\"inLanguage\":\"fr-FR\",\"@id\":\"https:\/\/wbcoiffure.fr\/#\/schema\/logo\/image\/\",\"url\":\"https:\/\/wbcoiffure.fr\/wp-content\/uploads\/2025\/04\/principalWB-logo-internet.png\",\"contentUrl\":\"https:\/\/wbcoiffure.fr\/wp-content\/uploads\/2025\/04\/principalWB-logo-internet.png\",\"width\":316,\"height\":82,\"caption\":\"WB Coiffure\"},\"image\":{\"@id\":\"https:\/\/wbcoiffure.fr\/#\/schema\/logo\/image\/\"}}]}<\/script>\n<!-- \/ Yoast SEO plugin. -->","yoast_head_json":{"title":"N\u00b03 HAIR PERFECTOR \u2013 SOIN R\u00c9PARATEUR INTENSE POUR TOUS LES TYPES DE CHEVEUX - WB Coiffure","robots":{"index":"index","follow":"follow","max-snippet":"max-snippet:-1","max-image-preview":"max-image-preview:large","max-video-preview":"max-video-preview:-1"},"canonical":"https:\/\/wbcoiffure.fr\/?product=n3-hair-perfector","og_locale":"fr_FR","og_type":"article","og_title":"N\u00b03 HAIR PERFECTOR \u2013 SOIN R\u00c9PARATEUR INTENSE POUR TOUS LES TYPES DE CHEVEUX - WB Coiffure","og_description":"Le N\u00b03 Hair Perfector d\u2019Olaplex est un soin culte \u00e0 domicile, con\u00e7u pour renforcer la fibre capillaire en profondeur. Il restaure la structure interne des cheveux tout en leur redonnant douceur, \u00e9clat et force.","og_url":"https:\/\/wbcoiffure.fr\/?product=n3-hair-perfector","og_site_name":"WB Coiffure","article_modified_time":"2025-07-21T11:20:04+00:00","og_image":[{"width":816,"height":2560,"url":"https:\/\/wbcoiffure.fr\/wp-content\/uploads\/2025\/04\/olaplex-intensive-bond-building-hair-treatment-no-0-155-ml-511230-fr-scaled.jpg","type":"image\/jpeg"}],"twitter_card":"summary_large_image","twitter_misc":{"Dur\u00e9e de lecture estim\u00e9e":"1 minute"},"schema":{"@context":"https:\/\/schema.org","@graph":[{"@type":"WebPage","@id":"https:\/\/wbcoiffure.fr\/?product=n3-hair-perfector","url":"https:\/\/wbcoiffure.fr\/?product=n3-hair-perfector","name":"N\u00b03 HAIR PERFECTOR \u2013 SOIN R\u00c9PARATEUR INTENSE POUR TOUS LES TYPES DE CHEVEUX - WB Coiffure","isPartOf":{"@id":"https:\/\/wbcoiffure.fr\/#website"},"primaryImageOfPage":{"@id":"https:\/\/wbcoiffure.fr\/?product=n3-hair-perfector#primaryimage"},"image":{"@id":"https:\/\/wbcoiffure.fr\/?product=n3-hair-perfector#primaryimage"},"thumbnailUrl":"https:\/\/wbcoiffure.fr\/wp-content\/uploads\/2025\/04\/olaplex-intensive-bond-building-hair-treatment-no-0-155-ml-511230-fr-scaled.jpg","datePublished":"2025-04-29T14:33:34+00:00","dateModified":"2025-07-21T11:20:04+00:00","breadcrumb":{"@id":"https:\/\/wbcoiffure.fr\/?product=n3-hair-perfector#breadcrumb"},"inLanguage":"fr-FR","potentialAction":[{"@type":"ReadAction","target":["https:\/\/wbcoiffure.fr\/?product=n3-hair-perfector"]}]},{"@type":"ImageObject","inLanguage":"fr-FR","@id":"https:\/\/wbcoiffure.fr\/?product=n3-hair-perfector#primaryimage","url":"https:\/\/wbcoiffure.fr\/wp-content\/uploads\/2025\/04\/olaplex-intensive-bond-building-hair-treatment-no-0-155-ml-511230-fr-scaled.jpg","contentUrl":"https:\/\/wbcoiffure.fr\/wp-content\/uploads\/2025\/04\/olaplex-intensive-bond-building-hair-treatment-no-0-155-ml-511230-fr-scaled.jpg","width":816,"height":2560},{"@type":"BreadcrumbList","@id":"https:\/\/wbcoiffure.fr\/?product=n3-hair-perfector#breadcrumb","itemListElement":[{"@type":"ListItem","position":1,"name":"Accueil","item":"https:\/\/wbcoiffure.fr\/"},{"@type":"ListItem","position":2,"name":"Boutique","item":"https:\/\/wbcoiffure.fr\/?page_id=409"},{"@type":"ListItem","position":3,"name":"N\u00b03 HAIR PERFECTOR \u2013 SOIN R\u00c9PARATEUR INTENSE POUR TOUS LES TYPES DE CHEVEUX"}]},{"@type":"WebSite","@id":"https:\/\/wbcoiffure.fr\/#website","url":"https:\/\/wbcoiffure.fr\/","name":"WB Coiffure","description":"Salon de coiffure Castelnau-le-lez","publisher":{"@id":"https:\/\/wbcoiffure.fr\/#organization"},"potentialAction":[{"@type":"SearchAction","target":{"@type":"EntryPoint","urlTemplate":"https:\/\/wbcoiffure.fr\/?s={search_term_string}"},"query-input":{"@type":"PropertyValueSpecification","valueRequired":true,"valueName":"search_term_string"}}],"inLanguage":"fr-FR"},{"@type":"Organization","@id":"https:\/\/wbcoiffure.fr\/#organization","name":"WB Coiffure","url":"https:\/\/wbcoiffure.fr\/","logo":{"@type":"ImageObject","inLanguage":"fr-FR","@id":"https:\/\/wbcoiffure.fr\/#\/schema\/logo\/image\/","url":"https:\/\/wbcoiffure.fr\/wp-content\/uploads\/2025\/04\/principalWB-logo-internet.png","contentUrl":"https:\/\/wbcoiffure.fr\/wp-content\/uploads\/2025\/04\/principalWB-logo-internet.png","width":316,"height":82,"caption":"WB Coiffure"},"image":{"@id":"https:\/\/wbcoiffure.fr\/#\/schema\/logo\/image\/"}}]}},"brands":[{"id":54,"name":"Olaplex","slug":"olaplex"}],"_links":{"self":[{"href":"https:\/\/wbcoiffure.fr\/index.php?rest_route=\/wp\/v2\/product\/251","targetHints":{"allow":["GET"]}}],"collection":[{"href":"https:\/\/wbcoiffure.fr\/index.php?rest_route=\/wp\/v2\/product"}],"about":[{"href":"https:\/\/wbcoiffure.fr\/index.php?rest_route=\/wp\/v2\/types\/product"}],"wp:featuredmedia":[{"embeddable":true,"href":"https:\/\/wbcoiffure.fr\/index.php?rest_route=\/wp\/v2\/media\/1063"}],"wp:attachment":[{"href":"https:\/\/wbcoiffure.fr\/index.php?rest_route=%2Fwp%2Fv2%2Fmedia&parent=251"}],"wp:term":[{"taxonomy":"pwb-brand","embeddable":true,"href":"https:\/\/wbcoiffure.fr\/index.php?rest_route=%2Fwp%2Fv2%2Fpwb-brand&post=251"},{"taxonomy":"product_brand","embeddable":true,"href":"https:\/\/wbcoiffure.fr\/index.php?rest_route=%2Fwp%2Fv2%2Fproduct_brand&post=251"},{"taxonomy":"product_cat","embeddable":true,"href":"https:\/\/wbcoiffure.fr\/index.php?rest_route=%2Fwp%2Fv2%2Fproduct_cat&post=251"},{"taxonomy":"product_tag","embeddable":true,"href":"https:\/\/wbcoiffure.fr\/index.php?rest_route=%2Fwp%2Fv2%2Fproduct_tag&post=251"}],"curies":[{"name":"wp","href":"https:\/\/api.w.org\/{rel}","templated":true}]}}