{"id":1467,"date":"2025-07-30T10:57:40","date_gmt":"2025-07-30T08:57:40","guid":{"rendered":"https:\/\/wbcoiffure.fr\/?post_type=product&#038;p=1467"},"modified":"2025-07-30T11:00:52","modified_gmt":"2025-07-30T09:00:52","slug":"olaplex-n5-apres-shampoing","status":"publish","type":"product","link":"https:\/\/wbcoiffure.fr\/?product=olaplex-n5-apres-shampoing","title":{"rendered":"OLAPLEX 4-IN-1 \u2013 MOISTURE MASK"},"content":{"rendered":"<div class=\"_tableContainer_80l1q_1\">\n<div class=\"_tableWrapper_80l1q_14 group flex w-fit flex-col-reverse\" tabindex=\"-1\">\n<div class=\"_tableContainer_80l1q_1\">\n<div class=\"_tableWrapper_80l1q_14 group flex w-fit flex-col-reverse\" tabindex=\"-1\">\n<table class=\"w-fit min-w-(--thread-content-width)\" data-start=\"383\" data-end=\"694\">\n<thead data-start=\"383\" data-end=\"443\">\n<tr data-start=\"383\" data-end=\"443\">\n<th data-start=\"383\" data-end=\"409\" data-col-size=\"sm\"><strong data-start=\"385\" data-end=\"404\">Type de produit<\/strong><\/th>\n<th data-start=\"409\" data-end=\"443\" data-col-size=\"md\">Masque hydratant professionnel<\/th>\n<\/tr>\n<\/thead>\n<tbody data-start=\"504\" data-end=\"694\">\n<tr data-start=\"504\" data-end=\"540\">\n<td data-start=\"504\" data-end=\"530\" data-col-size=\"sm\"><strong data-start=\"506\" data-end=\"520\">Contenance<\/strong><\/td>\n<td data-start=\"530\" data-end=\"540\" data-col-size=\"md\">370 mL<\/td>\n<\/tr>\n<tr data-start=\"541\" data-end=\"640\">\n<td data-start=\"541\" data-end=\"567\" data-col-size=\"sm\"><strong data-start=\"543\" data-end=\"558\">Utilisation<\/strong><\/td>\n<td data-start=\"567\" data-end=\"640\" data-col-size=\"md\">Tous types de cheveux, id\u00e9al pour cheveux secs, ab\u00eem\u00e9s ou d\u00e9shydrat\u00e9s<\/td>\n<\/tr>\n<tr data-start=\"641\" data-end=\"694\">\n<td data-start=\"641\" data-end=\"667\" data-col-size=\"sm\"><strong data-start=\"643\" data-end=\"656\">B\u00e9n\u00e9fices<\/strong><\/td>\n<td data-start=\"667\" data-end=\"694\" data-col-size=\"md\">&#8211; Hydrate en profondeur<\/td>\n<\/tr>\n<\/tbody>\n<\/table>\n<div class=\"sticky end-(--thread-content-margin) h-0 self-end select-none\">\n<div class=\"absolute end-0 flex items-end\"><\/div>\n<\/div>\n<\/div>\n<\/div>\n<ul data-start=\"695\" data-end=\"1109\" data-is-last-node=\"\" data-is-only-node=\"\">\n<li data-start=\"695\" data-end=\"725\">\n<p data-start=\"697\" data-end=\"725\">R\u00e9pare la fibre capillaire<\/p>\n<\/li>\n<li data-start=\"726\" data-end=\"749\">\n<p data-start=\"728\" data-end=\"749\">Lisse les frisottis<\/p>\n<\/li>\n<li data-start=\"750\" data-end=\"1109\" data-is-last-node=\"\">\n<p data-start=\"752\" data-end=\"1109\" data-is-last-node=\"\">Apporte de la densit\u00e9, du volume et de la brillance |<br \/>\n| <strong data-start=\"808\" data-end=\"819\">Formule<\/strong> | Vegan, sans sulfates, sans parab\u00e8nes, sans phtalates, non test\u00e9 sur les animaux, technologie brevet\u00e9e Olaplex Bond Building |<br \/>\n| <strong data-start=\"962\" data-end=\"984\">Mode d\u2019utilisation<\/strong> | Appliquer sur cheveux lav\u00e9s et essor\u00e9s. Laisser poser 10 minutes. Rincer abondamment. Usage r\u00e9serv\u00e9 aux professionnels. |<\/p>\n<\/li>\n<\/ul>\n<\/div>\n<\/div>\n","protected":false},"excerpt":{"rendered":"<p data-start=\"31\" data-end=\"129\"><strong data-start=\"68\" data-end=\"129\">MASQUE HYDRATANT PROFESSIONNEL POUR TOUS TYPES DE CHEVEUX<\/strong><\/p>\n<p data-start=\"131\" data-end=\"381\">Le masque hydratant OLAPLEX 4-in-1 a \u00e9t\u00e9 con\u00e7u pour un usage en salon, apportant une r\u00e9paration intense, une hydratation profonde, du volume et de la brillance d\u00e8s la premi\u00e8re utilisation. Il revitalise instantan\u00e9ment les cheveux ternes et dess\u00e9ch\u00e9s.<\/p>\n","protected":false},"featured_media":1470,"template":"","meta":{"_eb_attr":"","ocean_post_layout":"","ocean_both_sidebars_style":"","ocean_both_sidebars_content_width":0,"ocean_both_sidebars_sidebars_width":0,"ocean_sidebar":"0","ocean_second_sidebar":"0","ocean_disable_margins":"enable","ocean_add_body_class":"","ocean_shortcode_before_top_bar":"","ocean_shortcode_after_top_bar":"","ocean_shortcode_before_header":"","ocean_shortcode_after_header":"","ocean_has_shortcode":"","ocean_shortcode_after_title":"","ocean_shortcode_before_footer_widgets":"","ocean_shortcode_after_footer_widgets":"","ocean_shortcode_before_footer_bottom":"","ocean_shortcode_after_footer_bottom":"","ocean_display_top_bar":"default","ocean_display_header":"default","ocean_header_style":"","ocean_center_header_left_menu":"0","ocean_custom_header_template":"0","ocean_custom_logo":0,"ocean_custom_retina_logo":0,"ocean_custom_logo_max_width":0,"ocean_custom_logo_tablet_max_width":0,"ocean_custom_logo_mobile_max_width":0,"ocean_custom_logo_max_height":0,"ocean_custom_logo_tablet_max_height":0,"ocean_custom_logo_mobile_max_height":0,"ocean_header_custom_menu":"0","ocean_menu_typo_font_family":"0","ocean_menu_typo_font_subset":"","ocean_menu_typo_font_size":0,"ocean_menu_typo_font_size_tablet":0,"ocean_menu_typo_font_size_mobile":0,"ocean_menu_typo_font_size_unit":"px","ocean_menu_typo_font_weight":"","ocean_menu_typo_font_weight_tablet":"","ocean_menu_typo_font_weight_mobile":"","ocean_menu_typo_transform":"","ocean_menu_typo_transform_tablet":"","ocean_menu_typo_transform_mobile":"","ocean_menu_typo_line_height":0,"ocean_menu_typo_line_height_tablet":0,"ocean_menu_typo_line_height_mobile":0,"ocean_menu_typo_line_height_unit":"","ocean_menu_typo_spacing":0,"ocean_menu_typo_spacing_tablet":0,"ocean_menu_typo_spacing_mobile":0,"ocean_menu_typo_spacing_unit":"","ocean_menu_link_color":"","ocean_menu_link_color_hover":"","ocean_menu_link_color_active":"","ocean_menu_link_background":"","ocean_menu_link_hover_background":"","ocean_menu_link_active_background":"","ocean_menu_social_links_bg":"","ocean_menu_social_hover_links_bg":"","ocean_menu_social_links_color":"","ocean_menu_social_hover_links_color":"","ocean_disable_title":"default","ocean_disable_heading":"default","ocean_post_title":"","ocean_post_subheading":"","ocean_post_title_style":"","ocean_post_title_background_color":"","ocean_post_title_background":0,"ocean_post_title_bg_image_position":"","ocean_post_title_bg_image_attachment":"","ocean_post_title_bg_image_repeat":"","ocean_post_title_bg_image_size":"","ocean_post_title_height":0,"ocean_post_title_bg_overlay":0.5,"ocean_post_title_bg_overlay_color":"","ocean_disable_breadcrumbs":"default","ocean_breadcrumbs_color":"","ocean_breadcrumbs_separator_color":"","ocean_breadcrumbs_links_color":"","ocean_breadcrumbs_links_hover_color":"","ocean_display_footer_widgets":"default","ocean_display_footer_bottom":"default","ocean_custom_footer_template":"0"},"pwb-brand":[54],"product_brand":[48],"product_cat":[45,44,19],"product_tag":[],"class_list":{"0":"post-1467","1":"product","2":"type-product","3":"status-publish","4":"has-post-thumbnail","6":"pwb-brand-olaplex","7":"product_brand-olaplex","8":"product_cat-masques","9":"product_cat-soins","10":"product_cat-beautybuy","11":"pa_marque-olaplex","13":"entry","14":"has-media","16":"first","17":"instock","18":"shipping-taxable","19":"purchasable","20":"product-type-simple","21":"has-product-nav","22":"col","23":"span_1_of_3","24":"owp-content-center","25":"owp-thumbs-layout-horizontal","26":"owp-btn-normal","27":"owp-tabs-layout-horizontal","28":"has-no-thumbnails"},"yoast_head":"<!-- This site is optimized with the Yoast SEO plugin v27.1.1 - https:\/\/yoast.com\/product\/yoast-seo-wordpress\/ -->\n<title>OLAPLEX 4-IN-1 \u2013 MOISTURE MASK - WB Coiffure<\/title>\n<meta name=\"robots\" content=\"index, follow, max-snippet:-1, max-image-preview:large, max-video-preview:-1\" \/>\n<link rel=\"canonical\" href=\"http:\/\/wbcoiffure.fr\/?product=olaplex-n5-apres-shampoing\" \/>\n<meta property=\"og:locale\" content=\"fr_FR\" \/>\n<meta property=\"og:type\" content=\"article\" \/>\n<meta property=\"og:title\" content=\"OLAPLEX 4-IN-1 \u2013 MOISTURE MASK - WB Coiffure\" \/>\n<meta property=\"og:description\" content=\"MASQUE HYDRATANT PROFESSIONNEL POUR TOUS TYPES DE CHEVEUX Le masque hydratant OLAPLEX 4-in-1 a \u00e9t\u00e9 con\u00e7u pour un usage en salon, apportant une r\u00e9paration intense, une hydratation profonde, du volume et de la brillance d\u00e8s la premi\u00e8re utilisation. Il revitalise instantan\u00e9ment les cheveux ternes et dess\u00e9ch\u00e9s.\" \/>\n<meta property=\"og:url\" content=\"http:\/\/wbcoiffure.fr\/?product=olaplex-n5-apres-shampoing\" \/>\n<meta property=\"og:site_name\" content=\"WB Coiffure\" \/>\n<meta property=\"article:modified_time\" content=\"2025-07-30T09:00:52+00:00\" \/>\n<meta property=\"og:image\" content=\"http:\/\/wbcoiffure.fr\/wp-content\/uploads\/2025\/07\/olaplex-4-in-1-moisture-mask-370ml-2-1724069039.webp\" \/>\n\t<meta property=\"og:image:width\" content=\"800\" \/>\n\t<meta property=\"og:image:height\" content=\"800\" \/>\n\t<meta property=\"og:image:type\" content=\"image\/webp\" \/>\n<meta name=\"twitter:card\" content=\"summary_large_image\" \/>\n<meta name=\"twitter:label1\" content=\"Dur\u00e9e de lecture estim\u00e9e\" \/>\n\t<meta name=\"twitter:data1\" content=\"1 minute\" \/>\n<script type=\"application\/ld+json\" class=\"yoast-schema-graph\">{\"@context\":\"https:\/\/schema.org\",\"@graph\":[{\"@type\":\"WebPage\",\"@id\":\"http:\/\/wbcoiffure.fr\/?product=olaplex-n5-apres-shampoing\",\"url\":\"http:\/\/wbcoiffure.fr\/?product=olaplex-n5-apres-shampoing\",\"name\":\"OLAPLEX 4-IN-1 \u2013 MOISTURE MASK - WB Coiffure\",\"isPartOf\":{\"@id\":\"https:\/\/wbcoiffure.fr\/#website\"},\"primaryImageOfPage\":{\"@id\":\"http:\/\/wbcoiffure.fr\/?product=olaplex-n5-apres-shampoing#primaryimage\"},\"image\":{\"@id\":\"http:\/\/wbcoiffure.fr\/?product=olaplex-n5-apres-shampoing#primaryimage\"},\"thumbnailUrl\":\"https:\/\/wbcoiffure.fr\/wp-content\/uploads\/2025\/07\/olaplex-4-in-1-moisture-mask-370ml-2-1724069039.webp\",\"datePublished\":\"2025-07-30T08:57:40+00:00\",\"dateModified\":\"2025-07-30T09:00:52+00:00\",\"breadcrumb\":{\"@id\":\"http:\/\/wbcoiffure.fr\/?product=olaplex-n5-apres-shampoing#breadcrumb\"},\"inLanguage\":\"fr-FR\",\"potentialAction\":[{\"@type\":\"ReadAction\",\"target\":[\"http:\/\/wbcoiffure.fr\/?product=olaplex-n5-apres-shampoing\"]}]},{\"@type\":\"ImageObject\",\"inLanguage\":\"fr-FR\",\"@id\":\"http:\/\/wbcoiffure.fr\/?product=olaplex-n5-apres-shampoing#primaryimage\",\"url\":\"https:\/\/wbcoiffure.fr\/wp-content\/uploads\/2025\/07\/olaplex-4-in-1-moisture-mask-370ml-2-1724069039.webp\",\"contentUrl\":\"https:\/\/wbcoiffure.fr\/wp-content\/uploads\/2025\/07\/olaplex-4-in-1-moisture-mask-370ml-2-1724069039.webp\",\"width\":800,\"height\":800},{\"@type\":\"BreadcrumbList\",\"@id\":\"http:\/\/wbcoiffure.fr\/?product=olaplex-n5-apres-shampoing#breadcrumb\",\"itemListElement\":[{\"@type\":\"ListItem\",\"position\":1,\"name\":\"Accueil\",\"item\":\"https:\/\/wbcoiffure.fr\/\"},{\"@type\":\"ListItem\",\"position\":2,\"name\":\"Boutique\",\"item\":\"https:\/\/wbcoiffure.fr\/?page_id=409\"},{\"@type\":\"ListItem\",\"position\":3,\"name\":\"OLAPLEX 4-IN-1 \u2013 MOISTURE MASK\"}]},{\"@type\":\"WebSite\",\"@id\":\"https:\/\/wbcoiffure.fr\/#website\",\"url\":\"https:\/\/wbcoiffure.fr\/\",\"name\":\"WB Coiffure\",\"description\":\"Salon de coiffure Castelnau-le-lez\",\"publisher\":{\"@id\":\"https:\/\/wbcoiffure.fr\/#organization\"},\"potentialAction\":[{\"@type\":\"SearchAction\",\"target\":{\"@type\":\"EntryPoint\",\"urlTemplate\":\"https:\/\/wbcoiffure.fr\/?s={search_term_string}\"},\"query-input\":{\"@type\":\"PropertyValueSpecification\",\"valueRequired\":true,\"valueName\":\"search_term_string\"}}],\"inLanguage\":\"fr-FR\"},{\"@type\":\"Organization\",\"@id\":\"https:\/\/wbcoiffure.fr\/#organization\",\"name\":\"WB Coiffure\",\"url\":\"https:\/\/wbcoiffure.fr\/\",\"logo\":{\"@type\":\"ImageObject\",\"inLanguage\":\"fr-FR\",\"@id\":\"https:\/\/wbcoiffure.fr\/#\/schema\/logo\/image\/\",\"url\":\"https:\/\/wbcoiffure.fr\/wp-content\/uploads\/2025\/04\/principalWB-logo-internet.png\",\"contentUrl\":\"https:\/\/wbcoiffure.fr\/wp-content\/uploads\/2025\/04\/principalWB-logo-internet.png\",\"width\":316,\"height\":82,\"caption\":\"WB Coiffure\"},\"image\":{\"@id\":\"https:\/\/wbcoiffure.fr\/#\/schema\/logo\/image\/\"}}]}<\/script>\n<!-- \/ Yoast SEO plugin. -->","yoast_head_json":{"title":"OLAPLEX 4-IN-1 \u2013 MOISTURE MASK - WB Coiffure","robots":{"index":"index","follow":"follow","max-snippet":"max-snippet:-1","max-image-preview":"max-image-preview:large","max-video-preview":"max-video-preview:-1"},"canonical":"http:\/\/wbcoiffure.fr\/?product=olaplex-n5-apres-shampoing","og_locale":"fr_FR","og_type":"article","og_title":"OLAPLEX 4-IN-1 \u2013 MOISTURE MASK - WB Coiffure","og_description":"MASQUE HYDRATANT PROFESSIONNEL POUR TOUS TYPES DE CHEVEUX Le masque hydratant OLAPLEX 4-in-1 a \u00e9t\u00e9 con\u00e7u pour un usage en salon, apportant une r\u00e9paration intense, une hydratation profonde, du volume et de la brillance d\u00e8s la premi\u00e8re utilisation. Il revitalise instantan\u00e9ment les cheveux ternes et dess\u00e9ch\u00e9s.","og_url":"http:\/\/wbcoiffure.fr\/?product=olaplex-n5-apres-shampoing","og_site_name":"WB Coiffure","article_modified_time":"2025-07-30T09:00:52+00:00","og_image":[{"width":800,"height":800,"url":"http:\/\/wbcoiffure.fr\/wp-content\/uploads\/2025\/07\/olaplex-4-in-1-moisture-mask-370ml-2-1724069039.webp","type":"image\/webp"}],"twitter_card":"summary_large_image","twitter_misc":{"Dur\u00e9e de lecture estim\u00e9e":"1 minute"},"schema":{"@context":"https:\/\/schema.org","@graph":[{"@type":"WebPage","@id":"http:\/\/wbcoiffure.fr\/?product=olaplex-n5-apres-shampoing","url":"http:\/\/wbcoiffure.fr\/?product=olaplex-n5-apres-shampoing","name":"OLAPLEX 4-IN-1 \u2013 MOISTURE MASK - WB Coiffure","isPartOf":{"@id":"https:\/\/wbcoiffure.fr\/#website"},"primaryImageOfPage":{"@id":"http:\/\/wbcoiffure.fr\/?product=olaplex-n5-apres-shampoing#primaryimage"},"image":{"@id":"http:\/\/wbcoiffure.fr\/?product=olaplex-n5-apres-shampoing#primaryimage"},"thumbnailUrl":"https:\/\/wbcoiffure.fr\/wp-content\/uploads\/2025\/07\/olaplex-4-in-1-moisture-mask-370ml-2-1724069039.webp","datePublished":"2025-07-30T08:57:40+00:00","dateModified":"2025-07-30T09:00:52+00:00","breadcrumb":{"@id":"http:\/\/wbcoiffure.fr\/?product=olaplex-n5-apres-shampoing#breadcrumb"},"inLanguage":"fr-FR","potentialAction":[{"@type":"ReadAction","target":["http:\/\/wbcoiffure.fr\/?product=olaplex-n5-apres-shampoing"]}]},{"@type":"ImageObject","inLanguage":"fr-FR","@id":"http:\/\/wbcoiffure.fr\/?product=olaplex-n5-apres-shampoing#primaryimage","url":"https:\/\/wbcoiffure.fr\/wp-content\/uploads\/2025\/07\/olaplex-4-in-1-moisture-mask-370ml-2-1724069039.webp","contentUrl":"https:\/\/wbcoiffure.fr\/wp-content\/uploads\/2025\/07\/olaplex-4-in-1-moisture-mask-370ml-2-1724069039.webp","width":800,"height":800},{"@type":"BreadcrumbList","@id":"http:\/\/wbcoiffure.fr\/?product=olaplex-n5-apres-shampoing#breadcrumb","itemListElement":[{"@type":"ListItem","position":1,"name":"Accueil","item":"https:\/\/wbcoiffure.fr\/"},{"@type":"ListItem","position":2,"name":"Boutique","item":"https:\/\/wbcoiffure.fr\/?page_id=409"},{"@type":"ListItem","position":3,"name":"OLAPLEX 4-IN-1 \u2013 MOISTURE MASK"}]},{"@type":"WebSite","@id":"https:\/\/wbcoiffure.fr\/#website","url":"https:\/\/wbcoiffure.fr\/","name":"WB Coiffure","description":"Salon de coiffure Castelnau-le-lez","publisher":{"@id":"https:\/\/wbcoiffure.fr\/#organization"},"potentialAction":[{"@type":"SearchAction","target":{"@type":"EntryPoint","urlTemplate":"https:\/\/wbcoiffure.fr\/?s={search_term_string}"},"query-input":{"@type":"PropertyValueSpecification","valueRequired":true,"valueName":"search_term_string"}}],"inLanguage":"fr-FR"},{"@type":"Organization","@id":"https:\/\/wbcoiffure.fr\/#organization","name":"WB Coiffure","url":"https:\/\/wbcoiffure.fr\/","logo":{"@type":"ImageObject","inLanguage":"fr-FR","@id":"https:\/\/wbcoiffure.fr\/#\/schema\/logo\/image\/","url":"https:\/\/wbcoiffure.fr\/wp-content\/uploads\/2025\/04\/principalWB-logo-internet.png","contentUrl":"https:\/\/wbcoiffure.fr\/wp-content\/uploads\/2025\/04\/principalWB-logo-internet.png","width":316,"height":82,"caption":"WB Coiffure"},"image":{"@id":"https:\/\/wbcoiffure.fr\/#\/schema\/logo\/image\/"}}]}},"brands":[{"id":54,"name":"Olaplex","slug":"olaplex"}],"_links":{"self":[{"href":"https:\/\/wbcoiffure.fr\/index.php?rest_route=\/wp\/v2\/product\/1467","targetHints":{"allow":["GET"]}}],"collection":[{"href":"https:\/\/wbcoiffure.fr\/index.php?rest_route=\/wp\/v2\/product"}],"about":[{"href":"https:\/\/wbcoiffure.fr\/index.php?rest_route=\/wp\/v2\/types\/product"}],"wp:featuredmedia":[{"embeddable":true,"href":"https:\/\/wbcoiffure.fr\/index.php?rest_route=\/wp\/v2\/media\/1470"}],"wp:attachment":[{"href":"https:\/\/wbcoiffure.fr\/index.php?rest_route=%2Fwp%2Fv2%2Fmedia&parent=1467"}],"wp:term":[{"taxonomy":"pwb-brand","embeddable":true,"href":"https:\/\/wbcoiffure.fr\/index.php?rest_route=%2Fwp%2Fv2%2Fpwb-brand&post=1467"},{"taxonomy":"product_brand","embeddable":true,"href":"https:\/\/wbcoiffure.fr\/index.php?rest_route=%2Fwp%2Fv2%2Fproduct_brand&post=1467"},{"taxonomy":"product_cat","embeddable":true,"href":"https:\/\/wbcoiffure.fr\/index.php?rest_route=%2Fwp%2Fv2%2Fproduct_cat&post=1467"},{"taxonomy":"product_tag","embeddable":true,"href":"https:\/\/wbcoiffure.fr\/index.php?rest_route=%2Fwp%2Fv2%2Fproduct_tag&post=1467"}],"curies":[{"name":"wp","href":"https:\/\/api.w.org\/{rel}","templated":true}]}}