{"id":1458,"date":"2025-07-30T10:27:26","date_gmt":"2025-07-30T08:27:26","guid":{"rendered":"https:\/\/wbcoiffure.fr\/?post_type=product&#038;p=1458"},"modified":"2025-07-30T10:27:26","modified_gmt":"2025-07-30T08:27:26","slug":"authentic-beauty-concept-spray-fixation-forte","status":"publish","type":"product","link":"https:\/\/wbcoiffure.fr\/?product=authentic-beauty-concept-spray-fixation-forte","title":{"rendered":"AUTHENTIC BEAUTY CONCEPT \u2013 SPRAY FIXATION FORTE"},"content":{"rendered":"<div class=\"_tableContainer_80l1q_1\">\n<div class=\"_tableWrapper_80l1q_14 group flex w-fit flex-col-reverse\" tabindex=\"-1\">\n<div class=\"_tableContainer_80l1q_1\">\n<div class=\"_tableWrapper_80l1q_14 group flex w-fit flex-col-reverse\" tabindex=\"-1\">\n<div class=\"_tableContainer_80l1q_1\">\n<div class=\"_tableWrapper_80l1q_14 group flex w-fit flex-col-reverse\" tabindex=\"-1\">\n<div class=\"_tableContainer_80l1q_1\">\n<div class=\"_tableWrapper_80l1q_14 group flex w-fit flex-col-reverse\" tabindex=\"-1\">\n<div class=\"_tableContainer_80l1q_1\">\n<div class=\"_tableWrapper_80l1q_14 group flex w-fit flex-col-reverse\" tabindex=\"-1\">\n<div class=\"_tableContainer_80l1q_1\">\n<div class=\"_tableWrapper_80l1q_14 group flex w-fit flex-col-reverse\" tabindex=\"-1\">\n<div class=\"_tableContainer_80l1q_1\">\n<div class=\"_tableWrapper_80l1q_14 group flex w-fit flex-col-reverse\" tabindex=\"-1\">\n<div class=\"_tableContainer_80l1q_1\">\n<div class=\"_tableWrapper_80l1q_14 group flex w-fit flex-col-reverse\" tabindex=\"-1\">\n<div class=\"_tableContainer_80l1q_1\">\n<div class=\"_tableWrapper_80l1q_14 group flex w-fit flex-col-reverse\" tabindex=\"-1\">\n<div class=\"_tableContainer_80l1q_1\">\n<div class=\"_tableWrapper_80l1q_14 group flex w-fit flex-col-reverse\" tabindex=\"-1\">\n<div class=\"_tableContainer_80l1q_1\">\n<div class=\"_tableWrapper_80l1q_14 group flex w-fit flex-col-reverse\" tabindex=\"-1\">\n<div class=\"_tableContainer_80l1q_1\">\n<div class=\"_tableWrapper_80l1q_14 group flex w-fit flex-col-reverse\" tabindex=\"-1\">\n<div class=\"_tableContainer_80l1q_1\">\n<div class=\"_tableWrapper_80l1q_14 group flex w-fit flex-col-reverse\" tabindex=\"-1\">\n<div class=\"_tableContainer_80l1q_1\">\n<div class=\"_tableWrapper_80l1q_14 group flex w-fit flex-col-reverse\" tabindex=\"-1\">\n<table class=\"w-fit min-w-(--thread-content-width)\" data-start=\"322\" data-end=\"588\">\n<thead data-start=\"322\" data-end=\"381\">\n<tr data-start=\"322\" data-end=\"381\">\n<th data-start=\"322\" data-end=\"348\" data-col-size=\"sm\"><strong data-start=\"324\" data-end=\"343\">Type de produit<\/strong><\/th>\n<th data-start=\"348\" data-end=\"381\" data-col-size=\"sm\">Spray coiffant fixation forte<\/th>\n<\/tr>\n<\/thead>\n<tbody data-start=\"442\" data-end=\"588\">\n<tr data-start=\"442\" data-end=\"478\">\n<td data-start=\"442\" data-end=\"468\" data-col-size=\"sm\"><strong data-start=\"444\" data-end=\"458\">Contenance<\/strong><\/td>\n<td data-start=\"468\" data-end=\"478\" data-col-size=\"sm\">300 mL<\/td>\n<\/tr>\n<tr data-start=\"479\" data-end=\"530\">\n<td data-start=\"479\" data-end=\"505\" data-col-size=\"sm\"><strong data-start=\"481\" data-end=\"496\">Utilisation<\/strong><\/td>\n<td data-start=\"505\" data-end=\"530\" data-col-size=\"sm\">Tous types de cheveux<\/td>\n<\/tr>\n<tr data-start=\"531\" data-end=\"588\">\n<td data-start=\"531\" data-end=\"557\" data-col-size=\"sm\"><strong data-start=\"533\" data-end=\"546\">B\u00e9n\u00e9fices<\/strong><\/td>\n<td data-start=\"557\" data-end=\"588\" data-col-size=\"sm\">&#8211; Fixation forte et durable<\/td>\n<\/tr>\n<\/tbody>\n<\/table>\n<div class=\"sticky end-(--thread-content-margin) h-0 self-end select-none\">\n<div class=\"absolute end-0 flex items-end\"><\/div>\n<\/div>\n<\/div>\n<\/div>\n<ul data-start=\"589\" data-end=\"975\" data-is-last-node=\"\" data-is-only-node=\"\">\n<li data-start=\"589\" data-end=\"613\">\n<p data-start=\"591\" data-end=\"613\">R\u00e9siste \u00e0 l&rsquo;humidit\u00e9<\/p>\n<\/li>\n<li data-start=\"614\" data-end=\"642\">\n<p data-start=\"616\" data-end=\"642\">Ne laisse pas de r\u00e9sidus<\/p>\n<\/li>\n<li data-start=\"643\" data-end=\"975\" data-is-last-node=\"\">\n<p data-start=\"645\" data-end=\"975\" data-is-last-node=\"\">S\u2019\u00e9limine facilement au brossage |<br \/>\n| <strong data-start=\"682\" data-end=\"693\">Formule<\/strong> | Vegan, sans silicones ni parab\u00e8nes, \u00e0 base d\u2019ingr\u00e9dients soigneusement s\u00e9lectionn\u00e9s |<br \/>\n| <strong data-start=\"796\" data-end=\"818\">Mode d\u2019utilisation<\/strong> | Vaporiser uniform\u00e9ment \u00e0 20-30 cm de la chevelure une fois la coiffure termin\u00e9e. Peut s\u2019utiliser en couches successives pour une fixation plus intense. |<\/p>\n<\/li>\n<\/ul>\n<\/div>\n<\/div>\n<\/div>\n<\/div>\n<\/div>\n<\/div>\n<\/div>\n<\/div>\n<\/div>\n<\/div>\n<\/div>\n<\/div>\n<\/div>\n<\/div>\n<\/div>\n<\/div>\n<\/div>\n<\/div>\n<\/div>\n<\/div>\n<\/div>\n<\/div>\n<\/div>\n<\/div>\n<\/div>\n<\/div>\n","protected":false},"excerpt":{"rendered":"<p data-start=\"31\" data-end=\"122\"><strong data-start=\"85\" data-end=\"122\">SPRAY COIFFANT TENUE LONGUE DUR\u00c9E<\/strong><\/p>\n<p data-start=\"124\" data-end=\"320\">Spray de finition \u00e0 fixation forte, con\u00e7u pour offrir un maintien durable sans effet carton. Il prot\u00e8ge les cheveux de l&rsquo;humidit\u00e9, fixe la coiffure tout en conservant un toucher souple et naturel.<\/p>\n","protected":false},"featured_media":1459,"template":"","meta":{"_eb_attr":"","ocean_post_layout":"","ocean_both_sidebars_style":"","ocean_both_sidebars_content_width":0,"ocean_both_sidebars_sidebars_width":0,"ocean_sidebar":"0","ocean_second_sidebar":"0","ocean_disable_margins":"enable","ocean_add_body_class":"","ocean_shortcode_before_top_bar":"","ocean_shortcode_after_top_bar":"","ocean_shortcode_before_header":"","ocean_shortcode_after_header":"","ocean_has_shortcode":"","ocean_shortcode_after_title":"","ocean_shortcode_before_footer_widgets":"","ocean_shortcode_after_footer_widgets":"","ocean_shortcode_before_footer_bottom":"","ocean_shortcode_after_footer_bottom":"","ocean_display_top_bar":"default","ocean_display_header":"default","ocean_header_style":"","ocean_center_header_left_menu":"0","ocean_custom_header_template":"0","ocean_custom_logo":0,"ocean_custom_retina_logo":0,"ocean_custom_logo_max_width":0,"ocean_custom_logo_tablet_max_width":0,"ocean_custom_logo_mobile_max_width":0,"ocean_custom_logo_max_height":0,"ocean_custom_logo_tablet_max_height":0,"ocean_custom_logo_mobile_max_height":0,"ocean_header_custom_menu":"0","ocean_menu_typo_font_family":"0","ocean_menu_typo_font_subset":"","ocean_menu_typo_font_size":0,"ocean_menu_typo_font_size_tablet":0,"ocean_menu_typo_font_size_mobile":0,"ocean_menu_typo_font_size_unit":"px","ocean_menu_typo_font_weight":"","ocean_menu_typo_font_weight_tablet":"","ocean_menu_typo_font_weight_mobile":"","ocean_menu_typo_transform":"","ocean_menu_typo_transform_tablet":"","ocean_menu_typo_transform_mobile":"","ocean_menu_typo_line_height":0,"ocean_menu_typo_line_height_tablet":0,"ocean_menu_typo_line_height_mobile":0,"ocean_menu_typo_line_height_unit":"","ocean_menu_typo_spacing":0,"ocean_menu_typo_spacing_tablet":0,"ocean_menu_typo_spacing_mobile":0,"ocean_menu_typo_spacing_unit":"","ocean_menu_link_color":"","ocean_menu_link_color_hover":"","ocean_menu_link_color_active":"","ocean_menu_link_background":"","ocean_menu_link_hover_background":"","ocean_menu_link_active_background":"","ocean_menu_social_links_bg":"","ocean_menu_social_hover_links_bg":"","ocean_menu_social_links_color":"","ocean_menu_social_hover_links_color":"","ocean_disable_title":"default","ocean_disable_heading":"default","ocean_post_title":"","ocean_post_subheading":"","ocean_post_title_style":"","ocean_post_title_background_color":"","ocean_post_title_background":0,"ocean_post_title_bg_image_position":"","ocean_post_title_bg_image_attachment":"","ocean_post_title_bg_image_repeat":"","ocean_post_title_bg_image_size":"","ocean_post_title_height":0,"ocean_post_title_bg_overlay":0.5,"ocean_post_title_bg_overlay_color":"","ocean_disable_breadcrumbs":"default","ocean_breadcrumbs_color":"","ocean_breadcrumbs_separator_color":"","ocean_breadcrumbs_links_color":"","ocean_breadcrumbs_links_hover_color":"","ocean_display_footer_widgets":"default","ocean_display_footer_bottom":"default","ocean_custom_footer_template":"0"},"pwb-brand":[51],"product_brand":[39],"product_cat":[41,19],"product_tag":[],"class_list":{"0":"post-1458","1":"product","2":"type-product","3":"status-publish","4":"has-post-thumbnail","6":"pwb-brand-authentique-beauty-concept","7":"product_brand-authentique-beauty-concept","8":"product_cat-produit-coiffant","9":"product_cat-beautybuy","10":"pa_marque-authentique-beauty-concept","12":"entry","13":"has-media","15":"first","16":"instock","17":"shipping-taxable","18":"purchasable","19":"product-type-simple","20":"has-product-nav","21":"col","22":"span_1_of_3","23":"owp-content-center","24":"owp-thumbs-layout-horizontal","25":"owp-btn-normal","26":"owp-tabs-layout-horizontal","27":"has-no-thumbnails"},"yoast_head":"<!-- This site is optimized with the Yoast SEO plugin v27.1.1 - https:\/\/yoast.com\/product\/yoast-seo-wordpress\/ -->\n<title>AUTHENTIC BEAUTY CONCEPT \u2013 SPRAY FIXATION FORTE - WB Coiffure<\/title>\n<meta name=\"robots\" content=\"index, follow, max-snippet:-1, max-image-preview:large, max-video-preview:-1\" \/>\n<link rel=\"canonical\" href=\"http:\/\/wbcoiffure.fr\/?product=authentic-beauty-concept-spray-fixation-forte\" \/>\n<meta property=\"og:locale\" content=\"fr_FR\" \/>\n<meta property=\"og:type\" content=\"article\" \/>\n<meta property=\"og:title\" content=\"AUTHENTIC BEAUTY CONCEPT \u2013 SPRAY FIXATION FORTE - WB Coiffure\" \/>\n<meta property=\"og:description\" content=\"SPRAY COIFFANT TENUE LONGUE DUR\u00c9E Spray de finition \u00e0 fixation forte, con\u00e7u pour offrir un maintien durable sans effet carton. Il prot\u00e8ge les cheveux de l&#039;humidit\u00e9, fixe la coiffure tout en conservant un toucher souple et naturel.\" \/>\n<meta property=\"og:url\" content=\"http:\/\/wbcoiffure.fr\/?product=authentic-beauty-concept-spray-fixation-forte\" \/>\n<meta property=\"og:site_name\" content=\"WB Coiffure\" \/>\n<meta property=\"og:image\" content=\"http:\/\/wbcoiffure.fr\/wp-content\/uploads\/2025\/07\/Authentic-Beauty-Concept-Spray-fixation-forte.webp\" \/>\n\t<meta property=\"og:image:width\" content=\"452\" \/>\n\t<meta property=\"og:image:height\" content=\"584\" \/>\n\t<meta property=\"og:image:type\" content=\"image\/webp\" \/>\n<meta name=\"twitter:card\" content=\"summary_large_image\" \/>\n<meta name=\"twitter:label1\" content=\"Dur\u00e9e de lecture estim\u00e9e\" \/>\n\t<meta name=\"twitter:data1\" content=\"1 minute\" \/>\n<script type=\"application\/ld+json\" class=\"yoast-schema-graph\">{\"@context\":\"https:\/\/schema.org\",\"@graph\":[{\"@type\":\"WebPage\",\"@id\":\"http:\/\/wbcoiffure.fr\/?product=authentic-beauty-concept-spray-fixation-forte\",\"url\":\"http:\/\/wbcoiffure.fr\/?product=authentic-beauty-concept-spray-fixation-forte\",\"name\":\"AUTHENTIC BEAUTY CONCEPT \u2013 SPRAY FIXATION FORTE - WB Coiffure\",\"isPartOf\":{\"@id\":\"https:\/\/wbcoiffure.fr\/#website\"},\"primaryImageOfPage\":{\"@id\":\"http:\/\/wbcoiffure.fr\/?product=authentic-beauty-concept-spray-fixation-forte#primaryimage\"},\"image\":{\"@id\":\"http:\/\/wbcoiffure.fr\/?product=authentic-beauty-concept-spray-fixation-forte#primaryimage\"},\"thumbnailUrl\":\"https:\/\/wbcoiffure.fr\/wp-content\/uploads\/2025\/07\/Authentic-Beauty-Concept-Spray-fixation-forte.webp\",\"datePublished\":\"2025-07-30T08:27:26+00:00\",\"breadcrumb\":{\"@id\":\"http:\/\/wbcoiffure.fr\/?product=authentic-beauty-concept-spray-fixation-forte#breadcrumb\"},\"inLanguage\":\"fr-FR\",\"potentialAction\":[{\"@type\":\"ReadAction\",\"target\":[\"http:\/\/wbcoiffure.fr\/?product=authentic-beauty-concept-spray-fixation-forte\"]}]},{\"@type\":\"ImageObject\",\"inLanguage\":\"fr-FR\",\"@id\":\"http:\/\/wbcoiffure.fr\/?product=authentic-beauty-concept-spray-fixation-forte#primaryimage\",\"url\":\"https:\/\/wbcoiffure.fr\/wp-content\/uploads\/2025\/07\/Authentic-Beauty-Concept-Spray-fixation-forte.webp\",\"contentUrl\":\"https:\/\/wbcoiffure.fr\/wp-content\/uploads\/2025\/07\/Authentic-Beauty-Concept-Spray-fixation-forte.webp\",\"width\":452,\"height\":584},{\"@type\":\"BreadcrumbList\",\"@id\":\"http:\/\/wbcoiffure.fr\/?product=authentic-beauty-concept-spray-fixation-forte#breadcrumb\",\"itemListElement\":[{\"@type\":\"ListItem\",\"position\":1,\"name\":\"Accueil\",\"item\":\"https:\/\/wbcoiffure.fr\/\"},{\"@type\":\"ListItem\",\"position\":2,\"name\":\"Boutique\",\"item\":\"https:\/\/wbcoiffure.fr\/?page_id=409\"},{\"@type\":\"ListItem\",\"position\":3,\"name\":\"AUTHENTIC BEAUTY CONCEPT \u2013 SPRAY FIXATION FORTE\"}]},{\"@type\":\"WebSite\",\"@id\":\"https:\/\/wbcoiffure.fr\/#website\",\"url\":\"https:\/\/wbcoiffure.fr\/\",\"name\":\"WB Coiffure\",\"description\":\"Salon de coiffure Castelnau-le-lez\",\"publisher\":{\"@id\":\"https:\/\/wbcoiffure.fr\/#organization\"},\"potentialAction\":[{\"@type\":\"SearchAction\",\"target\":{\"@type\":\"EntryPoint\",\"urlTemplate\":\"https:\/\/wbcoiffure.fr\/?s={search_term_string}\"},\"query-input\":{\"@type\":\"PropertyValueSpecification\",\"valueRequired\":true,\"valueName\":\"search_term_string\"}}],\"inLanguage\":\"fr-FR\"},{\"@type\":\"Organization\",\"@id\":\"https:\/\/wbcoiffure.fr\/#organization\",\"name\":\"WB Coiffure\",\"url\":\"https:\/\/wbcoiffure.fr\/\",\"logo\":{\"@type\":\"ImageObject\",\"inLanguage\":\"fr-FR\",\"@id\":\"https:\/\/wbcoiffure.fr\/#\/schema\/logo\/image\/\",\"url\":\"https:\/\/wbcoiffure.fr\/wp-content\/uploads\/2025\/04\/principalWB-logo-internet.png\",\"contentUrl\":\"https:\/\/wbcoiffure.fr\/wp-content\/uploads\/2025\/04\/principalWB-logo-internet.png\",\"width\":316,\"height\":82,\"caption\":\"WB Coiffure\"},\"image\":{\"@id\":\"https:\/\/wbcoiffure.fr\/#\/schema\/logo\/image\/\"}}]}<\/script>\n<!-- \/ Yoast SEO plugin. -->","yoast_head_json":{"title":"AUTHENTIC BEAUTY CONCEPT \u2013 SPRAY FIXATION FORTE - WB Coiffure","robots":{"index":"index","follow":"follow","max-snippet":"max-snippet:-1","max-image-preview":"max-image-preview:large","max-video-preview":"max-video-preview:-1"},"canonical":"http:\/\/wbcoiffure.fr\/?product=authentic-beauty-concept-spray-fixation-forte","og_locale":"fr_FR","og_type":"article","og_title":"AUTHENTIC BEAUTY CONCEPT \u2013 SPRAY FIXATION FORTE - WB Coiffure","og_description":"SPRAY COIFFANT TENUE LONGUE DUR\u00c9E Spray de finition \u00e0 fixation forte, con\u00e7u pour offrir un maintien durable sans effet carton. Il prot\u00e8ge les cheveux de l'humidit\u00e9, fixe la coiffure tout en conservant un toucher souple et naturel.","og_url":"http:\/\/wbcoiffure.fr\/?product=authentic-beauty-concept-spray-fixation-forte","og_site_name":"WB Coiffure","og_image":[{"width":452,"height":584,"url":"http:\/\/wbcoiffure.fr\/wp-content\/uploads\/2025\/07\/Authentic-Beauty-Concept-Spray-fixation-forte.webp","type":"image\/webp"}],"twitter_card":"summary_large_image","twitter_misc":{"Dur\u00e9e de lecture estim\u00e9e":"1 minute"},"schema":{"@context":"https:\/\/schema.org","@graph":[{"@type":"WebPage","@id":"http:\/\/wbcoiffure.fr\/?product=authentic-beauty-concept-spray-fixation-forte","url":"http:\/\/wbcoiffure.fr\/?product=authentic-beauty-concept-spray-fixation-forte","name":"AUTHENTIC BEAUTY CONCEPT \u2013 SPRAY FIXATION FORTE - WB Coiffure","isPartOf":{"@id":"https:\/\/wbcoiffure.fr\/#website"},"primaryImageOfPage":{"@id":"http:\/\/wbcoiffure.fr\/?product=authentic-beauty-concept-spray-fixation-forte#primaryimage"},"image":{"@id":"http:\/\/wbcoiffure.fr\/?product=authentic-beauty-concept-spray-fixation-forte#primaryimage"},"thumbnailUrl":"https:\/\/wbcoiffure.fr\/wp-content\/uploads\/2025\/07\/Authentic-Beauty-Concept-Spray-fixation-forte.webp","datePublished":"2025-07-30T08:27:26+00:00","breadcrumb":{"@id":"http:\/\/wbcoiffure.fr\/?product=authentic-beauty-concept-spray-fixation-forte#breadcrumb"},"inLanguage":"fr-FR","potentialAction":[{"@type":"ReadAction","target":["http:\/\/wbcoiffure.fr\/?product=authentic-beauty-concept-spray-fixation-forte"]}]},{"@type":"ImageObject","inLanguage":"fr-FR","@id":"http:\/\/wbcoiffure.fr\/?product=authentic-beauty-concept-spray-fixation-forte#primaryimage","url":"https:\/\/wbcoiffure.fr\/wp-content\/uploads\/2025\/07\/Authentic-Beauty-Concept-Spray-fixation-forte.webp","contentUrl":"https:\/\/wbcoiffure.fr\/wp-content\/uploads\/2025\/07\/Authentic-Beauty-Concept-Spray-fixation-forte.webp","width":452,"height":584},{"@type":"BreadcrumbList","@id":"http:\/\/wbcoiffure.fr\/?product=authentic-beauty-concept-spray-fixation-forte#breadcrumb","itemListElement":[{"@type":"ListItem","position":1,"name":"Accueil","item":"https:\/\/wbcoiffure.fr\/"},{"@type":"ListItem","position":2,"name":"Boutique","item":"https:\/\/wbcoiffure.fr\/?page_id=409"},{"@type":"ListItem","position":3,"name":"AUTHENTIC BEAUTY CONCEPT \u2013 SPRAY FIXATION FORTE"}]},{"@type":"WebSite","@id":"https:\/\/wbcoiffure.fr\/#website","url":"https:\/\/wbcoiffure.fr\/","name":"WB Coiffure","description":"Salon de coiffure Castelnau-le-lez","publisher":{"@id":"https:\/\/wbcoiffure.fr\/#organization"},"potentialAction":[{"@type":"SearchAction","target":{"@type":"EntryPoint","urlTemplate":"https:\/\/wbcoiffure.fr\/?s={search_term_string}"},"query-input":{"@type":"PropertyValueSpecification","valueRequired":true,"valueName":"search_term_string"}}],"inLanguage":"fr-FR"},{"@type":"Organization","@id":"https:\/\/wbcoiffure.fr\/#organization","name":"WB Coiffure","url":"https:\/\/wbcoiffure.fr\/","logo":{"@type":"ImageObject","inLanguage":"fr-FR","@id":"https:\/\/wbcoiffure.fr\/#\/schema\/logo\/image\/","url":"https:\/\/wbcoiffure.fr\/wp-content\/uploads\/2025\/04\/principalWB-logo-internet.png","contentUrl":"https:\/\/wbcoiffure.fr\/wp-content\/uploads\/2025\/04\/principalWB-logo-internet.png","width":316,"height":82,"caption":"WB Coiffure"},"image":{"@id":"https:\/\/wbcoiffure.fr\/#\/schema\/logo\/image\/"}}]}},"brands":[{"id":51,"name":"Authentique beauty concept","slug":"authentique-beauty-concept"}],"_links":{"self":[{"href":"https:\/\/wbcoiffure.fr\/index.php?rest_route=\/wp\/v2\/product\/1458","targetHints":{"allow":["GET"]}}],"collection":[{"href":"https:\/\/wbcoiffure.fr\/index.php?rest_route=\/wp\/v2\/product"}],"about":[{"href":"https:\/\/wbcoiffure.fr\/index.php?rest_route=\/wp\/v2\/types\/product"}],"wp:featuredmedia":[{"embeddable":true,"href":"https:\/\/wbcoiffure.fr\/index.php?rest_route=\/wp\/v2\/media\/1459"}],"wp:attachment":[{"href":"https:\/\/wbcoiffure.fr\/index.php?rest_route=%2Fwp%2Fv2%2Fmedia&parent=1458"}],"wp:term":[{"taxonomy":"pwb-brand","embeddable":true,"href":"https:\/\/wbcoiffure.fr\/index.php?rest_route=%2Fwp%2Fv2%2Fpwb-brand&post=1458"},{"taxonomy":"product_brand","embeddable":true,"href":"https:\/\/wbcoiffure.fr\/index.php?rest_route=%2Fwp%2Fv2%2Fproduct_brand&post=1458"},{"taxonomy":"product_cat","embeddable":true,"href":"https:\/\/wbcoiffure.fr\/index.php?rest_route=%2Fwp%2Fv2%2Fproduct_cat&post=1458"},{"taxonomy":"product_tag","embeddable":true,"href":"https:\/\/wbcoiffure.fr\/index.php?rest_route=%2Fwp%2Fv2%2Fproduct_tag&post=1458"}],"curies":[{"name":"wp","href":"https:\/\/api.w.org\/{rel}","templated":true}]}}