{"id":1454,"date":"2025-07-30T10:22:00","date_gmt":"2025-07-30T08:22:00","guid":{"rendered":"https:\/\/wbcoiffure.fr\/?post_type=product&#038;p=1454"},"modified":"2025-07-30T10:22:00","modified_gmt":"2025-07-30T08:22:00","slug":"authentic-beauty-concept-masque-gelee-hydratante","status":"publish","type":"product","link":"https:\/\/wbcoiffure.fr\/?product=authentic-beauty-concept-masque-gelee-hydratante","title":{"rendered":"AUTHENTIC BEAUTY CONCEPT \u2013 MASQUE GEL\u00c9E HYDRATANTE"},"content":{"rendered":"<div class=\"_tableContainer_80l1q_1\">\n<div class=\"_tableWrapper_80l1q_14 group flex w-fit flex-col-reverse\" tabindex=\"-1\">\n<div class=\"_tableContainer_80l1q_1\">\n<div class=\"_tableWrapper_80l1q_14 group flex w-fit flex-col-reverse\" tabindex=\"-1\">\n<div class=\"_tableContainer_80l1q_1\">\n<div class=\"_tableWrapper_80l1q_14 group flex w-fit flex-col-reverse\" tabindex=\"-1\">\n<div class=\"_tableContainer_80l1q_1\">\n<div class=\"_tableWrapper_80l1q_14 group flex w-fit flex-col-reverse\" tabindex=\"-1\">\n<div class=\"_tableContainer_80l1q_1\">\n<div class=\"_tableWrapper_80l1q_14 group flex w-fit flex-col-reverse\" tabindex=\"-1\">\n<div class=\"_tableContainer_80l1q_1\">\n<div class=\"_tableWrapper_80l1q_14 group flex w-fit flex-col-reverse\" tabindex=\"-1\">\n<div class=\"_tableContainer_80l1q_1\">\n<div class=\"_tableWrapper_80l1q_14 group flex w-fit flex-col-reverse\" tabindex=\"-1\">\n<div class=\"_tableContainer_80l1q_1\">\n<div class=\"_tableWrapper_80l1q_14 group flex w-fit flex-col-reverse\" tabindex=\"-1\">\n<div class=\"_tableContainer_80l1q_1\">\n<div class=\"_tableWrapper_80l1q_14 group flex w-fit flex-col-reverse\" tabindex=\"-1\">\n<div class=\"_tableContainer_80l1q_1\">\n<div class=\"_tableWrapper_80l1q_14 group flex w-fit flex-col-reverse\" tabindex=\"-1\">\n<div class=\"_tableContainer_80l1q_1\">\n<div class=\"_tableWrapper_80l1q_14 group flex w-fit flex-col-reverse\" tabindex=\"-1\">\n<div class=\"_tableContainer_80l1q_1\">\n<div class=\"_tableWrapper_80l1q_14 group flex w-fit flex-col-reverse\" tabindex=\"-1\">\n<table class=\"w-fit min-w-(--thread-content-width)\" data-start=\"268\" data-end=\"529\">\n<thead data-start=\"268\" data-end=\"321\">\n<tr data-start=\"268\" data-end=\"321\">\n<th data-start=\"268\" data-end=\"294\" data-col-size=\"sm\"><strong data-start=\"270\" data-end=\"289\">Type de produit<\/strong><\/th>\n<th data-start=\"294\" data-end=\"321\" data-col-size=\"sm\">Masque gel\u00e9e hydratante<\/th>\n<\/tr>\n<\/thead>\n<tbody data-start=\"376\" data-end=\"529\">\n<tr data-start=\"376\" data-end=\"412\">\n<td data-start=\"376\" data-end=\"402\" data-col-size=\"sm\"><strong data-start=\"378\" data-end=\"392\">Contenance<\/strong><\/td>\n<td data-start=\"402\" data-end=\"412\" data-col-size=\"sm\">200 mL<\/td>\n<\/tr>\n<tr data-start=\"413\" data-end=\"475\">\n<td data-start=\"413\" data-end=\"439\" data-col-size=\"sm\"><strong data-start=\"415\" data-end=\"430\">Utilisation<\/strong><\/td>\n<td data-start=\"439\" data-end=\"475\" data-col-size=\"sm\">Pour cheveux secs ou d\u00e9shydrat\u00e9s<\/td>\n<\/tr>\n<tr data-start=\"476\" data-end=\"529\">\n<td data-start=\"476\" data-end=\"502\" data-col-size=\"sm\"><strong data-start=\"478\" data-end=\"491\">B\u00e9n\u00e9fices<\/strong><\/td>\n<td data-start=\"502\" data-end=\"529\" data-col-size=\"sm\">&#8211; Hydrate sans alourdir<\/td>\n<\/tr>\n<\/tbody>\n<\/table>\n<div class=\"sticky end-(--thread-content-margin) h-0 self-end select-none\">\n<div class=\"absolute end-0 flex items-end\"><\/div>\n<\/div>\n<\/div>\n<\/div>\n<ul data-start=\"530\" data-end=\"972\" data-is-last-node=\"\" data-is-only-node=\"\">\n<li data-start=\"530\" data-end=\"559\">\n<p data-start=\"532\" data-end=\"559\">Texture l\u00e9g\u00e8re et fra\u00eeche<\/p>\n<\/li>\n<li data-start=\"560\" data-end=\"599\">\n<p data-start=\"562\" data-end=\"599\">Am\u00e9liore la souplesse et la douceur<\/p>\n<\/li>\n<li data-start=\"600\" data-end=\"972\" data-is-last-node=\"\">\n<p data-start=\"602\" data-end=\"972\" data-is-last-node=\"\">Apporte de la l\u00e9g\u00e8ret\u00e9 et de l\u2019\u00e9clat |<br \/>\n| <strong data-start=\"643\" data-end=\"654\">Formule<\/strong> | Vegan, sans silicones ni parab\u00e8nes, \u00e0 base d\u2019extraits de mangue et de basilic connus pour leurs propri\u00e9t\u00e9s nourrissantes et apaisantes |<br \/>\n| <strong data-start=\"808\" data-end=\"830\">Mode d\u2019utilisation<\/strong> | Appliquer g\u00e9n\u00e9reusement sur cheveux lav\u00e9s et essor\u00e9s. Laisser poser 5 \u00e0 10 minutes. Rincer abondamment. Utiliser 1 \u00e0 2 fois par semaine. |<\/p>\n<\/li>\n<\/ul>\n<\/div>\n<\/div>\n<\/div>\n<\/div>\n<\/div>\n<\/div>\n<\/div>\n<\/div>\n<\/div>\n<\/div>\n<\/div>\n<\/div>\n<\/div>\n<\/div>\n<\/div>\n<\/div>\n<\/div>\n<\/div>\n<\/div>\n<\/div>\n<\/div>\n<\/div>\n","protected":false},"excerpt":{"rendered":"<p data-start=\"31\" data-end=\"144\"><strong data-start=\"88\" data-end=\"144\">SOIN L\u00c9GER POUR CHEVEUX SECS EN MANQUE D\u2019HYDRATATION<\/strong><\/p>\n<p data-start=\"146\" data-end=\"266\">Ce masque en texture gel\u00e9e hydrate intens\u00e9ment sans alourdir. Il laisse les cheveux doux, souples et \u00e9clatants de sant\u00e9.<\/p>\n","protected":false},"featured_media":1455,"template":"","meta":{"_eb_attr":"","ocean_post_layout":"","ocean_both_sidebars_style":"","ocean_both_sidebars_content_width":0,"ocean_both_sidebars_sidebars_width":0,"ocean_sidebar":"0","ocean_second_sidebar":"0","ocean_disable_margins":"enable","ocean_add_body_class":"","ocean_shortcode_before_top_bar":"","ocean_shortcode_after_top_bar":"","ocean_shortcode_before_header":"","ocean_shortcode_after_header":"","ocean_has_shortcode":"","ocean_shortcode_after_title":"","ocean_shortcode_before_footer_widgets":"","ocean_shortcode_after_footer_widgets":"","ocean_shortcode_before_footer_bottom":"","ocean_shortcode_after_footer_bottom":"","ocean_display_top_bar":"default","ocean_display_header":"default","ocean_header_style":"","ocean_center_header_left_menu":"0","ocean_custom_header_template":"0","ocean_custom_logo":0,"ocean_custom_retina_logo":0,"ocean_custom_logo_max_width":0,"ocean_custom_logo_tablet_max_width":0,"ocean_custom_logo_mobile_max_width":0,"ocean_custom_logo_max_height":0,"ocean_custom_logo_tablet_max_height":0,"ocean_custom_logo_mobile_max_height":0,"ocean_header_custom_menu":"0","ocean_menu_typo_font_family":"0","ocean_menu_typo_font_subset":"","ocean_menu_typo_font_size":0,"ocean_menu_typo_font_size_tablet":0,"ocean_menu_typo_font_size_mobile":0,"ocean_menu_typo_font_size_unit":"px","ocean_menu_typo_font_weight":"","ocean_menu_typo_font_weight_tablet":"","ocean_menu_typo_font_weight_mobile":"","ocean_menu_typo_transform":"","ocean_menu_typo_transform_tablet":"","ocean_menu_typo_transform_mobile":"","ocean_menu_typo_line_height":0,"ocean_menu_typo_line_height_tablet":0,"ocean_menu_typo_line_height_mobile":0,"ocean_menu_typo_line_height_unit":"","ocean_menu_typo_spacing":0,"ocean_menu_typo_spacing_tablet":0,"ocean_menu_typo_spacing_mobile":0,"ocean_menu_typo_spacing_unit":"","ocean_menu_link_color":"","ocean_menu_link_color_hover":"","ocean_menu_link_color_active":"","ocean_menu_link_background":"","ocean_menu_link_hover_background":"","ocean_menu_link_active_background":"","ocean_menu_social_links_bg":"","ocean_menu_social_hover_links_bg":"","ocean_menu_social_links_color":"","ocean_menu_social_hover_links_color":"","ocean_disable_title":"default","ocean_disable_heading":"default","ocean_post_title":"","ocean_post_subheading":"","ocean_post_title_style":"","ocean_post_title_background_color":"","ocean_post_title_background":0,"ocean_post_title_bg_image_position":"","ocean_post_title_bg_image_attachment":"","ocean_post_title_bg_image_repeat":"","ocean_post_title_bg_image_size":"","ocean_post_title_height":0,"ocean_post_title_bg_overlay":0.5,"ocean_post_title_bg_overlay_color":"","ocean_disable_breadcrumbs":"default","ocean_breadcrumbs_color":"","ocean_breadcrumbs_separator_color":"","ocean_breadcrumbs_links_color":"","ocean_breadcrumbs_links_hover_color":"","ocean_display_footer_widgets":"default","ocean_display_footer_bottom":"default","ocean_custom_footer_template":"0"},"pwb-brand":[51],"product_brand":[39],"product_cat":[45,44,19],"product_tag":[],"class_list":{"0":"post-1454","1":"product","2":"type-product","3":"status-publish","4":"has-post-thumbnail","6":"pwb-brand-authentique-beauty-concept","7":"product_brand-authentique-beauty-concept","8":"product_cat-masques","9":"product_cat-soins","10":"product_cat-beautybuy","11":"pa_marque-authentique-beauty-concept","13":"entry","14":"has-media","16":"first","17":"instock","18":"shipping-taxable","19":"purchasable","20":"product-type-simple","21":"has-product-nav","22":"col","23":"span_1_of_3","24":"owp-content-center","25":"owp-thumbs-layout-horizontal","26":"owp-btn-normal","27":"owp-tabs-layout-horizontal","28":"has-no-thumbnails"},"yoast_head":"<!-- This site is optimized with the Yoast SEO plugin v27.1.1 - https:\/\/yoast.com\/product\/yoast-seo-wordpress\/ -->\n<title>AUTHENTIC BEAUTY CONCEPT \u2013 MASQUE GEL\u00c9E HYDRATANTE - WB Coiffure<\/title>\n<meta name=\"robots\" content=\"index, follow, max-snippet:-1, max-image-preview:large, max-video-preview:-1\" \/>\n<link rel=\"canonical\" href=\"http:\/\/wbcoiffure.fr\/?product=authentic-beauty-concept-masque-gelee-hydratante\" \/>\n<meta property=\"og:locale\" content=\"fr_FR\" \/>\n<meta property=\"og:type\" content=\"article\" \/>\n<meta property=\"og:title\" content=\"AUTHENTIC BEAUTY CONCEPT \u2013 MASQUE GEL\u00c9E HYDRATANTE - WB Coiffure\" \/>\n<meta property=\"og:description\" content=\"SOIN L\u00c9GER POUR CHEVEUX SECS EN MANQUE D\u2019HYDRATATION Ce masque en texture gel\u00e9e hydrate intens\u00e9ment sans alourdir. Il laisse les cheveux doux, souples et \u00e9clatants de sant\u00e9.\" \/>\n<meta property=\"og:url\" content=\"http:\/\/wbcoiffure.fr\/?product=authentic-beauty-concept-masque-gelee-hydratante\" \/>\n<meta property=\"og:site_name\" content=\"WB Coiffure\" \/>\n<meta property=\"og:image\" content=\"http:\/\/wbcoiffure.fr\/wp-content\/uploads\/2025\/07\/Authentic-Beauty-Concept-Masque-gelee-hydratante.webp\" \/>\n\t<meta property=\"og:image:width\" content=\"400\" \/>\n\t<meta property=\"og:image:height\" content=\"400\" \/>\n\t<meta property=\"og:image:type\" content=\"image\/webp\" \/>\n<meta name=\"twitter:card\" content=\"summary_large_image\" \/>\n<meta name=\"twitter:label1\" content=\"Dur\u00e9e de lecture estim\u00e9e\" \/>\n\t<meta name=\"twitter:data1\" content=\"1 minute\" \/>\n<script type=\"application\/ld+json\" class=\"yoast-schema-graph\">{\"@context\":\"https:\/\/schema.org\",\"@graph\":[{\"@type\":\"WebPage\",\"@id\":\"http:\/\/wbcoiffure.fr\/?product=authentic-beauty-concept-masque-gelee-hydratante\",\"url\":\"http:\/\/wbcoiffure.fr\/?product=authentic-beauty-concept-masque-gelee-hydratante\",\"name\":\"AUTHENTIC BEAUTY CONCEPT \u2013 MASQUE GEL\u00c9E HYDRATANTE - WB Coiffure\",\"isPartOf\":{\"@id\":\"https:\/\/wbcoiffure.fr\/#website\"},\"primaryImageOfPage\":{\"@id\":\"http:\/\/wbcoiffure.fr\/?product=authentic-beauty-concept-masque-gelee-hydratante#primaryimage\"},\"image\":{\"@id\":\"http:\/\/wbcoiffure.fr\/?product=authentic-beauty-concept-masque-gelee-hydratante#primaryimage\"},\"thumbnailUrl\":\"https:\/\/wbcoiffure.fr\/wp-content\/uploads\/2025\/07\/Authentic-Beauty-Concept-Masque-gelee-hydratante.webp\",\"datePublished\":\"2025-07-30T08:22:00+00:00\",\"breadcrumb\":{\"@id\":\"http:\/\/wbcoiffure.fr\/?product=authentic-beauty-concept-masque-gelee-hydratante#breadcrumb\"},\"inLanguage\":\"fr-FR\",\"potentialAction\":[{\"@type\":\"ReadAction\",\"target\":[\"http:\/\/wbcoiffure.fr\/?product=authentic-beauty-concept-masque-gelee-hydratante\"]}]},{\"@type\":\"ImageObject\",\"inLanguage\":\"fr-FR\",\"@id\":\"http:\/\/wbcoiffure.fr\/?product=authentic-beauty-concept-masque-gelee-hydratante#primaryimage\",\"url\":\"https:\/\/wbcoiffure.fr\/wp-content\/uploads\/2025\/07\/Authentic-Beauty-Concept-Masque-gelee-hydratante.webp\",\"contentUrl\":\"https:\/\/wbcoiffure.fr\/wp-content\/uploads\/2025\/07\/Authentic-Beauty-Concept-Masque-gelee-hydratante.webp\",\"width\":400,\"height\":400},{\"@type\":\"BreadcrumbList\",\"@id\":\"http:\/\/wbcoiffure.fr\/?product=authentic-beauty-concept-masque-gelee-hydratante#breadcrumb\",\"itemListElement\":[{\"@type\":\"ListItem\",\"position\":1,\"name\":\"Accueil\",\"item\":\"https:\/\/wbcoiffure.fr\/\"},{\"@type\":\"ListItem\",\"position\":2,\"name\":\"Boutique\",\"item\":\"https:\/\/wbcoiffure.fr\/?page_id=409\"},{\"@type\":\"ListItem\",\"position\":3,\"name\":\"AUTHENTIC BEAUTY CONCEPT \u2013 MASQUE GEL\u00c9E HYDRATANTE\"}]},{\"@type\":\"WebSite\",\"@id\":\"https:\/\/wbcoiffure.fr\/#website\",\"url\":\"https:\/\/wbcoiffure.fr\/\",\"name\":\"WB Coiffure\",\"description\":\"Salon de coiffure Castelnau-le-lez\",\"publisher\":{\"@id\":\"https:\/\/wbcoiffure.fr\/#organization\"},\"potentialAction\":[{\"@type\":\"SearchAction\",\"target\":{\"@type\":\"EntryPoint\",\"urlTemplate\":\"https:\/\/wbcoiffure.fr\/?s={search_term_string}\"},\"query-input\":{\"@type\":\"PropertyValueSpecification\",\"valueRequired\":true,\"valueName\":\"search_term_string\"}}],\"inLanguage\":\"fr-FR\"},{\"@type\":\"Organization\",\"@id\":\"https:\/\/wbcoiffure.fr\/#organization\",\"name\":\"WB Coiffure\",\"url\":\"https:\/\/wbcoiffure.fr\/\",\"logo\":{\"@type\":\"ImageObject\",\"inLanguage\":\"fr-FR\",\"@id\":\"https:\/\/wbcoiffure.fr\/#\/schema\/logo\/image\/\",\"url\":\"https:\/\/wbcoiffure.fr\/wp-content\/uploads\/2025\/04\/principalWB-logo-internet.png\",\"contentUrl\":\"https:\/\/wbcoiffure.fr\/wp-content\/uploads\/2025\/04\/principalWB-logo-internet.png\",\"width\":316,\"height\":82,\"caption\":\"WB Coiffure\"},\"image\":{\"@id\":\"https:\/\/wbcoiffure.fr\/#\/schema\/logo\/image\/\"}}]}<\/script>\n<!-- \/ Yoast SEO plugin. -->","yoast_head_json":{"title":"AUTHENTIC BEAUTY CONCEPT \u2013 MASQUE GEL\u00c9E HYDRATANTE - WB Coiffure","robots":{"index":"index","follow":"follow","max-snippet":"max-snippet:-1","max-image-preview":"max-image-preview:large","max-video-preview":"max-video-preview:-1"},"canonical":"http:\/\/wbcoiffure.fr\/?product=authentic-beauty-concept-masque-gelee-hydratante","og_locale":"fr_FR","og_type":"article","og_title":"AUTHENTIC BEAUTY CONCEPT \u2013 MASQUE GEL\u00c9E HYDRATANTE - WB Coiffure","og_description":"SOIN L\u00c9GER POUR CHEVEUX SECS EN MANQUE D\u2019HYDRATATION Ce masque en texture gel\u00e9e hydrate intens\u00e9ment sans alourdir. Il laisse les cheveux doux, souples et \u00e9clatants de sant\u00e9.","og_url":"http:\/\/wbcoiffure.fr\/?product=authentic-beauty-concept-masque-gelee-hydratante","og_site_name":"WB Coiffure","og_image":[{"width":400,"height":400,"url":"http:\/\/wbcoiffure.fr\/wp-content\/uploads\/2025\/07\/Authentic-Beauty-Concept-Masque-gelee-hydratante.webp","type":"image\/webp"}],"twitter_card":"summary_large_image","twitter_misc":{"Dur\u00e9e de lecture estim\u00e9e":"1 minute"},"schema":{"@context":"https:\/\/schema.org","@graph":[{"@type":"WebPage","@id":"http:\/\/wbcoiffure.fr\/?product=authentic-beauty-concept-masque-gelee-hydratante","url":"http:\/\/wbcoiffure.fr\/?product=authentic-beauty-concept-masque-gelee-hydratante","name":"AUTHENTIC BEAUTY CONCEPT \u2013 MASQUE GEL\u00c9E HYDRATANTE - WB Coiffure","isPartOf":{"@id":"https:\/\/wbcoiffure.fr\/#website"},"primaryImageOfPage":{"@id":"http:\/\/wbcoiffure.fr\/?product=authentic-beauty-concept-masque-gelee-hydratante#primaryimage"},"image":{"@id":"http:\/\/wbcoiffure.fr\/?product=authentic-beauty-concept-masque-gelee-hydratante#primaryimage"},"thumbnailUrl":"https:\/\/wbcoiffure.fr\/wp-content\/uploads\/2025\/07\/Authentic-Beauty-Concept-Masque-gelee-hydratante.webp","datePublished":"2025-07-30T08:22:00+00:00","breadcrumb":{"@id":"http:\/\/wbcoiffure.fr\/?product=authentic-beauty-concept-masque-gelee-hydratante#breadcrumb"},"inLanguage":"fr-FR","potentialAction":[{"@type":"ReadAction","target":["http:\/\/wbcoiffure.fr\/?product=authentic-beauty-concept-masque-gelee-hydratante"]}]},{"@type":"ImageObject","inLanguage":"fr-FR","@id":"http:\/\/wbcoiffure.fr\/?product=authentic-beauty-concept-masque-gelee-hydratante#primaryimage","url":"https:\/\/wbcoiffure.fr\/wp-content\/uploads\/2025\/07\/Authentic-Beauty-Concept-Masque-gelee-hydratante.webp","contentUrl":"https:\/\/wbcoiffure.fr\/wp-content\/uploads\/2025\/07\/Authentic-Beauty-Concept-Masque-gelee-hydratante.webp","width":400,"height":400},{"@type":"BreadcrumbList","@id":"http:\/\/wbcoiffure.fr\/?product=authentic-beauty-concept-masque-gelee-hydratante#breadcrumb","itemListElement":[{"@type":"ListItem","position":1,"name":"Accueil","item":"https:\/\/wbcoiffure.fr\/"},{"@type":"ListItem","position":2,"name":"Boutique","item":"https:\/\/wbcoiffure.fr\/?page_id=409"},{"@type":"ListItem","position":3,"name":"AUTHENTIC BEAUTY CONCEPT \u2013 MASQUE GEL\u00c9E HYDRATANTE"}]},{"@type":"WebSite","@id":"https:\/\/wbcoiffure.fr\/#website","url":"https:\/\/wbcoiffure.fr\/","name":"WB Coiffure","description":"Salon de coiffure Castelnau-le-lez","publisher":{"@id":"https:\/\/wbcoiffure.fr\/#organization"},"potentialAction":[{"@type":"SearchAction","target":{"@type":"EntryPoint","urlTemplate":"https:\/\/wbcoiffure.fr\/?s={search_term_string}"},"query-input":{"@type":"PropertyValueSpecification","valueRequired":true,"valueName":"search_term_string"}}],"inLanguage":"fr-FR"},{"@type":"Organization","@id":"https:\/\/wbcoiffure.fr\/#organization","name":"WB Coiffure","url":"https:\/\/wbcoiffure.fr\/","logo":{"@type":"ImageObject","inLanguage":"fr-FR","@id":"https:\/\/wbcoiffure.fr\/#\/schema\/logo\/image\/","url":"https:\/\/wbcoiffure.fr\/wp-content\/uploads\/2025\/04\/principalWB-logo-internet.png","contentUrl":"https:\/\/wbcoiffure.fr\/wp-content\/uploads\/2025\/04\/principalWB-logo-internet.png","width":316,"height":82,"caption":"WB Coiffure"},"image":{"@id":"https:\/\/wbcoiffure.fr\/#\/schema\/logo\/image\/"}}]}},"brands":[{"id":51,"name":"Authentique beauty concept","slug":"authentique-beauty-concept"}],"_links":{"self":[{"href":"https:\/\/wbcoiffure.fr\/index.php?rest_route=\/wp\/v2\/product\/1454","targetHints":{"allow":["GET"]}}],"collection":[{"href":"https:\/\/wbcoiffure.fr\/index.php?rest_route=\/wp\/v2\/product"}],"about":[{"href":"https:\/\/wbcoiffure.fr\/index.php?rest_route=\/wp\/v2\/types\/product"}],"wp:featuredmedia":[{"embeddable":true,"href":"https:\/\/wbcoiffure.fr\/index.php?rest_route=\/wp\/v2\/media\/1455"}],"wp:attachment":[{"href":"https:\/\/wbcoiffure.fr\/index.php?rest_route=%2Fwp%2Fv2%2Fmedia&parent=1454"}],"wp:term":[{"taxonomy":"pwb-brand","embeddable":true,"href":"https:\/\/wbcoiffure.fr\/index.php?rest_route=%2Fwp%2Fv2%2Fpwb-brand&post=1454"},{"taxonomy":"product_brand","embeddable":true,"href":"https:\/\/wbcoiffure.fr\/index.php?rest_route=%2Fwp%2Fv2%2Fproduct_brand&post=1454"},{"taxonomy":"product_cat","embeddable":true,"href":"https:\/\/wbcoiffure.fr\/index.php?rest_route=%2Fwp%2Fv2%2Fproduct_cat&post=1454"},{"taxonomy":"product_tag","embeddable":true,"href":"https:\/\/wbcoiffure.fr\/index.php?rest_route=%2Fwp%2Fv2%2Fproduct_tag&post=1454"}],"curies":[{"name":"wp","href":"https:\/\/api.w.org\/{rel}","templated":true}]}}