{"id":1441,"date":"2025-07-30T09:53:58","date_gmt":"2025-07-30T07:53:58","guid":{"rendered":"https:\/\/wbcoiffure.fr\/?post_type=product&#038;p=1441"},"modified":"2025-07-30T09:53:58","modified_gmt":"2025-07-30T07:53:58","slug":"authentic-beauty-concept-hydrate-lotion","status":"publish","type":"product","link":"https:\/\/wbcoiffure.fr\/?product=authentic-beauty-concept-hydrate-lotion","title":{"rendered":"AUTHENTIC BEAUTY CONCEPT \u2013 HYDRATE LOTION"},"content":{"rendered":"<div class=\"_tableContainer_80l1q_1\">\n<div class=\"_tableWrapper_80l1q_14 group flex w-fit flex-col-reverse\" tabindex=\"-1\">\n<div class=\"_tableContainer_80l1q_1\">\n<div class=\"_tableWrapper_80l1q_14 group flex w-fit flex-col-reverse\" tabindex=\"-1\">\n<div class=\"_tableContainer_80l1q_1\">\n<div class=\"_tableWrapper_80l1q_14 group flex w-fit flex-col-reverse\" tabindex=\"-1\">\n<div class=\"_tableContainer_80l1q_1\">\n<div class=\"_tableWrapper_80l1q_14 group flex w-fit flex-col-reverse\" tabindex=\"-1\">\n<div class=\"_tableContainer_80l1q_1\">\n<div class=\"_tableWrapper_80l1q_14 group flex w-fit flex-col-reverse\" tabindex=\"-1\">\n<div class=\"_tableContainer_80l1q_1\">\n<div class=\"_tableWrapper_80l1q_14 group flex w-fit flex-col-reverse\" tabindex=\"-1\">\n<table class=\"w-fit min-w-(--thread-content-width)\" data-start=\"297\" data-end=\"568\">\n<thead data-start=\"297\" data-end=\"357\">\n<tr data-start=\"297\" data-end=\"357\">\n<th data-start=\"297\" data-end=\"323\" data-col-size=\"sm\"><strong data-start=\"299\" data-end=\"318\">Type de produit<\/strong><\/th>\n<th data-start=\"323\" data-end=\"357\" data-col-size=\"sm\">Lotion hydratante sans rin\u00e7age<\/th>\n<\/tr>\n<\/thead>\n<tbody data-start=\"418\" data-end=\"568\">\n<tr data-start=\"418\" data-end=\"454\">\n<td data-start=\"418\" data-end=\"444\" data-col-size=\"sm\"><strong data-start=\"420\" data-end=\"434\">Contenance<\/strong><\/td>\n<td data-start=\"444\" data-end=\"454\" data-col-size=\"sm\">150 mL<\/td>\n<\/tr>\n<tr data-start=\"455\" data-end=\"502\">\n<td data-start=\"455\" data-end=\"481\" data-col-size=\"sm\"><strong data-start=\"457\" data-end=\"472\">Utilisation<\/strong><\/td>\n<td data-start=\"481\" data-end=\"502\" data-col-size=\"sm\">Pour cheveux secs<\/td>\n<\/tr>\n<tr data-start=\"503\" data-end=\"568\">\n<td data-start=\"503\" data-end=\"529\" data-col-size=\"sm\"><strong data-start=\"505\" data-end=\"518\">B\u00e9n\u00e9fices<\/strong><\/td>\n<td data-start=\"529\" data-end=\"568\" data-col-size=\"sm\">&#8211; Apporte une hydratation imm\u00e9diate<\/td>\n<\/tr>\n<\/tbody>\n<\/table>\n<div class=\"sticky end-(--thread-content-margin) h-0 self-end select-none\">\n<div class=\"absolute end-0 flex items-end\"><\/div>\n<\/div>\n<\/div>\n<\/div>\n<ul data-start=\"569\" data-end=\"998\" data-is-last-node=\"\" data-is-only-node=\"\">\n<li data-start=\"569\" data-end=\"608\">\n<p data-start=\"571\" data-end=\"608\">Facilite le d\u00e9m\u00ealage et le coiffage<\/p>\n<\/li>\n<li data-start=\"609\" data-end=\"633\">\n<p data-start=\"611\" data-end=\"633\">R\u00e9duit les frisottis<\/p>\n<\/li>\n<li data-start=\"634\" data-end=\"998\" data-is-last-node=\"\">\n<p data-start=\"636\" data-end=\"998\" data-is-last-node=\"\">Laisse les cheveux doux, souples et brillants |<br \/>\n| <strong data-start=\"686\" data-end=\"697\">Formule<\/strong> | Vegan, sans silicones ni parab\u00e8nes, enrichie en extraits de mangue et basilic pour une hydratation naturelle |<br \/>\n| <strong data-start=\"825\" data-end=\"847\">Mode d\u2019utilisation<\/strong> | Appliquer une petite quantit\u00e9 sur cheveux essor\u00e9s.<br data-start=\"901\" data-end=\"904\" \/>R\u00e9partir uniform\u00e9ment sur les longueurs et pointes.<br data-start=\"955\" data-end=\"958\" \/>Ne pas rincer. Coiffer comme souhait\u00e9. |<\/p>\n<\/li>\n<\/ul>\n<\/div>\n<\/div>\n<\/div>\n<\/div>\n<\/div>\n<\/div>\n<\/div>\n<\/div>\n<\/div>\n<\/div>\n","protected":false},"excerpt":{"rendered":"<p data-start=\"40\" data-end=\"127\"><strong data-start=\"88\" data-end=\"127\">LOTION HYDRATANTE POUR CHEVEUX SECS<\/strong><\/p>\n<p data-start=\"129\" data-end=\"295\">Lotion l\u00e9g\u00e8re sans rin\u00e7age qui hydrate les cheveux secs, facilite le coiffage et aide \u00e0 discipliner les frisottis tout en laissant une sensation de douceur naturelle.<\/p>\n","protected":false},"featured_media":1442,"template":"","meta":{"_eb_attr":"","ocean_post_layout":"","ocean_both_sidebars_style":"","ocean_both_sidebars_content_width":0,"ocean_both_sidebars_sidebars_width":0,"ocean_sidebar":"0","ocean_second_sidebar":"0","ocean_disable_margins":"enable","ocean_add_body_class":"","ocean_shortcode_before_top_bar":"","ocean_shortcode_after_top_bar":"","ocean_shortcode_before_header":"","ocean_shortcode_after_header":"","ocean_has_shortcode":"","ocean_shortcode_after_title":"","ocean_shortcode_before_footer_widgets":"","ocean_shortcode_after_footer_widgets":"","ocean_shortcode_before_footer_bottom":"","ocean_shortcode_after_footer_bottom":"","ocean_display_top_bar":"default","ocean_display_header":"default","ocean_header_style":"","ocean_center_header_left_menu":"0","ocean_custom_header_template":"0","ocean_custom_logo":0,"ocean_custom_retina_logo":0,"ocean_custom_logo_max_width":0,"ocean_custom_logo_tablet_max_width":0,"ocean_custom_logo_mobile_max_width":0,"ocean_custom_logo_max_height":0,"ocean_custom_logo_tablet_max_height":0,"ocean_custom_logo_mobile_max_height":0,"ocean_header_custom_menu":"0","ocean_menu_typo_font_family":"0","ocean_menu_typo_font_subset":"","ocean_menu_typo_font_size":0,"ocean_menu_typo_font_size_tablet":0,"ocean_menu_typo_font_size_mobile":0,"ocean_menu_typo_font_size_unit":"px","ocean_menu_typo_font_weight":"","ocean_menu_typo_font_weight_tablet":"","ocean_menu_typo_font_weight_mobile":"","ocean_menu_typo_transform":"","ocean_menu_typo_transform_tablet":"","ocean_menu_typo_transform_mobile":"","ocean_menu_typo_line_height":0,"ocean_menu_typo_line_height_tablet":0,"ocean_menu_typo_line_height_mobile":0,"ocean_menu_typo_line_height_unit":"","ocean_menu_typo_spacing":0,"ocean_menu_typo_spacing_tablet":0,"ocean_menu_typo_spacing_mobile":0,"ocean_menu_typo_spacing_unit":"","ocean_menu_link_color":"","ocean_menu_link_color_hover":"","ocean_menu_link_color_active":"","ocean_menu_link_background":"","ocean_menu_link_hover_background":"","ocean_menu_link_active_background":"","ocean_menu_social_links_bg":"","ocean_menu_social_hover_links_bg":"","ocean_menu_social_links_color":"","ocean_menu_social_hover_links_color":"","ocean_disable_title":"default","ocean_disable_heading":"default","ocean_post_title":"","ocean_post_subheading":"","ocean_post_title_style":"","ocean_post_title_background_color":"","ocean_post_title_background":0,"ocean_post_title_bg_image_position":"","ocean_post_title_bg_image_attachment":"","ocean_post_title_bg_image_repeat":"","ocean_post_title_bg_image_size":"","ocean_post_title_height":0,"ocean_post_title_bg_overlay":0.5,"ocean_post_title_bg_overlay_color":"","ocean_disable_breadcrumbs":"default","ocean_breadcrumbs_color":"","ocean_breadcrumbs_separator_color":"","ocean_breadcrumbs_links_color":"","ocean_breadcrumbs_links_hover_color":"","ocean_display_footer_widgets":"default","ocean_display_footer_bottom":"default","ocean_custom_footer_template":"0"},"pwb-brand":[51],"product_brand":[39],"product_cat":[44,19],"product_tag":[],"class_list":{"0":"post-1441","1":"product","2":"type-product","3":"status-publish","4":"has-post-thumbnail","6":"pwb-brand-authentique-beauty-concept","7":"product_brand-authentique-beauty-concept","8":"product_cat-soins","9":"product_cat-beautybuy","10":"pa_marque-authentique-beauty-concept","12":"entry","13":"has-media","15":"first","16":"instock","17":"shipping-taxable","18":"purchasable","19":"product-type-simple","20":"has-product-nav","21":"col","22":"span_1_of_3","23":"owp-content-center","24":"owp-thumbs-layout-horizontal","25":"owp-btn-normal","26":"owp-tabs-layout-horizontal","27":"has-no-thumbnails"},"yoast_head":"<!-- This site is optimized with the Yoast SEO plugin v27.1.1 - https:\/\/yoast.com\/product\/yoast-seo-wordpress\/ -->\n<title>AUTHENTIC BEAUTY CONCEPT \u2013 HYDRATE LOTION - WB Coiffure<\/title>\n<meta name=\"robots\" content=\"index, follow, max-snippet:-1, max-image-preview:large, max-video-preview:-1\" \/>\n<link rel=\"canonical\" href=\"http:\/\/wbcoiffure.fr\/?product=authentic-beauty-concept-hydrate-lotion\" \/>\n<meta property=\"og:locale\" content=\"fr_FR\" \/>\n<meta property=\"og:type\" content=\"article\" \/>\n<meta property=\"og:title\" content=\"AUTHENTIC BEAUTY CONCEPT \u2013 HYDRATE LOTION - WB Coiffure\" \/>\n<meta property=\"og:description\" content=\"LOTION HYDRATANTE POUR CHEVEUX SECS Lotion l\u00e9g\u00e8re sans rin\u00e7age qui hydrate les cheveux secs, facilite le coiffage et aide \u00e0 discipliner les frisottis tout en laissant une sensation de douceur naturelle.\" \/>\n<meta property=\"og:url\" content=\"http:\/\/wbcoiffure.fr\/?product=authentic-beauty-concept-hydrate-lotion\" \/>\n<meta property=\"og:site_name\" content=\"WB Coiffure\" \/>\n<meta property=\"og:image\" content=\"http:\/\/wbcoiffure.fr\/wp-content\/uploads\/2025\/07\/Authentic-Beauty-Concept-Lotion-hydratante.webp\" \/>\n\t<meta property=\"og:image:width\" content=\"1500\" \/>\n\t<meta property=\"og:image:height\" content=\"1500\" \/>\n\t<meta property=\"og:image:type\" content=\"image\/webp\" \/>\n<meta name=\"twitter:card\" content=\"summary_large_image\" \/>\n<meta name=\"twitter:label1\" content=\"Dur\u00e9e de lecture estim\u00e9e\" \/>\n\t<meta name=\"twitter:data1\" content=\"1 minute\" \/>\n<script type=\"application\/ld+json\" class=\"yoast-schema-graph\">{\"@context\":\"https:\/\/schema.org\",\"@graph\":[{\"@type\":\"WebPage\",\"@id\":\"http:\/\/wbcoiffure.fr\/?product=authentic-beauty-concept-hydrate-lotion\",\"url\":\"http:\/\/wbcoiffure.fr\/?product=authentic-beauty-concept-hydrate-lotion\",\"name\":\"AUTHENTIC BEAUTY CONCEPT \u2013 HYDRATE LOTION - WB Coiffure\",\"isPartOf\":{\"@id\":\"https:\/\/wbcoiffure.fr\/#website\"},\"primaryImageOfPage\":{\"@id\":\"http:\/\/wbcoiffure.fr\/?product=authentic-beauty-concept-hydrate-lotion#primaryimage\"},\"image\":{\"@id\":\"http:\/\/wbcoiffure.fr\/?product=authentic-beauty-concept-hydrate-lotion#primaryimage\"},\"thumbnailUrl\":\"https:\/\/wbcoiffure.fr\/wp-content\/uploads\/2025\/07\/Authentic-Beauty-Concept-Lotion-hydratante.webp\",\"datePublished\":\"2025-07-30T07:53:58+00:00\",\"breadcrumb\":{\"@id\":\"http:\/\/wbcoiffure.fr\/?product=authentic-beauty-concept-hydrate-lotion#breadcrumb\"},\"inLanguage\":\"fr-FR\",\"potentialAction\":[{\"@type\":\"ReadAction\",\"target\":[\"http:\/\/wbcoiffure.fr\/?product=authentic-beauty-concept-hydrate-lotion\"]}]},{\"@type\":\"ImageObject\",\"inLanguage\":\"fr-FR\",\"@id\":\"http:\/\/wbcoiffure.fr\/?product=authentic-beauty-concept-hydrate-lotion#primaryimage\",\"url\":\"https:\/\/wbcoiffure.fr\/wp-content\/uploads\/2025\/07\/Authentic-Beauty-Concept-Lotion-hydratante.webp\",\"contentUrl\":\"https:\/\/wbcoiffure.fr\/wp-content\/uploads\/2025\/07\/Authentic-Beauty-Concept-Lotion-hydratante.webp\",\"width\":1500,\"height\":1500},{\"@type\":\"BreadcrumbList\",\"@id\":\"http:\/\/wbcoiffure.fr\/?product=authentic-beauty-concept-hydrate-lotion#breadcrumb\",\"itemListElement\":[{\"@type\":\"ListItem\",\"position\":1,\"name\":\"Accueil\",\"item\":\"https:\/\/wbcoiffure.fr\/\"},{\"@type\":\"ListItem\",\"position\":2,\"name\":\"Boutique\",\"item\":\"https:\/\/wbcoiffure.fr\/?page_id=409\"},{\"@type\":\"ListItem\",\"position\":3,\"name\":\"AUTHENTIC BEAUTY CONCEPT \u2013 HYDRATE LOTION\"}]},{\"@type\":\"WebSite\",\"@id\":\"https:\/\/wbcoiffure.fr\/#website\",\"url\":\"https:\/\/wbcoiffure.fr\/\",\"name\":\"WB Coiffure\",\"description\":\"Salon de coiffure Castelnau-le-lez\",\"publisher\":{\"@id\":\"https:\/\/wbcoiffure.fr\/#organization\"},\"potentialAction\":[{\"@type\":\"SearchAction\",\"target\":{\"@type\":\"EntryPoint\",\"urlTemplate\":\"https:\/\/wbcoiffure.fr\/?s={search_term_string}\"},\"query-input\":{\"@type\":\"PropertyValueSpecification\",\"valueRequired\":true,\"valueName\":\"search_term_string\"}}],\"inLanguage\":\"fr-FR\"},{\"@type\":\"Organization\",\"@id\":\"https:\/\/wbcoiffure.fr\/#organization\",\"name\":\"WB Coiffure\",\"url\":\"https:\/\/wbcoiffure.fr\/\",\"logo\":{\"@type\":\"ImageObject\",\"inLanguage\":\"fr-FR\",\"@id\":\"https:\/\/wbcoiffure.fr\/#\/schema\/logo\/image\/\",\"url\":\"https:\/\/wbcoiffure.fr\/wp-content\/uploads\/2025\/04\/principalWB-logo-internet.png\",\"contentUrl\":\"https:\/\/wbcoiffure.fr\/wp-content\/uploads\/2025\/04\/principalWB-logo-internet.png\",\"width\":316,\"height\":82,\"caption\":\"WB Coiffure\"},\"image\":{\"@id\":\"https:\/\/wbcoiffure.fr\/#\/schema\/logo\/image\/\"}}]}<\/script>\n<!-- \/ Yoast SEO plugin. -->","yoast_head_json":{"title":"AUTHENTIC BEAUTY CONCEPT \u2013 HYDRATE LOTION - WB Coiffure","robots":{"index":"index","follow":"follow","max-snippet":"max-snippet:-1","max-image-preview":"max-image-preview:large","max-video-preview":"max-video-preview:-1"},"canonical":"http:\/\/wbcoiffure.fr\/?product=authentic-beauty-concept-hydrate-lotion","og_locale":"fr_FR","og_type":"article","og_title":"AUTHENTIC BEAUTY CONCEPT \u2013 HYDRATE LOTION - WB Coiffure","og_description":"LOTION HYDRATANTE POUR CHEVEUX SECS Lotion l\u00e9g\u00e8re sans rin\u00e7age qui hydrate les cheveux secs, facilite le coiffage et aide \u00e0 discipliner les frisottis tout en laissant une sensation de douceur naturelle.","og_url":"http:\/\/wbcoiffure.fr\/?product=authentic-beauty-concept-hydrate-lotion","og_site_name":"WB Coiffure","og_image":[{"width":1500,"height":1500,"url":"http:\/\/wbcoiffure.fr\/wp-content\/uploads\/2025\/07\/Authentic-Beauty-Concept-Lotion-hydratante.webp","type":"image\/webp"}],"twitter_card":"summary_large_image","twitter_misc":{"Dur\u00e9e de lecture estim\u00e9e":"1 minute"},"schema":{"@context":"https:\/\/schema.org","@graph":[{"@type":"WebPage","@id":"http:\/\/wbcoiffure.fr\/?product=authentic-beauty-concept-hydrate-lotion","url":"http:\/\/wbcoiffure.fr\/?product=authentic-beauty-concept-hydrate-lotion","name":"AUTHENTIC BEAUTY CONCEPT \u2013 HYDRATE LOTION - WB Coiffure","isPartOf":{"@id":"https:\/\/wbcoiffure.fr\/#website"},"primaryImageOfPage":{"@id":"http:\/\/wbcoiffure.fr\/?product=authentic-beauty-concept-hydrate-lotion#primaryimage"},"image":{"@id":"http:\/\/wbcoiffure.fr\/?product=authentic-beauty-concept-hydrate-lotion#primaryimage"},"thumbnailUrl":"https:\/\/wbcoiffure.fr\/wp-content\/uploads\/2025\/07\/Authentic-Beauty-Concept-Lotion-hydratante.webp","datePublished":"2025-07-30T07:53:58+00:00","breadcrumb":{"@id":"http:\/\/wbcoiffure.fr\/?product=authentic-beauty-concept-hydrate-lotion#breadcrumb"},"inLanguage":"fr-FR","potentialAction":[{"@type":"ReadAction","target":["http:\/\/wbcoiffure.fr\/?product=authentic-beauty-concept-hydrate-lotion"]}]},{"@type":"ImageObject","inLanguage":"fr-FR","@id":"http:\/\/wbcoiffure.fr\/?product=authentic-beauty-concept-hydrate-lotion#primaryimage","url":"https:\/\/wbcoiffure.fr\/wp-content\/uploads\/2025\/07\/Authentic-Beauty-Concept-Lotion-hydratante.webp","contentUrl":"https:\/\/wbcoiffure.fr\/wp-content\/uploads\/2025\/07\/Authentic-Beauty-Concept-Lotion-hydratante.webp","width":1500,"height":1500},{"@type":"BreadcrumbList","@id":"http:\/\/wbcoiffure.fr\/?product=authentic-beauty-concept-hydrate-lotion#breadcrumb","itemListElement":[{"@type":"ListItem","position":1,"name":"Accueil","item":"https:\/\/wbcoiffure.fr\/"},{"@type":"ListItem","position":2,"name":"Boutique","item":"https:\/\/wbcoiffure.fr\/?page_id=409"},{"@type":"ListItem","position":3,"name":"AUTHENTIC BEAUTY CONCEPT \u2013 HYDRATE LOTION"}]},{"@type":"WebSite","@id":"https:\/\/wbcoiffure.fr\/#website","url":"https:\/\/wbcoiffure.fr\/","name":"WB Coiffure","description":"Salon de coiffure Castelnau-le-lez","publisher":{"@id":"https:\/\/wbcoiffure.fr\/#organization"},"potentialAction":[{"@type":"SearchAction","target":{"@type":"EntryPoint","urlTemplate":"https:\/\/wbcoiffure.fr\/?s={search_term_string}"},"query-input":{"@type":"PropertyValueSpecification","valueRequired":true,"valueName":"search_term_string"}}],"inLanguage":"fr-FR"},{"@type":"Organization","@id":"https:\/\/wbcoiffure.fr\/#organization","name":"WB Coiffure","url":"https:\/\/wbcoiffure.fr\/","logo":{"@type":"ImageObject","inLanguage":"fr-FR","@id":"https:\/\/wbcoiffure.fr\/#\/schema\/logo\/image\/","url":"https:\/\/wbcoiffure.fr\/wp-content\/uploads\/2025\/04\/principalWB-logo-internet.png","contentUrl":"https:\/\/wbcoiffure.fr\/wp-content\/uploads\/2025\/04\/principalWB-logo-internet.png","width":316,"height":82,"caption":"WB Coiffure"},"image":{"@id":"https:\/\/wbcoiffure.fr\/#\/schema\/logo\/image\/"}}]}},"brands":[{"id":51,"name":"Authentique beauty concept","slug":"authentique-beauty-concept"}],"_links":{"self":[{"href":"https:\/\/wbcoiffure.fr\/index.php?rest_route=\/wp\/v2\/product\/1441","targetHints":{"allow":["GET"]}}],"collection":[{"href":"https:\/\/wbcoiffure.fr\/index.php?rest_route=\/wp\/v2\/product"}],"about":[{"href":"https:\/\/wbcoiffure.fr\/index.php?rest_route=\/wp\/v2\/types\/product"}],"wp:featuredmedia":[{"embeddable":true,"href":"https:\/\/wbcoiffure.fr\/index.php?rest_route=\/wp\/v2\/media\/1442"}],"wp:attachment":[{"href":"https:\/\/wbcoiffure.fr\/index.php?rest_route=%2Fwp%2Fv2%2Fmedia&parent=1441"}],"wp:term":[{"taxonomy":"pwb-brand","embeddable":true,"href":"https:\/\/wbcoiffure.fr\/index.php?rest_route=%2Fwp%2Fv2%2Fpwb-brand&post=1441"},{"taxonomy":"product_brand","embeddable":true,"href":"https:\/\/wbcoiffure.fr\/index.php?rest_route=%2Fwp%2Fv2%2Fproduct_brand&post=1441"},{"taxonomy":"product_cat","embeddable":true,"href":"https:\/\/wbcoiffure.fr\/index.php?rest_route=%2Fwp%2Fv2%2Fproduct_cat&post=1441"},{"taxonomy":"product_tag","embeddable":true,"href":"https:\/\/wbcoiffure.fr\/index.php?rest_route=%2Fwp%2Fv2%2Fproduct_tag&post=1441"}],"curies":[{"name":"wp","href":"https:\/\/api.w.org\/{rel}","templated":true}]}}