{"id":1439,"date":"2025-07-30T09:50:23","date_gmt":"2025-07-30T07:50:23","guid":{"rendered":"https:\/\/wbcoiffure.fr\/?post_type=product&#038;p=1439"},"modified":"2025-07-30T10:15:56","modified_gmt":"2025-07-30T08:15:56","slug":"authentic-beauty-concept-hydrate-mask-2","status":"publish","type":"product","link":"https:\/\/wbcoiffure.fr\/?product=authentic-beauty-concept-hydrate-mask-2","title":{"rendered":"AUTHENTIC BEAUTY CONCEPT \u2013 HYDRATE MASK"},"content":{"rendered":"<div class=\"_tableContainer_80l1q_1\">\n<div class=\"_tableWrapper_80l1q_14 group flex w-fit flex-col-reverse\" tabindex=\"-1\">\n<div class=\"_tableContainer_80l1q_1\">\n<div class=\"_tableWrapper_80l1q_14 group flex w-fit flex-col-reverse\" tabindex=\"-1\">\n<div class=\"_tableContainer_80l1q_1\">\n<div class=\"_tableWrapper_80l1q_14 group flex w-fit flex-col-reverse\" tabindex=\"-1\">\n<div class=\"_tableContainer_80l1q_1\">\n<div class=\"_tableWrapper_80l1q_14 group flex w-fit flex-col-reverse\" tabindex=\"-1\">\n<div class=\"_tableContainer_80l1q_1\">\n<div class=\"_tableWrapper_80l1q_14 group flex w-fit flex-col-reverse\" tabindex=\"-1\">\n<table class=\"w-fit min-w-(--thread-content-width)\" data-start=\"255\" data-end=\"485\">\n<thead data-start=\"255\" data-end=\"301\">\n<tr data-start=\"255\" data-end=\"301\">\n<th data-start=\"255\" data-end=\"281\" data-col-size=\"sm\"><strong data-start=\"257\" data-end=\"276\">Type de produit<\/strong><\/th>\n<th data-start=\"281\" data-end=\"301\" data-col-size=\"sm\">Masque hydratant<\/th>\n<\/tr>\n<\/thead>\n<tbody data-start=\"349\" data-end=\"485\">\n<tr data-start=\"349\" data-end=\"385\">\n<td data-start=\"349\" data-end=\"375\" data-col-size=\"sm\"><strong data-start=\"351\" data-end=\"365\">Contenance<\/strong><\/td>\n<td data-start=\"375\" data-end=\"385\" data-col-size=\"sm\">200 mL<\/td>\n<\/tr>\n<tr data-start=\"386\" data-end=\"433\">\n<td data-start=\"386\" data-end=\"412\" data-col-size=\"sm\"><strong data-start=\"388\" data-end=\"403\">Utilisation<\/strong><\/td>\n<td data-start=\"412\" data-end=\"433\" data-col-size=\"sm\">Pour cheveux secs<\/td>\n<\/tr>\n<tr data-start=\"434\" data-end=\"485\">\n<td data-start=\"434\" data-end=\"460\" data-col-size=\"sm\"><strong data-start=\"436\" data-end=\"449\">B\u00e9n\u00e9fices<\/strong><\/td>\n<td data-start=\"460\" data-end=\"485\" data-col-size=\"sm\">&#8211; Hydrate intens\u00e9ment<\/td>\n<\/tr>\n<\/tbody>\n<\/table>\n<div class=\"sticky end-(--thread-content-margin) h-0 self-end select-none\">\n<div class=\"absolute end-0 flex items-end\"><\/div>\n<\/div>\n<\/div>\n<\/div>\n<ul data-start=\"486\" data-end=\"887\" data-is-last-node=\"\" data-is-only-node=\"\">\n<li data-start=\"486\" data-end=\"517\">\n<p data-start=\"488\" data-end=\"517\">Nourrit la fibre capillaire<\/p>\n<\/li>\n<li data-start=\"518\" data-end=\"559\">\n<p data-start=\"520\" data-end=\"559\">Am\u00e9liore la souplesse et la brillance<\/p>\n<\/li>\n<li data-start=\"560\" data-end=\"887\" data-is-last-node=\"\">\n<p data-start=\"562\" data-end=\"887\" data-is-last-node=\"\">R\u00e9duit les frisottis |<br \/>\n| <strong data-start=\"587\" data-end=\"598\">Formule<\/strong> | Vegan, sans silicones, \u00e0 base d\u2019ingr\u00e9dients d\u2019origine naturelle soigneusement s\u00e9lectionn\u00e9s |<br \/>\n| <strong data-start=\"708\" data-end=\"730\">Mode d\u2019utilisation<\/strong> | Appliquer sur cheveux lav\u00e9s et essor\u00e9s.<br data-start=\"773\" data-end=\"776\" \/>Laisser poser 5 \u00e0 10 minutes.<br data-start=\"805\" data-end=\"808\" \/>Rincer abondamment.<br data-start=\"827\" data-end=\"830\" \/>Utiliser une \u00e0 deux fois par semaine selon les besoins. |<\/p>\n<\/li>\n<\/ul>\n<\/div>\n<\/div>\n<\/div>\n<\/div>\n<\/div>\n<\/div>\n<\/div>\n<\/div>\n","protected":false},"excerpt":{"rendered":"<p data-start=\"40\" data-end=\"124\"><strong data-start=\"86\" data-end=\"124\">MASQUE HYDRATANT POUR CHEVEUX SECS<\/strong><\/p>\n<p data-start=\"126\" data-end=\"253\">Soin intensif qui restaure l\u2019hydratation des cheveux secs, am\u00e9liore leur \u00e9lasticit\u00e9 et laisse une sensation de douceur durable.<\/p>\n","protected":false},"featured_media":1440,"template":"","meta":{"_eb_attr":"","ocean_post_layout":"","ocean_both_sidebars_style":"","ocean_both_sidebars_content_width":0,"ocean_both_sidebars_sidebars_width":0,"ocean_sidebar":"0","ocean_second_sidebar":"0","ocean_disable_margins":"enable","ocean_add_body_class":"","ocean_shortcode_before_top_bar":"","ocean_shortcode_after_top_bar":"","ocean_shortcode_before_header":"","ocean_shortcode_after_header":"","ocean_has_shortcode":"","ocean_shortcode_after_title":"","ocean_shortcode_before_footer_widgets":"","ocean_shortcode_after_footer_widgets":"","ocean_shortcode_before_footer_bottom":"","ocean_shortcode_after_footer_bottom":"","ocean_display_top_bar":"default","ocean_display_header":"default","ocean_header_style":"","ocean_center_header_left_menu":"0","ocean_custom_header_template":"0","ocean_custom_logo":0,"ocean_custom_retina_logo":0,"ocean_custom_logo_max_width":0,"ocean_custom_logo_tablet_max_width":0,"ocean_custom_logo_mobile_max_width":0,"ocean_custom_logo_max_height":0,"ocean_custom_logo_tablet_max_height":0,"ocean_custom_logo_mobile_max_height":0,"ocean_header_custom_menu":"0","ocean_menu_typo_font_family":"0","ocean_menu_typo_font_subset":"","ocean_menu_typo_font_size":0,"ocean_menu_typo_font_size_tablet":0,"ocean_menu_typo_font_size_mobile":0,"ocean_menu_typo_font_size_unit":"px","ocean_menu_typo_font_weight":"","ocean_menu_typo_font_weight_tablet":"","ocean_menu_typo_font_weight_mobile":"","ocean_menu_typo_transform":"","ocean_menu_typo_transform_tablet":"","ocean_menu_typo_transform_mobile":"","ocean_menu_typo_line_height":0,"ocean_menu_typo_line_height_tablet":0,"ocean_menu_typo_line_height_mobile":0,"ocean_menu_typo_line_height_unit":"","ocean_menu_typo_spacing":0,"ocean_menu_typo_spacing_tablet":0,"ocean_menu_typo_spacing_mobile":0,"ocean_menu_typo_spacing_unit":"","ocean_menu_link_color":"","ocean_menu_link_color_hover":"","ocean_menu_link_color_active":"","ocean_menu_link_background":"","ocean_menu_link_hover_background":"","ocean_menu_link_active_background":"","ocean_menu_social_links_bg":"","ocean_menu_social_hover_links_bg":"","ocean_menu_social_links_color":"","ocean_menu_social_hover_links_color":"","ocean_disable_title":"default","ocean_disable_heading":"default","ocean_post_title":"","ocean_post_subheading":"","ocean_post_title_style":"","ocean_post_title_background_color":"","ocean_post_title_background":0,"ocean_post_title_bg_image_position":"","ocean_post_title_bg_image_attachment":"","ocean_post_title_bg_image_repeat":"","ocean_post_title_bg_image_size":"","ocean_post_title_height":0,"ocean_post_title_bg_overlay":0.5,"ocean_post_title_bg_overlay_color":"","ocean_disable_breadcrumbs":"default","ocean_breadcrumbs_color":"","ocean_breadcrumbs_separator_color":"","ocean_breadcrumbs_links_color":"","ocean_breadcrumbs_links_hover_color":"","ocean_display_footer_widgets":"default","ocean_display_footer_bottom":"default","ocean_custom_footer_template":"0"},"pwb-brand":[51],"product_brand":[39],"product_cat":[45,44,19],"product_tag":[],"class_list":{"0":"post-1439","1":"product","2":"type-product","3":"status-publish","4":"has-post-thumbnail","6":"pwb-brand-authentique-beauty-concept","7":"product_brand-authentique-beauty-concept","8":"product_cat-masques","9":"product_cat-soins","10":"product_cat-beautybuy","11":"pa_marque-authentique-beauty-concept","13":"entry","14":"has-media","16":"first","17":"instock","18":"shipping-taxable","19":"purchasable","20":"product-type-simple","21":"has-product-nav","22":"col","23":"span_1_of_3","24":"owp-content-center","25":"owp-thumbs-layout-horizontal","26":"owp-btn-normal","27":"owp-tabs-layout-horizontal","28":"has-no-thumbnails"},"yoast_head":"<!-- This site is optimized with the Yoast SEO plugin v27.1.1 - https:\/\/yoast.com\/product\/yoast-seo-wordpress\/ -->\n<title>AUTHENTIC BEAUTY CONCEPT \u2013 HYDRATE MASK - WB Coiffure<\/title>\n<meta name=\"robots\" content=\"index, follow, max-snippet:-1, max-image-preview:large, max-video-preview:-1\" \/>\n<link rel=\"canonical\" href=\"https:\/\/wbcoiffure.fr\/?product=authentic-beauty-concept-hydrate-mask-2\" \/>\n<meta property=\"og:locale\" content=\"fr_FR\" \/>\n<meta property=\"og:type\" content=\"article\" \/>\n<meta property=\"og:title\" content=\"AUTHENTIC BEAUTY CONCEPT \u2013 HYDRATE MASK - WB Coiffure\" \/>\n<meta property=\"og:description\" content=\"MASQUE HYDRATANT POUR CHEVEUX SECS Soin intensif qui restaure l\u2019hydratation des cheveux secs, am\u00e9liore leur \u00e9lasticit\u00e9 et laisse une sensation de douceur durable.\" \/>\n<meta property=\"og:url\" content=\"https:\/\/wbcoiffure.fr\/?product=authentic-beauty-concept-hydrate-mask-2\" \/>\n<meta property=\"og:site_name\" content=\"WB Coiffure\" \/>\n<meta property=\"article:modified_time\" content=\"2025-07-30T08:15:56+00:00\" \/>\n<meta property=\"og:image\" content=\"https:\/\/wbcoiffure.fr\/wp-content\/uploads\/2025\/07\/AUTHENTIC-BEAUTY-CONCEPT-\u2013-HYDRATE-MASK.webp\" \/>\n\t<meta property=\"og:image:width\" content=\"381\" \/>\n\t<meta property=\"og:image:height\" content=\"492\" \/>\n\t<meta property=\"og:image:type\" content=\"image\/webp\" \/>\n<meta name=\"twitter:card\" content=\"summary_large_image\" \/>\n<meta name=\"twitter:label1\" content=\"Dur\u00e9e de lecture estim\u00e9e\" \/>\n\t<meta name=\"twitter:data1\" content=\"1 minute\" \/>\n<script type=\"application\/ld+json\" class=\"yoast-schema-graph\">{\"@context\":\"https:\/\/schema.org\",\"@graph\":[{\"@type\":\"WebPage\",\"@id\":\"https:\/\/wbcoiffure.fr\/?product=authentic-beauty-concept-hydrate-mask-2\",\"url\":\"https:\/\/wbcoiffure.fr\/?product=authentic-beauty-concept-hydrate-mask-2\",\"name\":\"AUTHENTIC BEAUTY CONCEPT \u2013 HYDRATE MASK - WB Coiffure\",\"isPartOf\":{\"@id\":\"https:\/\/wbcoiffure.fr\/#website\"},\"primaryImageOfPage\":{\"@id\":\"https:\/\/wbcoiffure.fr\/?product=authentic-beauty-concept-hydrate-mask-2#primaryimage\"},\"image\":{\"@id\":\"https:\/\/wbcoiffure.fr\/?product=authentic-beauty-concept-hydrate-mask-2#primaryimage\"},\"thumbnailUrl\":\"https:\/\/wbcoiffure.fr\/wp-content\/uploads\/2025\/07\/AUTHENTIC-BEAUTY-CONCEPT-\u2013-HYDRATE-MASK.webp\",\"datePublished\":\"2025-07-30T07:50:23+00:00\",\"dateModified\":\"2025-07-30T08:15:56+00:00\",\"breadcrumb\":{\"@id\":\"https:\/\/wbcoiffure.fr\/?product=authentic-beauty-concept-hydrate-mask-2#breadcrumb\"},\"inLanguage\":\"fr-FR\",\"potentialAction\":[{\"@type\":\"ReadAction\",\"target\":[\"https:\/\/wbcoiffure.fr\/?product=authentic-beauty-concept-hydrate-mask-2\"]}]},{\"@type\":\"ImageObject\",\"inLanguage\":\"fr-FR\",\"@id\":\"https:\/\/wbcoiffure.fr\/?product=authentic-beauty-concept-hydrate-mask-2#primaryimage\",\"url\":\"https:\/\/wbcoiffure.fr\/wp-content\/uploads\/2025\/07\/AUTHENTIC-BEAUTY-CONCEPT-\u2013-HYDRATE-MASK.webp\",\"contentUrl\":\"https:\/\/wbcoiffure.fr\/wp-content\/uploads\/2025\/07\/AUTHENTIC-BEAUTY-CONCEPT-\u2013-HYDRATE-MASK.webp\",\"width\":381,\"height\":492},{\"@type\":\"BreadcrumbList\",\"@id\":\"https:\/\/wbcoiffure.fr\/?product=authentic-beauty-concept-hydrate-mask-2#breadcrumb\",\"itemListElement\":[{\"@type\":\"ListItem\",\"position\":1,\"name\":\"Accueil\",\"item\":\"https:\/\/wbcoiffure.fr\/\"},{\"@type\":\"ListItem\",\"position\":2,\"name\":\"Boutique\",\"item\":\"https:\/\/wbcoiffure.fr\/?page_id=409\"},{\"@type\":\"ListItem\",\"position\":3,\"name\":\"AUTHENTIC BEAUTY CONCEPT \u2013 HYDRATE MASK\"}]},{\"@type\":\"WebSite\",\"@id\":\"https:\/\/wbcoiffure.fr\/#website\",\"url\":\"https:\/\/wbcoiffure.fr\/\",\"name\":\"WB Coiffure\",\"description\":\"Salon de coiffure Castelnau-le-lez\",\"publisher\":{\"@id\":\"https:\/\/wbcoiffure.fr\/#organization\"},\"potentialAction\":[{\"@type\":\"SearchAction\",\"target\":{\"@type\":\"EntryPoint\",\"urlTemplate\":\"https:\/\/wbcoiffure.fr\/?s={search_term_string}\"},\"query-input\":{\"@type\":\"PropertyValueSpecification\",\"valueRequired\":true,\"valueName\":\"search_term_string\"}}],\"inLanguage\":\"fr-FR\"},{\"@type\":\"Organization\",\"@id\":\"https:\/\/wbcoiffure.fr\/#organization\",\"name\":\"WB Coiffure\",\"url\":\"https:\/\/wbcoiffure.fr\/\",\"logo\":{\"@type\":\"ImageObject\",\"inLanguage\":\"fr-FR\",\"@id\":\"https:\/\/wbcoiffure.fr\/#\/schema\/logo\/image\/\",\"url\":\"https:\/\/wbcoiffure.fr\/wp-content\/uploads\/2025\/04\/principalWB-logo-internet.png\",\"contentUrl\":\"https:\/\/wbcoiffure.fr\/wp-content\/uploads\/2025\/04\/principalWB-logo-internet.png\",\"width\":316,\"height\":82,\"caption\":\"WB Coiffure\"},\"image\":{\"@id\":\"https:\/\/wbcoiffure.fr\/#\/schema\/logo\/image\/\"}}]}<\/script>\n<!-- \/ Yoast SEO plugin. -->","yoast_head_json":{"title":"AUTHENTIC BEAUTY CONCEPT \u2013 HYDRATE MASK - WB Coiffure","robots":{"index":"index","follow":"follow","max-snippet":"max-snippet:-1","max-image-preview":"max-image-preview:large","max-video-preview":"max-video-preview:-1"},"canonical":"https:\/\/wbcoiffure.fr\/?product=authentic-beauty-concept-hydrate-mask-2","og_locale":"fr_FR","og_type":"article","og_title":"AUTHENTIC BEAUTY CONCEPT \u2013 HYDRATE MASK - WB Coiffure","og_description":"MASQUE HYDRATANT POUR CHEVEUX SECS Soin intensif qui restaure l\u2019hydratation des cheveux secs, am\u00e9liore leur \u00e9lasticit\u00e9 et laisse une sensation de douceur durable.","og_url":"https:\/\/wbcoiffure.fr\/?product=authentic-beauty-concept-hydrate-mask-2","og_site_name":"WB Coiffure","article_modified_time":"2025-07-30T08:15:56+00:00","og_image":[{"width":381,"height":492,"url":"https:\/\/wbcoiffure.fr\/wp-content\/uploads\/2025\/07\/AUTHENTIC-BEAUTY-CONCEPT-\u2013-HYDRATE-MASK.webp","type":"image\/webp"}],"twitter_card":"summary_large_image","twitter_misc":{"Dur\u00e9e de lecture estim\u00e9e":"1 minute"},"schema":{"@context":"https:\/\/schema.org","@graph":[{"@type":"WebPage","@id":"https:\/\/wbcoiffure.fr\/?product=authentic-beauty-concept-hydrate-mask-2","url":"https:\/\/wbcoiffure.fr\/?product=authentic-beauty-concept-hydrate-mask-2","name":"AUTHENTIC BEAUTY CONCEPT \u2013 HYDRATE MASK - WB Coiffure","isPartOf":{"@id":"https:\/\/wbcoiffure.fr\/#website"},"primaryImageOfPage":{"@id":"https:\/\/wbcoiffure.fr\/?product=authentic-beauty-concept-hydrate-mask-2#primaryimage"},"image":{"@id":"https:\/\/wbcoiffure.fr\/?product=authentic-beauty-concept-hydrate-mask-2#primaryimage"},"thumbnailUrl":"https:\/\/wbcoiffure.fr\/wp-content\/uploads\/2025\/07\/AUTHENTIC-BEAUTY-CONCEPT-\u2013-HYDRATE-MASK.webp","datePublished":"2025-07-30T07:50:23+00:00","dateModified":"2025-07-30T08:15:56+00:00","breadcrumb":{"@id":"https:\/\/wbcoiffure.fr\/?product=authentic-beauty-concept-hydrate-mask-2#breadcrumb"},"inLanguage":"fr-FR","potentialAction":[{"@type":"ReadAction","target":["https:\/\/wbcoiffure.fr\/?product=authentic-beauty-concept-hydrate-mask-2"]}]},{"@type":"ImageObject","inLanguage":"fr-FR","@id":"https:\/\/wbcoiffure.fr\/?product=authentic-beauty-concept-hydrate-mask-2#primaryimage","url":"https:\/\/wbcoiffure.fr\/wp-content\/uploads\/2025\/07\/AUTHENTIC-BEAUTY-CONCEPT-\u2013-HYDRATE-MASK.webp","contentUrl":"https:\/\/wbcoiffure.fr\/wp-content\/uploads\/2025\/07\/AUTHENTIC-BEAUTY-CONCEPT-\u2013-HYDRATE-MASK.webp","width":381,"height":492},{"@type":"BreadcrumbList","@id":"https:\/\/wbcoiffure.fr\/?product=authentic-beauty-concept-hydrate-mask-2#breadcrumb","itemListElement":[{"@type":"ListItem","position":1,"name":"Accueil","item":"https:\/\/wbcoiffure.fr\/"},{"@type":"ListItem","position":2,"name":"Boutique","item":"https:\/\/wbcoiffure.fr\/?page_id=409"},{"@type":"ListItem","position":3,"name":"AUTHENTIC BEAUTY CONCEPT \u2013 HYDRATE MASK"}]},{"@type":"WebSite","@id":"https:\/\/wbcoiffure.fr\/#website","url":"https:\/\/wbcoiffure.fr\/","name":"WB Coiffure","description":"Salon de coiffure Castelnau-le-lez","publisher":{"@id":"https:\/\/wbcoiffure.fr\/#organization"},"potentialAction":[{"@type":"SearchAction","target":{"@type":"EntryPoint","urlTemplate":"https:\/\/wbcoiffure.fr\/?s={search_term_string}"},"query-input":{"@type":"PropertyValueSpecification","valueRequired":true,"valueName":"search_term_string"}}],"inLanguage":"fr-FR"},{"@type":"Organization","@id":"https:\/\/wbcoiffure.fr\/#organization","name":"WB Coiffure","url":"https:\/\/wbcoiffure.fr\/","logo":{"@type":"ImageObject","inLanguage":"fr-FR","@id":"https:\/\/wbcoiffure.fr\/#\/schema\/logo\/image\/","url":"https:\/\/wbcoiffure.fr\/wp-content\/uploads\/2025\/04\/principalWB-logo-internet.png","contentUrl":"https:\/\/wbcoiffure.fr\/wp-content\/uploads\/2025\/04\/principalWB-logo-internet.png","width":316,"height":82,"caption":"WB Coiffure"},"image":{"@id":"https:\/\/wbcoiffure.fr\/#\/schema\/logo\/image\/"}}]}},"brands":[{"id":51,"name":"Authentique beauty concept","slug":"authentique-beauty-concept"}],"_links":{"self":[{"href":"https:\/\/wbcoiffure.fr\/index.php?rest_route=\/wp\/v2\/product\/1439","targetHints":{"allow":["GET"]}}],"collection":[{"href":"https:\/\/wbcoiffure.fr\/index.php?rest_route=\/wp\/v2\/product"}],"about":[{"href":"https:\/\/wbcoiffure.fr\/index.php?rest_route=\/wp\/v2\/types\/product"}],"wp:featuredmedia":[{"embeddable":true,"href":"https:\/\/wbcoiffure.fr\/index.php?rest_route=\/wp\/v2\/media\/1440"}],"wp:attachment":[{"href":"https:\/\/wbcoiffure.fr\/index.php?rest_route=%2Fwp%2Fv2%2Fmedia&parent=1439"}],"wp:term":[{"taxonomy":"pwb-brand","embeddable":true,"href":"https:\/\/wbcoiffure.fr\/index.php?rest_route=%2Fwp%2Fv2%2Fpwb-brand&post=1439"},{"taxonomy":"product_brand","embeddable":true,"href":"https:\/\/wbcoiffure.fr\/index.php?rest_route=%2Fwp%2Fv2%2Fproduct_brand&post=1439"},{"taxonomy":"product_cat","embeddable":true,"href":"https:\/\/wbcoiffure.fr\/index.php?rest_route=%2Fwp%2Fv2%2Fproduct_cat&post=1439"},{"taxonomy":"product_tag","embeddable":true,"href":"https:\/\/wbcoiffure.fr\/index.php?rest_route=%2Fwp%2Fv2%2Fproduct_tag&post=1439"}],"curies":[{"name":"wp","href":"https:\/\/api.w.org\/{rel}","templated":true}]}}