{"id":1437,"date":"2025-07-30T09:46:35","date_gmt":"2025-07-30T07:46:35","guid":{"rendered":"https:\/\/wbcoiffure.fr\/?post_type=product&#038;p=1437"},"modified":"2025-07-30T09:46:35","modified_gmt":"2025-07-30T07:46:35","slug":"authentic-beauty-concept-spray-soin-hydratant","status":"publish","type":"product","link":"https:\/\/wbcoiffure.fr\/?product=authentic-beauty-concept-spray-soin-hydratant","title":{"rendered":"AUTHENTIC BEAUTY CONCEPT \u2013 SPRAY SOIN HYDRATANT"},"content":{"rendered":"<div class=\"_tableContainer_80l1q_1\">\n<div class=\"_tableWrapper_80l1q_14 group flex w-fit flex-col-reverse\" tabindex=\"-1\">\n<div class=\"_tableContainer_80l1q_1\">\n<div class=\"_tableWrapper_80l1q_14 group flex w-fit flex-col-reverse\" tabindex=\"-1\">\n<div class=\"_tableContainer_80l1q_1\">\n<div class=\"_tableWrapper_80l1q_14 group flex w-fit flex-col-reverse\" tabindex=\"-1\">\n<div class=\"_tableContainer_80l1q_1\">\n<div class=\"_tableWrapper_80l1q_14 group flex w-fit flex-col-reverse\" tabindex=\"-1\">\n<table class=\"w-fit min-w-(--thread-content-width)\" data-start=\"319\" data-end=\"596\">\n<thead data-start=\"319\" data-end=\"377\">\n<tr data-start=\"319\" data-end=\"377\">\n<th data-start=\"319\" data-end=\"345\" data-col-size=\"sm\"><strong data-start=\"321\" data-end=\"340\">Type de produit<\/strong><\/th>\n<th data-start=\"345\" data-end=\"377\" data-col-size=\"md\">Spray hydratant sans rin\u00e7age<\/th>\n<\/tr>\n<\/thead>\n<tbody data-start=\"437\" data-end=\"596\">\n<tr data-start=\"437\" data-end=\"473\">\n<td data-start=\"437\" data-end=\"463\" data-col-size=\"sm\"><strong data-start=\"439\" data-end=\"453\">Contenance<\/strong><\/td>\n<td data-start=\"463\" data-end=\"473\" data-col-size=\"md\">250 mL<\/td>\n<\/tr>\n<tr data-start=\"474\" data-end=\"545\">\n<td data-start=\"474\" data-end=\"500\" data-col-size=\"sm\"><strong data-start=\"476\" data-end=\"491\">Utilisation<\/strong><\/td>\n<td data-start=\"500\" data-end=\"545\" data-col-size=\"md\">Pour cheveux secs, sensibilis\u00e9s ou ternes<\/td>\n<\/tr>\n<tr data-start=\"546\" data-end=\"596\">\n<td data-start=\"546\" data-end=\"572\" data-col-size=\"sm\"><strong data-start=\"548\" data-end=\"561\">B\u00e9n\u00e9fices<\/strong><\/td>\n<td data-start=\"572\" data-end=\"596\" data-col-size=\"md\">&#8211; Hydrate en douceur<\/td>\n<\/tr>\n<\/tbody>\n<\/table>\n<div class=\"sticky end-(--thread-content-margin) h-0 self-end select-none\">\n<div class=\"absolute end-0 flex items-end\"><\/div>\n<\/div>\n<\/div>\n<\/div>\n<ul data-start=\"597\" data-end=\"1004\">\n<li data-start=\"597\" data-end=\"622\">\n<p data-start=\"599\" data-end=\"622\">D\u00e9m\u00eale instantan\u00e9ment<\/p>\n<\/li>\n<li data-start=\"623\" data-end=\"661\">\n<p data-start=\"625\" data-end=\"661\">Laisse les cheveux souples et doux<\/p>\n<\/li>\n<li data-start=\"662\" data-end=\"1004\">\n<p data-start=\"664\" data-end=\"1004\">Apporte de la brillance naturelle |<br \/>\n| <strong data-start=\"702\" data-end=\"713\">Formule<\/strong> | Vegan, sans silicones, enrichie en extraits de mangue et basilic pour un effet nourrissant et apaisant |<br \/>\n| <strong data-start=\"835\" data-end=\"857\">Mode d\u2019utilisation<\/strong> | Vaporiser uniform\u00e9ment sur cheveux lav\u00e9s et essor\u00e9s. Ne pas rincer. Proc\u00e9der au coiffage comme d\u2019habitude. Peut \u00eatre utilis\u00e9 quotidiennement. |<\/p>\n<\/li>\n<\/ul>\n<\/div>\n<\/div>\n<\/div>\n<\/div>\n<\/div>\n<\/div>\n","protected":false},"excerpt":{"rendered":"<p data-start=\"88\" data-end=\"192\"><strong data-start=\"142\" data-end=\"192\">SPRAY HYDRATANT SANS RIN\u00c7AGE POUR CHEVEUX SECS<\/strong><\/p>\n<p data-start=\"194\" data-end=\"317\">Un soin l\u00e9ger qui hydrate instantan\u00e9ment les cheveux secs, facilite le d\u00e9m\u00ealage et am\u00e9liore la souplesse sans les alourdir.<\/p>\n","protected":false},"featured_media":1438,"template":"","meta":{"_eb_attr":"","ocean_post_layout":"","ocean_both_sidebars_style":"","ocean_both_sidebars_content_width":0,"ocean_both_sidebars_sidebars_width":0,"ocean_sidebar":"0","ocean_second_sidebar":"0","ocean_disable_margins":"enable","ocean_add_body_class":"","ocean_shortcode_before_top_bar":"","ocean_shortcode_after_top_bar":"","ocean_shortcode_before_header":"","ocean_shortcode_after_header":"","ocean_has_shortcode":"","ocean_shortcode_after_title":"","ocean_shortcode_before_footer_widgets":"","ocean_shortcode_after_footer_widgets":"","ocean_shortcode_before_footer_bottom":"","ocean_shortcode_after_footer_bottom":"","ocean_display_top_bar":"default","ocean_display_header":"default","ocean_header_style":"","ocean_center_header_left_menu":"0","ocean_custom_header_template":"0","ocean_custom_logo":0,"ocean_custom_retina_logo":0,"ocean_custom_logo_max_width":0,"ocean_custom_logo_tablet_max_width":0,"ocean_custom_logo_mobile_max_width":0,"ocean_custom_logo_max_height":0,"ocean_custom_logo_tablet_max_height":0,"ocean_custom_logo_mobile_max_height":0,"ocean_header_custom_menu":"0","ocean_menu_typo_font_family":"0","ocean_menu_typo_font_subset":"","ocean_menu_typo_font_size":0,"ocean_menu_typo_font_size_tablet":0,"ocean_menu_typo_font_size_mobile":0,"ocean_menu_typo_font_size_unit":"px","ocean_menu_typo_font_weight":"","ocean_menu_typo_font_weight_tablet":"","ocean_menu_typo_font_weight_mobile":"","ocean_menu_typo_transform":"","ocean_menu_typo_transform_tablet":"","ocean_menu_typo_transform_mobile":"","ocean_menu_typo_line_height":0,"ocean_menu_typo_line_height_tablet":0,"ocean_menu_typo_line_height_mobile":0,"ocean_menu_typo_line_height_unit":"","ocean_menu_typo_spacing":0,"ocean_menu_typo_spacing_tablet":0,"ocean_menu_typo_spacing_mobile":0,"ocean_menu_typo_spacing_unit":"","ocean_menu_link_color":"","ocean_menu_link_color_hover":"","ocean_menu_link_color_active":"","ocean_menu_link_background":"","ocean_menu_link_hover_background":"","ocean_menu_link_active_background":"","ocean_menu_social_links_bg":"","ocean_menu_social_hover_links_bg":"","ocean_menu_social_links_color":"","ocean_menu_social_hover_links_color":"","ocean_disable_title":"default","ocean_disable_heading":"default","ocean_post_title":"","ocean_post_subheading":"","ocean_post_title_style":"","ocean_post_title_background_color":"","ocean_post_title_background":0,"ocean_post_title_bg_image_position":"","ocean_post_title_bg_image_attachment":"","ocean_post_title_bg_image_repeat":"","ocean_post_title_bg_image_size":"","ocean_post_title_height":0,"ocean_post_title_bg_overlay":0.5,"ocean_post_title_bg_overlay_color":"","ocean_disable_breadcrumbs":"default","ocean_breadcrumbs_color":"","ocean_breadcrumbs_separator_color":"","ocean_breadcrumbs_links_color":"","ocean_breadcrumbs_links_hover_color":"","ocean_display_footer_widgets":"default","ocean_display_footer_bottom":"default","ocean_custom_footer_template":"0"},"pwb-brand":[51],"product_brand":[39],"product_cat":[44,19],"product_tag":[],"class_list":{"0":"post-1437","1":"product","2":"type-product","3":"status-publish","4":"has-post-thumbnail","6":"pwb-brand-authentique-beauty-concept","7":"product_brand-authentique-beauty-concept","8":"product_cat-soins","9":"product_cat-beautybuy","10":"pa_marque-authentique-beauty-concept","12":"entry","13":"has-media","15":"first","16":"instock","17":"shipping-taxable","18":"purchasable","19":"product-type-simple","20":"has-product-nav","21":"col","22":"span_1_of_3","23":"owp-content-center","24":"owp-thumbs-layout-horizontal","25":"owp-btn-normal","26":"owp-tabs-layout-horizontal","27":"has-no-thumbnails"},"yoast_head":"<!-- This site is optimized with the Yoast SEO plugin v27.1.1 - https:\/\/yoast.com\/product\/yoast-seo-wordpress\/ -->\n<title>AUTHENTIC BEAUTY CONCEPT \u2013 SPRAY SOIN HYDRATANT - WB Coiffure<\/title>\n<meta name=\"robots\" content=\"index, follow, max-snippet:-1, max-image-preview:large, max-video-preview:-1\" \/>\n<link rel=\"canonical\" href=\"https:\/\/wbcoiffure.fr\/?product=authentic-beauty-concept-spray-soin-hydratant\" \/>\n<meta property=\"og:locale\" content=\"fr_FR\" \/>\n<meta property=\"og:type\" content=\"article\" \/>\n<meta property=\"og:title\" content=\"AUTHENTIC BEAUTY CONCEPT \u2013 SPRAY SOIN HYDRATANT - WB Coiffure\" \/>\n<meta property=\"og:description\" content=\"SPRAY HYDRATANT SANS RIN\u00c7AGE POUR CHEVEUX SECS Un soin l\u00e9ger qui hydrate instantan\u00e9ment les cheveux secs, facilite le d\u00e9m\u00ealage et am\u00e9liore la souplesse sans les alourdir.\" \/>\n<meta property=\"og:url\" content=\"https:\/\/wbcoiffure.fr\/?product=authentic-beauty-concept-spray-soin-hydratant\" \/>\n<meta property=\"og:site_name\" content=\"WB Coiffure\" \/>\n<meta property=\"og:image\" content=\"https:\/\/wbcoiffure.fr\/wp-content\/uploads\/2025\/07\/Authentic-Beauty-Concept-spray-soin-hydratant.webp\" \/>\n\t<meta property=\"og:image:width\" content=\"1100\" \/>\n\t<meta property=\"og:image:height\" content=\"1422\" \/>\n\t<meta property=\"og:image:type\" content=\"image\/webp\" \/>\n<meta name=\"twitter:card\" content=\"summary_large_image\" \/>\n<meta name=\"twitter:label1\" content=\"Dur\u00e9e de lecture estim\u00e9e\" \/>\n\t<meta name=\"twitter:data1\" content=\"1 minute\" \/>\n<script type=\"application\/ld+json\" class=\"yoast-schema-graph\">{\"@context\":\"https:\/\/schema.org\",\"@graph\":[{\"@type\":\"WebPage\",\"@id\":\"https:\/\/wbcoiffure.fr\/?product=authentic-beauty-concept-spray-soin-hydratant\",\"url\":\"https:\/\/wbcoiffure.fr\/?product=authentic-beauty-concept-spray-soin-hydratant\",\"name\":\"AUTHENTIC BEAUTY CONCEPT \u2013 SPRAY SOIN HYDRATANT - WB Coiffure\",\"isPartOf\":{\"@id\":\"https:\/\/wbcoiffure.fr\/#website\"},\"primaryImageOfPage\":{\"@id\":\"https:\/\/wbcoiffure.fr\/?product=authentic-beauty-concept-spray-soin-hydratant#primaryimage\"},\"image\":{\"@id\":\"https:\/\/wbcoiffure.fr\/?product=authentic-beauty-concept-spray-soin-hydratant#primaryimage\"},\"thumbnailUrl\":\"https:\/\/wbcoiffure.fr\/wp-content\/uploads\/2025\/07\/Authentic-Beauty-Concept-spray-soin-hydratant.webp\",\"datePublished\":\"2025-07-30T07:46:35+00:00\",\"breadcrumb\":{\"@id\":\"https:\/\/wbcoiffure.fr\/?product=authentic-beauty-concept-spray-soin-hydratant#breadcrumb\"},\"inLanguage\":\"fr-FR\",\"potentialAction\":[{\"@type\":\"ReadAction\",\"target\":[\"https:\/\/wbcoiffure.fr\/?product=authentic-beauty-concept-spray-soin-hydratant\"]}]},{\"@type\":\"ImageObject\",\"inLanguage\":\"fr-FR\",\"@id\":\"https:\/\/wbcoiffure.fr\/?product=authentic-beauty-concept-spray-soin-hydratant#primaryimage\",\"url\":\"https:\/\/wbcoiffure.fr\/wp-content\/uploads\/2025\/07\/Authentic-Beauty-Concept-spray-soin-hydratant.webp\",\"contentUrl\":\"https:\/\/wbcoiffure.fr\/wp-content\/uploads\/2025\/07\/Authentic-Beauty-Concept-spray-soin-hydratant.webp\",\"width\":1100,\"height\":1422},{\"@type\":\"BreadcrumbList\",\"@id\":\"https:\/\/wbcoiffure.fr\/?product=authentic-beauty-concept-spray-soin-hydratant#breadcrumb\",\"itemListElement\":[{\"@type\":\"ListItem\",\"position\":1,\"name\":\"Accueil\",\"item\":\"https:\/\/wbcoiffure.fr\/\"},{\"@type\":\"ListItem\",\"position\":2,\"name\":\"Boutique\",\"item\":\"https:\/\/wbcoiffure.fr\/?page_id=409\"},{\"@type\":\"ListItem\",\"position\":3,\"name\":\"AUTHENTIC BEAUTY CONCEPT \u2013 SPRAY SOIN HYDRATANT\"}]},{\"@type\":\"WebSite\",\"@id\":\"https:\/\/wbcoiffure.fr\/#website\",\"url\":\"https:\/\/wbcoiffure.fr\/\",\"name\":\"WB Coiffure\",\"description\":\"Salon de coiffure Castelnau-le-lez\",\"publisher\":{\"@id\":\"https:\/\/wbcoiffure.fr\/#organization\"},\"potentialAction\":[{\"@type\":\"SearchAction\",\"target\":{\"@type\":\"EntryPoint\",\"urlTemplate\":\"https:\/\/wbcoiffure.fr\/?s={search_term_string}\"},\"query-input\":{\"@type\":\"PropertyValueSpecification\",\"valueRequired\":true,\"valueName\":\"search_term_string\"}}],\"inLanguage\":\"fr-FR\"},{\"@type\":\"Organization\",\"@id\":\"https:\/\/wbcoiffure.fr\/#organization\",\"name\":\"WB Coiffure\",\"url\":\"https:\/\/wbcoiffure.fr\/\",\"logo\":{\"@type\":\"ImageObject\",\"inLanguage\":\"fr-FR\",\"@id\":\"https:\/\/wbcoiffure.fr\/#\/schema\/logo\/image\/\",\"url\":\"https:\/\/wbcoiffure.fr\/wp-content\/uploads\/2025\/04\/principalWB-logo-internet.png\",\"contentUrl\":\"https:\/\/wbcoiffure.fr\/wp-content\/uploads\/2025\/04\/principalWB-logo-internet.png\",\"width\":316,\"height\":82,\"caption\":\"WB Coiffure\"},\"image\":{\"@id\":\"https:\/\/wbcoiffure.fr\/#\/schema\/logo\/image\/\"}}]}<\/script>\n<!-- \/ Yoast SEO plugin. -->","yoast_head_json":{"title":"AUTHENTIC BEAUTY CONCEPT \u2013 SPRAY SOIN HYDRATANT - WB Coiffure","robots":{"index":"index","follow":"follow","max-snippet":"max-snippet:-1","max-image-preview":"max-image-preview:large","max-video-preview":"max-video-preview:-1"},"canonical":"https:\/\/wbcoiffure.fr\/?product=authentic-beauty-concept-spray-soin-hydratant","og_locale":"fr_FR","og_type":"article","og_title":"AUTHENTIC BEAUTY CONCEPT \u2013 SPRAY SOIN HYDRATANT - WB Coiffure","og_description":"SPRAY HYDRATANT SANS RIN\u00c7AGE POUR CHEVEUX SECS Un soin l\u00e9ger qui hydrate instantan\u00e9ment les cheveux secs, facilite le d\u00e9m\u00ealage et am\u00e9liore la souplesse sans les alourdir.","og_url":"https:\/\/wbcoiffure.fr\/?product=authentic-beauty-concept-spray-soin-hydratant","og_site_name":"WB Coiffure","og_image":[{"width":1100,"height":1422,"url":"https:\/\/wbcoiffure.fr\/wp-content\/uploads\/2025\/07\/Authentic-Beauty-Concept-spray-soin-hydratant.webp","type":"image\/webp"}],"twitter_card":"summary_large_image","twitter_misc":{"Dur\u00e9e de lecture estim\u00e9e":"1 minute"},"schema":{"@context":"https:\/\/schema.org","@graph":[{"@type":"WebPage","@id":"https:\/\/wbcoiffure.fr\/?product=authentic-beauty-concept-spray-soin-hydratant","url":"https:\/\/wbcoiffure.fr\/?product=authentic-beauty-concept-spray-soin-hydratant","name":"AUTHENTIC BEAUTY CONCEPT \u2013 SPRAY SOIN HYDRATANT - WB Coiffure","isPartOf":{"@id":"https:\/\/wbcoiffure.fr\/#website"},"primaryImageOfPage":{"@id":"https:\/\/wbcoiffure.fr\/?product=authentic-beauty-concept-spray-soin-hydratant#primaryimage"},"image":{"@id":"https:\/\/wbcoiffure.fr\/?product=authentic-beauty-concept-spray-soin-hydratant#primaryimage"},"thumbnailUrl":"https:\/\/wbcoiffure.fr\/wp-content\/uploads\/2025\/07\/Authentic-Beauty-Concept-spray-soin-hydratant.webp","datePublished":"2025-07-30T07:46:35+00:00","breadcrumb":{"@id":"https:\/\/wbcoiffure.fr\/?product=authentic-beauty-concept-spray-soin-hydratant#breadcrumb"},"inLanguage":"fr-FR","potentialAction":[{"@type":"ReadAction","target":["https:\/\/wbcoiffure.fr\/?product=authentic-beauty-concept-spray-soin-hydratant"]}]},{"@type":"ImageObject","inLanguage":"fr-FR","@id":"https:\/\/wbcoiffure.fr\/?product=authentic-beauty-concept-spray-soin-hydratant#primaryimage","url":"https:\/\/wbcoiffure.fr\/wp-content\/uploads\/2025\/07\/Authentic-Beauty-Concept-spray-soin-hydratant.webp","contentUrl":"https:\/\/wbcoiffure.fr\/wp-content\/uploads\/2025\/07\/Authentic-Beauty-Concept-spray-soin-hydratant.webp","width":1100,"height":1422},{"@type":"BreadcrumbList","@id":"https:\/\/wbcoiffure.fr\/?product=authentic-beauty-concept-spray-soin-hydratant#breadcrumb","itemListElement":[{"@type":"ListItem","position":1,"name":"Accueil","item":"https:\/\/wbcoiffure.fr\/"},{"@type":"ListItem","position":2,"name":"Boutique","item":"https:\/\/wbcoiffure.fr\/?page_id=409"},{"@type":"ListItem","position":3,"name":"AUTHENTIC BEAUTY CONCEPT \u2013 SPRAY SOIN HYDRATANT"}]},{"@type":"WebSite","@id":"https:\/\/wbcoiffure.fr\/#website","url":"https:\/\/wbcoiffure.fr\/","name":"WB Coiffure","description":"Salon de coiffure Castelnau-le-lez","publisher":{"@id":"https:\/\/wbcoiffure.fr\/#organization"},"potentialAction":[{"@type":"SearchAction","target":{"@type":"EntryPoint","urlTemplate":"https:\/\/wbcoiffure.fr\/?s={search_term_string}"},"query-input":{"@type":"PropertyValueSpecification","valueRequired":true,"valueName":"search_term_string"}}],"inLanguage":"fr-FR"},{"@type":"Organization","@id":"https:\/\/wbcoiffure.fr\/#organization","name":"WB Coiffure","url":"https:\/\/wbcoiffure.fr\/","logo":{"@type":"ImageObject","inLanguage":"fr-FR","@id":"https:\/\/wbcoiffure.fr\/#\/schema\/logo\/image\/","url":"https:\/\/wbcoiffure.fr\/wp-content\/uploads\/2025\/04\/principalWB-logo-internet.png","contentUrl":"https:\/\/wbcoiffure.fr\/wp-content\/uploads\/2025\/04\/principalWB-logo-internet.png","width":316,"height":82,"caption":"WB Coiffure"},"image":{"@id":"https:\/\/wbcoiffure.fr\/#\/schema\/logo\/image\/"}}]}},"brands":[{"id":51,"name":"Authentique beauty concept","slug":"authentique-beauty-concept"}],"_links":{"self":[{"href":"https:\/\/wbcoiffure.fr\/index.php?rest_route=\/wp\/v2\/product\/1437","targetHints":{"allow":["GET"]}}],"collection":[{"href":"https:\/\/wbcoiffure.fr\/index.php?rest_route=\/wp\/v2\/product"}],"about":[{"href":"https:\/\/wbcoiffure.fr\/index.php?rest_route=\/wp\/v2\/types\/product"}],"wp:featuredmedia":[{"embeddable":true,"href":"https:\/\/wbcoiffure.fr\/index.php?rest_route=\/wp\/v2\/media\/1438"}],"wp:attachment":[{"href":"https:\/\/wbcoiffure.fr\/index.php?rest_route=%2Fwp%2Fv2%2Fmedia&parent=1437"}],"wp:term":[{"taxonomy":"pwb-brand","embeddable":true,"href":"https:\/\/wbcoiffure.fr\/index.php?rest_route=%2Fwp%2Fv2%2Fpwb-brand&post=1437"},{"taxonomy":"product_brand","embeddable":true,"href":"https:\/\/wbcoiffure.fr\/index.php?rest_route=%2Fwp%2Fv2%2Fproduct_brand&post=1437"},{"taxonomy":"product_cat","embeddable":true,"href":"https:\/\/wbcoiffure.fr\/index.php?rest_route=%2Fwp%2Fv2%2Fproduct_cat&post=1437"},{"taxonomy":"product_tag","embeddable":true,"href":"https:\/\/wbcoiffure.fr\/index.php?rest_route=%2Fwp%2Fv2%2Fproduct_tag&post=1437"}],"curies":[{"name":"wp","href":"https:\/\/api.w.org\/{rel}","templated":true}]}}