{"id":1431,"date":"2025-07-30T08:52:15","date_gmt":"2025-07-30T06:52:15","guid":{"rendered":"https:\/\/wbcoiffure.fr\/?post_type=product&#038;p=1431"},"modified":"2025-07-30T08:52:15","modified_gmt":"2025-07-30T06:52:15","slug":"authentic-beauty-concept-bain-volumisant","status":"publish","type":"product","link":"https:\/\/wbcoiffure.fr\/?product=authentic-beauty-concept-bain-volumisant","title":{"rendered":"AUTHENTIC BEAUTY CONCEPT \u2013 BAIN VOLUMISANT"},"content":{"rendered":"<div class=\"_tableContainer_80l1q_1\">\n<div class=\"_tableWrapper_80l1q_14 group flex w-fit flex-col-reverse\" tabindex=\"-1\">\n<table class=\"w-fit min-w-(--thread-content-width)\" data-start=\"381\" data-end=\"640\">\n<thead data-start=\"381\" data-end=\"431\">\n<tr data-start=\"381\" data-end=\"431\">\n<th data-start=\"381\" data-end=\"407\" data-col-size=\"sm\"><strong data-start=\"383\" data-end=\"402\">Type de produit<\/strong><\/th>\n<th data-start=\"407\" data-end=\"431\" data-col-size=\"sm\">Shampoing volumisant<\/th>\n<\/tr>\n<\/thead>\n<tbody data-start=\"483\" data-end=\"640\">\n<tr data-start=\"483\" data-end=\"519\">\n<td data-start=\"483\" data-end=\"509\" data-col-size=\"sm\"><strong data-start=\"485\" data-end=\"499\">Contenance<\/strong><\/td>\n<td data-start=\"509\" data-end=\"519\" data-col-size=\"sm\">300 mL<\/td>\n<\/tr>\n<tr data-start=\"520\" data-end=\"576\">\n<td data-start=\"520\" data-end=\"546\" data-col-size=\"sm\"><strong data-start=\"522\" data-end=\"537\">Utilisation<\/strong><\/td>\n<td data-start=\"546\" data-end=\"576\" data-col-size=\"sm\">Pour cheveux fins et plats<\/td>\n<\/tr>\n<tr data-start=\"577\" data-end=\"640\">\n<td data-start=\"577\" data-end=\"603\" data-col-size=\"sm\"><strong data-start=\"579\" data-end=\"592\">B\u00e9n\u00e9fices<\/strong><\/td>\n<td data-start=\"603\" data-end=\"640\" data-col-size=\"sm\">&#8211; Apporte du volume d\u00e8s la racine<\/td>\n<\/tr>\n<\/tbody>\n<\/table>\n<div class=\"sticky end-(--thread-content-margin) h-0 self-end select-none\">\n<div class=\"absolute end-0 flex items-end\"><\/div>\n<\/div>\n<\/div>\n<\/div>\n<ul data-start=\"641\" data-end=\"1012\">\n<li data-start=\"641\" data-end=\"677\">\n<p data-start=\"643\" data-end=\"677\">Nettoie en douceur sans alourdir<\/p>\n<\/li>\n<li data-start=\"678\" data-end=\"713\">\n<p data-start=\"680\" data-end=\"713\">Donne du corps et de la texture<\/p>\n<\/li>\n<li data-start=\"714\" data-end=\"1012\">\n<p data-start=\"716\" data-end=\"1012\">Laisse les cheveux souples et a\u00e9r\u00e9s |<br \/>\n| <strong data-start=\"756\" data-end=\"767\">Formule<\/strong> | Vegan, sans sulfates ni silicones, enrichie en extraits de th\u00e9 vert et citron vert |<br \/>\n| <strong data-start=\"869\" data-end=\"891\">Mode d\u2019utilisation<\/strong> | Appliquer sur cheveux mouill\u00e9s, masser d\u00e9licatement le cuir chevelu puis rincer abondamment. R\u00e9p\u00e9ter si n\u00e9cessaire. |<\/p>\n<\/li>\n<\/ul>\n","protected":false},"excerpt":{"rendered":"<p data-start=\"83\" data-end=\"171\"><strong data-start=\"132\" data-end=\"171\">SHAMPOOING VOLUME POUR CHEVEUX FINS<\/strong><\/p>\n<p data-start=\"173\" data-end=\"379\">Nettoyage doux et efficace, sp\u00e9cialement con\u00e7u pour apporter corps et densit\u00e9 aux cheveux fins, sans les alourdir. Il offre une sensation de l\u00e9g\u00e8ret\u00e9 et un volume naturel tout en respectant le cuir chevelu.<\/p>\n","protected":false},"featured_media":1432,"template":"","meta":{"_eb_attr":"","ocean_post_layout":"","ocean_both_sidebars_style":"","ocean_both_sidebars_content_width":0,"ocean_both_sidebars_sidebars_width":0,"ocean_sidebar":"0","ocean_second_sidebar":"0","ocean_disable_margins":"enable","ocean_add_body_class":"","ocean_shortcode_before_top_bar":"","ocean_shortcode_after_top_bar":"","ocean_shortcode_before_header":"","ocean_shortcode_after_header":"","ocean_has_shortcode":"","ocean_shortcode_after_title":"","ocean_shortcode_before_footer_widgets":"","ocean_shortcode_after_footer_widgets":"","ocean_shortcode_before_footer_bottom":"","ocean_shortcode_after_footer_bottom":"","ocean_display_top_bar":"default","ocean_display_header":"default","ocean_header_style":"","ocean_center_header_left_menu":"0","ocean_custom_header_template":"0","ocean_custom_logo":0,"ocean_custom_retina_logo":0,"ocean_custom_logo_max_width":0,"ocean_custom_logo_tablet_max_width":0,"ocean_custom_logo_mobile_max_width":0,"ocean_custom_logo_max_height":0,"ocean_custom_logo_tablet_max_height":0,"ocean_custom_logo_mobile_max_height":0,"ocean_header_custom_menu":"0","ocean_menu_typo_font_family":"0","ocean_menu_typo_font_subset":"","ocean_menu_typo_font_size":0,"ocean_menu_typo_font_size_tablet":0,"ocean_menu_typo_font_size_mobile":0,"ocean_menu_typo_font_size_unit":"px","ocean_menu_typo_font_weight":"","ocean_menu_typo_font_weight_tablet":"","ocean_menu_typo_font_weight_mobile":"","ocean_menu_typo_transform":"","ocean_menu_typo_transform_tablet":"","ocean_menu_typo_transform_mobile":"","ocean_menu_typo_line_height":0,"ocean_menu_typo_line_height_tablet":0,"ocean_menu_typo_line_height_mobile":0,"ocean_menu_typo_line_height_unit":"","ocean_menu_typo_spacing":0,"ocean_menu_typo_spacing_tablet":0,"ocean_menu_typo_spacing_mobile":0,"ocean_menu_typo_spacing_unit":"","ocean_menu_link_color":"","ocean_menu_link_color_hover":"","ocean_menu_link_color_active":"","ocean_menu_link_background":"","ocean_menu_link_hover_background":"","ocean_menu_link_active_background":"","ocean_menu_social_links_bg":"","ocean_menu_social_hover_links_bg":"","ocean_menu_social_links_color":"","ocean_menu_social_hover_links_color":"","ocean_disable_title":"default","ocean_disable_heading":"default","ocean_post_title":"","ocean_post_subheading":"","ocean_post_title_style":"","ocean_post_title_background_color":"","ocean_post_title_background":0,"ocean_post_title_bg_image_position":"","ocean_post_title_bg_image_attachment":"","ocean_post_title_bg_image_repeat":"","ocean_post_title_bg_image_size":"","ocean_post_title_height":0,"ocean_post_title_bg_overlay":0.5,"ocean_post_title_bg_overlay_color":"","ocean_disable_breadcrumbs":"default","ocean_breadcrumbs_color":"","ocean_breadcrumbs_separator_color":"","ocean_breadcrumbs_links_color":"","ocean_breadcrumbs_links_hover_color":"","ocean_display_footer_widgets":"default","ocean_display_footer_bottom":"default","ocean_custom_footer_template":"0"},"pwb-brand":[51],"product_brand":[39],"product_cat":[43,40,19],"product_tag":[],"class_list":{"0":"post-1431","1":"product","2":"type-product","3":"status-publish","4":"has-post-thumbnail","6":"pwb-brand-authentique-beauty-concept","7":"product_brand-authentique-beauty-concept","8":"product_cat-shampooing","9":"product_cat-shampoing-soins","10":"product_cat-beautybuy","11":"pa_marque-authentique-beauty-concept","13":"entry","14":"has-media","16":"first","17":"instock","18":"shipping-taxable","19":"purchasable","20":"product-type-simple","21":"has-product-nav","22":"col","23":"span_1_of_3","24":"owp-content-center","25":"owp-thumbs-layout-horizontal","26":"owp-btn-normal","27":"owp-tabs-layout-horizontal","28":"has-no-thumbnails"},"yoast_head":"<!-- This site is optimized with the Yoast SEO plugin v27.1.1 - https:\/\/yoast.com\/product\/yoast-seo-wordpress\/ -->\n<title>AUTHENTIC BEAUTY CONCEPT \u2013 BAIN VOLUMISANT - WB Coiffure<\/title>\n<meta name=\"robots\" content=\"index, follow, max-snippet:-1, max-image-preview:large, max-video-preview:-1\" \/>\n<link rel=\"canonical\" href=\"http:\/\/wbcoiffure.fr\/?product=authentic-beauty-concept-bain-volumisant\" \/>\n<meta property=\"og:locale\" content=\"fr_FR\" \/>\n<meta property=\"og:type\" content=\"article\" \/>\n<meta property=\"og:title\" content=\"AUTHENTIC BEAUTY CONCEPT \u2013 BAIN VOLUMISANT - WB Coiffure\" \/>\n<meta property=\"og:description\" content=\"SHAMPOOING VOLUME POUR CHEVEUX FINS Nettoyage doux et efficace, sp\u00e9cialement con\u00e7u pour apporter corps et densit\u00e9 aux cheveux fins, sans les alourdir. Il offre une sensation de l\u00e9g\u00e8ret\u00e9 et un volume naturel tout en respectant le cuir chevelu.\" \/>\n<meta property=\"og:url\" content=\"http:\/\/wbcoiffure.fr\/?product=authentic-beauty-concept-bain-volumisant\" \/>\n<meta property=\"og:site_name\" content=\"WB Coiffure\" \/>\n<meta property=\"og:image\" content=\"http:\/\/wbcoiffure.fr\/wp-content\/uploads\/2025\/07\/Authentic-Beauty-Concept-Bain-Volumisant.jpg\" \/>\n\t<meta property=\"og:image:width\" content=\"225\" \/>\n\t<meta property=\"og:image:height\" content=\"225\" \/>\n\t<meta property=\"og:image:type\" content=\"image\/jpeg\" \/>\n<meta name=\"twitter:card\" content=\"summary_large_image\" \/>\n<meta name=\"twitter:label1\" content=\"Dur\u00e9e de lecture estim\u00e9e\" \/>\n\t<meta name=\"twitter:data1\" content=\"1 minute\" \/>\n<script type=\"application\/ld+json\" class=\"yoast-schema-graph\">{\"@context\":\"https:\/\/schema.org\",\"@graph\":[{\"@type\":\"WebPage\",\"@id\":\"http:\/\/wbcoiffure.fr\/?product=authentic-beauty-concept-bain-volumisant\",\"url\":\"http:\/\/wbcoiffure.fr\/?product=authentic-beauty-concept-bain-volumisant\",\"name\":\"AUTHENTIC BEAUTY CONCEPT \u2013 BAIN VOLUMISANT - WB Coiffure\",\"isPartOf\":{\"@id\":\"https:\/\/wbcoiffure.fr\/#website\"},\"primaryImageOfPage\":{\"@id\":\"http:\/\/wbcoiffure.fr\/?product=authentic-beauty-concept-bain-volumisant#primaryimage\"},\"image\":{\"@id\":\"http:\/\/wbcoiffure.fr\/?product=authentic-beauty-concept-bain-volumisant#primaryimage\"},\"thumbnailUrl\":\"https:\/\/wbcoiffure.fr\/wp-content\/uploads\/2025\/07\/Authentic-Beauty-Concept-Bain-Volumisant.jpg\",\"datePublished\":\"2025-07-30T06:52:15+00:00\",\"breadcrumb\":{\"@id\":\"http:\/\/wbcoiffure.fr\/?product=authentic-beauty-concept-bain-volumisant#breadcrumb\"},\"inLanguage\":\"fr-FR\",\"potentialAction\":[{\"@type\":\"ReadAction\",\"target\":[\"http:\/\/wbcoiffure.fr\/?product=authentic-beauty-concept-bain-volumisant\"]}]},{\"@type\":\"ImageObject\",\"inLanguage\":\"fr-FR\",\"@id\":\"http:\/\/wbcoiffure.fr\/?product=authentic-beauty-concept-bain-volumisant#primaryimage\",\"url\":\"https:\/\/wbcoiffure.fr\/wp-content\/uploads\/2025\/07\/Authentic-Beauty-Concept-Bain-Volumisant.jpg\",\"contentUrl\":\"https:\/\/wbcoiffure.fr\/wp-content\/uploads\/2025\/07\/Authentic-Beauty-Concept-Bain-Volumisant.jpg\",\"width\":225,\"height\":225},{\"@type\":\"BreadcrumbList\",\"@id\":\"http:\/\/wbcoiffure.fr\/?product=authentic-beauty-concept-bain-volumisant#breadcrumb\",\"itemListElement\":[{\"@type\":\"ListItem\",\"position\":1,\"name\":\"Accueil\",\"item\":\"https:\/\/wbcoiffure.fr\/\"},{\"@type\":\"ListItem\",\"position\":2,\"name\":\"Boutique\",\"item\":\"https:\/\/wbcoiffure.fr\/?page_id=409\"},{\"@type\":\"ListItem\",\"position\":3,\"name\":\"AUTHENTIC BEAUTY CONCEPT \u2013 BAIN VOLUMISANT\"}]},{\"@type\":\"WebSite\",\"@id\":\"https:\/\/wbcoiffure.fr\/#website\",\"url\":\"https:\/\/wbcoiffure.fr\/\",\"name\":\"WB Coiffure\",\"description\":\"Salon de coiffure Castelnau-le-lez\",\"publisher\":{\"@id\":\"https:\/\/wbcoiffure.fr\/#organization\"},\"potentialAction\":[{\"@type\":\"SearchAction\",\"target\":{\"@type\":\"EntryPoint\",\"urlTemplate\":\"https:\/\/wbcoiffure.fr\/?s={search_term_string}\"},\"query-input\":{\"@type\":\"PropertyValueSpecification\",\"valueRequired\":true,\"valueName\":\"search_term_string\"}}],\"inLanguage\":\"fr-FR\"},{\"@type\":\"Organization\",\"@id\":\"https:\/\/wbcoiffure.fr\/#organization\",\"name\":\"WB Coiffure\",\"url\":\"https:\/\/wbcoiffure.fr\/\",\"logo\":{\"@type\":\"ImageObject\",\"inLanguage\":\"fr-FR\",\"@id\":\"https:\/\/wbcoiffure.fr\/#\/schema\/logo\/image\/\",\"url\":\"https:\/\/wbcoiffure.fr\/wp-content\/uploads\/2025\/04\/principalWB-logo-internet.png\",\"contentUrl\":\"https:\/\/wbcoiffure.fr\/wp-content\/uploads\/2025\/04\/principalWB-logo-internet.png\",\"width\":316,\"height\":82,\"caption\":\"WB Coiffure\"},\"image\":{\"@id\":\"https:\/\/wbcoiffure.fr\/#\/schema\/logo\/image\/\"}}]}<\/script>\n<!-- \/ Yoast SEO plugin. -->","yoast_head_json":{"title":"AUTHENTIC BEAUTY CONCEPT \u2013 BAIN VOLUMISANT - WB Coiffure","robots":{"index":"index","follow":"follow","max-snippet":"max-snippet:-1","max-image-preview":"max-image-preview:large","max-video-preview":"max-video-preview:-1"},"canonical":"http:\/\/wbcoiffure.fr\/?product=authentic-beauty-concept-bain-volumisant","og_locale":"fr_FR","og_type":"article","og_title":"AUTHENTIC BEAUTY CONCEPT \u2013 BAIN VOLUMISANT - WB Coiffure","og_description":"SHAMPOOING VOLUME POUR CHEVEUX FINS Nettoyage doux et efficace, sp\u00e9cialement con\u00e7u pour apporter corps et densit\u00e9 aux cheveux fins, sans les alourdir. Il offre une sensation de l\u00e9g\u00e8ret\u00e9 et un volume naturel tout en respectant le cuir chevelu.","og_url":"http:\/\/wbcoiffure.fr\/?product=authentic-beauty-concept-bain-volumisant","og_site_name":"WB Coiffure","og_image":[{"width":225,"height":225,"url":"http:\/\/wbcoiffure.fr\/wp-content\/uploads\/2025\/07\/Authentic-Beauty-Concept-Bain-Volumisant.jpg","type":"image\/jpeg"}],"twitter_card":"summary_large_image","twitter_misc":{"Dur\u00e9e de lecture estim\u00e9e":"1 minute"},"schema":{"@context":"https:\/\/schema.org","@graph":[{"@type":"WebPage","@id":"http:\/\/wbcoiffure.fr\/?product=authentic-beauty-concept-bain-volumisant","url":"http:\/\/wbcoiffure.fr\/?product=authentic-beauty-concept-bain-volumisant","name":"AUTHENTIC BEAUTY CONCEPT \u2013 BAIN VOLUMISANT - WB Coiffure","isPartOf":{"@id":"https:\/\/wbcoiffure.fr\/#website"},"primaryImageOfPage":{"@id":"http:\/\/wbcoiffure.fr\/?product=authentic-beauty-concept-bain-volumisant#primaryimage"},"image":{"@id":"http:\/\/wbcoiffure.fr\/?product=authentic-beauty-concept-bain-volumisant#primaryimage"},"thumbnailUrl":"https:\/\/wbcoiffure.fr\/wp-content\/uploads\/2025\/07\/Authentic-Beauty-Concept-Bain-Volumisant.jpg","datePublished":"2025-07-30T06:52:15+00:00","breadcrumb":{"@id":"http:\/\/wbcoiffure.fr\/?product=authentic-beauty-concept-bain-volumisant#breadcrumb"},"inLanguage":"fr-FR","potentialAction":[{"@type":"ReadAction","target":["http:\/\/wbcoiffure.fr\/?product=authentic-beauty-concept-bain-volumisant"]}]},{"@type":"ImageObject","inLanguage":"fr-FR","@id":"http:\/\/wbcoiffure.fr\/?product=authentic-beauty-concept-bain-volumisant#primaryimage","url":"https:\/\/wbcoiffure.fr\/wp-content\/uploads\/2025\/07\/Authentic-Beauty-Concept-Bain-Volumisant.jpg","contentUrl":"https:\/\/wbcoiffure.fr\/wp-content\/uploads\/2025\/07\/Authentic-Beauty-Concept-Bain-Volumisant.jpg","width":225,"height":225},{"@type":"BreadcrumbList","@id":"http:\/\/wbcoiffure.fr\/?product=authentic-beauty-concept-bain-volumisant#breadcrumb","itemListElement":[{"@type":"ListItem","position":1,"name":"Accueil","item":"https:\/\/wbcoiffure.fr\/"},{"@type":"ListItem","position":2,"name":"Boutique","item":"https:\/\/wbcoiffure.fr\/?page_id=409"},{"@type":"ListItem","position":3,"name":"AUTHENTIC BEAUTY CONCEPT \u2013 BAIN VOLUMISANT"}]},{"@type":"WebSite","@id":"https:\/\/wbcoiffure.fr\/#website","url":"https:\/\/wbcoiffure.fr\/","name":"WB Coiffure","description":"Salon de coiffure Castelnau-le-lez","publisher":{"@id":"https:\/\/wbcoiffure.fr\/#organization"},"potentialAction":[{"@type":"SearchAction","target":{"@type":"EntryPoint","urlTemplate":"https:\/\/wbcoiffure.fr\/?s={search_term_string}"},"query-input":{"@type":"PropertyValueSpecification","valueRequired":true,"valueName":"search_term_string"}}],"inLanguage":"fr-FR"},{"@type":"Organization","@id":"https:\/\/wbcoiffure.fr\/#organization","name":"WB Coiffure","url":"https:\/\/wbcoiffure.fr\/","logo":{"@type":"ImageObject","inLanguage":"fr-FR","@id":"https:\/\/wbcoiffure.fr\/#\/schema\/logo\/image\/","url":"https:\/\/wbcoiffure.fr\/wp-content\/uploads\/2025\/04\/principalWB-logo-internet.png","contentUrl":"https:\/\/wbcoiffure.fr\/wp-content\/uploads\/2025\/04\/principalWB-logo-internet.png","width":316,"height":82,"caption":"WB Coiffure"},"image":{"@id":"https:\/\/wbcoiffure.fr\/#\/schema\/logo\/image\/"}}]}},"brands":[{"id":51,"name":"Authentique beauty concept","slug":"authentique-beauty-concept"}],"_links":{"self":[{"href":"https:\/\/wbcoiffure.fr\/index.php?rest_route=\/wp\/v2\/product\/1431","targetHints":{"allow":["GET"]}}],"collection":[{"href":"https:\/\/wbcoiffure.fr\/index.php?rest_route=\/wp\/v2\/product"}],"about":[{"href":"https:\/\/wbcoiffure.fr\/index.php?rest_route=\/wp\/v2\/types\/product"}],"wp:featuredmedia":[{"embeddable":true,"href":"https:\/\/wbcoiffure.fr\/index.php?rest_route=\/wp\/v2\/media\/1432"}],"wp:attachment":[{"href":"https:\/\/wbcoiffure.fr\/index.php?rest_route=%2Fwp%2Fv2%2Fmedia&parent=1431"}],"wp:term":[{"taxonomy":"pwb-brand","embeddable":true,"href":"https:\/\/wbcoiffure.fr\/index.php?rest_route=%2Fwp%2Fv2%2Fpwb-brand&post=1431"},{"taxonomy":"product_brand","embeddable":true,"href":"https:\/\/wbcoiffure.fr\/index.php?rest_route=%2Fwp%2Fv2%2Fproduct_brand&post=1431"},{"taxonomy":"product_cat","embeddable":true,"href":"https:\/\/wbcoiffure.fr\/index.php?rest_route=%2Fwp%2Fv2%2Fproduct_cat&post=1431"},{"taxonomy":"product_tag","embeddable":true,"href":"https:\/\/wbcoiffure.fr\/index.php?rest_route=%2Fwp%2Fv2%2Fproduct_tag&post=1431"}],"curies":[{"name":"wp","href":"https:\/\/api.w.org\/{rel}","templated":true}]}}