{"id":142,"date":"2025-04-29T16:28:24","date_gmt":"2025-04-29T14:28:24","guid":{"rendered":"http:\/\/faisal"},"modified":"2025-07-21T13:21:37","modified_gmt":"2025-07-21T11:21:37","slug":"n4-bond-maintenance-shampoo","status":"publish","type":"product","link":"https:\/\/wbcoiffure.fr\/?product=n4-bond-maintenance-shampoo","title":{"rendered":"N\u00b04 BOND MAINTENANCE SHAMPOO \u2013 SHAMPOOING R\u00c9PARATEUR ET NOURRISSANT"},"content":{"rendered":"<h3 data-start=\"429\" data-end=\"467\"><strong data-start=\"433\" data-end=\"450\">Consistance :<\/strong> Shampooing cr\u00e8me<\/h3>\n<h3 data-start=\"469\" data-end=\"565\"><strong data-start=\"473\" data-end=\"494\">Type de cheveux :<\/strong> Tous types de cheveux, particuli\u00e8rement ab\u00eem\u00e9s, color\u00e9s ou d\u00e9shydrat\u00e9s<\/h3>\n<h3 data-start=\"567\" data-end=\"632\"><strong data-start=\"571\" data-end=\"582\">Effet :<\/strong> R\u00e9paration, fortification, hydratation, brillance<\/h3>\n<h3 data-start=\"634\" data-end=\"708\"><strong data-start=\"638\" data-end=\"664\">Type de cuir chevelu :<\/strong> Tous types, y compris cuir chevelu sensible<\/h3>\n<div class=\"_tableContainer_80l1q_1\">\n<div class=\"_tableWrapper_80l1q_14 group flex w-fit flex-col-reverse\" tabindex=\"-1\">\n<table class=\"w-fit min-w-(--thread-content-width)\" data-start=\"710\" data-end=\"1415\">\n<thead data-start=\"710\" data-end=\"907\">\n<tr data-start=\"710\" data-end=\"907\">\n<th data-start=\"710\" data-end=\"735\" data-col-size=\"sm\"><strong data-start=\"712\" data-end=\"734\">Mode d\u2019Application<\/strong><\/th>\n<th data-start=\"735\" data-end=\"907\" data-col-size=\"xl\">Appliquez une petite quantit\u00e9 sur cheveux mouill\u00e9s. Massez doucement le cuir chevelu et les longueurs. Rincez abondamment. \u00c0 suivre par le N\u00b05 pour un r\u00e9sultat optimal.<\/th>\n<\/tr>\n<\/thead>\n<tbody data-start=\"1082\" data-end=\"1415\">\n<tr data-start=\"1082\" data-end=\"1249\">\n<td data-start=\"1082\" data-end=\"1107\" data-col-size=\"sm\"><strong data-start=\"1084\" data-end=\"1104\">Caract\u00e9ristiques<\/strong><\/td>\n<td data-start=\"1107\" data-end=\"1249\" data-col-size=\"xl\">Nettoie sans agresser, r\u00e9pare les ponts internes du cheveu, apporte douceur et brillance. Am\u00e9liore la texture d\u00e8s la premi\u00e8re utilisation.<\/td>\n<\/tr>\n<tr data-start=\"1250\" data-end=\"1415\">\n<td data-start=\"1250\" data-end=\"1275\" data-col-size=\"sm\"><strong data-start=\"1252\" data-end=\"1272\">Ingr\u00e9dients cl\u00e9s<\/strong><\/td>\n<td data-start=\"1275\" data-end=\"1415\" data-col-size=\"xl\">Mol\u00e9cule brevet\u00e9e OLAPLEX (Bis-Aminopropyl Diglycol Dimaleate), hydratants profonds, sans sulfates, sans parab\u00e8nes, vegan, cruelty-free.<\/td>\n<\/tr>\n<\/tbody>\n<\/table>\n<\/div>\n<\/div>\n<p>&nbsp;<\/p>\n","protected":false},"excerpt":{"rendered":"<p>Le shampooing <strong data-start=\"225\" data-end=\"232\">N\u00b04<\/strong> d\u2019<strong data-start=\"235\" data-end=\"246\">Olaplex<\/strong> est une \u00e9tape essentielle de la routine de r\u00e9paration capillaire. Il nettoie en douceur, tout en renfor\u00e7ant et nourrissant les cheveux gr\u00e2ce \u00e0 la technologie brevet\u00e9e OLAPLEX.<\/p>\n","protected":false},"featured_media":1065,"template":"","meta":{"_eb_attr":"","ocean_post_layout":"","ocean_both_sidebars_style":"","ocean_both_sidebars_content_width":0,"ocean_both_sidebars_sidebars_width":0,"ocean_sidebar":"0","ocean_second_sidebar":"0","ocean_disable_margins":"enable","ocean_add_body_class":"","ocean_shortcode_before_top_bar":"","ocean_shortcode_after_top_bar":"","ocean_shortcode_before_header":"","ocean_shortcode_after_header":"","ocean_has_shortcode":"","ocean_shortcode_after_title":"","ocean_shortcode_before_footer_widgets":"","ocean_shortcode_after_footer_widgets":"","ocean_shortcode_before_footer_bottom":"","ocean_shortcode_after_footer_bottom":"","ocean_display_top_bar":"default","ocean_display_header":"default","ocean_header_style":"","ocean_center_header_left_menu":"0","ocean_custom_header_template":"0","ocean_custom_logo":0,"ocean_custom_retina_logo":0,"ocean_custom_logo_max_width":0,"ocean_custom_logo_tablet_max_width":0,"ocean_custom_logo_mobile_max_width":0,"ocean_custom_logo_max_height":0,"ocean_custom_logo_tablet_max_height":0,"ocean_custom_logo_mobile_max_height":0,"ocean_header_custom_menu":"0","ocean_menu_typo_font_family":"0","ocean_menu_typo_font_subset":"","ocean_menu_typo_font_size":0,"ocean_menu_typo_font_size_tablet":0,"ocean_menu_typo_font_size_mobile":0,"ocean_menu_typo_font_size_unit":"px","ocean_menu_typo_font_weight":"","ocean_menu_typo_font_weight_tablet":"","ocean_menu_typo_font_weight_mobile":"","ocean_menu_typo_transform":"","ocean_menu_typo_transform_tablet":"","ocean_menu_typo_transform_mobile":"","ocean_menu_typo_line_height":0,"ocean_menu_typo_line_height_tablet":0,"ocean_menu_typo_line_height_mobile":0,"ocean_menu_typo_line_height_unit":"","ocean_menu_typo_spacing":0,"ocean_menu_typo_spacing_tablet":0,"ocean_menu_typo_spacing_mobile":0,"ocean_menu_typo_spacing_unit":"","ocean_menu_link_color":"","ocean_menu_link_color_hover":"","ocean_menu_link_color_active":"","ocean_menu_link_background":"","ocean_menu_link_hover_background":"","ocean_menu_link_active_background":"","ocean_menu_social_links_bg":"","ocean_menu_social_hover_links_bg":"","ocean_menu_social_links_color":"","ocean_menu_social_hover_links_color":"","ocean_disable_title":"default","ocean_disable_heading":"default","ocean_post_title":"","ocean_post_subheading":"","ocean_post_title_style":"","ocean_post_title_background_color":"","ocean_post_title_background":0,"ocean_post_title_bg_image_position":"","ocean_post_title_bg_image_attachment":"","ocean_post_title_bg_image_repeat":"","ocean_post_title_bg_image_size":"","ocean_post_title_height":0,"ocean_post_title_bg_overlay":0.5,"ocean_post_title_bg_overlay_color":"","ocean_disable_breadcrumbs":"default","ocean_breadcrumbs_color":"","ocean_breadcrumbs_separator_color":"","ocean_breadcrumbs_links_color":"","ocean_breadcrumbs_links_hover_color":"","ocean_display_footer_widgets":"default","ocean_display_footer_bottom":"default","ocean_custom_footer_template":"0"},"pwb-brand":[54],"product_brand":[48],"product_cat":[43,40,19],"product_tag":[],"class_list":{"0":"post-142","1":"product","2":"type-product","3":"status-publish","4":"has-post-thumbnail","6":"pwb-brand-olaplex","7":"product_brand-olaplex","8":"product_cat-shampooing","9":"product_cat-shampoing-soins","10":"product_cat-beautybuy","11":"pa_marque-olaplex","13":"entry","14":"has-media","16":"first","17":"instock","18":"shipping-taxable","19":"purchasable","20":"product-type-simple","21":"has-product-nav","22":"col","23":"span_1_of_3","24":"owp-content-center","25":"owp-thumbs-layout-horizontal","26":"owp-btn-normal","27":"owp-tabs-layout-horizontal","28":"has-no-thumbnails"},"yoast_head":"<!-- This site is optimized with the Yoast SEO plugin v27.1.1 - https:\/\/yoast.com\/product\/yoast-seo-wordpress\/ -->\n<title>N\u00b04 BOND MAINTENANCE SHAMPOO \u2013 SHAMPOOING R\u00c9PARATEUR ET NOURRISSANT - WB Coiffure<\/title>\n<meta name=\"robots\" content=\"index, follow, max-snippet:-1, max-image-preview:large, max-video-preview:-1\" \/>\n<link rel=\"canonical\" href=\"https:\/\/wbcoiffure.fr\/?product=n4-bond-maintenance-shampoo\" \/>\n<meta property=\"og:locale\" content=\"fr_FR\" \/>\n<meta property=\"og:type\" content=\"article\" \/>\n<meta property=\"og:title\" content=\"N\u00b04 BOND MAINTENANCE SHAMPOO \u2013 SHAMPOOING R\u00c9PARATEUR ET NOURRISSANT - WB Coiffure\" \/>\n<meta property=\"og:description\" content=\"Le shampooing N\u00b04 d\u2019Olaplex est une \u00e9tape essentielle de la routine de r\u00e9paration capillaire. Il nettoie en douceur, tout en renfor\u00e7ant et nourrissant les cheveux gr\u00e2ce \u00e0 la technologie brevet\u00e9e OLAPLEX.\" \/>\n<meta property=\"og:url\" content=\"https:\/\/wbcoiffure.fr\/?product=n4-bond-maintenance-shampoo\" \/>\n<meta property=\"og:site_name\" content=\"WB Coiffure\" \/>\n<meta property=\"article:modified_time\" content=\"2025-07-21T11:21:37+00:00\" \/>\n<meta property=\"og:image\" content=\"https:\/\/wbcoiffure.fr\/wp-content\/uploads\/2025\/04\/olaplex-n4-bond-maintenance-shampoo-250ml.webp\" \/>\n\t<meta property=\"og:image:width\" content=\"554\" \/>\n\t<meta property=\"og:image:height\" content=\"633\" \/>\n\t<meta property=\"og:image:type\" content=\"image\/webp\" \/>\n<meta name=\"twitter:card\" content=\"summary_large_image\" \/>\n<meta name=\"twitter:label1\" content=\"Dur\u00e9e de lecture estim\u00e9e\" \/>\n\t<meta name=\"twitter:data1\" content=\"1 minute\" \/>\n<script type=\"application\/ld+json\" class=\"yoast-schema-graph\">{\"@context\":\"https:\/\/schema.org\",\"@graph\":[{\"@type\":\"WebPage\",\"@id\":\"https:\/\/wbcoiffure.fr\/?product=n4-bond-maintenance-shampoo\",\"url\":\"https:\/\/wbcoiffure.fr\/?product=n4-bond-maintenance-shampoo\",\"name\":\"N\u00b04 BOND MAINTENANCE SHAMPOO \u2013 SHAMPOOING R\u00c9PARATEUR ET NOURRISSANT - WB Coiffure\",\"isPartOf\":{\"@id\":\"https:\/\/wbcoiffure.fr\/#website\"},\"primaryImageOfPage\":{\"@id\":\"https:\/\/wbcoiffure.fr\/?product=n4-bond-maintenance-shampoo#primaryimage\"},\"image\":{\"@id\":\"https:\/\/wbcoiffure.fr\/?product=n4-bond-maintenance-shampoo#primaryimage\"},\"thumbnailUrl\":\"https:\/\/wbcoiffure.fr\/wp-content\/uploads\/2025\/04\/olaplex-n4-bond-maintenance-shampoo-250ml.webp\",\"datePublished\":\"2025-04-29T14:28:24+00:00\",\"dateModified\":\"2025-07-21T11:21:37+00:00\",\"breadcrumb\":{\"@id\":\"https:\/\/wbcoiffure.fr\/?product=n4-bond-maintenance-shampoo#breadcrumb\"},\"inLanguage\":\"fr-FR\",\"potentialAction\":[{\"@type\":\"ReadAction\",\"target\":[\"https:\/\/wbcoiffure.fr\/?product=n4-bond-maintenance-shampoo\"]}]},{\"@type\":\"ImageObject\",\"inLanguage\":\"fr-FR\",\"@id\":\"https:\/\/wbcoiffure.fr\/?product=n4-bond-maintenance-shampoo#primaryimage\",\"url\":\"https:\/\/wbcoiffure.fr\/wp-content\/uploads\/2025\/04\/olaplex-n4-bond-maintenance-shampoo-250ml.webp\",\"contentUrl\":\"https:\/\/wbcoiffure.fr\/wp-content\/uploads\/2025\/04\/olaplex-n4-bond-maintenance-shampoo-250ml.webp\",\"width\":554,\"height\":633},{\"@type\":\"BreadcrumbList\",\"@id\":\"https:\/\/wbcoiffure.fr\/?product=n4-bond-maintenance-shampoo#breadcrumb\",\"itemListElement\":[{\"@type\":\"ListItem\",\"position\":1,\"name\":\"Accueil\",\"item\":\"https:\/\/wbcoiffure.fr\/\"},{\"@type\":\"ListItem\",\"position\":2,\"name\":\"Boutique\",\"item\":\"https:\/\/wbcoiffure.fr\/?page_id=409\"},{\"@type\":\"ListItem\",\"position\":3,\"name\":\"N\u00b04 BOND MAINTENANCE SHAMPOO \u2013 SHAMPOOING R\u00c9PARATEUR ET NOURRISSANT\"}]},{\"@type\":\"WebSite\",\"@id\":\"https:\/\/wbcoiffure.fr\/#website\",\"url\":\"https:\/\/wbcoiffure.fr\/\",\"name\":\"WB Coiffure\",\"description\":\"Salon de coiffure Castelnau-le-lez\",\"publisher\":{\"@id\":\"https:\/\/wbcoiffure.fr\/#organization\"},\"potentialAction\":[{\"@type\":\"SearchAction\",\"target\":{\"@type\":\"EntryPoint\",\"urlTemplate\":\"https:\/\/wbcoiffure.fr\/?s={search_term_string}\"},\"query-input\":{\"@type\":\"PropertyValueSpecification\",\"valueRequired\":true,\"valueName\":\"search_term_string\"}}],\"inLanguage\":\"fr-FR\"},{\"@type\":\"Organization\",\"@id\":\"https:\/\/wbcoiffure.fr\/#organization\",\"name\":\"WB Coiffure\",\"url\":\"https:\/\/wbcoiffure.fr\/\",\"logo\":{\"@type\":\"ImageObject\",\"inLanguage\":\"fr-FR\",\"@id\":\"https:\/\/wbcoiffure.fr\/#\/schema\/logo\/image\/\",\"url\":\"https:\/\/wbcoiffure.fr\/wp-content\/uploads\/2025\/04\/principalWB-logo-internet.png\",\"contentUrl\":\"https:\/\/wbcoiffure.fr\/wp-content\/uploads\/2025\/04\/principalWB-logo-internet.png\",\"width\":316,\"height\":82,\"caption\":\"WB Coiffure\"},\"image\":{\"@id\":\"https:\/\/wbcoiffure.fr\/#\/schema\/logo\/image\/\"}}]}<\/script>\n<!-- \/ Yoast SEO plugin. -->","yoast_head_json":{"title":"N\u00b04 BOND MAINTENANCE SHAMPOO \u2013 SHAMPOOING R\u00c9PARATEUR ET NOURRISSANT - WB Coiffure","robots":{"index":"index","follow":"follow","max-snippet":"max-snippet:-1","max-image-preview":"max-image-preview:large","max-video-preview":"max-video-preview:-1"},"canonical":"https:\/\/wbcoiffure.fr\/?product=n4-bond-maintenance-shampoo","og_locale":"fr_FR","og_type":"article","og_title":"N\u00b04 BOND MAINTENANCE SHAMPOO \u2013 SHAMPOOING R\u00c9PARATEUR ET NOURRISSANT - WB Coiffure","og_description":"Le shampooing N\u00b04 d\u2019Olaplex est une \u00e9tape essentielle de la routine de r\u00e9paration capillaire. Il nettoie en douceur, tout en renfor\u00e7ant et nourrissant les cheveux gr\u00e2ce \u00e0 la technologie brevet\u00e9e OLAPLEX.","og_url":"https:\/\/wbcoiffure.fr\/?product=n4-bond-maintenance-shampoo","og_site_name":"WB Coiffure","article_modified_time":"2025-07-21T11:21:37+00:00","og_image":[{"width":554,"height":633,"url":"https:\/\/wbcoiffure.fr\/wp-content\/uploads\/2025\/04\/olaplex-n4-bond-maintenance-shampoo-250ml.webp","type":"image\/webp"}],"twitter_card":"summary_large_image","twitter_misc":{"Dur\u00e9e de lecture estim\u00e9e":"1 minute"},"schema":{"@context":"https:\/\/schema.org","@graph":[{"@type":"WebPage","@id":"https:\/\/wbcoiffure.fr\/?product=n4-bond-maintenance-shampoo","url":"https:\/\/wbcoiffure.fr\/?product=n4-bond-maintenance-shampoo","name":"N\u00b04 BOND MAINTENANCE SHAMPOO \u2013 SHAMPOOING R\u00c9PARATEUR ET NOURRISSANT - WB Coiffure","isPartOf":{"@id":"https:\/\/wbcoiffure.fr\/#website"},"primaryImageOfPage":{"@id":"https:\/\/wbcoiffure.fr\/?product=n4-bond-maintenance-shampoo#primaryimage"},"image":{"@id":"https:\/\/wbcoiffure.fr\/?product=n4-bond-maintenance-shampoo#primaryimage"},"thumbnailUrl":"https:\/\/wbcoiffure.fr\/wp-content\/uploads\/2025\/04\/olaplex-n4-bond-maintenance-shampoo-250ml.webp","datePublished":"2025-04-29T14:28:24+00:00","dateModified":"2025-07-21T11:21:37+00:00","breadcrumb":{"@id":"https:\/\/wbcoiffure.fr\/?product=n4-bond-maintenance-shampoo#breadcrumb"},"inLanguage":"fr-FR","potentialAction":[{"@type":"ReadAction","target":["https:\/\/wbcoiffure.fr\/?product=n4-bond-maintenance-shampoo"]}]},{"@type":"ImageObject","inLanguage":"fr-FR","@id":"https:\/\/wbcoiffure.fr\/?product=n4-bond-maintenance-shampoo#primaryimage","url":"https:\/\/wbcoiffure.fr\/wp-content\/uploads\/2025\/04\/olaplex-n4-bond-maintenance-shampoo-250ml.webp","contentUrl":"https:\/\/wbcoiffure.fr\/wp-content\/uploads\/2025\/04\/olaplex-n4-bond-maintenance-shampoo-250ml.webp","width":554,"height":633},{"@type":"BreadcrumbList","@id":"https:\/\/wbcoiffure.fr\/?product=n4-bond-maintenance-shampoo#breadcrumb","itemListElement":[{"@type":"ListItem","position":1,"name":"Accueil","item":"https:\/\/wbcoiffure.fr\/"},{"@type":"ListItem","position":2,"name":"Boutique","item":"https:\/\/wbcoiffure.fr\/?page_id=409"},{"@type":"ListItem","position":3,"name":"N\u00b04 BOND MAINTENANCE SHAMPOO \u2013 SHAMPOOING R\u00c9PARATEUR ET NOURRISSANT"}]},{"@type":"WebSite","@id":"https:\/\/wbcoiffure.fr\/#website","url":"https:\/\/wbcoiffure.fr\/","name":"WB Coiffure","description":"Salon de coiffure Castelnau-le-lez","publisher":{"@id":"https:\/\/wbcoiffure.fr\/#organization"},"potentialAction":[{"@type":"SearchAction","target":{"@type":"EntryPoint","urlTemplate":"https:\/\/wbcoiffure.fr\/?s={search_term_string}"},"query-input":{"@type":"PropertyValueSpecification","valueRequired":true,"valueName":"search_term_string"}}],"inLanguage":"fr-FR"},{"@type":"Organization","@id":"https:\/\/wbcoiffure.fr\/#organization","name":"WB Coiffure","url":"https:\/\/wbcoiffure.fr\/","logo":{"@type":"ImageObject","inLanguage":"fr-FR","@id":"https:\/\/wbcoiffure.fr\/#\/schema\/logo\/image\/","url":"https:\/\/wbcoiffure.fr\/wp-content\/uploads\/2025\/04\/principalWB-logo-internet.png","contentUrl":"https:\/\/wbcoiffure.fr\/wp-content\/uploads\/2025\/04\/principalWB-logo-internet.png","width":316,"height":82,"caption":"WB Coiffure"},"image":{"@id":"https:\/\/wbcoiffure.fr\/#\/schema\/logo\/image\/"}}]}},"brands":[{"id":54,"name":"Olaplex","slug":"olaplex"}],"_links":{"self":[{"href":"https:\/\/wbcoiffure.fr\/index.php?rest_route=\/wp\/v2\/product\/142","targetHints":{"allow":["GET"]}}],"collection":[{"href":"https:\/\/wbcoiffure.fr\/index.php?rest_route=\/wp\/v2\/product"}],"about":[{"href":"https:\/\/wbcoiffure.fr\/index.php?rest_route=\/wp\/v2\/types\/product"}],"wp:featuredmedia":[{"embeddable":true,"href":"https:\/\/wbcoiffure.fr\/index.php?rest_route=\/wp\/v2\/media\/1065"}],"wp:attachment":[{"href":"https:\/\/wbcoiffure.fr\/index.php?rest_route=%2Fwp%2Fv2%2Fmedia&parent=142"}],"wp:term":[{"taxonomy":"pwb-brand","embeddable":true,"href":"https:\/\/wbcoiffure.fr\/index.php?rest_route=%2Fwp%2Fv2%2Fpwb-brand&post=142"},{"taxonomy":"product_brand","embeddable":true,"href":"https:\/\/wbcoiffure.fr\/index.php?rest_route=%2Fwp%2Fv2%2Fproduct_brand&post=142"},{"taxonomy":"product_cat","embeddable":true,"href":"https:\/\/wbcoiffure.fr\/index.php?rest_route=%2Fwp%2Fv2%2Fproduct_cat&post=142"},{"taxonomy":"product_tag","embeddable":true,"href":"https:\/\/wbcoiffure.fr\/index.php?rest_route=%2Fwp%2Fv2%2Fproduct_tag&post=142"}],"curies":[{"name":"wp","href":"https:\/\/api.w.org\/{rel}","templated":true}]}}