{"id":1390,"date":"2025-07-27T10:15:04","date_gmt":"2025-07-27T08:15:04","guid":{"rendered":"https:\/\/wbcoiffure.fr\/?post_type=product&#038;p=1390"},"modified":"2025-07-27T10:15:04","modified_gmt":"2025-07-27T08:15:04","slug":"american-crew-3-in-1-shampooing-apres-shampoing-gel-douche","status":"publish","type":"product","link":"https:\/\/wbcoiffure.fr\/?product=american-crew-3-in-1-shampooing-apres-shampoing-gel-douche","title":{"rendered":"AMERICAN CREW \u2013 3 IN 1 SHAMPOOING, APR\u00c8S-SHAMPOING &#038; GEL DOUCHE"},"content":{"rendered":"<div class=\"_tableContainer_80l1q_1\">\n<div class=\"_tableWrapper_80l1q_14 group flex w-fit flex-col-reverse\" tabindex=\"-1\">\n<div class=\"_tableContainer_80l1q_1\">\n<div class=\"_tableWrapper_80l1q_14 group flex w-fit flex-col-reverse\" tabindex=\"-1\">\n<div class=\"_tableContainer_80l1q_1\">\n<div class=\"_tableWrapper_80l1q_14 group flex w-fit flex-col-reverse\" tabindex=\"-1\">\n<div class=\"_tableContainer_80l1q_1\">\n<div class=\"_tableWrapper_80l1q_14 group flex w-fit flex-col-reverse\" tabindex=\"-1\">\n<div class=\"_tableContainer_80l1q_1\">\n<div class=\"_tableWrapper_80l1q_14 group flex w-fit flex-col-reverse\" tabindex=\"-1\">\n<div class=\"_tableContainer_80l1q_1\">\n<div class=\"_tableWrapper_80l1q_14 group flex w-fit flex-col-reverse\" tabindex=\"-1\">\n<div class=\"_tableContainer_80l1q_1\">\n<div class=\"_tableWrapper_80l1q_14 group flex w-fit flex-col-reverse\" tabindex=\"-1\">\n<div class=\"_tableContainer_80l1q_1\">\n<div class=\"_tableWrapper_80l1q_14 group flex w-fit flex-col-reverse\" tabindex=\"-1\">\n<div class=\"_tableContainer_80l1q_1\">\n<div class=\"_tableWrapper_80l1q_14 group flex w-fit flex-col-reverse\" tabindex=\"-1\">\n<div class=\"_tableContainer_80l1q_1\">\n<div class=\"_tableWrapper_80l1q_14 group flex w-fit flex-col-reverse\" tabindex=\"-1\">\n<div class=\"_tableContainer_80l1q_1\">\n<div class=\"_tableWrapper_80l1q_14 group flex w-fit flex-col-reverse\" tabindex=\"-1\">\n<div class=\"_tableContainer_80l1q_1\">\n<div class=\"_tableWrapper_80l1q_14 group flex w-fit flex-col-reverse\" tabindex=\"-1\">\n<div class=\"_tableContainer_80l1q_1\">\n<div class=\"_tableWrapper_80l1q_14 group flex w-fit flex-col-reverse\" tabindex=\"-1\">\n<div class=\"_tableContainer_80l1q_1\">\n<div class=\"_tableWrapper_80l1q_14 group flex w-fit flex-col-reverse\" tabindex=\"-1\">\n<div class=\"_tableContainer_80l1q_1\">\n<div class=\"_tableWrapper_80l1q_14 group flex w-fit flex-col-reverse\" tabindex=\"-1\">\n<div class=\"_tableContainer_80l1q_1\">\n<div class=\"_tableWrapper_80l1q_14 group flex w-fit flex-col-reverse\" tabindex=\"-1\">\n<div class=\"_tableContainer_80l1q_1\">\n<div class=\"_tableWrapper_80l1q_14 group flex w-fit flex-col-reverse\" tabindex=\"-1\">\n<div class=\"_tableContainer_80l1q_1\">\n<div class=\"_tableWrapper_80l1q_14 group flex w-fit flex-col-reverse\" tabindex=\"-1\">\n<div class=\"_tableContainer_80l1q_1\">\n<div class=\"_tableWrapper_80l1q_14 group flex w-fit flex-col-reverse\" tabindex=\"-1\">\n<div class=\"_tableContainer_80l1q_1\">\n<div class=\"_tableWrapper_80l1q_14 group flex w-fit flex-col-reverse\" tabindex=\"-1\">\n<div class=\"_tableContainer_80l1q_1\">\n<div class=\"_tableWrapper_80l1q_14 group flex w-fit flex-col-reverse\" tabindex=\"-1\">\n<div class=\"_tableContainer_80l1q_1\">\n<div class=\"_tableWrapper_80l1q_14 group flex w-fit flex-col-reverse\" tabindex=\"-1\">\n<div class=\"_tableContainer_80l1q_1\">\n<div class=\"_tableWrapper_80l1q_14 group flex w-fit flex-col-reverse\" tabindex=\"-1\">\n<div class=\"_tableContainer_80l1q_1\">\n<div class=\"_tableWrapper_80l1q_14 group flex w-fit flex-col-reverse\" tabindex=\"-1\">\n<div class=\"_tableContainer_80l1q_1\">\n<div class=\"_tableWrapper_80l1q_14 group flex w-fit flex-col-reverse\" tabindex=\"-1\">\n<div class=\"_tableContainer_80l1q_1\">\n<div class=\"_tableWrapper_80l1q_14 group flex w-fit flex-col-reverse\" tabindex=\"-1\">\n<div class=\"_tableContainer_80l1q_1\">\n<div class=\"_tableWrapper_80l1q_14 group flex w-fit flex-col-reverse\" tabindex=\"-1\">\n<div class=\"_tableContainer_80l1q_1\">\n<table class=\"w-fit min-w-(--thread-content-width)\" data-start=\"308\" data-end=\"1041\">\n<thead data-start=\"308\" data-end=\"378\">\n<tr data-start=\"308\" data-end=\"378\">\n<th data-start=\"308\" data-end=\"334\" data-col-size=\"sm\"><strong data-start=\"310\" data-end=\"329\">Type de produit<\/strong><\/th>\n<th data-start=\"334\" data-end=\"378\" data-col-size=\"lg\">Shampoing, apr\u00e8s-shampoing et gel douche<\/th>\n<\/tr>\n<\/thead>\n<tbody data-start=\"451\" data-end=\"1041\">\n<tr data-start=\"451\" data-end=\"510\">\n<td data-start=\"451\" data-end=\"477\" data-col-size=\"sm\"><strong data-start=\"453\" data-end=\"467\">Contenance<\/strong><\/td>\n<td data-start=\"477\" data-end=\"510\" data-col-size=\"lg\">250 mL ou 450 mL selon format<\/td>\n<\/tr>\n<tr data-start=\"511\" data-end=\"575\">\n<td data-start=\"511\" data-end=\"537\" data-col-size=\"sm\"><strong data-start=\"513\" data-end=\"528\">Utilisation<\/strong><\/td>\n<td data-start=\"537\" data-end=\"575\" data-col-size=\"lg\">Pour tous types de cheveux et peau<\/td>\n<\/tr>\n<tr data-start=\"576\" data-end=\"770\">\n<td data-start=\"576\" data-end=\"602\" data-col-size=\"sm\"><strong data-start=\"578\" data-end=\"591\">B\u00e9n\u00e9fices<\/strong><\/td>\n<td data-start=\"602\" data-end=\"770\" data-col-size=\"lg\">&#8211; Nettoie efficacement les cheveux et le corps<br \/>\n&#8211; Hydrate le cuir chevelu<br \/>\n&#8211; Apporte fra\u00eecheur et propret\u00e9<br \/>\n&#8211; Gagnez du temps avec un seul produit multi-usage<\/td>\n<\/tr>\n<tr data-start=\"771\" data-end=\"866\">\n<td data-start=\"771\" data-end=\"797\" data-col-size=\"sm\"><strong data-start=\"773\" data-end=\"784\">Formule<\/strong><\/td>\n<td data-start=\"797\" data-end=\"866\" data-col-size=\"lg\">Enrichie en extraits naturels de sauge et camomille, pH \u00e9quilibr\u00e9<\/td>\n<\/tr>\n<tr data-start=\"867\" data-end=\"1041\">\n<td data-start=\"867\" data-end=\"893\" data-col-size=\"sm\"><strong data-start=\"869\" data-end=\"891\">Mode d\u2019utilisation<\/strong><\/td>\n<td data-start=\"893\" data-end=\"1041\" data-col-size=\"lg\">Appliquer une quantit\u00e9 suffisante sur les cheveux et le corps mouill\u00e9s. Faire mousser, masser, puis rincer abondamment. \u00c0 utiliser au quotidien.<\/td>\n<\/tr>\n<\/tbody>\n<\/table>\n<\/div>\n<\/div>\n<\/div>\n<\/div>\n<\/div>\n<\/div>\n<\/div>\n<\/div>\n<\/div>\n<\/div>\n<\/div>\n<\/div>\n<\/div>\n<\/div>\n<\/div>\n<\/div>\n<\/div>\n<\/div>\n<\/div>\n<\/div>\n<\/div>\n<\/div>\n<\/div>\n<\/div>\n<\/div>\n<\/div>\n<\/div>\n<\/div>\n<\/div>\n<\/div>\n<\/div>\n<\/div>\n<\/div>\n<\/div>\n<\/div>\n<\/div>\n<\/div>\n<\/div>\n<\/div>\n<\/div>\n<\/div>\n<\/div>\n<\/div>\n<\/div>\n<\/div>\n<\/div>\n<\/div>\n<\/div>\n<\/div>\n<\/div>\n<\/div>\n<\/div>\n<\/div>\n<\/div>\n<\/div>\n","protected":false},"excerpt":{"rendered":"<p data-start=\"67\" data-end=\"172\"><strong data-start=\"137\" data-end=\"172\">SOIN COMPLET POUR HOMMES ACTIFS<\/strong><\/p>\n<p data-start=\"174\" data-end=\"306\">Un seul produit pour laver les cheveux, hydrater le cuir chevelu et nettoyer le corps. Id\u00e9al pour les routines rapides et efficaces.<\/p>\n","protected":false},"featured_media":1391,"template":"","meta":{"_eb_attr":"","ocean_post_layout":"","ocean_both_sidebars_style":"","ocean_both_sidebars_content_width":0,"ocean_both_sidebars_sidebars_width":0,"ocean_sidebar":"0","ocean_second_sidebar":"0","ocean_disable_margins":"enable","ocean_add_body_class":"","ocean_shortcode_before_top_bar":"","ocean_shortcode_after_top_bar":"","ocean_shortcode_before_header":"","ocean_shortcode_after_header":"","ocean_has_shortcode":"","ocean_shortcode_after_title":"","ocean_shortcode_before_footer_widgets":"","ocean_shortcode_after_footer_widgets":"","ocean_shortcode_before_footer_bottom":"","ocean_shortcode_after_footer_bottom":"","ocean_display_top_bar":"default","ocean_display_header":"default","ocean_header_style":"","ocean_center_header_left_menu":"0","ocean_custom_header_template":"0","ocean_custom_logo":0,"ocean_custom_retina_logo":0,"ocean_custom_logo_max_width":0,"ocean_custom_logo_tablet_max_width":0,"ocean_custom_logo_mobile_max_width":0,"ocean_custom_logo_max_height":0,"ocean_custom_logo_tablet_max_height":0,"ocean_custom_logo_mobile_max_height":0,"ocean_header_custom_menu":"0","ocean_menu_typo_font_family":"0","ocean_menu_typo_font_subset":"","ocean_menu_typo_font_size":0,"ocean_menu_typo_font_size_tablet":0,"ocean_menu_typo_font_size_mobile":0,"ocean_menu_typo_font_size_unit":"px","ocean_menu_typo_font_weight":"","ocean_menu_typo_font_weight_tablet":"","ocean_menu_typo_font_weight_mobile":"","ocean_menu_typo_transform":"","ocean_menu_typo_transform_tablet":"","ocean_menu_typo_transform_mobile":"","ocean_menu_typo_line_height":0,"ocean_menu_typo_line_height_tablet":0,"ocean_menu_typo_line_height_mobile":0,"ocean_menu_typo_line_height_unit":"","ocean_menu_typo_spacing":0,"ocean_menu_typo_spacing_tablet":0,"ocean_menu_typo_spacing_mobile":0,"ocean_menu_typo_spacing_unit":"","ocean_menu_link_color":"","ocean_menu_link_color_hover":"","ocean_menu_link_color_active":"","ocean_menu_link_background":"","ocean_menu_link_hover_background":"","ocean_menu_link_active_background":"","ocean_menu_social_links_bg":"","ocean_menu_social_hover_links_bg":"","ocean_menu_social_links_color":"","ocean_menu_social_hover_links_color":"","ocean_disable_title":"default","ocean_disable_heading":"default","ocean_post_title":"","ocean_post_subheading":"","ocean_post_title_style":"","ocean_post_title_background_color":"","ocean_post_title_background":0,"ocean_post_title_bg_image_position":"","ocean_post_title_bg_image_attachment":"","ocean_post_title_bg_image_repeat":"","ocean_post_title_bg_image_size":"","ocean_post_title_height":0,"ocean_post_title_bg_overlay":0.5,"ocean_post_title_bg_overlay_color":"","ocean_disable_breadcrumbs":"default","ocean_breadcrumbs_color":"","ocean_breadcrumbs_separator_color":"","ocean_breadcrumbs_links_color":"","ocean_breadcrumbs_links_hover_color":"","ocean_display_footer_widgets":"default","ocean_display_footer_bottom":"default","ocean_custom_footer_template":"0"},"pwb-brand":[49],"product_brand":[38],"product_cat":[46,32,43,19],"product_tag":[],"class_list":{"0":"post-1390","1":"product","2":"type-product","3":"status-publish","4":"has-post-thumbnail","6":"pwb-brand-american-crew","7":"product_brand-american-crew","8":"product_cat-apres-shampoing","9":"product_cat-homme","10":"product_cat-shampooing","11":"product_cat-beautybuy","12":"pa_marque-ghd","14":"entry","15":"has-media","17":"first","18":"instock","19":"shipping-taxable","20":"purchasable","21":"product-type-simple","22":"has-product-nav","23":"col","24":"span_1_of_3","25":"owp-content-center","26":"owp-thumbs-layout-horizontal","27":"owp-btn-normal","28":"owp-tabs-layout-horizontal","29":"has-no-thumbnails"},"yoast_head":"<!-- This site is optimized with the Yoast SEO plugin v27.1.1 - https:\/\/yoast.com\/product\/yoast-seo-wordpress\/ -->\n<title>AMERICAN CREW \u2013 3 IN 1 SHAMPOOING, APR\u00c8S-SHAMPOING &amp; GEL DOUCHE - WB Coiffure<\/title>\n<meta name=\"robots\" content=\"index, follow, max-snippet:-1, max-image-preview:large, max-video-preview:-1\" \/>\n<link rel=\"canonical\" href=\"http:\/\/wbcoiffure.fr\/?product=american-crew-3-in-1-shampooing-apres-shampoing-gel-douche\" \/>\n<meta property=\"og:locale\" content=\"fr_FR\" \/>\n<meta property=\"og:type\" content=\"article\" \/>\n<meta property=\"og:title\" content=\"AMERICAN CREW \u2013 3 IN 1 SHAMPOOING, APR\u00c8S-SHAMPOING &amp; GEL DOUCHE - WB Coiffure\" \/>\n<meta property=\"og:description\" content=\"SOIN COMPLET POUR HOMMES ACTIFS Un seul produit pour laver les cheveux, hydrater le cuir chevelu et nettoyer le corps. Id\u00e9al pour les routines rapides et efficaces.\" \/>\n<meta property=\"og:url\" content=\"http:\/\/wbcoiffure.fr\/?product=american-crew-3-in-1-shampooing-apres-shampoing-gel-douche\" \/>\n<meta property=\"og:site_name\" content=\"WB Coiffure\" \/>\n<meta property=\"og:image\" content=\"http:\/\/wbcoiffure.fr\/wp-content\/uploads\/2025\/07\/3-in-1-shampoing-american-crew-250ml.webp\" \/>\n\t<meta property=\"og:image:width\" content=\"1214\" \/>\n\t<meta property=\"og:image:height\" content=\"1214\" \/>\n\t<meta property=\"og:image:type\" content=\"image\/webp\" \/>\n<meta name=\"twitter:card\" content=\"summary_large_image\" \/>\n<meta name=\"twitter:label1\" content=\"Dur\u00e9e de lecture estim\u00e9e\" \/>\n\t<meta name=\"twitter:data1\" content=\"1 minute\" \/>\n<script type=\"application\/ld+json\" class=\"yoast-schema-graph\">{\"@context\":\"https:\/\/schema.org\",\"@graph\":[{\"@type\":\"WebPage\",\"@id\":\"http:\/\/wbcoiffure.fr\/?product=american-crew-3-in-1-shampooing-apres-shampoing-gel-douche\",\"url\":\"http:\/\/wbcoiffure.fr\/?product=american-crew-3-in-1-shampooing-apres-shampoing-gel-douche\",\"name\":\"AMERICAN CREW \u2013 3 IN 1 SHAMPOOING, APR\u00c8S-SHAMPOING & GEL DOUCHE - WB Coiffure\",\"isPartOf\":{\"@id\":\"https:\/\/wbcoiffure.fr\/#website\"},\"primaryImageOfPage\":{\"@id\":\"http:\/\/wbcoiffure.fr\/?product=american-crew-3-in-1-shampooing-apres-shampoing-gel-douche#primaryimage\"},\"image\":{\"@id\":\"http:\/\/wbcoiffure.fr\/?product=american-crew-3-in-1-shampooing-apres-shampoing-gel-douche#primaryimage\"},\"thumbnailUrl\":\"https:\/\/wbcoiffure.fr\/wp-content\/uploads\/2025\/07\/3-in-1-shampoing-american-crew-250ml.webp\",\"datePublished\":\"2025-07-27T08:15:04+00:00\",\"breadcrumb\":{\"@id\":\"http:\/\/wbcoiffure.fr\/?product=american-crew-3-in-1-shampooing-apres-shampoing-gel-douche#breadcrumb\"},\"inLanguage\":\"fr-FR\",\"potentialAction\":[{\"@type\":\"ReadAction\",\"target\":[\"http:\/\/wbcoiffure.fr\/?product=american-crew-3-in-1-shampooing-apres-shampoing-gel-douche\"]}]},{\"@type\":\"ImageObject\",\"inLanguage\":\"fr-FR\",\"@id\":\"http:\/\/wbcoiffure.fr\/?product=american-crew-3-in-1-shampooing-apres-shampoing-gel-douche#primaryimage\",\"url\":\"https:\/\/wbcoiffure.fr\/wp-content\/uploads\/2025\/07\/3-in-1-shampoing-american-crew-250ml.webp\",\"contentUrl\":\"https:\/\/wbcoiffure.fr\/wp-content\/uploads\/2025\/07\/3-in-1-shampoing-american-crew-250ml.webp\",\"width\":1214,\"height\":1214},{\"@type\":\"BreadcrumbList\",\"@id\":\"http:\/\/wbcoiffure.fr\/?product=american-crew-3-in-1-shampooing-apres-shampoing-gel-douche#breadcrumb\",\"itemListElement\":[{\"@type\":\"ListItem\",\"position\":1,\"name\":\"Accueil\",\"item\":\"https:\/\/wbcoiffure.fr\/\"},{\"@type\":\"ListItem\",\"position\":2,\"name\":\"Boutique\",\"item\":\"https:\/\/wbcoiffure.fr\/?page_id=409\"},{\"@type\":\"ListItem\",\"position\":3,\"name\":\"AMERICAN CREW \u2013 3 IN 1 SHAMPOOING, APR\u00c8S-SHAMPOING &#038; GEL DOUCHE\"}]},{\"@type\":\"WebSite\",\"@id\":\"https:\/\/wbcoiffure.fr\/#website\",\"url\":\"https:\/\/wbcoiffure.fr\/\",\"name\":\"WB Coiffure\",\"description\":\"Salon de coiffure Castelnau-le-lez\",\"publisher\":{\"@id\":\"https:\/\/wbcoiffure.fr\/#organization\"},\"potentialAction\":[{\"@type\":\"SearchAction\",\"target\":{\"@type\":\"EntryPoint\",\"urlTemplate\":\"https:\/\/wbcoiffure.fr\/?s={search_term_string}\"},\"query-input\":{\"@type\":\"PropertyValueSpecification\",\"valueRequired\":true,\"valueName\":\"search_term_string\"}}],\"inLanguage\":\"fr-FR\"},{\"@type\":\"Organization\",\"@id\":\"https:\/\/wbcoiffure.fr\/#organization\",\"name\":\"WB Coiffure\",\"url\":\"https:\/\/wbcoiffure.fr\/\",\"logo\":{\"@type\":\"ImageObject\",\"inLanguage\":\"fr-FR\",\"@id\":\"https:\/\/wbcoiffure.fr\/#\/schema\/logo\/image\/\",\"url\":\"https:\/\/wbcoiffure.fr\/wp-content\/uploads\/2025\/04\/principalWB-logo-internet.png\",\"contentUrl\":\"https:\/\/wbcoiffure.fr\/wp-content\/uploads\/2025\/04\/principalWB-logo-internet.png\",\"width\":316,\"height\":82,\"caption\":\"WB Coiffure\"},\"image\":{\"@id\":\"https:\/\/wbcoiffure.fr\/#\/schema\/logo\/image\/\"}}]}<\/script>\n<!-- \/ Yoast SEO plugin. -->","yoast_head_json":{"title":"AMERICAN CREW \u2013 3 IN 1 SHAMPOOING, APR\u00c8S-SHAMPOING & GEL DOUCHE - WB Coiffure","robots":{"index":"index","follow":"follow","max-snippet":"max-snippet:-1","max-image-preview":"max-image-preview:large","max-video-preview":"max-video-preview:-1"},"canonical":"http:\/\/wbcoiffure.fr\/?product=american-crew-3-in-1-shampooing-apres-shampoing-gel-douche","og_locale":"fr_FR","og_type":"article","og_title":"AMERICAN CREW \u2013 3 IN 1 SHAMPOOING, APR\u00c8S-SHAMPOING & GEL DOUCHE - WB Coiffure","og_description":"SOIN COMPLET POUR HOMMES ACTIFS Un seul produit pour laver les cheveux, hydrater le cuir chevelu et nettoyer le corps. Id\u00e9al pour les routines rapides et efficaces.","og_url":"http:\/\/wbcoiffure.fr\/?product=american-crew-3-in-1-shampooing-apres-shampoing-gel-douche","og_site_name":"WB Coiffure","og_image":[{"width":1214,"height":1214,"url":"http:\/\/wbcoiffure.fr\/wp-content\/uploads\/2025\/07\/3-in-1-shampoing-american-crew-250ml.webp","type":"image\/webp"}],"twitter_card":"summary_large_image","twitter_misc":{"Dur\u00e9e de lecture estim\u00e9e":"1 minute"},"schema":{"@context":"https:\/\/schema.org","@graph":[{"@type":"WebPage","@id":"http:\/\/wbcoiffure.fr\/?product=american-crew-3-in-1-shampooing-apres-shampoing-gel-douche","url":"http:\/\/wbcoiffure.fr\/?product=american-crew-3-in-1-shampooing-apres-shampoing-gel-douche","name":"AMERICAN CREW \u2013 3 IN 1 SHAMPOOING, APR\u00c8S-SHAMPOING & GEL DOUCHE - WB Coiffure","isPartOf":{"@id":"https:\/\/wbcoiffure.fr\/#website"},"primaryImageOfPage":{"@id":"http:\/\/wbcoiffure.fr\/?product=american-crew-3-in-1-shampooing-apres-shampoing-gel-douche#primaryimage"},"image":{"@id":"http:\/\/wbcoiffure.fr\/?product=american-crew-3-in-1-shampooing-apres-shampoing-gel-douche#primaryimage"},"thumbnailUrl":"https:\/\/wbcoiffure.fr\/wp-content\/uploads\/2025\/07\/3-in-1-shampoing-american-crew-250ml.webp","datePublished":"2025-07-27T08:15:04+00:00","breadcrumb":{"@id":"http:\/\/wbcoiffure.fr\/?product=american-crew-3-in-1-shampooing-apres-shampoing-gel-douche#breadcrumb"},"inLanguage":"fr-FR","potentialAction":[{"@type":"ReadAction","target":["http:\/\/wbcoiffure.fr\/?product=american-crew-3-in-1-shampooing-apres-shampoing-gel-douche"]}]},{"@type":"ImageObject","inLanguage":"fr-FR","@id":"http:\/\/wbcoiffure.fr\/?product=american-crew-3-in-1-shampooing-apres-shampoing-gel-douche#primaryimage","url":"https:\/\/wbcoiffure.fr\/wp-content\/uploads\/2025\/07\/3-in-1-shampoing-american-crew-250ml.webp","contentUrl":"https:\/\/wbcoiffure.fr\/wp-content\/uploads\/2025\/07\/3-in-1-shampoing-american-crew-250ml.webp","width":1214,"height":1214},{"@type":"BreadcrumbList","@id":"http:\/\/wbcoiffure.fr\/?product=american-crew-3-in-1-shampooing-apres-shampoing-gel-douche#breadcrumb","itemListElement":[{"@type":"ListItem","position":1,"name":"Accueil","item":"https:\/\/wbcoiffure.fr\/"},{"@type":"ListItem","position":2,"name":"Boutique","item":"https:\/\/wbcoiffure.fr\/?page_id=409"},{"@type":"ListItem","position":3,"name":"AMERICAN CREW \u2013 3 IN 1 SHAMPOOING, APR\u00c8S-SHAMPOING &#038; GEL DOUCHE"}]},{"@type":"WebSite","@id":"https:\/\/wbcoiffure.fr\/#website","url":"https:\/\/wbcoiffure.fr\/","name":"WB Coiffure","description":"Salon de coiffure Castelnau-le-lez","publisher":{"@id":"https:\/\/wbcoiffure.fr\/#organization"},"potentialAction":[{"@type":"SearchAction","target":{"@type":"EntryPoint","urlTemplate":"https:\/\/wbcoiffure.fr\/?s={search_term_string}"},"query-input":{"@type":"PropertyValueSpecification","valueRequired":true,"valueName":"search_term_string"}}],"inLanguage":"fr-FR"},{"@type":"Organization","@id":"https:\/\/wbcoiffure.fr\/#organization","name":"WB Coiffure","url":"https:\/\/wbcoiffure.fr\/","logo":{"@type":"ImageObject","inLanguage":"fr-FR","@id":"https:\/\/wbcoiffure.fr\/#\/schema\/logo\/image\/","url":"https:\/\/wbcoiffure.fr\/wp-content\/uploads\/2025\/04\/principalWB-logo-internet.png","contentUrl":"https:\/\/wbcoiffure.fr\/wp-content\/uploads\/2025\/04\/principalWB-logo-internet.png","width":316,"height":82,"caption":"WB Coiffure"},"image":{"@id":"https:\/\/wbcoiffure.fr\/#\/schema\/logo\/image\/"}}]}},"brands":[{"id":49,"name":"American Crew","slug":"american-crew"}],"_links":{"self":[{"href":"https:\/\/wbcoiffure.fr\/index.php?rest_route=\/wp\/v2\/product\/1390","targetHints":{"allow":["GET"]}}],"collection":[{"href":"https:\/\/wbcoiffure.fr\/index.php?rest_route=\/wp\/v2\/product"}],"about":[{"href":"https:\/\/wbcoiffure.fr\/index.php?rest_route=\/wp\/v2\/types\/product"}],"wp:featuredmedia":[{"embeddable":true,"href":"https:\/\/wbcoiffure.fr\/index.php?rest_route=\/wp\/v2\/media\/1391"}],"wp:attachment":[{"href":"https:\/\/wbcoiffure.fr\/index.php?rest_route=%2Fwp%2Fv2%2Fmedia&parent=1390"}],"wp:term":[{"taxonomy":"pwb-brand","embeddable":true,"href":"https:\/\/wbcoiffure.fr\/index.php?rest_route=%2Fwp%2Fv2%2Fpwb-brand&post=1390"},{"taxonomy":"product_brand","embeddable":true,"href":"https:\/\/wbcoiffure.fr\/index.php?rest_route=%2Fwp%2Fv2%2Fproduct_brand&post=1390"},{"taxonomy":"product_cat","embeddable":true,"href":"https:\/\/wbcoiffure.fr\/index.php?rest_route=%2Fwp%2Fv2%2Fproduct_cat&post=1390"},{"taxonomy":"product_tag","embeddable":true,"href":"https:\/\/wbcoiffure.fr\/index.php?rest_route=%2Fwp%2Fv2%2Fproduct_tag&post=1390"}],"curies":[{"name":"wp","href":"https:\/\/api.w.org\/{rel}","templated":true}]}}