{"id":1384,"date":"2025-07-27T10:03:26","date_gmt":"2025-07-27T08:03:26","guid":{"rendered":"https:\/\/wbcoiffure.fr\/?post_type=product&#038;p=1384"},"modified":"2025-07-27T10:05:20","modified_gmt":"2025-07-27T08:05:20","slug":"american-crew-revitalizing-toner","status":"publish","type":"product","link":"https:\/\/wbcoiffure.fr\/?product=american-crew-revitalizing-toner","title":{"rendered":"AMERICAN CREW \u2013 REVITALIZING TONER"},"content":{"rendered":"<div class=\"_tableContainer_80l1q_1\">\n<div class=\"_tableWrapper_80l1q_14 group flex w-fit flex-col-reverse\" tabindex=\"-1\">\n<div class=\"_tableContainer_80l1q_1\">\n<div class=\"_tableWrapper_80l1q_14 group flex w-fit flex-col-reverse\" tabindex=\"-1\">\n<div class=\"_tableContainer_80l1q_1\">\n<div class=\"_tableWrapper_80l1q_14 group flex w-fit flex-col-reverse\" tabindex=\"-1\">\n<div class=\"_tableContainer_80l1q_1\">\n<div class=\"_tableWrapper_80l1q_14 group flex w-fit flex-col-reverse\" tabindex=\"-1\">\n<div class=\"_tableContainer_80l1q_1\">\n<div class=\"_tableWrapper_80l1q_14 group flex w-fit flex-col-reverse\" tabindex=\"-1\">\n<div class=\"_tableContainer_80l1q_1\">\n<div class=\"_tableWrapper_80l1q_14 group flex w-fit flex-col-reverse\" tabindex=\"-1\">\n<div class=\"_tableContainer_80l1q_1\">\n<div class=\"_tableWrapper_80l1q_14 group flex w-fit flex-col-reverse\" tabindex=\"-1\">\n<div class=\"_tableContainer_80l1q_1\">\n<div class=\"_tableWrapper_80l1q_14 group flex w-fit flex-col-reverse\" tabindex=\"-1\">\n<div class=\"_tableContainer_80l1q_1\">\n<div class=\"_tableWrapper_80l1q_14 group flex w-fit flex-col-reverse\" tabindex=\"-1\">\n<div class=\"_tableContainer_80l1q_1\">\n<div class=\"_tableWrapper_80l1q_14 group flex w-fit flex-col-reverse\" tabindex=\"-1\">\n<div class=\"_tableContainer_80l1q_1\">\n<div class=\"_tableWrapper_80l1q_14 group flex w-fit flex-col-reverse\" tabindex=\"-1\">\n<div class=\"_tableContainer_80l1q_1\">\n<div class=\"_tableWrapper_80l1q_14 group flex w-fit flex-col-reverse\" tabindex=\"-1\">\n<div class=\"_tableContainer_80l1q_1\">\n<div class=\"_tableWrapper_80l1q_14 group flex w-fit flex-col-reverse\" tabindex=\"-1\">\n<div class=\"_tableContainer_80l1q_1\">\n<div class=\"_tableWrapper_80l1q_14 group flex w-fit flex-col-reverse\" tabindex=\"-1\">\n<div class=\"_tableContainer_80l1q_1\">\n<div class=\"_tableWrapper_80l1q_14 group flex w-fit flex-col-reverse\" tabindex=\"-1\">\n<div class=\"_tableContainer_80l1q_1\">\n<div class=\"_tableWrapper_80l1q_14 group flex w-fit flex-col-reverse\" tabindex=\"-1\">\n<div class=\"_tableContainer_80l1q_1\">\n<div class=\"_tableWrapper_80l1q_14 group flex w-fit flex-col-reverse\" tabindex=\"-1\">\n<div class=\"_tableContainer_80l1q_1\">\n<div class=\"_tableWrapper_80l1q_14 group flex w-fit flex-col-reverse\" tabindex=\"-1\">\n<div class=\"_tableContainer_80l1q_1\">\n<div class=\"_tableWrapper_80l1q_14 group flex w-fit flex-col-reverse\" tabindex=\"-1\">\n<div class=\"_tableContainer_80l1q_1\">\n<div class=\"_tableWrapper_80l1q_14 group flex w-fit flex-col-reverse\" tabindex=\"-1\">\n<div class=\"_tableContainer_80l1q_1\">\n<div class=\"_tableWrapper_80l1q_14 group flex w-fit flex-col-reverse\" tabindex=\"-1\">\n<div class=\"_tableContainer_80l1q_1\">\n<div class=\"_tableWrapper_80l1q_14 group flex w-fit flex-col-reverse\" tabindex=\"-1\">\n<div class=\"_tableContainer_80l1q_1\">\n<div class=\"_tableWrapper_80l1q_14 group flex w-fit flex-col-reverse\" tabindex=\"-1\">\n<div class=\"_tableContainer_80l1q_1\">\n<div class=\"_tableWrapper_80l1q_14 group flex w-fit flex-col-reverse\" tabindex=\"-1\">\n<div class=\"_tableContainer_80l1q_1\">\n<div class=\"_tableWrapper_80l1q_14 group flex w-fit flex-col-reverse\" tabindex=\"-1\">\n<div class=\"_tableContainer_80l1q_1\">\n<div class=\"_tableWrapper_80l1q_14 group flex w-fit flex-col-reverse\" tabindex=\"-1\">\n<div class=\"_tableContainer_80l1q_1\">\n<div class=\"_tableWrapper_80l1q_14 group flex w-fit flex-col-reverse\" tabindex=\"-1\">\n<table class=\"w-fit min-w-(--thread-content-width)\" data-start=\"320\" data-end=\"689\">\n<thead data-start=\"320\" data-end=\"373\">\n<tr data-start=\"320\" data-end=\"373\">\n<th data-start=\"320\" data-end=\"342\" data-col-size=\"md\"><strong data-start=\"322\" data-end=\"341\">Type de produit<\/strong><\/th>\n<th data-start=\"342\" data-end=\"373\" data-col-size=\"sm\">Tonique visage apr\u00e8s-rasage<\/th>\n<\/tr>\n<\/thead>\n<tbody data-start=\"428\" data-end=\"689\">\n<tr data-start=\"428\" data-end=\"455\">\n<td data-start=\"428\" data-end=\"445\" data-col-size=\"md\"><strong data-start=\"430\" data-end=\"444\">Contenance<\/strong><\/td>\n<td data-start=\"445\" data-end=\"455\" data-col-size=\"sm\">150 mL<\/td>\n<\/tr>\n<tr data-start=\"456\" data-end=\"518\">\n<td data-start=\"456\" data-end=\"474\" data-col-size=\"md\"><strong data-start=\"458\" data-end=\"473\">Utilisation<\/strong><\/td>\n<td data-start=\"474\" data-end=\"518\" data-col-size=\"sm\">Apr\u00e8s le rasage, pour tous types de peau<\/td>\n<\/tr>\n<tr data-start=\"519\" data-end=\"563\">\n<td data-start=\"519\" data-end=\"535\" data-col-size=\"md\"><strong data-start=\"521\" data-end=\"534\">B\u00e9n\u00e9fices<\/strong><\/td>\n<td data-start=\"535\" data-end=\"563\" data-col-size=\"sm\">\u2013 Apaise les irritations<\/td>\n<\/tr>\n<tr data-start=\"564\" data-end=\"597\">\n<td data-start=\"564\" data-end=\"597\" data-col-size=\"md\">\u2013 Tonifie et resserre les pores<\/td>\n<td data-col-size=\"sm\"><\/td>\n<\/tr>\n<tr data-start=\"598\" data-end=\"638\">\n<td data-start=\"598\" data-end=\"638\" data-col-size=\"md\">\u2013 Hydrate et rafra\u00eechit instantan\u00e9ment<\/td>\n<td data-col-size=\"sm\"><\/td>\n<\/tr>\n<tr data-start=\"639\" data-end=\"689\">\n<td data-start=\"639\" data-end=\"689\" data-col-size=\"md\">\u2013 Laisse une sensation de confort et de propret\u00e9<\/td>\n<td data-col-size=\"sm\"><\/td>\n<\/tr>\n<\/tbody>\n<\/table>\n<div class=\"sticky end-(--thread-content-margin) h-0 self-end select-none\">\n<div class=\"absolute end-0 flex items-end\"><\/div>\n<\/div>\n<\/div>\n<\/div>\n<p data-start=\"691\" data-end=\"922\">| <strong data-start=\"693\" data-end=\"704\">Formule<\/strong> | L\u00e9ger, sans alcool agressif. Contient des extraits naturels et des agents apaisants. |<br \/>\n| <strong data-start=\"796\" data-end=\"818\">Mode d\u2019utilisation<\/strong> | Appliquer sur le visage et le cou apr\u00e8s le rasage, \u00e0 l\u2019aide des mains ou d\u2019un coton. Ne pas rincer. |<\/p>\n<\/div>\n<\/div>\n<\/div>\n<\/div>\n<\/div>\n<\/div>\n<\/div>\n<\/div>\n<\/div>\n<\/div>\n<\/div>\n<\/div>\n<\/div>\n<\/div>\n<\/div>\n<\/div>\n<\/div>\n<\/div>\n<\/div>\n<\/div>\n<\/div>\n<\/div>\n<\/div>\n<\/div>\n<\/div>\n<\/div>\n<\/div>\n<\/div>\n<\/div>\n<\/div>\n<\/div>\n<\/div>\n<\/div>\n<\/div>\n<\/div>\n<\/div>\n<\/div>\n<\/div>\n<\/div>\n<\/div>\n<\/div>\n<\/div>\n<\/div>\n<\/div>\n<\/div>\n<\/div>\n<\/div>\n<\/div>\n<\/div>\n<\/div>\n<\/div>\n<\/div>\n","protected":false},"excerpt":{"rendered":"<p data-start=\"137\" data-end=\"195\"><strong data-start=\"120\" data-end=\"169\">TONIQUE APAISANT &amp; RAFRA\u00ceCHISSANT POUR HOMMES<\/strong><br data-start=\"169\" data-end=\"172\" \/>Un soin apr\u00e8s-rasage qui tonifie, hydrate et rafra\u00eechit la peau tout en r\u00e9duisant les irritations. Id\u00e9al pour compl\u00e9ter la routine de rasage.<\/p>\n","protected":false},"featured_media":1385,"template":"","meta":{"_eb_attr":"","ocean_post_layout":"","ocean_both_sidebars_style":"","ocean_both_sidebars_content_width":0,"ocean_both_sidebars_sidebars_width":0,"ocean_sidebar":"0","ocean_second_sidebar":"0","ocean_disable_margins":"enable","ocean_add_body_class":"","ocean_shortcode_before_top_bar":"","ocean_shortcode_after_top_bar":"","ocean_shortcode_before_header":"","ocean_shortcode_after_header":"","ocean_has_shortcode":"","ocean_shortcode_after_title":"","ocean_shortcode_before_footer_widgets":"","ocean_shortcode_after_footer_widgets":"","ocean_shortcode_before_footer_bottom":"","ocean_shortcode_after_footer_bottom":"","ocean_display_top_bar":"default","ocean_display_header":"default","ocean_header_style":"","ocean_center_header_left_menu":"0","ocean_custom_header_template":"0","ocean_custom_logo":0,"ocean_custom_retina_logo":0,"ocean_custom_logo_max_width":0,"ocean_custom_logo_tablet_max_width":0,"ocean_custom_logo_mobile_max_width":0,"ocean_custom_logo_max_height":0,"ocean_custom_logo_tablet_max_height":0,"ocean_custom_logo_mobile_max_height":0,"ocean_header_custom_menu":"0","ocean_menu_typo_font_family":"0","ocean_menu_typo_font_subset":"","ocean_menu_typo_font_size":0,"ocean_menu_typo_font_size_tablet":0,"ocean_menu_typo_font_size_mobile":0,"ocean_menu_typo_font_size_unit":"px","ocean_menu_typo_font_weight":"","ocean_menu_typo_font_weight_tablet":"","ocean_menu_typo_font_weight_mobile":"","ocean_menu_typo_transform":"","ocean_menu_typo_transform_tablet":"","ocean_menu_typo_transform_mobile":"","ocean_menu_typo_line_height":0,"ocean_menu_typo_line_height_tablet":0,"ocean_menu_typo_line_height_mobile":0,"ocean_menu_typo_line_height_unit":"","ocean_menu_typo_spacing":0,"ocean_menu_typo_spacing_tablet":0,"ocean_menu_typo_spacing_mobile":0,"ocean_menu_typo_spacing_unit":"","ocean_menu_link_color":"","ocean_menu_link_color_hover":"","ocean_menu_link_color_active":"","ocean_menu_link_background":"","ocean_menu_link_hover_background":"","ocean_menu_link_active_background":"","ocean_menu_social_links_bg":"","ocean_menu_social_hover_links_bg":"","ocean_menu_social_links_color":"","ocean_menu_social_hover_links_color":"","ocean_disable_title":"default","ocean_disable_heading":"default","ocean_post_title":"","ocean_post_subheading":"","ocean_post_title_style":"","ocean_post_title_background_color":"","ocean_post_title_background":0,"ocean_post_title_bg_image_position":"","ocean_post_title_bg_image_attachment":"","ocean_post_title_bg_image_repeat":"","ocean_post_title_bg_image_size":"","ocean_post_title_height":0,"ocean_post_title_bg_overlay":0.5,"ocean_post_title_bg_overlay_color":"","ocean_disable_breadcrumbs":"default","ocean_breadcrumbs_color":"","ocean_breadcrumbs_separator_color":"","ocean_breadcrumbs_links_color":"","ocean_breadcrumbs_links_hover_color":"","ocean_display_footer_widgets":"default","ocean_display_footer_bottom":"default","ocean_custom_footer_template":"0"},"pwb-brand":[49],"product_brand":[38],"product_cat":[32,19],"product_tag":[],"class_list":{"0":"post-1384","1":"product","2":"type-product","3":"status-publish","4":"has-post-thumbnail","6":"pwb-brand-american-crew","7":"product_brand-american-crew","8":"product_cat-homme","9":"product_cat-beautybuy","10":"pa_marque-ghd","12":"entry","13":"has-media","15":"first","16":"instock","17":"shipping-taxable","18":"purchasable","19":"product-type-simple","20":"has-product-nav","21":"col","22":"span_1_of_3","23":"owp-content-center","24":"owp-thumbs-layout-horizontal","25":"owp-btn-normal","26":"owp-tabs-layout-horizontal","27":"has-no-thumbnails"},"yoast_head":"<!-- This site is optimized with the Yoast SEO plugin v27.1.1 - https:\/\/yoast.com\/product\/yoast-seo-wordpress\/ -->\n<title>AMERICAN CREW \u2013 REVITALIZING TONER - WB Coiffure<\/title>\n<meta name=\"robots\" content=\"index, follow, max-snippet:-1, max-image-preview:large, max-video-preview:-1\" \/>\n<link rel=\"canonical\" href=\"https:\/\/wbcoiffure.fr\/?product=american-crew-revitalizing-toner\" \/>\n<meta property=\"og:locale\" content=\"fr_FR\" \/>\n<meta property=\"og:type\" content=\"article\" \/>\n<meta property=\"og:title\" content=\"AMERICAN CREW \u2013 REVITALIZING TONER - WB Coiffure\" \/>\n<meta property=\"og:description\" content=\"TONIQUE APAISANT &amp; RAFRA\u00ceCHISSANT POUR HOMMESUn soin apr\u00e8s-rasage qui tonifie, hydrate et rafra\u00eechit la peau tout en r\u00e9duisant les irritations. Id\u00e9al pour compl\u00e9ter la routine de rasage.\" \/>\n<meta property=\"og:url\" content=\"https:\/\/wbcoiffure.fr\/?product=american-crew-revitalizing-toner\" \/>\n<meta property=\"og:site_name\" content=\"WB Coiffure\" \/>\n<meta property=\"article:modified_time\" content=\"2025-07-27T08:05:20+00:00\" \/>\n<meta property=\"og:image\" content=\"https:\/\/wbcoiffure.fr\/wp-content\/uploads\/2025\/07\/71LLg3duMWL._UF8941000_QL80_.jpg\" \/>\n\t<meta property=\"og:image:width\" content=\"894\" \/>\n\t<meta property=\"og:image:height\" content=\"894\" \/>\n\t<meta property=\"og:image:type\" content=\"image\/jpeg\" \/>\n<meta name=\"twitter:card\" content=\"summary_large_image\" \/>\n<meta name=\"twitter:label1\" content=\"Dur\u00e9e de lecture estim\u00e9e\" \/>\n\t<meta name=\"twitter:data1\" content=\"1 minute\" \/>\n<script type=\"application\/ld+json\" class=\"yoast-schema-graph\">{\"@context\":\"https:\/\/schema.org\",\"@graph\":[{\"@type\":\"WebPage\",\"@id\":\"https:\/\/wbcoiffure.fr\/?product=american-crew-revitalizing-toner\",\"url\":\"https:\/\/wbcoiffure.fr\/?product=american-crew-revitalizing-toner\",\"name\":\"AMERICAN CREW \u2013 REVITALIZING TONER - WB Coiffure\",\"isPartOf\":{\"@id\":\"https:\/\/wbcoiffure.fr\/#website\"},\"primaryImageOfPage\":{\"@id\":\"https:\/\/wbcoiffure.fr\/?product=american-crew-revitalizing-toner#primaryimage\"},\"image\":{\"@id\":\"https:\/\/wbcoiffure.fr\/?product=american-crew-revitalizing-toner#primaryimage\"},\"thumbnailUrl\":\"https:\/\/wbcoiffure.fr\/wp-content\/uploads\/2025\/07\/71LLg3duMWL._UF8941000_QL80_.jpg\",\"datePublished\":\"2025-07-27T08:03:26+00:00\",\"dateModified\":\"2025-07-27T08:05:20+00:00\",\"breadcrumb\":{\"@id\":\"https:\/\/wbcoiffure.fr\/?product=american-crew-revitalizing-toner#breadcrumb\"},\"inLanguage\":\"fr-FR\",\"potentialAction\":[{\"@type\":\"ReadAction\",\"target\":[\"https:\/\/wbcoiffure.fr\/?product=american-crew-revitalizing-toner\"]}]},{\"@type\":\"ImageObject\",\"inLanguage\":\"fr-FR\",\"@id\":\"https:\/\/wbcoiffure.fr\/?product=american-crew-revitalizing-toner#primaryimage\",\"url\":\"https:\/\/wbcoiffure.fr\/wp-content\/uploads\/2025\/07\/71LLg3duMWL._UF8941000_QL80_.jpg\",\"contentUrl\":\"https:\/\/wbcoiffure.fr\/wp-content\/uploads\/2025\/07\/71LLg3duMWL._UF8941000_QL80_.jpg\",\"width\":894,\"height\":894},{\"@type\":\"BreadcrumbList\",\"@id\":\"https:\/\/wbcoiffure.fr\/?product=american-crew-revitalizing-toner#breadcrumb\",\"itemListElement\":[{\"@type\":\"ListItem\",\"position\":1,\"name\":\"Accueil\",\"item\":\"https:\/\/wbcoiffure.fr\/\"},{\"@type\":\"ListItem\",\"position\":2,\"name\":\"Boutique\",\"item\":\"https:\/\/wbcoiffure.fr\/?page_id=409\"},{\"@type\":\"ListItem\",\"position\":3,\"name\":\"AMERICAN CREW \u2013 REVITALIZING TONER\"}]},{\"@type\":\"WebSite\",\"@id\":\"https:\/\/wbcoiffure.fr\/#website\",\"url\":\"https:\/\/wbcoiffure.fr\/\",\"name\":\"WB Coiffure\",\"description\":\"Salon de coiffure Castelnau-le-lez\",\"publisher\":{\"@id\":\"https:\/\/wbcoiffure.fr\/#organization\"},\"potentialAction\":[{\"@type\":\"SearchAction\",\"target\":{\"@type\":\"EntryPoint\",\"urlTemplate\":\"https:\/\/wbcoiffure.fr\/?s={search_term_string}\"},\"query-input\":{\"@type\":\"PropertyValueSpecification\",\"valueRequired\":true,\"valueName\":\"search_term_string\"}}],\"inLanguage\":\"fr-FR\"},{\"@type\":\"Organization\",\"@id\":\"https:\/\/wbcoiffure.fr\/#organization\",\"name\":\"WB Coiffure\",\"url\":\"https:\/\/wbcoiffure.fr\/\",\"logo\":{\"@type\":\"ImageObject\",\"inLanguage\":\"fr-FR\",\"@id\":\"https:\/\/wbcoiffure.fr\/#\/schema\/logo\/image\/\",\"url\":\"https:\/\/wbcoiffure.fr\/wp-content\/uploads\/2025\/04\/principalWB-logo-internet.png\",\"contentUrl\":\"https:\/\/wbcoiffure.fr\/wp-content\/uploads\/2025\/04\/principalWB-logo-internet.png\",\"width\":316,\"height\":82,\"caption\":\"WB Coiffure\"},\"image\":{\"@id\":\"https:\/\/wbcoiffure.fr\/#\/schema\/logo\/image\/\"}}]}<\/script>\n<!-- \/ Yoast SEO plugin. -->","yoast_head_json":{"title":"AMERICAN CREW \u2013 REVITALIZING TONER - WB Coiffure","robots":{"index":"index","follow":"follow","max-snippet":"max-snippet:-1","max-image-preview":"max-image-preview:large","max-video-preview":"max-video-preview:-1"},"canonical":"https:\/\/wbcoiffure.fr\/?product=american-crew-revitalizing-toner","og_locale":"fr_FR","og_type":"article","og_title":"AMERICAN CREW \u2013 REVITALIZING TONER - WB Coiffure","og_description":"TONIQUE APAISANT &amp; RAFRA\u00ceCHISSANT POUR HOMMESUn soin apr\u00e8s-rasage qui tonifie, hydrate et rafra\u00eechit la peau tout en r\u00e9duisant les irritations. Id\u00e9al pour compl\u00e9ter la routine de rasage.","og_url":"https:\/\/wbcoiffure.fr\/?product=american-crew-revitalizing-toner","og_site_name":"WB Coiffure","article_modified_time":"2025-07-27T08:05:20+00:00","og_image":[{"width":894,"height":894,"url":"https:\/\/wbcoiffure.fr\/wp-content\/uploads\/2025\/07\/71LLg3duMWL._UF8941000_QL80_.jpg","type":"image\/jpeg"}],"twitter_card":"summary_large_image","twitter_misc":{"Dur\u00e9e de lecture estim\u00e9e":"1 minute"},"schema":{"@context":"https:\/\/schema.org","@graph":[{"@type":"WebPage","@id":"https:\/\/wbcoiffure.fr\/?product=american-crew-revitalizing-toner","url":"https:\/\/wbcoiffure.fr\/?product=american-crew-revitalizing-toner","name":"AMERICAN CREW \u2013 REVITALIZING TONER - WB Coiffure","isPartOf":{"@id":"https:\/\/wbcoiffure.fr\/#website"},"primaryImageOfPage":{"@id":"https:\/\/wbcoiffure.fr\/?product=american-crew-revitalizing-toner#primaryimage"},"image":{"@id":"https:\/\/wbcoiffure.fr\/?product=american-crew-revitalizing-toner#primaryimage"},"thumbnailUrl":"https:\/\/wbcoiffure.fr\/wp-content\/uploads\/2025\/07\/71LLg3duMWL._UF8941000_QL80_.jpg","datePublished":"2025-07-27T08:03:26+00:00","dateModified":"2025-07-27T08:05:20+00:00","breadcrumb":{"@id":"https:\/\/wbcoiffure.fr\/?product=american-crew-revitalizing-toner#breadcrumb"},"inLanguage":"fr-FR","potentialAction":[{"@type":"ReadAction","target":["https:\/\/wbcoiffure.fr\/?product=american-crew-revitalizing-toner"]}]},{"@type":"ImageObject","inLanguage":"fr-FR","@id":"https:\/\/wbcoiffure.fr\/?product=american-crew-revitalizing-toner#primaryimage","url":"https:\/\/wbcoiffure.fr\/wp-content\/uploads\/2025\/07\/71LLg3duMWL._UF8941000_QL80_.jpg","contentUrl":"https:\/\/wbcoiffure.fr\/wp-content\/uploads\/2025\/07\/71LLg3duMWL._UF8941000_QL80_.jpg","width":894,"height":894},{"@type":"BreadcrumbList","@id":"https:\/\/wbcoiffure.fr\/?product=american-crew-revitalizing-toner#breadcrumb","itemListElement":[{"@type":"ListItem","position":1,"name":"Accueil","item":"https:\/\/wbcoiffure.fr\/"},{"@type":"ListItem","position":2,"name":"Boutique","item":"https:\/\/wbcoiffure.fr\/?page_id=409"},{"@type":"ListItem","position":3,"name":"AMERICAN CREW \u2013 REVITALIZING TONER"}]},{"@type":"WebSite","@id":"https:\/\/wbcoiffure.fr\/#website","url":"https:\/\/wbcoiffure.fr\/","name":"WB Coiffure","description":"Salon de coiffure Castelnau-le-lez","publisher":{"@id":"https:\/\/wbcoiffure.fr\/#organization"},"potentialAction":[{"@type":"SearchAction","target":{"@type":"EntryPoint","urlTemplate":"https:\/\/wbcoiffure.fr\/?s={search_term_string}"},"query-input":{"@type":"PropertyValueSpecification","valueRequired":true,"valueName":"search_term_string"}}],"inLanguage":"fr-FR"},{"@type":"Organization","@id":"https:\/\/wbcoiffure.fr\/#organization","name":"WB Coiffure","url":"https:\/\/wbcoiffure.fr\/","logo":{"@type":"ImageObject","inLanguage":"fr-FR","@id":"https:\/\/wbcoiffure.fr\/#\/schema\/logo\/image\/","url":"https:\/\/wbcoiffure.fr\/wp-content\/uploads\/2025\/04\/principalWB-logo-internet.png","contentUrl":"https:\/\/wbcoiffure.fr\/wp-content\/uploads\/2025\/04\/principalWB-logo-internet.png","width":316,"height":82,"caption":"WB Coiffure"},"image":{"@id":"https:\/\/wbcoiffure.fr\/#\/schema\/logo\/image\/"}}]}},"brands":[{"id":49,"name":"American Crew","slug":"american-crew"}],"_links":{"self":[{"href":"https:\/\/wbcoiffure.fr\/index.php?rest_route=\/wp\/v2\/product\/1384","targetHints":{"allow":["GET"]}}],"collection":[{"href":"https:\/\/wbcoiffure.fr\/index.php?rest_route=\/wp\/v2\/product"}],"about":[{"href":"https:\/\/wbcoiffure.fr\/index.php?rest_route=\/wp\/v2\/types\/product"}],"wp:featuredmedia":[{"embeddable":true,"href":"https:\/\/wbcoiffure.fr\/index.php?rest_route=\/wp\/v2\/media\/1385"}],"wp:attachment":[{"href":"https:\/\/wbcoiffure.fr\/index.php?rest_route=%2Fwp%2Fv2%2Fmedia&parent=1384"}],"wp:term":[{"taxonomy":"pwb-brand","embeddable":true,"href":"https:\/\/wbcoiffure.fr\/index.php?rest_route=%2Fwp%2Fv2%2Fpwb-brand&post=1384"},{"taxonomy":"product_brand","embeddable":true,"href":"https:\/\/wbcoiffure.fr\/index.php?rest_route=%2Fwp%2Fv2%2Fproduct_brand&post=1384"},{"taxonomy":"product_cat","embeddable":true,"href":"https:\/\/wbcoiffure.fr\/index.php?rest_route=%2Fwp%2Fv2%2Fproduct_cat&post=1384"},{"taxonomy":"product_tag","embeddable":true,"href":"https:\/\/wbcoiffure.fr\/index.php?rest_route=%2Fwp%2Fv2%2Fproduct_tag&post=1384"}],"curies":[{"name":"wp","href":"https:\/\/api.w.org\/{rel}","templated":true}]}}