{"id":1366,"date":"2025-07-27T09:25:13","date_gmt":"2025-07-27T07:25:13","guid":{"rendered":"https:\/\/wbcoiffure.fr\/?post_type=product&#038;p=1366"},"modified":"2025-07-27T09:25:13","modified_gmt":"2025-07-27T07:25:13","slug":"american-crew-forming-cream","status":"publish","type":"product","link":"https:\/\/wbcoiffure.fr\/?product=american-crew-forming-cream","title":{"rendered":"AMERICAN CREW \u2013 FORMING CREAM"},"content":{"rendered":"<div class=\"_tableContainer_80l1q_1\">\n<div class=\"_tableWrapper_80l1q_14 group flex w-fit flex-col-reverse\" tabindex=\"-1\">\n<div class=\"_tableContainer_80l1q_1\">\n<div class=\"_tableWrapper_80l1q_14 group flex w-fit flex-col-reverse\" tabindex=\"-1\">\n<div class=\"_tableContainer_80l1q_1\">\n<div class=\"_tableWrapper_80l1q_14 group flex w-fit flex-col-reverse\" tabindex=\"-1\">\n<div class=\"_tableContainer_80l1q_1\">\n<div class=\"_tableWrapper_80l1q_14 group flex w-fit flex-col-reverse\" tabindex=\"-1\">\n<div class=\"_tableContainer_80l1q_1\">\n<div class=\"_tableWrapper_80l1q_14 group flex w-fit flex-col-reverse\" tabindex=\"-1\">\n<div class=\"_tableContainer_80l1q_1\">\n<div class=\"_tableWrapper_80l1q_14 group flex w-fit flex-col-reverse\" tabindex=\"-1\">\n<div class=\"_tableContainer_80l1q_1\">\n<div class=\"_tableWrapper_80l1q_14 group flex w-fit flex-col-reverse\" tabindex=\"-1\">\n<div class=\"_tableContainer_80l1q_1\">\n<div class=\"_tableWrapper_80l1q_14 group flex w-fit flex-col-reverse\" tabindex=\"-1\">\n<div class=\"_tableContainer_80l1q_1\">\n<div class=\"_tableWrapper_80l1q_14 group flex w-fit flex-col-reverse\" tabindex=\"-1\">\n<div class=\"_tableContainer_80l1q_1\">\n<div class=\"_tableWrapper_80l1q_14 group flex w-fit flex-col-reverse\" tabindex=\"-1\">\n<div class=\"_tableContainer_80l1q_1\">\n<div class=\"_tableWrapper_80l1q_14 group flex w-fit flex-col-reverse\" tabindex=\"-1\">\n<div class=\"_tableContainer_80l1q_1\">\n<div class=\"_tableWrapper_80l1q_14 group flex w-fit flex-col-reverse\" tabindex=\"-1\">\n<div class=\"_tableContainer_80l1q_1\">\n<div class=\"_tableWrapper_80l1q_14 group flex w-fit flex-col-reverse\" tabindex=\"-1\">\n<div class=\"_tableContainer_80l1q_1\">\n<div class=\"_tableWrapper_80l1q_14 group flex w-fit flex-col-reverse\" tabindex=\"-1\">\n<div class=\"_tableContainer_80l1q_1\">\n<div class=\"_tableWrapper_80l1q_14 group flex w-fit flex-col-reverse\" tabindex=\"-1\">\n<div class=\"_tableContainer_80l1q_1\">\n<div class=\"_tableWrapper_80l1q_14 group flex w-fit flex-col-reverse\" tabindex=\"-1\">\n<div class=\"_tableContainer_80l1q_1\">\n<div class=\"_tableWrapper_80l1q_14 group flex w-fit flex-col-reverse\" tabindex=\"-1\">\n<table class=\"w-fit min-w-(--thread-content-width)\" data-start=\"347\" data-end=\"687\">\n<thead data-start=\"347\" data-end=\"388\">\n<tr data-start=\"347\" data-end=\"388\">\n<th data-start=\"347\" data-end=\"369\" data-col-size=\"md\"><strong data-start=\"349\" data-end=\"368\">Type de produit<\/strong><\/th>\n<th data-start=\"369\" data-end=\"388\" data-col-size=\"sm\">Cr\u00e8me coiffante<\/th>\n<\/tr>\n<\/thead>\n<tbody data-start=\"431\" data-end=\"687\">\n<tr data-start=\"431\" data-end=\"456\">\n<td data-start=\"431\" data-end=\"448\" data-col-size=\"md\"><strong data-start=\"433\" data-end=\"447\">Contenance<\/strong><\/td>\n<td data-start=\"448\" data-end=\"456\" data-col-size=\"sm\">85 g<\/td>\n<\/tr>\n<tr data-start=\"457\" data-end=\"505\">\n<td data-start=\"457\" data-end=\"475\" data-col-size=\"md\"><strong data-start=\"459\" data-end=\"474\">Utilisation<\/strong><\/td>\n<td data-start=\"475\" data-end=\"505\" data-col-size=\"sm\">Pour tous types de cheveux<\/td>\n<\/tr>\n<tr data-start=\"506\" data-end=\"551\">\n<td data-start=\"506\" data-end=\"522\" data-col-size=\"md\"><strong data-start=\"508\" data-end=\"521\">B\u00e9n\u00e9fices<\/strong><\/td>\n<td data-start=\"522\" data-end=\"551\" data-col-size=\"sm\">\u2013 Tenue moyenne et souple<\/td>\n<\/tr>\n<tr data-start=\"552\" data-end=\"598\">\n<td data-start=\"552\" data-end=\"598\" data-col-size=\"md\">\u2013 Apporte de la d\u00e9finition sans effet carton<\/td>\n<td data-col-size=\"sm\"><\/td>\n<\/tr>\n<tr data-start=\"599\" data-end=\"630\">\n<td data-start=\"599\" data-end=\"630\" data-col-size=\"md\">\u2013 Texture facile \u00e0 travailler<\/td>\n<td data-col-size=\"sm\"><\/td>\n<\/tr>\n<tr data-start=\"631\" data-end=\"654\">\n<td data-start=\"631\" data-end=\"654\" data-col-size=\"md\">\u2013 Brillance naturelle<\/td>\n<td data-col-size=\"sm\"><\/td>\n<\/tr>\n<tr data-start=\"655\" data-end=\"687\">\n<td data-start=\"655\" data-end=\"687\" data-col-size=\"md\">\u2013 Aide \u00e0 dompter les frisottis<\/td>\n<td data-col-size=\"sm\"><\/td>\n<\/tr>\n<\/tbody>\n<\/table>\n<div class=\"sticky end-(--thread-content-margin) h-0 self-end select-none\">\n<div class=\"absolute end-0 flex items-end\"><\/div>\n<\/div>\n<\/div>\n<\/div>\n<p data-start=\"689\" data-end=\"943\">| <strong data-start=\"691\" data-end=\"702\">Formule<\/strong> | \u00c0 base de lanoline, cire de carnauba et glyc\u00e9rine. Convient \u00e0 un usage quotidien. |<br \/>\n| <strong data-start=\"791\" data-end=\"813\">Mode d\u2019utilisation<\/strong> | Chauffer une petite quantit\u00e9 entre les mains, appliquer sur cheveux secs ou l\u00e9g\u00e8rement humides. Coiffer selon l\u2019effet d\u00e9sir\u00e9. |<\/p>\n<\/div>\n<\/div>\n<\/div>\n<\/div>\n<\/div>\n<\/div>\n<\/div>\n<\/div>\n<\/div>\n<\/div>\n<\/div>\n<\/div>\n<\/div>\n<\/div>\n<\/div>\n<\/div>\n<\/div>\n<\/div>\n<\/div>\n<\/div>\n<\/div>\n<\/div>\n<\/div>\n<\/div>\n<\/div>\n<\/div>\n<\/div>\n<\/div>\n<\/div>\n<\/div>\n<\/div>\n<\/div>\n","protected":false},"excerpt":{"rendered":"<p data-start=\"137\" data-end=\"195\"><strong data-start=\"154\" data-end=\"196\">CR\u00c8ME COIFFANTE SOUPLE ET STRUCTURANTE<\/strong><br data-start=\"196\" data-end=\"199\" \/>Id\u00e9ale pour tous les types de cheveux, cette cr\u00e8me offre une tenue moyenne avec une brillance naturelle. Parfaite pour structurer sans figer.<\/p>\n","protected":false},"featured_media":1367,"template":"","meta":{"_eb_attr":"","ocean_post_layout":"","ocean_both_sidebars_style":"","ocean_both_sidebars_content_width":0,"ocean_both_sidebars_sidebars_width":0,"ocean_sidebar":"0","ocean_second_sidebar":"0","ocean_disable_margins":"enable","ocean_add_body_class":"","ocean_shortcode_before_top_bar":"","ocean_shortcode_after_top_bar":"","ocean_shortcode_before_header":"","ocean_shortcode_after_header":"","ocean_has_shortcode":"","ocean_shortcode_after_title":"","ocean_shortcode_before_footer_widgets":"","ocean_shortcode_after_footer_widgets":"","ocean_shortcode_before_footer_bottom":"","ocean_shortcode_after_footer_bottom":"","ocean_display_top_bar":"default","ocean_display_header":"default","ocean_header_style":"","ocean_center_header_left_menu":"0","ocean_custom_header_template":"0","ocean_custom_logo":0,"ocean_custom_retina_logo":0,"ocean_custom_logo_max_width":0,"ocean_custom_logo_tablet_max_width":0,"ocean_custom_logo_mobile_max_width":0,"ocean_custom_logo_max_height":0,"ocean_custom_logo_tablet_max_height":0,"ocean_custom_logo_mobile_max_height":0,"ocean_header_custom_menu":"0","ocean_menu_typo_font_family":"0","ocean_menu_typo_font_subset":"","ocean_menu_typo_font_size":0,"ocean_menu_typo_font_size_tablet":0,"ocean_menu_typo_font_size_mobile":0,"ocean_menu_typo_font_size_unit":"px","ocean_menu_typo_font_weight":"","ocean_menu_typo_font_weight_tablet":"","ocean_menu_typo_font_weight_mobile":"","ocean_menu_typo_transform":"","ocean_menu_typo_transform_tablet":"","ocean_menu_typo_transform_mobile":"","ocean_menu_typo_line_height":0,"ocean_menu_typo_line_height_tablet":0,"ocean_menu_typo_line_height_mobile":0,"ocean_menu_typo_line_height_unit":"","ocean_menu_typo_spacing":0,"ocean_menu_typo_spacing_tablet":0,"ocean_menu_typo_spacing_mobile":0,"ocean_menu_typo_spacing_unit":"","ocean_menu_link_color":"","ocean_menu_link_color_hover":"","ocean_menu_link_color_active":"","ocean_menu_link_background":"","ocean_menu_link_hover_background":"","ocean_menu_link_active_background":"","ocean_menu_social_links_bg":"","ocean_menu_social_hover_links_bg":"","ocean_menu_social_links_color":"","ocean_menu_social_hover_links_color":"","ocean_disable_title":"default","ocean_disable_heading":"default","ocean_post_title":"","ocean_post_subheading":"","ocean_post_title_style":"","ocean_post_title_background_color":"","ocean_post_title_background":0,"ocean_post_title_bg_image_position":"","ocean_post_title_bg_image_attachment":"","ocean_post_title_bg_image_repeat":"","ocean_post_title_bg_image_size":"","ocean_post_title_height":0,"ocean_post_title_bg_overlay":0.5,"ocean_post_title_bg_overlay_color":"","ocean_disable_breadcrumbs":"default","ocean_breadcrumbs_color":"","ocean_breadcrumbs_separator_color":"","ocean_breadcrumbs_links_color":"","ocean_breadcrumbs_links_hover_color":"","ocean_display_footer_widgets":"default","ocean_display_footer_bottom":"default","ocean_custom_footer_template":"0"},"pwb-brand":[49],"product_brand":[38],"product_cat":[32,41,19],"product_tag":[],"class_list":{"0":"post-1366","1":"product","2":"type-product","3":"status-publish","4":"has-post-thumbnail","6":"pwb-brand-american-crew","7":"product_brand-american-crew","8":"product_cat-homme","9":"product_cat-produit-coiffant","10":"product_cat-beautybuy","11":"pa_marque-ghd","13":"entry","14":"has-media","16":"first","17":"instock","18":"shipping-taxable","19":"purchasable","20":"product-type-simple","21":"has-product-nav","22":"col","23":"span_1_of_3","24":"owp-content-center","25":"owp-thumbs-layout-horizontal","26":"owp-btn-normal","27":"owp-tabs-layout-horizontal","28":"has-no-thumbnails"},"yoast_head":"<!-- This site is optimized with the Yoast SEO plugin v27.1.1 - https:\/\/yoast.com\/product\/yoast-seo-wordpress\/ -->\n<title>AMERICAN CREW \u2013 FORMING CREAM - WB Coiffure<\/title>\n<meta name=\"robots\" content=\"index, follow, max-snippet:-1, max-image-preview:large, max-video-preview:-1\" \/>\n<link rel=\"canonical\" href=\"http:\/\/wbcoiffure.fr\/?product=american-crew-forming-cream\" \/>\n<meta property=\"og:locale\" content=\"fr_FR\" \/>\n<meta property=\"og:type\" content=\"article\" \/>\n<meta property=\"og:title\" content=\"AMERICAN CREW \u2013 FORMING CREAM - WB Coiffure\" \/>\n<meta property=\"og:description\" content=\"CR\u00c8ME COIFFANTE SOUPLE ET STRUCTURANTEId\u00e9ale pour tous les types de cheveux, cette cr\u00e8me offre une tenue moyenne avec une brillance naturelle. Parfaite pour structurer sans figer.\" \/>\n<meta property=\"og:url\" content=\"http:\/\/wbcoiffure.fr\/?product=american-crew-forming-cream\" \/>\n<meta property=\"og:site_name\" content=\"WB Coiffure\" \/>\n<meta property=\"og:image\" content=\"http:\/\/wbcoiffure.fr\/wp-content\/uploads\/2025\/07\/71yjKMZ0xIL._UF8941000_QL80_.jpg\" \/>\n\t<meta property=\"og:image:width\" content=\"894\" \/>\n\t<meta property=\"og:image:height\" content=\"894\" \/>\n\t<meta property=\"og:image:type\" content=\"image\/jpeg\" \/>\n<meta name=\"twitter:card\" content=\"summary_large_image\" \/>\n<meta name=\"twitter:label1\" content=\"Dur\u00e9e de lecture estim\u00e9e\" \/>\n\t<meta name=\"twitter:data1\" content=\"1 minute\" \/>\n<script type=\"application\/ld+json\" class=\"yoast-schema-graph\">{\"@context\":\"https:\/\/schema.org\",\"@graph\":[{\"@type\":\"WebPage\",\"@id\":\"http:\/\/wbcoiffure.fr\/?product=american-crew-forming-cream\",\"url\":\"http:\/\/wbcoiffure.fr\/?product=american-crew-forming-cream\",\"name\":\"AMERICAN CREW \u2013 FORMING CREAM - WB Coiffure\",\"isPartOf\":{\"@id\":\"https:\/\/wbcoiffure.fr\/#website\"},\"primaryImageOfPage\":{\"@id\":\"http:\/\/wbcoiffure.fr\/?product=american-crew-forming-cream#primaryimage\"},\"image\":{\"@id\":\"http:\/\/wbcoiffure.fr\/?product=american-crew-forming-cream#primaryimage\"},\"thumbnailUrl\":\"https:\/\/wbcoiffure.fr\/wp-content\/uploads\/2025\/07\/71yjKMZ0xIL._UF8941000_QL80_.jpg\",\"datePublished\":\"2025-07-27T07:25:13+00:00\",\"breadcrumb\":{\"@id\":\"http:\/\/wbcoiffure.fr\/?product=american-crew-forming-cream#breadcrumb\"},\"inLanguage\":\"fr-FR\",\"potentialAction\":[{\"@type\":\"ReadAction\",\"target\":[\"http:\/\/wbcoiffure.fr\/?product=american-crew-forming-cream\"]}]},{\"@type\":\"ImageObject\",\"inLanguage\":\"fr-FR\",\"@id\":\"http:\/\/wbcoiffure.fr\/?product=american-crew-forming-cream#primaryimage\",\"url\":\"https:\/\/wbcoiffure.fr\/wp-content\/uploads\/2025\/07\/71yjKMZ0xIL._UF8941000_QL80_.jpg\",\"contentUrl\":\"https:\/\/wbcoiffure.fr\/wp-content\/uploads\/2025\/07\/71yjKMZ0xIL._UF8941000_QL80_.jpg\",\"width\":894,\"height\":894},{\"@type\":\"BreadcrumbList\",\"@id\":\"http:\/\/wbcoiffure.fr\/?product=american-crew-forming-cream#breadcrumb\",\"itemListElement\":[{\"@type\":\"ListItem\",\"position\":1,\"name\":\"Accueil\",\"item\":\"https:\/\/wbcoiffure.fr\/\"},{\"@type\":\"ListItem\",\"position\":2,\"name\":\"Boutique\",\"item\":\"https:\/\/wbcoiffure.fr\/?page_id=409\"},{\"@type\":\"ListItem\",\"position\":3,\"name\":\"AMERICAN CREW \u2013 FORMING CREAM\"}]},{\"@type\":\"WebSite\",\"@id\":\"https:\/\/wbcoiffure.fr\/#website\",\"url\":\"https:\/\/wbcoiffure.fr\/\",\"name\":\"WB Coiffure\",\"description\":\"Salon de coiffure Castelnau-le-lez\",\"publisher\":{\"@id\":\"https:\/\/wbcoiffure.fr\/#organization\"},\"potentialAction\":[{\"@type\":\"SearchAction\",\"target\":{\"@type\":\"EntryPoint\",\"urlTemplate\":\"https:\/\/wbcoiffure.fr\/?s={search_term_string}\"},\"query-input\":{\"@type\":\"PropertyValueSpecification\",\"valueRequired\":true,\"valueName\":\"search_term_string\"}}],\"inLanguage\":\"fr-FR\"},{\"@type\":\"Organization\",\"@id\":\"https:\/\/wbcoiffure.fr\/#organization\",\"name\":\"WB Coiffure\",\"url\":\"https:\/\/wbcoiffure.fr\/\",\"logo\":{\"@type\":\"ImageObject\",\"inLanguage\":\"fr-FR\",\"@id\":\"https:\/\/wbcoiffure.fr\/#\/schema\/logo\/image\/\",\"url\":\"https:\/\/wbcoiffure.fr\/wp-content\/uploads\/2025\/04\/principalWB-logo-internet.png\",\"contentUrl\":\"https:\/\/wbcoiffure.fr\/wp-content\/uploads\/2025\/04\/principalWB-logo-internet.png\",\"width\":316,\"height\":82,\"caption\":\"WB Coiffure\"},\"image\":{\"@id\":\"https:\/\/wbcoiffure.fr\/#\/schema\/logo\/image\/\"}}]}<\/script>\n<!-- \/ Yoast SEO plugin. -->","yoast_head_json":{"title":"AMERICAN CREW \u2013 FORMING CREAM - WB Coiffure","robots":{"index":"index","follow":"follow","max-snippet":"max-snippet:-1","max-image-preview":"max-image-preview:large","max-video-preview":"max-video-preview:-1"},"canonical":"http:\/\/wbcoiffure.fr\/?product=american-crew-forming-cream","og_locale":"fr_FR","og_type":"article","og_title":"AMERICAN CREW \u2013 FORMING CREAM - WB Coiffure","og_description":"CR\u00c8ME COIFFANTE SOUPLE ET STRUCTURANTEId\u00e9ale pour tous les types de cheveux, cette cr\u00e8me offre une tenue moyenne avec une brillance naturelle. Parfaite pour structurer sans figer.","og_url":"http:\/\/wbcoiffure.fr\/?product=american-crew-forming-cream","og_site_name":"WB Coiffure","og_image":[{"width":894,"height":894,"url":"http:\/\/wbcoiffure.fr\/wp-content\/uploads\/2025\/07\/71yjKMZ0xIL._UF8941000_QL80_.jpg","type":"image\/jpeg"}],"twitter_card":"summary_large_image","twitter_misc":{"Dur\u00e9e de lecture estim\u00e9e":"1 minute"},"schema":{"@context":"https:\/\/schema.org","@graph":[{"@type":"WebPage","@id":"http:\/\/wbcoiffure.fr\/?product=american-crew-forming-cream","url":"http:\/\/wbcoiffure.fr\/?product=american-crew-forming-cream","name":"AMERICAN CREW \u2013 FORMING CREAM - WB Coiffure","isPartOf":{"@id":"https:\/\/wbcoiffure.fr\/#website"},"primaryImageOfPage":{"@id":"http:\/\/wbcoiffure.fr\/?product=american-crew-forming-cream#primaryimage"},"image":{"@id":"http:\/\/wbcoiffure.fr\/?product=american-crew-forming-cream#primaryimage"},"thumbnailUrl":"https:\/\/wbcoiffure.fr\/wp-content\/uploads\/2025\/07\/71yjKMZ0xIL._UF8941000_QL80_.jpg","datePublished":"2025-07-27T07:25:13+00:00","breadcrumb":{"@id":"http:\/\/wbcoiffure.fr\/?product=american-crew-forming-cream#breadcrumb"},"inLanguage":"fr-FR","potentialAction":[{"@type":"ReadAction","target":["http:\/\/wbcoiffure.fr\/?product=american-crew-forming-cream"]}]},{"@type":"ImageObject","inLanguage":"fr-FR","@id":"http:\/\/wbcoiffure.fr\/?product=american-crew-forming-cream#primaryimage","url":"https:\/\/wbcoiffure.fr\/wp-content\/uploads\/2025\/07\/71yjKMZ0xIL._UF8941000_QL80_.jpg","contentUrl":"https:\/\/wbcoiffure.fr\/wp-content\/uploads\/2025\/07\/71yjKMZ0xIL._UF8941000_QL80_.jpg","width":894,"height":894},{"@type":"BreadcrumbList","@id":"http:\/\/wbcoiffure.fr\/?product=american-crew-forming-cream#breadcrumb","itemListElement":[{"@type":"ListItem","position":1,"name":"Accueil","item":"https:\/\/wbcoiffure.fr\/"},{"@type":"ListItem","position":2,"name":"Boutique","item":"https:\/\/wbcoiffure.fr\/?page_id=409"},{"@type":"ListItem","position":3,"name":"AMERICAN CREW \u2013 FORMING CREAM"}]},{"@type":"WebSite","@id":"https:\/\/wbcoiffure.fr\/#website","url":"https:\/\/wbcoiffure.fr\/","name":"WB Coiffure","description":"Salon de coiffure Castelnau-le-lez","publisher":{"@id":"https:\/\/wbcoiffure.fr\/#organization"},"potentialAction":[{"@type":"SearchAction","target":{"@type":"EntryPoint","urlTemplate":"https:\/\/wbcoiffure.fr\/?s={search_term_string}"},"query-input":{"@type":"PropertyValueSpecification","valueRequired":true,"valueName":"search_term_string"}}],"inLanguage":"fr-FR"},{"@type":"Organization","@id":"https:\/\/wbcoiffure.fr\/#organization","name":"WB Coiffure","url":"https:\/\/wbcoiffure.fr\/","logo":{"@type":"ImageObject","inLanguage":"fr-FR","@id":"https:\/\/wbcoiffure.fr\/#\/schema\/logo\/image\/","url":"https:\/\/wbcoiffure.fr\/wp-content\/uploads\/2025\/04\/principalWB-logo-internet.png","contentUrl":"https:\/\/wbcoiffure.fr\/wp-content\/uploads\/2025\/04\/principalWB-logo-internet.png","width":316,"height":82,"caption":"WB Coiffure"},"image":{"@id":"https:\/\/wbcoiffure.fr\/#\/schema\/logo\/image\/"}}]}},"brands":[{"id":49,"name":"American Crew","slug":"american-crew"}],"_links":{"self":[{"href":"https:\/\/wbcoiffure.fr\/index.php?rest_route=\/wp\/v2\/product\/1366","targetHints":{"allow":["GET"]}}],"collection":[{"href":"https:\/\/wbcoiffure.fr\/index.php?rest_route=\/wp\/v2\/product"}],"about":[{"href":"https:\/\/wbcoiffure.fr\/index.php?rest_route=\/wp\/v2\/types\/product"}],"wp:featuredmedia":[{"embeddable":true,"href":"https:\/\/wbcoiffure.fr\/index.php?rest_route=\/wp\/v2\/media\/1367"}],"wp:attachment":[{"href":"https:\/\/wbcoiffure.fr\/index.php?rest_route=%2Fwp%2Fv2%2Fmedia&parent=1366"}],"wp:term":[{"taxonomy":"pwb-brand","embeddable":true,"href":"https:\/\/wbcoiffure.fr\/index.php?rest_route=%2Fwp%2Fv2%2Fpwb-brand&post=1366"},{"taxonomy":"product_brand","embeddable":true,"href":"https:\/\/wbcoiffure.fr\/index.php?rest_route=%2Fwp%2Fv2%2Fproduct_brand&post=1366"},{"taxonomy":"product_cat","embeddable":true,"href":"https:\/\/wbcoiffure.fr\/index.php?rest_route=%2Fwp%2Fv2%2Fproduct_cat&post=1366"},{"taxonomy":"product_tag","embeddable":true,"href":"https:\/\/wbcoiffure.fr\/index.php?rest_route=%2Fwp%2Fv2%2Fproduct_tag&post=1366"}],"curies":[{"name":"wp","href":"https:\/\/api.w.org\/{rel}","templated":true}]}}