{"id":134,"date":"2025-04-29T16:28:23","date_gmt":"2025-04-29T14:28:23","guid":{"rendered":"http:\/\/faisal"},"modified":"2025-07-21T13:22:30","modified_gmt":"2025-07-21T11:22:30","slug":"boost-power","status":"publish","type":"product","link":"https:\/\/wbcoiffure.fr\/?product=boost-power","title":{"rendered":"Boost Power \u2013 Poudre volumisante"},"content":{"rendered":"<div class=\"woocommerce-tabs wc-tabs-wrapper\">\n<div id=\"tab-description\" class=\"woocommerce-Tabs-panel woocommerce-Tabs-panel--description panel entry-content wc-tab\" role=\"tabpanel\" aria-labelledby=\"tab-title-description\">\n<p class=\"p1\"><b>Consistance :\u00a0<\/b>Poudre<\/p>\n<p class=\"p1\"><b>Type de cheveux :\u00a0<\/b>Cheveux normaux<\/p>\n<p class=\"p1\"><b>Effet :\u00a0<\/b>Fixation, Pour des cheveux soyeux et brillants, volume des cheveux, Produits s\u00e9bo-r\u00e9gulateurs<\/p>\n<p class=\"p1\"><b>Type de cuir chevelu :\u00a0<\/b>Cuir chevelu gras<\/p>\n<\/div>\n<div id=\"tab-additional_information\" class=\"woocommerce-Tabs-panel woocommerce-Tabs-panel--additional_information panel entry-content wc-tab\" role=\"tabpanel\" aria-labelledby=\"tab-title-additional_information\">\n<table class=\"woocommerce-product-attributes shop_attributes\">\n<tbody>\n<tr class=\"woocommerce-product-attributes-item woocommerce-product-attributes-item--attribute_mode-dapplication\">\n<th class=\"woocommerce-product-attributes-item__label\">Mode d&rsquo;Application<\/th>\n<td class=\"woocommerce-product-attributes-item__value\">Tapotez quelques fois sur le pot. Versez ensuite une petite quantit\u00e9 de poudre dans la paume de la main et saupoudrez sur les cheveux secs. Dirigez le produit au plus pr\u00e8s des racines. Arrangez ensuite vos cheveux.<\/td>\n<\/tr>\n<tr class=\"woocommerce-product-attributes-item woocommerce-product-attributes-item--attribute_caract%c3%a9ristiques\">\n<th class=\"woocommerce-product-attributes-item__label\">Caract\u00e9ristiques<\/th>\n<td class=\"woocommerce-product-attributes-item__value\">Donne instantan\u00e9ment du volume \u00e0 vos cheveux, Soul\u00e8ve vos cheveux depuis leurs racines, Garantit un effet \u00e9paississant, Apporte un fini mat, Texture tr\u00e8s l\u00e9g\u00e8re qui n&rsquo;alourdit pas les cheveux.<\/td>\n<\/tr>\n<tr class=\"woocommerce-product-attributes-item woocommerce-product-attributes-item--attribute_ingr%c3%a9dients\">\n<th class=\"woocommerce-product-attributes-item__label\">Ingr\u00e9dients<\/th>\n<td class=\"woocommerce-product-attributes-item__value\">Propyl\u00e8ne glycol : maintient les cheveux parfaitement hydrat\u00e9s et doux, Dioxyde de silicium : apporte de l&rsquo;\u00e9paisseur et une fixation pleine de souplesse \u00e0 vos cheveux, Acide citrique : revitalise et r\u00e9g\u00e9n\u00e8re les cheveux<\/td>\n<\/tr>\n<\/tbody>\n<\/table>\n<\/div>\n<\/div>\n<section class=\"related products\">\n<div class=\"astra-shop-summary-wrap\"><\/div>\n<\/section>\n","protected":false},"excerpt":{"rendered":"<p class=\"p1\">Ne laissez pas vos cheveux subir les lois de l\u2019attraction universelle. La\u00a0<strong>poudre volumisante American Crew Styling Boost Powder<\/strong>\u00a0d\u00e9fie la gravit\u00e9.<\/p>\n<p class=\"p1\">Appliquez-la tout simplement au niveau des racines et apportez de la texture et un volume imm\u00e9diat \u00e0 vos cheveux. Cette poudre n\u2019alourdit pas du tout votre chevelure, bien au contraire ! Vos cheveux seront toujours parfaitement pr\u00eats pour l\u2019application d\u2019un autre produit coiffant d\u2019American Crew, exactement comme vous le souhaitez.<\/p>\n","protected":false},"featured_media":1033,"template":"","meta":{"_eb_attr":"","ocean_post_layout":"","ocean_both_sidebars_style":"","ocean_both_sidebars_content_width":0,"ocean_both_sidebars_sidebars_width":0,"ocean_sidebar":"0","ocean_second_sidebar":"0","ocean_disable_margins":"enable","ocean_add_body_class":"","ocean_shortcode_before_top_bar":"","ocean_shortcode_after_top_bar":"","ocean_shortcode_before_header":"","ocean_shortcode_after_header":"","ocean_has_shortcode":"","ocean_shortcode_after_title":"","ocean_shortcode_before_footer_widgets":"","ocean_shortcode_after_footer_widgets":"","ocean_shortcode_before_footer_bottom":"","ocean_shortcode_after_footer_bottom":"","ocean_display_top_bar":"default","ocean_display_header":"default","ocean_header_style":"","ocean_center_header_left_menu":"0","ocean_custom_header_template":"0","ocean_custom_logo":0,"ocean_custom_retina_logo":0,"ocean_custom_logo_max_width":0,"ocean_custom_logo_tablet_max_width":0,"ocean_custom_logo_mobile_max_width":0,"ocean_custom_logo_max_height":0,"ocean_custom_logo_tablet_max_height":0,"ocean_custom_logo_mobile_max_height":0,"ocean_header_custom_menu":"0","ocean_menu_typo_font_family":"0","ocean_menu_typo_font_subset":"","ocean_menu_typo_font_size":0,"ocean_menu_typo_font_size_tablet":0,"ocean_menu_typo_font_size_mobile":0,"ocean_menu_typo_font_size_unit":"px","ocean_menu_typo_font_weight":"","ocean_menu_typo_font_weight_tablet":"","ocean_menu_typo_font_weight_mobile":"","ocean_menu_typo_transform":"","ocean_menu_typo_transform_tablet":"","ocean_menu_typo_transform_mobile":"","ocean_menu_typo_line_height":0,"ocean_menu_typo_line_height_tablet":0,"ocean_menu_typo_line_height_mobile":0,"ocean_menu_typo_line_height_unit":"","ocean_menu_typo_spacing":0,"ocean_menu_typo_spacing_tablet":0,"ocean_menu_typo_spacing_mobile":0,"ocean_menu_typo_spacing_unit":"","ocean_menu_link_color":"","ocean_menu_link_color_hover":"","ocean_menu_link_color_active":"","ocean_menu_link_background":"","ocean_menu_link_hover_background":"","ocean_menu_link_active_background":"","ocean_menu_social_links_bg":"","ocean_menu_social_hover_links_bg":"","ocean_menu_social_links_color":"","ocean_menu_social_hover_links_color":"","ocean_disable_title":"default","ocean_disable_heading":"default","ocean_post_title":"","ocean_post_subheading":"","ocean_post_title_style":"","ocean_post_title_background_color":"","ocean_post_title_background":0,"ocean_post_title_bg_image_position":"","ocean_post_title_bg_image_attachment":"","ocean_post_title_bg_image_repeat":"","ocean_post_title_bg_image_size":"","ocean_post_title_height":0,"ocean_post_title_bg_overlay":0.5,"ocean_post_title_bg_overlay_color":"","ocean_disable_breadcrumbs":"default","ocean_breadcrumbs_color":"","ocean_breadcrumbs_separator_color":"","ocean_breadcrumbs_links_color":"","ocean_breadcrumbs_links_hover_color":"","ocean_display_footer_widgets":"default","ocean_display_footer_bottom":"default","ocean_custom_footer_template":"0"},"pwb-brand":[49],"product_brand":[38],"product_cat":[32,41,19],"product_tag":[],"class_list":{"0":"post-134","1":"product","2":"type-product","3":"status-publish","4":"has-post-thumbnail","6":"pwb-brand-american-crew","7":"product_brand-american-crew","8":"product_cat-homme","9":"product_cat-produit-coiffant","10":"product_cat-beautybuy","11":"pa_marque-american-crew","13":"entry","14":"has-media","16":"first","17":"instock","18":"shipping-taxable","19":"purchasable","20":"product-type-simple","21":"has-product-nav","22":"col","23":"span_1_of_3","24":"owp-content-center","25":"owp-thumbs-layout-horizontal","26":"owp-btn-normal","27":"owp-tabs-layout-horizontal","28":"has-no-thumbnails"},"yoast_head":"<!-- This site is optimized with the Yoast SEO plugin v27.1.1 - https:\/\/yoast.com\/product\/yoast-seo-wordpress\/ -->\n<title>Boost Power \u2013 Poudre volumisante - WB Coiffure<\/title>\n<meta name=\"robots\" content=\"index, follow, max-snippet:-1, max-image-preview:large, max-video-preview:-1\" \/>\n<link rel=\"canonical\" href=\"https:\/\/wbcoiffure.fr\/?product=boost-power\" \/>\n<meta property=\"og:locale\" content=\"fr_FR\" \/>\n<meta property=\"og:type\" content=\"article\" \/>\n<meta property=\"og:title\" content=\"Boost Power \u2013 Poudre volumisante - WB Coiffure\" \/>\n<meta property=\"og:description\" content=\"Ne laissez pas vos cheveux subir les lois de l\u2019attraction universelle. La\u00a0poudre volumisante American Crew Styling Boost Powder\u00a0d\u00e9fie la gravit\u00e9. Appliquez-la tout simplement au niveau des racines et apportez de la texture et un volume imm\u00e9diat \u00e0 vos cheveux. Cette poudre n\u2019alourdit pas du tout votre chevelure, bien au contraire ! Vos cheveux seront toujours parfaitement pr\u00eats pour l\u2019application d\u2019un autre produit coiffant d\u2019American Crew, exactement comme vous le souhaitez.\" \/>\n<meta property=\"og:url\" content=\"https:\/\/wbcoiffure.fr\/?product=boost-power\" \/>\n<meta property=\"og:site_name\" content=\"WB Coiffure\" \/>\n<meta property=\"article:modified_time\" content=\"2025-07-21T11:22:30+00:00\" \/>\n<meta property=\"og:image\" content=\"https:\/\/wbcoiffure.fr\/wp-content\/uploads\/2025\/04\/Boost-Power-\u2013-Poudre-volumisante.jpg\" \/>\n\t<meta property=\"og:image:width\" content=\"768\" \/>\n\t<meta property=\"og:image:height\" content=\"768\" \/>\n\t<meta property=\"og:image:type\" content=\"image\/jpeg\" \/>\n<meta name=\"twitter:card\" content=\"summary_large_image\" \/>\n<meta name=\"twitter:label1\" content=\"Dur\u00e9e de lecture estim\u00e9e\" \/>\n\t<meta name=\"twitter:data1\" content=\"1 minute\" \/>\n<script type=\"application\/ld+json\" class=\"yoast-schema-graph\">{\"@context\":\"https:\/\/schema.org\",\"@graph\":[{\"@type\":\"WebPage\",\"@id\":\"https:\/\/wbcoiffure.fr\/?product=boost-power\",\"url\":\"https:\/\/wbcoiffure.fr\/?product=boost-power\",\"name\":\"Boost Power \u2013 Poudre volumisante - WB Coiffure\",\"isPartOf\":{\"@id\":\"https:\/\/wbcoiffure.fr\/#website\"},\"primaryImageOfPage\":{\"@id\":\"https:\/\/wbcoiffure.fr\/?product=boost-power#primaryimage\"},\"image\":{\"@id\":\"https:\/\/wbcoiffure.fr\/?product=boost-power#primaryimage\"},\"thumbnailUrl\":\"https:\/\/wbcoiffure.fr\/wp-content\/uploads\/2025\/04\/Boost-Power-\u2013-Poudre-volumisante.jpg\",\"datePublished\":\"2025-04-29T14:28:23+00:00\",\"dateModified\":\"2025-07-21T11:22:30+00:00\",\"breadcrumb\":{\"@id\":\"https:\/\/wbcoiffure.fr\/?product=boost-power#breadcrumb\"},\"inLanguage\":\"fr-FR\",\"potentialAction\":[{\"@type\":\"ReadAction\",\"target\":[\"https:\/\/wbcoiffure.fr\/?product=boost-power\"]}]},{\"@type\":\"ImageObject\",\"inLanguage\":\"fr-FR\",\"@id\":\"https:\/\/wbcoiffure.fr\/?product=boost-power#primaryimage\",\"url\":\"https:\/\/wbcoiffure.fr\/wp-content\/uploads\/2025\/04\/Boost-Power-\u2013-Poudre-volumisante.jpg\",\"contentUrl\":\"https:\/\/wbcoiffure.fr\/wp-content\/uploads\/2025\/04\/Boost-Power-\u2013-Poudre-volumisante.jpg\",\"width\":768,\"height\":768},{\"@type\":\"BreadcrumbList\",\"@id\":\"https:\/\/wbcoiffure.fr\/?product=boost-power#breadcrumb\",\"itemListElement\":[{\"@type\":\"ListItem\",\"position\":1,\"name\":\"Accueil\",\"item\":\"https:\/\/wbcoiffure.fr\/\"},{\"@type\":\"ListItem\",\"position\":2,\"name\":\"Boutique\",\"item\":\"https:\/\/wbcoiffure.fr\/?page_id=409\"},{\"@type\":\"ListItem\",\"position\":3,\"name\":\"Boost Power \u2013 Poudre volumisante\"}]},{\"@type\":\"WebSite\",\"@id\":\"https:\/\/wbcoiffure.fr\/#website\",\"url\":\"https:\/\/wbcoiffure.fr\/\",\"name\":\"WB Coiffure\",\"description\":\"Salon de coiffure Castelnau-le-lez\",\"publisher\":{\"@id\":\"https:\/\/wbcoiffure.fr\/#organization\"},\"potentialAction\":[{\"@type\":\"SearchAction\",\"target\":{\"@type\":\"EntryPoint\",\"urlTemplate\":\"https:\/\/wbcoiffure.fr\/?s={search_term_string}\"},\"query-input\":{\"@type\":\"PropertyValueSpecification\",\"valueRequired\":true,\"valueName\":\"search_term_string\"}}],\"inLanguage\":\"fr-FR\"},{\"@type\":\"Organization\",\"@id\":\"https:\/\/wbcoiffure.fr\/#organization\",\"name\":\"WB Coiffure\",\"url\":\"https:\/\/wbcoiffure.fr\/\",\"logo\":{\"@type\":\"ImageObject\",\"inLanguage\":\"fr-FR\",\"@id\":\"https:\/\/wbcoiffure.fr\/#\/schema\/logo\/image\/\",\"url\":\"https:\/\/wbcoiffure.fr\/wp-content\/uploads\/2025\/04\/principalWB-logo-internet.png\",\"contentUrl\":\"https:\/\/wbcoiffure.fr\/wp-content\/uploads\/2025\/04\/principalWB-logo-internet.png\",\"width\":316,\"height\":82,\"caption\":\"WB Coiffure\"},\"image\":{\"@id\":\"https:\/\/wbcoiffure.fr\/#\/schema\/logo\/image\/\"}}]}<\/script>\n<!-- \/ Yoast SEO plugin. -->","yoast_head_json":{"title":"Boost Power \u2013 Poudre volumisante - WB Coiffure","robots":{"index":"index","follow":"follow","max-snippet":"max-snippet:-1","max-image-preview":"max-image-preview:large","max-video-preview":"max-video-preview:-1"},"canonical":"https:\/\/wbcoiffure.fr\/?product=boost-power","og_locale":"fr_FR","og_type":"article","og_title":"Boost Power \u2013 Poudre volumisante - WB Coiffure","og_description":"Ne laissez pas vos cheveux subir les lois de l\u2019attraction universelle. La\u00a0poudre volumisante American Crew Styling Boost Powder\u00a0d\u00e9fie la gravit\u00e9. Appliquez-la tout simplement au niveau des racines et apportez de la texture et un volume imm\u00e9diat \u00e0 vos cheveux. Cette poudre n\u2019alourdit pas du tout votre chevelure, bien au contraire ! Vos cheveux seront toujours parfaitement pr\u00eats pour l\u2019application d\u2019un autre produit coiffant d\u2019American Crew, exactement comme vous le souhaitez.","og_url":"https:\/\/wbcoiffure.fr\/?product=boost-power","og_site_name":"WB Coiffure","article_modified_time":"2025-07-21T11:22:30+00:00","og_image":[{"width":768,"height":768,"url":"https:\/\/wbcoiffure.fr\/wp-content\/uploads\/2025\/04\/Boost-Power-\u2013-Poudre-volumisante.jpg","type":"image\/jpeg"}],"twitter_card":"summary_large_image","twitter_misc":{"Dur\u00e9e de lecture estim\u00e9e":"1 minute"},"schema":{"@context":"https:\/\/schema.org","@graph":[{"@type":"WebPage","@id":"https:\/\/wbcoiffure.fr\/?product=boost-power","url":"https:\/\/wbcoiffure.fr\/?product=boost-power","name":"Boost Power \u2013 Poudre volumisante - WB Coiffure","isPartOf":{"@id":"https:\/\/wbcoiffure.fr\/#website"},"primaryImageOfPage":{"@id":"https:\/\/wbcoiffure.fr\/?product=boost-power#primaryimage"},"image":{"@id":"https:\/\/wbcoiffure.fr\/?product=boost-power#primaryimage"},"thumbnailUrl":"https:\/\/wbcoiffure.fr\/wp-content\/uploads\/2025\/04\/Boost-Power-\u2013-Poudre-volumisante.jpg","datePublished":"2025-04-29T14:28:23+00:00","dateModified":"2025-07-21T11:22:30+00:00","breadcrumb":{"@id":"https:\/\/wbcoiffure.fr\/?product=boost-power#breadcrumb"},"inLanguage":"fr-FR","potentialAction":[{"@type":"ReadAction","target":["https:\/\/wbcoiffure.fr\/?product=boost-power"]}]},{"@type":"ImageObject","inLanguage":"fr-FR","@id":"https:\/\/wbcoiffure.fr\/?product=boost-power#primaryimage","url":"https:\/\/wbcoiffure.fr\/wp-content\/uploads\/2025\/04\/Boost-Power-\u2013-Poudre-volumisante.jpg","contentUrl":"https:\/\/wbcoiffure.fr\/wp-content\/uploads\/2025\/04\/Boost-Power-\u2013-Poudre-volumisante.jpg","width":768,"height":768},{"@type":"BreadcrumbList","@id":"https:\/\/wbcoiffure.fr\/?product=boost-power#breadcrumb","itemListElement":[{"@type":"ListItem","position":1,"name":"Accueil","item":"https:\/\/wbcoiffure.fr\/"},{"@type":"ListItem","position":2,"name":"Boutique","item":"https:\/\/wbcoiffure.fr\/?page_id=409"},{"@type":"ListItem","position":3,"name":"Boost Power \u2013 Poudre volumisante"}]},{"@type":"WebSite","@id":"https:\/\/wbcoiffure.fr\/#website","url":"https:\/\/wbcoiffure.fr\/","name":"WB Coiffure","description":"Salon de coiffure Castelnau-le-lez","publisher":{"@id":"https:\/\/wbcoiffure.fr\/#organization"},"potentialAction":[{"@type":"SearchAction","target":{"@type":"EntryPoint","urlTemplate":"https:\/\/wbcoiffure.fr\/?s={search_term_string}"},"query-input":{"@type":"PropertyValueSpecification","valueRequired":true,"valueName":"search_term_string"}}],"inLanguage":"fr-FR"},{"@type":"Organization","@id":"https:\/\/wbcoiffure.fr\/#organization","name":"WB Coiffure","url":"https:\/\/wbcoiffure.fr\/","logo":{"@type":"ImageObject","inLanguage":"fr-FR","@id":"https:\/\/wbcoiffure.fr\/#\/schema\/logo\/image\/","url":"https:\/\/wbcoiffure.fr\/wp-content\/uploads\/2025\/04\/principalWB-logo-internet.png","contentUrl":"https:\/\/wbcoiffure.fr\/wp-content\/uploads\/2025\/04\/principalWB-logo-internet.png","width":316,"height":82,"caption":"WB Coiffure"},"image":{"@id":"https:\/\/wbcoiffure.fr\/#\/schema\/logo\/image\/"}}]}},"brands":[{"id":49,"name":"American Crew","slug":"american-crew"}],"_links":{"self":[{"href":"https:\/\/wbcoiffure.fr\/index.php?rest_route=\/wp\/v2\/product\/134","targetHints":{"allow":["GET"]}}],"collection":[{"href":"https:\/\/wbcoiffure.fr\/index.php?rest_route=\/wp\/v2\/product"}],"about":[{"href":"https:\/\/wbcoiffure.fr\/index.php?rest_route=\/wp\/v2\/types\/product"}],"wp:featuredmedia":[{"embeddable":true,"href":"https:\/\/wbcoiffure.fr\/index.php?rest_route=\/wp\/v2\/media\/1033"}],"wp:attachment":[{"href":"https:\/\/wbcoiffure.fr\/index.php?rest_route=%2Fwp%2Fv2%2Fmedia&parent=134"}],"wp:term":[{"taxonomy":"pwb-brand","embeddable":true,"href":"https:\/\/wbcoiffure.fr\/index.php?rest_route=%2Fwp%2Fv2%2Fpwb-brand&post=134"},{"taxonomy":"product_brand","embeddable":true,"href":"https:\/\/wbcoiffure.fr\/index.php?rest_route=%2Fwp%2Fv2%2Fproduct_brand&post=134"},{"taxonomy":"product_cat","embeddable":true,"href":"https:\/\/wbcoiffure.fr\/index.php?rest_route=%2Fwp%2Fv2%2Fproduct_cat&post=134"},{"taxonomy":"product_tag","embeddable":true,"href":"https:\/\/wbcoiffure.fr\/index.php?rest_route=%2Fwp%2Fv2%2Fproduct_tag&post=134"}],"curies":[{"name":"wp","href":"https:\/\/api.w.org\/{rel}","templated":true}]}}