{"id":132,"date":"2025-04-29T16:28:22","date_gmt":"2025-04-29T14:28:22","guid":{"rendered":"http:\/\/faisal"},"modified":"2025-07-21T13:23:15","modified_gmt":"2025-07-21T11:23:15","slug":"fiber","status":"publish","type":"product","link":"https:\/\/wbcoiffure.fr\/?product=fiber","title":{"rendered":"FIBER \u2013 P\u00c2TE COIFFANTE FIXATION FORTE &#038; EFFET MAT"},"content":{"rendered":"<h3 data-start=\"397\" data-end=\"432\"><strong data-start=\"401\" data-end=\"418\">Consistance :<\/strong> P\u00e2te fibreuse<\/h3>\n<h3 data-start=\"434\" data-end=\"485\"><strong data-start=\"438\" data-end=\"459\">Type de cheveux :<\/strong> Cheveux courts \u00e0 mi-longs<\/h3>\n<h3 data-start=\"487\" data-end=\"558\"><strong data-start=\"491\" data-end=\"502\">Effet :<\/strong> Fixation forte, effet mat, texturisant, volume contr\u00f4l\u00e9<\/h3>\n<h3 data-start=\"560\" data-end=\"601\"><strong data-start=\"564\" data-end=\"590\">Type de cuir chevelu :<\/strong> Tous types<\/h3>\n<div class=\"_tableContainer_80l1q_1\">\n<div class=\"_tableWrapper_80l1q_14 group flex w-fit flex-col-reverse\" tabindex=\"-1\">\n<table class=\"w-fit min-w-(--thread-content-width)\" data-start=\"603\" data-end=\"1291\">\n<thead data-start=\"603\" data-end=\"778\">\n<tr data-start=\"603\" data-end=\"778\">\n<th data-start=\"603\" data-end=\"628\" data-col-size=\"sm\"><strong data-start=\"605\" data-end=\"627\">Mode d\u2019Application<\/strong><\/th>\n<th data-start=\"628\" data-end=\"778\" data-col-size=\"lg\">Chauffez une petite quantit\u00e9 entre vos paumes puis appliquez uniform\u00e9ment sur cheveux secs ou l\u00e9g\u00e8rement humides. Modelez selon le style souhait\u00e9.<\/th>\n<\/tr>\n<\/thead>\n<tbody data-start=\"953\" data-end=\"1291\">\n<tr data-start=\"953\" data-end=\"1126\">\n<td data-start=\"953\" data-end=\"978\" data-col-size=\"sm\"><strong data-start=\"955\" data-end=\"975\">Caract\u00e9ristiques<\/strong><\/td>\n<td data-start=\"978\" data-end=\"1126\" data-col-size=\"lg\">Haute tenue sans brillance. Apporte de la texture et de l\u2019\u00e9paisseur. Id\u00e9ale pour les looks travaill\u00e9s avec un rendu naturel et un effet sculpt\u00e9.<\/td>\n<\/tr>\n<tr data-start=\"1127\" data-end=\"1291\">\n<td data-start=\"1127\" data-end=\"1152\" data-col-size=\"sm\"><strong data-start=\"1129\" data-end=\"1144\">Ingr\u00e9dients<\/strong><\/td>\n<td data-start=\"1152\" data-end=\"1291\" data-col-size=\"lg\">Contient des fibres polym\u00e8res pour structurer et \u00e9paissir. Texture non grasse, facile \u00e0 rincer. Parfum l\u00e9ger et signature de la marque.<\/td>\n<\/tr>\n<\/tbody>\n<\/table>\n<div class=\"sticky end-(--thread-content-margin) h-0 self-end select-none\">\n<div class=\"absolute end-0 flex items-end\"><\/div>\n<\/div>\n<\/div>\n<\/div>\n","protected":false},"excerpt":{"rendered":"<p>La p\u00e2te <strong data-start=\"172\" data-end=\"182\">Fiber\u2122<\/strong> de <strong data-start=\"186\" data-end=\"203\">American Crew<\/strong> est id\u00e9ale pour sculpter des coiffures structur\u00e9es avec une finition mate. Elle offre une forte tenue tout en restant souple \u00e0 travailler, parfaite pour les styles textur\u00e9s du quotidien.<\/p>\n","protected":false},"featured_media":1053,"template":"","meta":{"_eb_attr":"","ocean_post_layout":"","ocean_both_sidebars_style":"","ocean_both_sidebars_content_width":0,"ocean_both_sidebars_sidebars_width":0,"ocean_sidebar":"0","ocean_second_sidebar":"0","ocean_disable_margins":"enable","ocean_add_body_class":"","ocean_shortcode_before_top_bar":"","ocean_shortcode_after_top_bar":"","ocean_shortcode_before_header":"","ocean_shortcode_after_header":"","ocean_has_shortcode":"","ocean_shortcode_after_title":"","ocean_shortcode_before_footer_widgets":"","ocean_shortcode_after_footer_widgets":"","ocean_shortcode_before_footer_bottom":"","ocean_shortcode_after_footer_bottom":"","ocean_display_top_bar":"default","ocean_display_header":"default","ocean_header_style":"","ocean_center_header_left_menu":"0","ocean_custom_header_template":"0","ocean_custom_logo":0,"ocean_custom_retina_logo":0,"ocean_custom_logo_max_width":0,"ocean_custom_logo_tablet_max_width":0,"ocean_custom_logo_mobile_max_width":0,"ocean_custom_logo_max_height":0,"ocean_custom_logo_tablet_max_height":0,"ocean_custom_logo_mobile_max_height":0,"ocean_header_custom_menu":"0","ocean_menu_typo_font_family":"0","ocean_menu_typo_font_subset":"","ocean_menu_typo_font_size":0,"ocean_menu_typo_font_size_tablet":0,"ocean_menu_typo_font_size_mobile":0,"ocean_menu_typo_font_size_unit":"px","ocean_menu_typo_font_weight":"","ocean_menu_typo_font_weight_tablet":"","ocean_menu_typo_font_weight_mobile":"","ocean_menu_typo_transform":"","ocean_menu_typo_transform_tablet":"","ocean_menu_typo_transform_mobile":"","ocean_menu_typo_line_height":0,"ocean_menu_typo_line_height_tablet":0,"ocean_menu_typo_line_height_mobile":0,"ocean_menu_typo_line_height_unit":"","ocean_menu_typo_spacing":0,"ocean_menu_typo_spacing_tablet":0,"ocean_menu_typo_spacing_mobile":0,"ocean_menu_typo_spacing_unit":"","ocean_menu_link_color":"","ocean_menu_link_color_hover":"","ocean_menu_link_color_active":"","ocean_menu_link_background":"","ocean_menu_link_hover_background":"","ocean_menu_link_active_background":"","ocean_menu_social_links_bg":"","ocean_menu_social_hover_links_bg":"","ocean_menu_social_links_color":"","ocean_menu_social_hover_links_color":"","ocean_disable_title":"default","ocean_disable_heading":"default","ocean_post_title":"","ocean_post_subheading":"","ocean_post_title_style":"","ocean_post_title_background_color":"","ocean_post_title_background":0,"ocean_post_title_bg_image_position":"","ocean_post_title_bg_image_attachment":"","ocean_post_title_bg_image_repeat":"","ocean_post_title_bg_image_size":"","ocean_post_title_height":0,"ocean_post_title_bg_overlay":0.5,"ocean_post_title_bg_overlay_color":"","ocean_disable_breadcrumbs":"default","ocean_breadcrumbs_color":"","ocean_breadcrumbs_separator_color":"","ocean_breadcrumbs_links_color":"","ocean_breadcrumbs_links_hover_color":"","ocean_display_footer_widgets":"default","ocean_display_footer_bottom":"default","ocean_custom_footer_template":"0"},"pwb-brand":[49],"product_brand":[38],"product_cat":[32,41,19],"product_tag":[],"class_list":{"0":"post-132","1":"product","2":"type-product","3":"status-publish","4":"has-post-thumbnail","6":"pwb-brand-american-crew","7":"product_brand-american-crew","8":"product_cat-homme","9":"product_cat-produit-coiffant","10":"product_cat-beautybuy","11":"pa_marque-american-crew","13":"entry","14":"has-media","16":"first","17":"instock","18":"shipping-taxable","19":"purchasable","20":"product-type-simple","21":"has-product-nav","22":"col","23":"span_1_of_3","24":"owp-content-center","25":"owp-thumbs-layout-horizontal","26":"owp-btn-normal","27":"owp-tabs-layout-horizontal","28":"has-no-thumbnails"},"yoast_head":"<!-- This site is optimized with the Yoast SEO plugin v27.1.1 - https:\/\/yoast.com\/product\/yoast-seo-wordpress\/ -->\n<title>FIBER \u2013 P\u00c2TE COIFFANTE FIXATION FORTE &amp; EFFET MAT - WB Coiffure<\/title>\n<meta name=\"robots\" content=\"index, follow, max-snippet:-1, max-image-preview:large, max-video-preview:-1\" \/>\n<link rel=\"canonical\" href=\"http:\/\/wbcoiffure.fr\/?product=fiber\" \/>\n<meta property=\"og:locale\" content=\"fr_FR\" \/>\n<meta property=\"og:type\" content=\"article\" \/>\n<meta property=\"og:title\" content=\"FIBER \u2013 P\u00c2TE COIFFANTE FIXATION FORTE &amp; EFFET MAT - WB Coiffure\" \/>\n<meta property=\"og:description\" content=\"La p\u00e2te Fiber\u2122 de American Crew est id\u00e9ale pour sculpter des coiffures structur\u00e9es avec une finition mate. Elle offre une forte tenue tout en restant souple \u00e0 travailler, parfaite pour les styles textur\u00e9s du quotidien.\" \/>\n<meta property=\"og:url\" content=\"http:\/\/wbcoiffure.fr\/?product=fiber\" \/>\n<meta property=\"og:site_name\" content=\"WB Coiffure\" \/>\n<meta property=\"article:modified_time\" content=\"2025-07-21T11:23:15+00:00\" \/>\n<meta property=\"og:image\" content=\"http:\/\/wbcoiffure.fr\/wp-content\/uploads\/2025\/04\/fiber.jpg\" \/>\n\t<meta property=\"og:image:width\" content=\"2000\" \/>\n\t<meta property=\"og:image:height\" content=\"2000\" \/>\n\t<meta property=\"og:image:type\" content=\"image\/jpeg\" \/>\n<meta name=\"twitter:card\" content=\"summary_large_image\" \/>\n<meta name=\"twitter:label1\" content=\"Dur\u00e9e de lecture estim\u00e9e\" \/>\n\t<meta name=\"twitter:data1\" content=\"1 minute\" \/>\n<script type=\"application\/ld+json\" class=\"yoast-schema-graph\">{\"@context\":\"https:\/\/schema.org\",\"@graph\":[{\"@type\":\"WebPage\",\"@id\":\"http:\/\/wbcoiffure.fr\/?product=fiber\",\"url\":\"http:\/\/wbcoiffure.fr\/?product=fiber\",\"name\":\"FIBER \u2013 P\u00c2TE COIFFANTE FIXATION FORTE & EFFET MAT - WB Coiffure\",\"isPartOf\":{\"@id\":\"https:\/\/wbcoiffure.fr\/#website\"},\"primaryImageOfPage\":{\"@id\":\"http:\/\/wbcoiffure.fr\/?product=fiber#primaryimage\"},\"image\":{\"@id\":\"http:\/\/wbcoiffure.fr\/?product=fiber#primaryimage\"},\"thumbnailUrl\":\"https:\/\/wbcoiffure.fr\/wp-content\/uploads\/2025\/04\/fiber.jpg\",\"datePublished\":\"2025-04-29T14:28:22+00:00\",\"dateModified\":\"2025-07-21T11:23:15+00:00\",\"breadcrumb\":{\"@id\":\"http:\/\/wbcoiffure.fr\/?product=fiber#breadcrumb\"},\"inLanguage\":\"fr-FR\",\"potentialAction\":[{\"@type\":\"ReadAction\",\"target\":[\"http:\/\/wbcoiffure.fr\/?product=fiber\"]}]},{\"@type\":\"ImageObject\",\"inLanguage\":\"fr-FR\",\"@id\":\"http:\/\/wbcoiffure.fr\/?product=fiber#primaryimage\",\"url\":\"https:\/\/wbcoiffure.fr\/wp-content\/uploads\/2025\/04\/fiber.jpg\",\"contentUrl\":\"https:\/\/wbcoiffure.fr\/wp-content\/uploads\/2025\/04\/fiber.jpg\",\"width\":2000,\"height\":2000,\"caption\":\"Version 1.0.0\"},{\"@type\":\"BreadcrumbList\",\"@id\":\"http:\/\/wbcoiffure.fr\/?product=fiber#breadcrumb\",\"itemListElement\":[{\"@type\":\"ListItem\",\"position\":1,\"name\":\"Accueil\",\"item\":\"https:\/\/wbcoiffure.fr\/\"},{\"@type\":\"ListItem\",\"position\":2,\"name\":\"Boutique\",\"item\":\"https:\/\/wbcoiffure.fr\/?page_id=409\"},{\"@type\":\"ListItem\",\"position\":3,\"name\":\"FIBER \u2013 P\u00c2TE COIFFANTE FIXATION FORTE &#038; EFFET MAT\"}]},{\"@type\":\"WebSite\",\"@id\":\"https:\/\/wbcoiffure.fr\/#website\",\"url\":\"https:\/\/wbcoiffure.fr\/\",\"name\":\"WB Coiffure\",\"description\":\"Salon de coiffure Castelnau-le-lez\",\"publisher\":{\"@id\":\"https:\/\/wbcoiffure.fr\/#organization\"},\"potentialAction\":[{\"@type\":\"SearchAction\",\"target\":{\"@type\":\"EntryPoint\",\"urlTemplate\":\"https:\/\/wbcoiffure.fr\/?s={search_term_string}\"},\"query-input\":{\"@type\":\"PropertyValueSpecification\",\"valueRequired\":true,\"valueName\":\"search_term_string\"}}],\"inLanguage\":\"fr-FR\"},{\"@type\":\"Organization\",\"@id\":\"https:\/\/wbcoiffure.fr\/#organization\",\"name\":\"WB Coiffure\",\"url\":\"https:\/\/wbcoiffure.fr\/\",\"logo\":{\"@type\":\"ImageObject\",\"inLanguage\":\"fr-FR\",\"@id\":\"https:\/\/wbcoiffure.fr\/#\/schema\/logo\/image\/\",\"url\":\"https:\/\/wbcoiffure.fr\/wp-content\/uploads\/2025\/04\/principalWB-logo-internet.png\",\"contentUrl\":\"https:\/\/wbcoiffure.fr\/wp-content\/uploads\/2025\/04\/principalWB-logo-internet.png\",\"width\":316,\"height\":82,\"caption\":\"WB Coiffure\"},\"image\":{\"@id\":\"https:\/\/wbcoiffure.fr\/#\/schema\/logo\/image\/\"}}]}<\/script>\n<!-- \/ Yoast SEO plugin. -->","yoast_head_json":{"title":"FIBER \u2013 P\u00c2TE COIFFANTE FIXATION FORTE & EFFET MAT - WB Coiffure","robots":{"index":"index","follow":"follow","max-snippet":"max-snippet:-1","max-image-preview":"max-image-preview:large","max-video-preview":"max-video-preview:-1"},"canonical":"http:\/\/wbcoiffure.fr\/?product=fiber","og_locale":"fr_FR","og_type":"article","og_title":"FIBER \u2013 P\u00c2TE COIFFANTE FIXATION FORTE & EFFET MAT - WB Coiffure","og_description":"La p\u00e2te Fiber\u2122 de American Crew est id\u00e9ale pour sculpter des coiffures structur\u00e9es avec une finition mate. Elle offre une forte tenue tout en restant souple \u00e0 travailler, parfaite pour les styles textur\u00e9s du quotidien.","og_url":"http:\/\/wbcoiffure.fr\/?product=fiber","og_site_name":"WB Coiffure","article_modified_time":"2025-07-21T11:23:15+00:00","og_image":[{"width":2000,"height":2000,"url":"http:\/\/wbcoiffure.fr\/wp-content\/uploads\/2025\/04\/fiber.jpg","type":"image\/jpeg"}],"twitter_card":"summary_large_image","twitter_misc":{"Dur\u00e9e de lecture estim\u00e9e":"1 minute"},"schema":{"@context":"https:\/\/schema.org","@graph":[{"@type":"WebPage","@id":"http:\/\/wbcoiffure.fr\/?product=fiber","url":"http:\/\/wbcoiffure.fr\/?product=fiber","name":"FIBER \u2013 P\u00c2TE COIFFANTE FIXATION FORTE & EFFET MAT - WB Coiffure","isPartOf":{"@id":"https:\/\/wbcoiffure.fr\/#website"},"primaryImageOfPage":{"@id":"http:\/\/wbcoiffure.fr\/?product=fiber#primaryimage"},"image":{"@id":"http:\/\/wbcoiffure.fr\/?product=fiber#primaryimage"},"thumbnailUrl":"https:\/\/wbcoiffure.fr\/wp-content\/uploads\/2025\/04\/fiber.jpg","datePublished":"2025-04-29T14:28:22+00:00","dateModified":"2025-07-21T11:23:15+00:00","breadcrumb":{"@id":"http:\/\/wbcoiffure.fr\/?product=fiber#breadcrumb"},"inLanguage":"fr-FR","potentialAction":[{"@type":"ReadAction","target":["http:\/\/wbcoiffure.fr\/?product=fiber"]}]},{"@type":"ImageObject","inLanguage":"fr-FR","@id":"http:\/\/wbcoiffure.fr\/?product=fiber#primaryimage","url":"https:\/\/wbcoiffure.fr\/wp-content\/uploads\/2025\/04\/fiber.jpg","contentUrl":"https:\/\/wbcoiffure.fr\/wp-content\/uploads\/2025\/04\/fiber.jpg","width":2000,"height":2000,"caption":"Version 1.0.0"},{"@type":"BreadcrumbList","@id":"http:\/\/wbcoiffure.fr\/?product=fiber#breadcrumb","itemListElement":[{"@type":"ListItem","position":1,"name":"Accueil","item":"https:\/\/wbcoiffure.fr\/"},{"@type":"ListItem","position":2,"name":"Boutique","item":"https:\/\/wbcoiffure.fr\/?page_id=409"},{"@type":"ListItem","position":3,"name":"FIBER \u2013 P\u00c2TE COIFFANTE FIXATION FORTE &#038; EFFET MAT"}]},{"@type":"WebSite","@id":"https:\/\/wbcoiffure.fr\/#website","url":"https:\/\/wbcoiffure.fr\/","name":"WB Coiffure","description":"Salon de coiffure Castelnau-le-lez","publisher":{"@id":"https:\/\/wbcoiffure.fr\/#organization"},"potentialAction":[{"@type":"SearchAction","target":{"@type":"EntryPoint","urlTemplate":"https:\/\/wbcoiffure.fr\/?s={search_term_string}"},"query-input":{"@type":"PropertyValueSpecification","valueRequired":true,"valueName":"search_term_string"}}],"inLanguage":"fr-FR"},{"@type":"Organization","@id":"https:\/\/wbcoiffure.fr\/#organization","name":"WB Coiffure","url":"https:\/\/wbcoiffure.fr\/","logo":{"@type":"ImageObject","inLanguage":"fr-FR","@id":"https:\/\/wbcoiffure.fr\/#\/schema\/logo\/image\/","url":"https:\/\/wbcoiffure.fr\/wp-content\/uploads\/2025\/04\/principalWB-logo-internet.png","contentUrl":"https:\/\/wbcoiffure.fr\/wp-content\/uploads\/2025\/04\/principalWB-logo-internet.png","width":316,"height":82,"caption":"WB Coiffure"},"image":{"@id":"https:\/\/wbcoiffure.fr\/#\/schema\/logo\/image\/"}}]}},"brands":[{"id":49,"name":"American Crew","slug":"american-crew"}],"_links":{"self":[{"href":"https:\/\/wbcoiffure.fr\/index.php?rest_route=\/wp\/v2\/product\/132","targetHints":{"allow":["GET"]}}],"collection":[{"href":"https:\/\/wbcoiffure.fr\/index.php?rest_route=\/wp\/v2\/product"}],"about":[{"href":"https:\/\/wbcoiffure.fr\/index.php?rest_route=\/wp\/v2\/types\/product"}],"wp:featuredmedia":[{"embeddable":true,"href":"https:\/\/wbcoiffure.fr\/index.php?rest_route=\/wp\/v2\/media\/1053"}],"wp:attachment":[{"href":"https:\/\/wbcoiffure.fr\/index.php?rest_route=%2Fwp%2Fv2%2Fmedia&parent=132"}],"wp:term":[{"taxonomy":"pwb-brand","embeddable":true,"href":"https:\/\/wbcoiffure.fr\/index.php?rest_route=%2Fwp%2Fv2%2Fpwb-brand&post=132"},{"taxonomy":"product_brand","embeddable":true,"href":"https:\/\/wbcoiffure.fr\/index.php?rest_route=%2Fwp%2Fv2%2Fproduct_brand&post=132"},{"taxonomy":"product_cat","embeddable":true,"href":"https:\/\/wbcoiffure.fr\/index.php?rest_route=%2Fwp%2Fv2%2Fproduct_cat&post=132"},{"taxonomy":"product_tag","embeddable":true,"href":"https:\/\/wbcoiffure.fr\/index.php?rest_route=%2Fwp%2Fv2%2Fproduct_tag&post=132"}],"curies":[{"name":"wp","href":"https:\/\/api.w.org\/{rel}","templated":true}]}}