{"id":1167,"date":"2025-07-12T14:20:54","date_gmt":"2025-07-12T12:20:54","guid":{"rendered":"https:\/\/wbcoiffure.fr\/?post_type=product&#038;p=1167"},"modified":"2025-07-21T13:09:46","modified_gmt":"2025-07-21T11:09:46","slug":"ghd-platinum-lisseur-intelligent-professionnel","status":"publish","type":"product","link":"https:\/\/wbcoiffure.fr\/?product=ghd-platinum-lisseur-intelligent-professionnel","title":{"rendered":"GHD Platinum+ \u2013 Lisseur intelligent professionnel"},"content":{"rendered":"<div class=\"_tableContainer_80l1q_1\">\n<div class=\"_tableWrapper_80l1q_14 group flex w-fit flex-col-reverse\" tabindex=\"-1\">\n<div class=\"_tableContainer_80l1q_1\">\n<div class=\"_tableWrapper_80l1q_14 group flex w-fit flex-col-reverse\" tabindex=\"-1\">\n<div class=\"_tableContainer_80l1q_1\">\n<div class=\"_tableWrapper_80l1q_14 group flex w-fit flex-col-reverse\" tabindex=\"-1\">\n<div class=\"_tableContainer_80l1q_1\">\n<div class=\"_tableWrapper_80l1q_14 group flex w-fit flex-col-reverse\" tabindex=\"-1\">\n<div class=\"_tableContainer_80l1q_1\">\n<div class=\"_tableWrapper_80l1q_14 group flex w-fit flex-col-reverse\" tabindex=\"-1\">\n<div class=\"_tableContainer_80l1q_1\">\n<div class=\"_tableWrapper_80l1q_14 group flex w-fit flex-col-reverse\" tabindex=\"-1\">\n<div class=\"_tableContainer_80l1q_1\">\n<div class=\"_tableWrapper_80l1q_14 group flex w-fit flex-col-reverse\" tabindex=\"-1\">\n<div class=\"_tableContainer_80l1q_1\">\n<div class=\"_tableWrapper_80l1q_14 group flex w-fit flex-col-reverse\" tabindex=\"-1\">\n<div class=\"_tableContainer_80l1q_1\">\n<div class=\"_tableWrapper_80l1q_14 group flex w-fit flex-col-reverse\" tabindex=\"-1\">\n<div class=\"_tableContainer_80l1q_1\">\n<div class=\"_tableWrapper_80l1q_14 group flex w-fit flex-col-reverse\" tabindex=\"-1\">\n<table class=\"w-fit min-w-(--thread-content-width)\" data-start=\"493\" data-end=\"792\">\n<thead data-start=\"493\" data-end=\"556\">\n<tr data-start=\"493\" data-end=\"556\">\n<th data-start=\"493\" data-end=\"519\" data-col-size=\"sm\"><strong data-start=\"495\" data-end=\"514\">Type de produit<\/strong><\/th>\n<th data-start=\"519\" data-end=\"556\" data-col-size=\"sm\">Lisseur intelligent professionnel<\/th>\n<\/tr>\n<\/thead>\n<tbody data-start=\"620\" data-end=\"792\">\n<tr data-start=\"620\" data-end=\"669\">\n<td data-start=\"620\" data-end=\"646\" data-col-size=\"sm\"><strong data-start=\"622\" data-end=\"632\">Marque<\/strong><\/td>\n<td data-start=\"646\" data-end=\"669\" data-col-size=\"sm\">GHD \u2013 Good Hair Day<\/td>\n<\/tr>\n<tr data-start=\"670\" data-end=\"737\">\n<td data-start=\"670\" data-end=\"696\" data-col-size=\"sm\"><strong data-start=\"672\" data-end=\"689\">Nom du mod\u00e8le<\/strong><\/td>\n<td data-start=\"696\" data-end=\"737\" data-col-size=\"sm\">Platinum+ (Professional Smart Styler)<\/td>\n<\/tr>\n<tr data-start=\"738\" data-end=\"792\">\n<td data-start=\"738\" data-end=\"764\" data-col-size=\"sm\"><strong data-start=\"740\" data-end=\"755\">Technologie<\/strong><\/td>\n<td data-start=\"764\" data-end=\"792\" data-col-size=\"sm\">&#8211; Ultra-zone\u2122 pr\u00e9dictive<\/td>\n<\/tr>\n<\/tbody>\n<\/table>\n<div class=\"sticky end-(--thread-content-margin) h-0 self-end select-none\">\n<div class=\"absolute end-0 flex items-end\"><\/div>\n<\/div>\n<\/div>\n<\/div>\n<ul data-start=\"793\" data-end=\"1447\">\n<li data-start=\"793\" data-end=\"856\">\n<p data-start=\"795\" data-end=\"856\">Contr\u00f4le intelligent de la temp\u00e9rature 250 fois par seconde<\/p>\n<\/li>\n<li data-start=\"857\" data-end=\"1203\">\n<p data-start=\"859\" data-end=\"1203\">Temp\u00e9rature constante de 185 \u00b0C pour un coiffage optimal |<br \/>\n| <strong data-start=\"920\" data-end=\"930\">Design<\/strong> | Articul\u00e9 pour une pression uniforme<br data-start=\"981\" data-end=\"984\" \/>Plaques flottantes ultra-glossy pour un glissement parfait |<br \/>\n| <strong data-start=\"1047\" data-end=\"1067\">Temps de chauffe<\/strong> | 20 secondes |<br \/>\n| <strong data-start=\"1089\" data-end=\"1104\">Utilisation<\/strong> | Lissage, ondulation ou boucles |<br \/>\n| <strong data-start=\"1150\" data-end=\"1162\">R\u00e9sultat<\/strong> | &#8211; Cheveux 70 % plus forts<\/p>\n<\/li>\n<li data-start=\"1204\" data-end=\"1233\">\n<p data-start=\"1206\" data-end=\"1233\">20 % de brillance en plus<\/p>\n<\/li>\n<li data-start=\"1234\" data-end=\"1447\">\n<p data-start=\"1236\" data-end=\"1447\">Respect maximal de la fibre capillaire |<br \/>\n| <strong data-start=\"1279\" data-end=\"1295\">Public cible<\/strong> | Tous types de cheveux, m\u00eame sensibilis\u00e9s |<br \/>\n| <strong data-start=\"1350\" data-end=\"1368\">Positionnement<\/strong> | Haut de gamme \u2013 technologie de pointe pour les utilisateurs exigeants |<\/p>\n<\/li>\n<\/ul>\n<p data-start=\"1449\" data-end=\"1574\"><strong data-start=\"1452\" data-end=\"1460\">Le +<\/strong> : Son design \u00e9l\u00e9gant et ergonomique en coffret cadeau, id\u00e9al pour offrir ou s\u2019offrir un brushing pro \u00e0 la maison.<\/p>\n<\/div>\n<\/div>\n<\/div>\n<\/div>\n<\/div>\n<\/div>\n<\/div>\n<\/div>\n<\/div>\n<\/div>\n<\/div>\n<\/div>\n<\/div>\n<\/div>\n<\/div>\n<\/div>\n<\/div>\n<\/div>\n","protected":false},"excerpt":{"rendered":"<p data-start=\"163\" data-end=\"236\"><strong data-start=\"163\" data-end=\"236\">Le lisseur qui s\u2019adapte \u00e0 vos cheveux, pour des r\u00e9sultats sur-mesure.<\/strong><\/p>\n<p data-start=\"238\" data-end=\"491\">Le GHD Platinum+ est le premier lisseur intelligent de la marque. Gr\u00e2ce \u00e0 sa technologie ultra-zone pr\u00e9dictive, il analyse vos cheveux et adapte la temp\u00e9rature pour garantir un coiffage optimal en un seul passage, tout en pr\u00e9servant la fibre capillaire.<\/p>\n","protected":false},"featured_media":1168,"template":"","meta":{"_eb_attr":"","ocean_post_layout":"","ocean_both_sidebars_style":"","ocean_both_sidebars_content_width":0,"ocean_both_sidebars_sidebars_width":0,"ocean_sidebar":"0","ocean_second_sidebar":"0","ocean_disable_margins":"enable","ocean_add_body_class":"","ocean_shortcode_before_top_bar":"","ocean_shortcode_after_top_bar":"","ocean_shortcode_before_header":"","ocean_shortcode_after_header":"","ocean_has_shortcode":"","ocean_shortcode_after_title":"","ocean_shortcode_before_footer_widgets":"","ocean_shortcode_after_footer_widgets":"","ocean_shortcode_before_footer_bottom":"","ocean_shortcode_after_footer_bottom":"","ocean_display_top_bar":"default","ocean_display_header":"default","ocean_header_style":"","ocean_center_header_left_menu":"0","ocean_custom_header_template":"0","ocean_custom_logo":0,"ocean_custom_retina_logo":0,"ocean_custom_logo_max_width":0,"ocean_custom_logo_tablet_max_width":0,"ocean_custom_logo_mobile_max_width":0,"ocean_custom_logo_max_height":0,"ocean_custom_logo_tablet_max_height":0,"ocean_custom_logo_mobile_max_height":0,"ocean_header_custom_menu":"0","ocean_menu_typo_font_family":"0","ocean_menu_typo_font_subset":"","ocean_menu_typo_font_size":0,"ocean_menu_typo_font_size_tablet":0,"ocean_menu_typo_font_size_mobile":0,"ocean_menu_typo_font_size_unit":"px","ocean_menu_typo_font_weight":"","ocean_menu_typo_font_weight_tablet":"","ocean_menu_typo_font_weight_mobile":"","ocean_menu_typo_transform":"","ocean_menu_typo_transform_tablet":"","ocean_menu_typo_transform_mobile":"","ocean_menu_typo_line_height":0,"ocean_menu_typo_line_height_tablet":0,"ocean_menu_typo_line_height_mobile":0,"ocean_menu_typo_line_height_unit":"","ocean_menu_typo_spacing":0,"ocean_menu_typo_spacing_tablet":0,"ocean_menu_typo_spacing_mobile":0,"ocean_menu_typo_spacing_unit":"","ocean_menu_link_color":"","ocean_menu_link_color_hover":"","ocean_menu_link_color_active":"","ocean_menu_link_background":"","ocean_menu_link_hover_background":"","ocean_menu_link_active_background":"","ocean_menu_social_links_bg":"","ocean_menu_social_hover_links_bg":"","ocean_menu_social_links_color":"","ocean_menu_social_hover_links_color":"","ocean_disable_title":"default","ocean_disable_heading":"default","ocean_post_title":"","ocean_post_subheading":"","ocean_post_title_style":"","ocean_post_title_background_color":"","ocean_post_title_background":0,"ocean_post_title_bg_image_position":"","ocean_post_title_bg_image_attachment":"","ocean_post_title_bg_image_repeat":"","ocean_post_title_bg_image_size":"","ocean_post_title_height":0,"ocean_post_title_bg_overlay":0.5,"ocean_post_title_bg_overlay_color":"","ocean_disable_breadcrumbs":"default","ocean_breadcrumbs_color":"","ocean_breadcrumbs_separator_color":"","ocean_breadcrumbs_links_color":"","ocean_breadcrumbs_links_hover_color":"","ocean_display_footer_widgets":"default","ocean_display_footer_bottom":"default","ocean_custom_footer_template":"0"},"pwb-brand":[53],"product_brand":[35],"product_cat":[33,19],"product_tag":[],"class_list":{"0":"post-1167","1":"product","2":"type-product","3":"status-publish","4":"has-post-thumbnail","6":"pwb-brand-ghd","7":"product_brand-ghd","8":"product_cat-materiel-coiffure","9":"product_cat-beautybuy","10":"pa_marque-ghd","12":"entry","13":"has-media","15":"first","16":"instock","17":"shipping-taxable","18":"purchasable","19":"product-type-simple","20":"has-product-nav","21":"col","22":"span_1_of_3","23":"owp-content-center","24":"owp-thumbs-layout-horizontal","25":"owp-btn-normal","26":"owp-tabs-layout-horizontal","27":"has-no-thumbnails"},"yoast_head":"<!-- This site is optimized with the Yoast SEO plugin v27.1.1 - https:\/\/yoast.com\/product\/yoast-seo-wordpress\/ -->\n<title>GHD Platinum+ \u2013 Lisseur intelligent professionnel - WB Coiffure<\/title>\n<meta name=\"robots\" content=\"index, follow, max-snippet:-1, max-image-preview:large, max-video-preview:-1\" \/>\n<link rel=\"canonical\" href=\"http:\/\/wbcoiffure.fr\/?product=ghd-platinum-lisseur-intelligent-professionnel\" \/>\n<meta property=\"og:locale\" content=\"fr_FR\" \/>\n<meta property=\"og:type\" content=\"article\" \/>\n<meta property=\"og:title\" content=\"GHD Platinum+ \u2013 Lisseur intelligent professionnel - WB Coiffure\" \/>\n<meta property=\"og:description\" content=\"Le lisseur qui s\u2019adapte \u00e0 vos cheveux, pour des r\u00e9sultats sur-mesure. Le GHD Platinum+ est le premier lisseur intelligent de la marque. Gr\u00e2ce \u00e0 sa technologie ultra-zone pr\u00e9dictive, il analyse vos cheveux et adapte la temp\u00e9rature pour garantir un coiffage optimal en un seul passage, tout en pr\u00e9servant la fibre capillaire.\" \/>\n<meta property=\"og:url\" content=\"http:\/\/wbcoiffure.fr\/?product=ghd-platinum-lisseur-intelligent-professionnel\" \/>\n<meta property=\"og:site_name\" content=\"WB Coiffure\" \/>\n<meta property=\"article:modified_time\" content=\"2025-07-21T11:09:46+00:00\" \/>\n<meta property=\"og:image\" content=\"http:\/\/wbcoiffure.fr\/wp-content\/uploads\/2025\/07\/71XPLykrKHL._UF10001000_QL80_.jpg\" \/>\n\t<meta property=\"og:image:width\" content=\"1000\" \/>\n\t<meta property=\"og:image:height\" content=\"1000\" \/>\n\t<meta property=\"og:image:type\" content=\"image\/jpeg\" \/>\n<meta name=\"twitter:card\" content=\"summary_large_image\" \/>\n<meta name=\"twitter:label1\" content=\"Dur\u00e9e de lecture estim\u00e9e\" \/>\n\t<meta name=\"twitter:data1\" content=\"1 minute\" \/>\n<script type=\"application\/ld+json\" class=\"yoast-schema-graph\">{\"@context\":\"https:\/\/schema.org\",\"@graph\":[{\"@type\":\"WebPage\",\"@id\":\"http:\/\/wbcoiffure.fr\/?product=ghd-platinum-lisseur-intelligent-professionnel\",\"url\":\"http:\/\/wbcoiffure.fr\/?product=ghd-platinum-lisseur-intelligent-professionnel\",\"name\":\"GHD Platinum+ \u2013 Lisseur intelligent professionnel - WB Coiffure\",\"isPartOf\":{\"@id\":\"https:\/\/wbcoiffure.fr\/#website\"},\"primaryImageOfPage\":{\"@id\":\"http:\/\/wbcoiffure.fr\/?product=ghd-platinum-lisseur-intelligent-professionnel#primaryimage\"},\"image\":{\"@id\":\"http:\/\/wbcoiffure.fr\/?product=ghd-platinum-lisseur-intelligent-professionnel#primaryimage\"},\"thumbnailUrl\":\"https:\/\/wbcoiffure.fr\/wp-content\/uploads\/2025\/07\/71XPLykrKHL._UF10001000_QL80_.jpg\",\"datePublished\":\"2025-07-12T12:20:54+00:00\",\"dateModified\":\"2025-07-21T11:09:46+00:00\",\"breadcrumb\":{\"@id\":\"http:\/\/wbcoiffure.fr\/?product=ghd-platinum-lisseur-intelligent-professionnel#breadcrumb\"},\"inLanguage\":\"fr-FR\",\"potentialAction\":[{\"@type\":\"ReadAction\",\"target\":[\"http:\/\/wbcoiffure.fr\/?product=ghd-platinum-lisseur-intelligent-professionnel\"]}]},{\"@type\":\"ImageObject\",\"inLanguage\":\"fr-FR\",\"@id\":\"http:\/\/wbcoiffure.fr\/?product=ghd-platinum-lisseur-intelligent-professionnel#primaryimage\",\"url\":\"https:\/\/wbcoiffure.fr\/wp-content\/uploads\/2025\/07\/71XPLykrKHL._UF10001000_QL80_.jpg\",\"contentUrl\":\"https:\/\/wbcoiffure.fr\/wp-content\/uploads\/2025\/07\/71XPLykrKHL._UF10001000_QL80_.jpg\",\"width\":1000,\"height\":1000},{\"@type\":\"BreadcrumbList\",\"@id\":\"http:\/\/wbcoiffure.fr\/?product=ghd-platinum-lisseur-intelligent-professionnel#breadcrumb\",\"itemListElement\":[{\"@type\":\"ListItem\",\"position\":1,\"name\":\"Accueil\",\"item\":\"https:\/\/wbcoiffure.fr\/\"},{\"@type\":\"ListItem\",\"position\":2,\"name\":\"Boutique\",\"item\":\"https:\/\/wbcoiffure.fr\/?page_id=409\"},{\"@type\":\"ListItem\",\"position\":3,\"name\":\"GHD Platinum+ \u2013 Lisseur intelligent professionnel\"}]},{\"@type\":\"WebSite\",\"@id\":\"https:\/\/wbcoiffure.fr\/#website\",\"url\":\"https:\/\/wbcoiffure.fr\/\",\"name\":\"WB Coiffure\",\"description\":\"Salon de coiffure Castelnau-le-lez\",\"publisher\":{\"@id\":\"https:\/\/wbcoiffure.fr\/#organization\"},\"potentialAction\":[{\"@type\":\"SearchAction\",\"target\":{\"@type\":\"EntryPoint\",\"urlTemplate\":\"https:\/\/wbcoiffure.fr\/?s={search_term_string}\"},\"query-input\":{\"@type\":\"PropertyValueSpecification\",\"valueRequired\":true,\"valueName\":\"search_term_string\"}}],\"inLanguage\":\"fr-FR\"},{\"@type\":\"Organization\",\"@id\":\"https:\/\/wbcoiffure.fr\/#organization\",\"name\":\"WB Coiffure\",\"url\":\"https:\/\/wbcoiffure.fr\/\",\"logo\":{\"@type\":\"ImageObject\",\"inLanguage\":\"fr-FR\",\"@id\":\"https:\/\/wbcoiffure.fr\/#\/schema\/logo\/image\/\",\"url\":\"https:\/\/wbcoiffure.fr\/wp-content\/uploads\/2025\/04\/principalWB-logo-internet.png\",\"contentUrl\":\"https:\/\/wbcoiffure.fr\/wp-content\/uploads\/2025\/04\/principalWB-logo-internet.png\",\"width\":316,\"height\":82,\"caption\":\"WB Coiffure\"},\"image\":{\"@id\":\"https:\/\/wbcoiffure.fr\/#\/schema\/logo\/image\/\"}}]}<\/script>\n<!-- \/ Yoast SEO plugin. -->","yoast_head_json":{"title":"GHD Platinum+ \u2013 Lisseur intelligent professionnel - WB Coiffure","robots":{"index":"index","follow":"follow","max-snippet":"max-snippet:-1","max-image-preview":"max-image-preview:large","max-video-preview":"max-video-preview:-1"},"canonical":"http:\/\/wbcoiffure.fr\/?product=ghd-platinum-lisseur-intelligent-professionnel","og_locale":"fr_FR","og_type":"article","og_title":"GHD Platinum+ \u2013 Lisseur intelligent professionnel - WB Coiffure","og_description":"Le lisseur qui s\u2019adapte \u00e0 vos cheveux, pour des r\u00e9sultats sur-mesure. Le GHD Platinum+ est le premier lisseur intelligent de la marque. Gr\u00e2ce \u00e0 sa technologie ultra-zone pr\u00e9dictive, il analyse vos cheveux et adapte la temp\u00e9rature pour garantir un coiffage optimal en un seul passage, tout en pr\u00e9servant la fibre capillaire.","og_url":"http:\/\/wbcoiffure.fr\/?product=ghd-platinum-lisseur-intelligent-professionnel","og_site_name":"WB Coiffure","article_modified_time":"2025-07-21T11:09:46+00:00","og_image":[{"width":1000,"height":1000,"url":"http:\/\/wbcoiffure.fr\/wp-content\/uploads\/2025\/07\/71XPLykrKHL._UF10001000_QL80_.jpg","type":"image\/jpeg"}],"twitter_card":"summary_large_image","twitter_misc":{"Dur\u00e9e de lecture estim\u00e9e":"1 minute"},"schema":{"@context":"https:\/\/schema.org","@graph":[{"@type":"WebPage","@id":"http:\/\/wbcoiffure.fr\/?product=ghd-platinum-lisseur-intelligent-professionnel","url":"http:\/\/wbcoiffure.fr\/?product=ghd-platinum-lisseur-intelligent-professionnel","name":"GHD Platinum+ \u2013 Lisseur intelligent professionnel - WB Coiffure","isPartOf":{"@id":"https:\/\/wbcoiffure.fr\/#website"},"primaryImageOfPage":{"@id":"http:\/\/wbcoiffure.fr\/?product=ghd-platinum-lisseur-intelligent-professionnel#primaryimage"},"image":{"@id":"http:\/\/wbcoiffure.fr\/?product=ghd-platinum-lisseur-intelligent-professionnel#primaryimage"},"thumbnailUrl":"https:\/\/wbcoiffure.fr\/wp-content\/uploads\/2025\/07\/71XPLykrKHL._UF10001000_QL80_.jpg","datePublished":"2025-07-12T12:20:54+00:00","dateModified":"2025-07-21T11:09:46+00:00","breadcrumb":{"@id":"http:\/\/wbcoiffure.fr\/?product=ghd-platinum-lisseur-intelligent-professionnel#breadcrumb"},"inLanguage":"fr-FR","potentialAction":[{"@type":"ReadAction","target":["http:\/\/wbcoiffure.fr\/?product=ghd-platinum-lisseur-intelligent-professionnel"]}]},{"@type":"ImageObject","inLanguage":"fr-FR","@id":"http:\/\/wbcoiffure.fr\/?product=ghd-platinum-lisseur-intelligent-professionnel#primaryimage","url":"https:\/\/wbcoiffure.fr\/wp-content\/uploads\/2025\/07\/71XPLykrKHL._UF10001000_QL80_.jpg","contentUrl":"https:\/\/wbcoiffure.fr\/wp-content\/uploads\/2025\/07\/71XPLykrKHL._UF10001000_QL80_.jpg","width":1000,"height":1000},{"@type":"BreadcrumbList","@id":"http:\/\/wbcoiffure.fr\/?product=ghd-platinum-lisseur-intelligent-professionnel#breadcrumb","itemListElement":[{"@type":"ListItem","position":1,"name":"Accueil","item":"https:\/\/wbcoiffure.fr\/"},{"@type":"ListItem","position":2,"name":"Boutique","item":"https:\/\/wbcoiffure.fr\/?page_id=409"},{"@type":"ListItem","position":3,"name":"GHD Platinum+ \u2013 Lisseur intelligent professionnel"}]},{"@type":"WebSite","@id":"https:\/\/wbcoiffure.fr\/#website","url":"https:\/\/wbcoiffure.fr\/","name":"WB Coiffure","description":"Salon de coiffure Castelnau-le-lez","publisher":{"@id":"https:\/\/wbcoiffure.fr\/#organization"},"potentialAction":[{"@type":"SearchAction","target":{"@type":"EntryPoint","urlTemplate":"https:\/\/wbcoiffure.fr\/?s={search_term_string}"},"query-input":{"@type":"PropertyValueSpecification","valueRequired":true,"valueName":"search_term_string"}}],"inLanguage":"fr-FR"},{"@type":"Organization","@id":"https:\/\/wbcoiffure.fr\/#organization","name":"WB Coiffure","url":"https:\/\/wbcoiffure.fr\/","logo":{"@type":"ImageObject","inLanguage":"fr-FR","@id":"https:\/\/wbcoiffure.fr\/#\/schema\/logo\/image\/","url":"https:\/\/wbcoiffure.fr\/wp-content\/uploads\/2025\/04\/principalWB-logo-internet.png","contentUrl":"https:\/\/wbcoiffure.fr\/wp-content\/uploads\/2025\/04\/principalWB-logo-internet.png","width":316,"height":82,"caption":"WB Coiffure"},"image":{"@id":"https:\/\/wbcoiffure.fr\/#\/schema\/logo\/image\/"}}]}},"brands":[{"id":53,"name":"ghd","slug":"ghd"}],"_links":{"self":[{"href":"https:\/\/wbcoiffure.fr\/index.php?rest_route=\/wp\/v2\/product\/1167","targetHints":{"allow":["GET"]}}],"collection":[{"href":"https:\/\/wbcoiffure.fr\/index.php?rest_route=\/wp\/v2\/product"}],"about":[{"href":"https:\/\/wbcoiffure.fr\/index.php?rest_route=\/wp\/v2\/types\/product"}],"wp:featuredmedia":[{"embeddable":true,"href":"https:\/\/wbcoiffure.fr\/index.php?rest_route=\/wp\/v2\/media\/1168"}],"wp:attachment":[{"href":"https:\/\/wbcoiffure.fr\/index.php?rest_route=%2Fwp%2Fv2%2Fmedia&parent=1167"}],"wp:term":[{"taxonomy":"pwb-brand","embeddable":true,"href":"https:\/\/wbcoiffure.fr\/index.php?rest_route=%2Fwp%2Fv2%2Fpwb-brand&post=1167"},{"taxonomy":"product_brand","embeddable":true,"href":"https:\/\/wbcoiffure.fr\/index.php?rest_route=%2Fwp%2Fv2%2Fproduct_brand&post=1167"},{"taxonomy":"product_cat","embeddable":true,"href":"https:\/\/wbcoiffure.fr\/index.php?rest_route=%2Fwp%2Fv2%2Fproduct_cat&post=1167"},{"taxonomy":"product_tag","embeddable":true,"href":"https:\/\/wbcoiffure.fr\/index.php?rest_route=%2Fwp%2Fv2%2Fproduct_tag&post=1167"}],"curies":[{"name":"wp","href":"https:\/\/api.w.org\/{rel}","templated":true}]}}