{"id":1163,"date":"2025-07-12T14:14:50","date_gmt":"2025-07-12T12:14:50","guid":{"rendered":"https:\/\/wbcoiffure.fr\/?post_type=product&#038;p=1163"},"modified":"2025-07-21T13:07:20","modified_gmt":"2025-07-21T11:07:20","slug":"ghd-curve-creative-curl-wand-coffret-cadeau-edition-limitee","status":"publish","type":"product","link":"https:\/\/wbcoiffure.fr\/?product=ghd-curve-creative-curl-wand-coffret-cadeau-edition-limitee","title":{"rendered":"GHD Curve\u00ae Creative Curl Wand \u2013 Coffret Cadeau \u00c9dition Limit\u00e9e"},"content":{"rendered":"<div class=\"_tableContainer_80l1q_1\">\n<div class=\"_tableWrapper_80l1q_14 group flex w-fit flex-col-reverse\" tabindex=\"-1\">\n<div class=\"_tableContainer_80l1q_1\">\n<div class=\"_tableWrapper_80l1q_14 group flex w-fit flex-col-reverse\" tabindex=\"-1\">\n<div class=\"_tableContainer_80l1q_1\">\n<div class=\"_tableWrapper_80l1q_14 group flex w-fit flex-col-reverse\" tabindex=\"-1\">\n<div class=\"_tableContainer_80l1q_1\">\n<div class=\"_tableWrapper_80l1q_14 group flex w-fit flex-col-reverse\" tabindex=\"-1\">\n<div class=\"_tableContainer_80l1q_1\">\n<div class=\"_tableWrapper_80l1q_14 group flex w-fit flex-col-reverse\" tabindex=\"-1\">\n<div class=\"_tableContainer_80l1q_1\">\n<div class=\"_tableWrapper_80l1q_14 group flex w-fit flex-col-reverse\" tabindex=\"-1\">\n<div class=\"_tableContainer_80l1q_1\">\n<div class=\"_tableWrapper_80l1q_14 group flex w-fit flex-col-reverse\" tabindex=\"-1\">\n<div class=\"_tableContainer_80l1q_1\">\n<div class=\"_tableWrapper_80l1q_14 group flex w-fit flex-col-reverse\" tabindex=\"-1\">\n<table class=\"w-fit min-w-(--thread-content-width)\" data-start=\"639\" data-end=\"1404\">\n<thead data-start=\"639\" data-end=\"723\">\n<tr data-start=\"639\" data-end=\"723\">\n<th data-start=\"639\" data-end=\"665\" data-col-size=\"md\"><strong data-start=\"641\" data-end=\"660\">Type de produit<\/strong><\/th>\n<th data-start=\"665\" data-end=\"723\" data-col-size=\"md\">Fer \u00e0 boucler conique \u2013 Coffret cadeau \u00e9dition limit\u00e9e<\/th>\n<\/tr>\n<\/thead>\n<tbody data-start=\"810\" data-end=\"1404\">\n<tr data-start=\"810\" data-end=\"859\">\n<td data-start=\"810\" data-end=\"836\" data-col-size=\"md\"><strong data-start=\"812\" data-end=\"822\">Marque<\/strong><\/td>\n<td data-start=\"836\" data-end=\"859\" data-col-size=\"md\">GHD \u2013 Good Hair Day<\/td>\n<\/tr>\n<tr data-start=\"860\" data-end=\"913\">\n<td data-start=\"860\" data-end=\"886\" data-col-size=\"md\"><strong data-start=\"862\" data-end=\"872\">Format<\/strong><\/td>\n<td data-start=\"886\" data-end=\"913\" data-col-size=\"md\">Emballage festif \u00e9toil\u00e9<\/td>\n<\/tr>\n<tr data-start=\"914\" data-end=\"1000\">\n<td data-start=\"914\" data-end=\"940\" data-col-size=\"md\"><strong data-start=\"916\" data-end=\"931\">Technologie<\/strong><\/td>\n<td data-start=\"940\" data-end=\"1000\" data-col-size=\"md\">Ultra-zone\u2122 : contr\u00f4le intelligent de la chaleur \u00e0 185\u00b0C<\/td>\n<\/tr>\n<tr data-start=\"1001\" data-end=\"1083\">\n<td data-start=\"1001\" data-end=\"1027\" data-col-size=\"md\"><strong data-start=\"1003\" data-end=\"1013\">Design<\/strong><\/td>\n<td data-start=\"1027\" data-end=\"1083\" data-col-size=\"md\">Forme conique : 23 mm \u00e0 la base, 28 mm \u00e0 l\u2019extr\u00e9mit\u00e9<\/td>\n<\/tr>\n<tr data-start=\"1084\" data-end=\"1150\">\n<td data-start=\"1084\" data-end=\"1150\" data-col-size=\"md\">Embout isolant et support int\u00e9gr\u00e9 pour une utilisation s\u00e9curis\u00e9e<\/td>\n<td data-col-size=\"md\"><\/td>\n<\/tr>\n<tr data-start=\"1151\" data-end=\"1249\">\n<td data-start=\"1151\" data-end=\"1177\" data-col-size=\"md\"><strong data-start=\"1153\" data-end=\"1167\">Id\u00e9al pour<\/strong><\/td>\n<td data-start=\"1177\" data-end=\"1249\" data-col-size=\"md\">Cr\u00e9er des ondulations souples, des boucles naturelles, un effet wavy<\/td>\n<\/tr>\n<tr data-start=\"1250\" data-end=\"1331\">\n<td data-start=\"1250\" data-end=\"1276\" data-col-size=\"md\"><strong data-start=\"1252\" data-end=\"1268\">Public cible<\/strong><\/td>\n<td data-start=\"1276\" data-end=\"1331\" data-col-size=\"md\">Tous types de cheveux, m\u00eame color\u00e9s ou sensibilis\u00e9s<\/td>\n<\/tr>\n<tr data-start=\"1332\" data-end=\"1404\">\n<td data-start=\"1332\" data-end=\"1358\" data-col-size=\"md\"><strong data-start=\"1334\" data-end=\"1356\">Contenu du coffret<\/strong><\/td>\n<td data-start=\"1358\" data-end=\"1404\" data-col-size=\"md\">&#8211; 1 fer \u00e0 boucler Curve Creative Curl Wand<\/td>\n<\/tr>\n<\/tbody>\n<\/table>\n<div class=\"sticky end-(--thread-content-margin) h-0 self-end select-none\">\n<div class=\"absolute end-0 flex items-end\"><\/div>\n<\/div>\n<\/div>\n<\/div>\n<ul data-start=\"1405\" data-end=\"1669\">\n<li data-start=\"1405\" data-end=\"1431\">\n<p data-start=\"1407\" data-end=\"1431\">1 gant thermor\u00e9sistant<\/p>\n<\/li>\n<li data-start=\"1432\" data-end=\"1669\">\n<p data-start=\"1434\" data-end=\"1669\">1 pochette de rangement r\u00e9sistante \u00e0 la chaleur (selon version) |<br \/>\n| <strong data-start=\"1502\" data-end=\"1521\">Astuce coiffure<\/strong> | Pour un r\u00e9sultat longue tenue, travaillez sur cheveux bien secs, vaporisez un spray thermoprotecteur, puis fixez avec un spray texturisant. |<\/p>\n<\/li>\n<\/ul>\n<p data-start=\"1671\" data-end=\"1785\"><strong data-start=\"1674\" data-end=\"1700\">\u00c0 offrir ou \u00e0 s\u2019offrir<\/strong> : ce coffret est une id\u00e9e cadeau parfaite pour les f\u00eates ou toute occasion sp\u00e9ciale.<\/p>\n<\/div>\n<\/div>\n<\/div>\n<\/div>\n<\/div>\n<\/div>\n<\/div>\n<\/div>\n<\/div>\n<\/div>\n<\/div>\n<\/div>\n<\/div>\n<\/div>\n","protected":false},"excerpt":{"rendered":"<p data-pm-slice=\"1 1 []\"><strong data-start=\"384\" data-end=\"469\">Un coffret \u00e9l\u00e9gant pour des coiffures naturelles et une finition professionnelle.<\/strong><br data-start=\"469\" data-end=\"472\" \/>GHD vous propose une version chic et \u00e9toil\u00e9e de son fer \u00e0 boucler iconique, pour un look textur\u00e9 et des ondulations durables, tout en pr\u00e9servant la fibre capillaire.<\/p>\n","protected":false},"featured_media":1164,"template":"","meta":{"_eb_attr":"","ocean_post_layout":"","ocean_both_sidebars_style":"","ocean_both_sidebars_content_width":0,"ocean_both_sidebars_sidebars_width":0,"ocean_sidebar":"0","ocean_second_sidebar":"0","ocean_disable_margins":"enable","ocean_add_body_class":"","ocean_shortcode_before_top_bar":"","ocean_shortcode_after_top_bar":"","ocean_shortcode_before_header":"","ocean_shortcode_after_header":"","ocean_has_shortcode":"","ocean_shortcode_after_title":"","ocean_shortcode_before_footer_widgets":"","ocean_shortcode_after_footer_widgets":"","ocean_shortcode_before_footer_bottom":"","ocean_shortcode_after_footer_bottom":"","ocean_display_top_bar":"default","ocean_display_header":"default","ocean_header_style":"","ocean_center_header_left_menu":"0","ocean_custom_header_template":"0","ocean_custom_logo":0,"ocean_custom_retina_logo":0,"ocean_custom_logo_max_width":0,"ocean_custom_logo_tablet_max_width":0,"ocean_custom_logo_mobile_max_width":0,"ocean_custom_logo_max_height":0,"ocean_custom_logo_tablet_max_height":0,"ocean_custom_logo_mobile_max_height":0,"ocean_header_custom_menu":"0","ocean_menu_typo_font_family":"0","ocean_menu_typo_font_subset":"","ocean_menu_typo_font_size":0,"ocean_menu_typo_font_size_tablet":0,"ocean_menu_typo_font_size_mobile":0,"ocean_menu_typo_font_size_unit":"px","ocean_menu_typo_font_weight":"","ocean_menu_typo_font_weight_tablet":"","ocean_menu_typo_font_weight_mobile":"","ocean_menu_typo_transform":"","ocean_menu_typo_transform_tablet":"","ocean_menu_typo_transform_mobile":"","ocean_menu_typo_line_height":0,"ocean_menu_typo_line_height_tablet":0,"ocean_menu_typo_line_height_mobile":0,"ocean_menu_typo_line_height_unit":"","ocean_menu_typo_spacing":0,"ocean_menu_typo_spacing_tablet":0,"ocean_menu_typo_spacing_mobile":0,"ocean_menu_typo_spacing_unit":"","ocean_menu_link_color":"","ocean_menu_link_color_hover":"","ocean_menu_link_color_active":"","ocean_menu_link_background":"","ocean_menu_link_hover_background":"","ocean_menu_link_active_background":"","ocean_menu_social_links_bg":"","ocean_menu_social_hover_links_bg":"","ocean_menu_social_links_color":"","ocean_menu_social_hover_links_color":"","ocean_disable_title":"default","ocean_disable_heading":"default","ocean_post_title":"","ocean_post_subheading":"","ocean_post_title_style":"","ocean_post_title_background_color":"","ocean_post_title_background":0,"ocean_post_title_bg_image_position":"","ocean_post_title_bg_image_attachment":"","ocean_post_title_bg_image_repeat":"","ocean_post_title_bg_image_size":"","ocean_post_title_height":0,"ocean_post_title_bg_overlay":0.5,"ocean_post_title_bg_overlay_color":"","ocean_disable_breadcrumbs":"default","ocean_breadcrumbs_color":"","ocean_breadcrumbs_separator_color":"","ocean_breadcrumbs_links_color":"","ocean_breadcrumbs_links_hover_color":"","ocean_display_footer_widgets":"default","ocean_display_footer_bottom":"default","ocean_custom_footer_template":"0"},"pwb-brand":[53],"product_brand":[35],"product_cat":[33,19],"product_tag":[],"class_list":{"0":"post-1163","1":"product","2":"type-product","3":"status-publish","4":"has-post-thumbnail","6":"pwb-brand-ghd","7":"product_brand-ghd","8":"product_cat-materiel-coiffure","9":"product_cat-beautybuy","10":"pa_marque-ghd","12":"entry","13":"has-media","15":"first","16":"instock","17":"shipping-taxable","18":"purchasable","19":"product-type-simple","20":"has-product-nav","21":"col","22":"span_1_of_3","23":"owp-content-center","24":"owp-thumbs-layout-horizontal","25":"owp-btn-normal","26":"owp-tabs-layout-horizontal","27":"has-no-thumbnails"},"yoast_head":"<!-- This site is optimized with the Yoast SEO plugin v27.1.1 - https:\/\/yoast.com\/product\/yoast-seo-wordpress\/ -->\n<title>GHD Curve\u00ae Creative Curl Wand \u2013 Coffret Cadeau \u00c9dition Limit\u00e9e - WB Coiffure<\/title>\n<meta name=\"robots\" content=\"index, follow, max-snippet:-1, max-image-preview:large, max-video-preview:-1\" \/>\n<link rel=\"canonical\" href=\"https:\/\/wbcoiffure.fr\/?product=ghd-curve-creative-curl-wand-coffret-cadeau-edition-limitee\" \/>\n<meta property=\"og:locale\" content=\"fr_FR\" \/>\n<meta property=\"og:type\" content=\"article\" \/>\n<meta property=\"og:title\" content=\"GHD Curve\u00ae Creative Curl Wand \u2013 Coffret Cadeau \u00c9dition Limit\u00e9e - WB Coiffure\" \/>\n<meta property=\"og:description\" content=\"Un coffret \u00e9l\u00e9gant pour des coiffures naturelles et une finition professionnelle.GHD vous propose une version chic et \u00e9toil\u00e9e de son fer \u00e0 boucler iconique, pour un look textur\u00e9 et des ondulations durables, tout en pr\u00e9servant la fibre capillaire.\" \/>\n<meta property=\"og:url\" content=\"https:\/\/wbcoiffure.fr\/?product=ghd-curve-creative-curl-wand-coffret-cadeau-edition-limitee\" \/>\n<meta property=\"og:site_name\" content=\"WB Coiffure\" \/>\n<meta property=\"article:modified_time\" content=\"2025-07-21T11:07:20+00:00\" \/>\n<meta property=\"og:image\" content=\"https:\/\/wbcoiffure.fr\/wp-content\/uploads\/2025\/07\/71Q7ltsgnmL.jpg\" \/>\n\t<meta property=\"og:image:width\" content=\"2000\" \/>\n\t<meta property=\"og:image:height\" content=\"2000\" \/>\n\t<meta property=\"og:image:type\" content=\"image\/jpeg\" \/>\n<meta name=\"twitter:card\" content=\"summary_large_image\" \/>\n<meta name=\"twitter:label1\" content=\"Dur\u00e9e de lecture estim\u00e9e\" \/>\n\t<meta name=\"twitter:data1\" content=\"1 minute\" \/>\n<script type=\"application\/ld+json\" class=\"yoast-schema-graph\">{\"@context\":\"https:\/\/schema.org\",\"@graph\":[{\"@type\":\"WebPage\",\"@id\":\"https:\/\/wbcoiffure.fr\/?product=ghd-curve-creative-curl-wand-coffret-cadeau-edition-limitee\",\"url\":\"https:\/\/wbcoiffure.fr\/?product=ghd-curve-creative-curl-wand-coffret-cadeau-edition-limitee\",\"name\":\"GHD Curve\u00ae Creative Curl Wand \u2013 Coffret Cadeau \u00c9dition Limit\u00e9e - WB Coiffure\",\"isPartOf\":{\"@id\":\"https:\/\/wbcoiffure.fr\/#website\"},\"primaryImageOfPage\":{\"@id\":\"https:\/\/wbcoiffure.fr\/?product=ghd-curve-creative-curl-wand-coffret-cadeau-edition-limitee#primaryimage\"},\"image\":{\"@id\":\"https:\/\/wbcoiffure.fr\/?product=ghd-curve-creative-curl-wand-coffret-cadeau-edition-limitee#primaryimage\"},\"thumbnailUrl\":\"https:\/\/wbcoiffure.fr\/wp-content\/uploads\/2025\/07\/71Q7ltsgnmL.jpg\",\"datePublished\":\"2025-07-12T12:14:50+00:00\",\"dateModified\":\"2025-07-21T11:07:20+00:00\",\"breadcrumb\":{\"@id\":\"https:\/\/wbcoiffure.fr\/?product=ghd-curve-creative-curl-wand-coffret-cadeau-edition-limitee#breadcrumb\"},\"inLanguage\":\"fr-FR\",\"potentialAction\":[{\"@type\":\"ReadAction\",\"target\":[\"https:\/\/wbcoiffure.fr\/?product=ghd-curve-creative-curl-wand-coffret-cadeau-edition-limitee\"]}]},{\"@type\":\"ImageObject\",\"inLanguage\":\"fr-FR\",\"@id\":\"https:\/\/wbcoiffure.fr\/?product=ghd-curve-creative-curl-wand-coffret-cadeau-edition-limitee#primaryimage\",\"url\":\"https:\/\/wbcoiffure.fr\/wp-content\/uploads\/2025\/07\/71Q7ltsgnmL.jpg\",\"contentUrl\":\"https:\/\/wbcoiffure.fr\/wp-content\/uploads\/2025\/07\/71Q7ltsgnmL.jpg\",\"width\":2000,\"height\":2000},{\"@type\":\"BreadcrumbList\",\"@id\":\"https:\/\/wbcoiffure.fr\/?product=ghd-curve-creative-curl-wand-coffret-cadeau-edition-limitee#breadcrumb\",\"itemListElement\":[{\"@type\":\"ListItem\",\"position\":1,\"name\":\"Accueil\",\"item\":\"https:\/\/wbcoiffure.fr\/\"},{\"@type\":\"ListItem\",\"position\":2,\"name\":\"Boutique\",\"item\":\"https:\/\/wbcoiffure.fr\/?page_id=409\"},{\"@type\":\"ListItem\",\"position\":3,\"name\":\"GHD Curve\u00ae Creative Curl Wand \u2013 Coffret Cadeau \u00c9dition Limit\u00e9e\"}]},{\"@type\":\"WebSite\",\"@id\":\"https:\/\/wbcoiffure.fr\/#website\",\"url\":\"https:\/\/wbcoiffure.fr\/\",\"name\":\"WB Coiffure\",\"description\":\"Salon de coiffure Castelnau-le-lez\",\"publisher\":{\"@id\":\"https:\/\/wbcoiffure.fr\/#organization\"},\"potentialAction\":[{\"@type\":\"SearchAction\",\"target\":{\"@type\":\"EntryPoint\",\"urlTemplate\":\"https:\/\/wbcoiffure.fr\/?s={search_term_string}\"},\"query-input\":{\"@type\":\"PropertyValueSpecification\",\"valueRequired\":true,\"valueName\":\"search_term_string\"}}],\"inLanguage\":\"fr-FR\"},{\"@type\":\"Organization\",\"@id\":\"https:\/\/wbcoiffure.fr\/#organization\",\"name\":\"WB Coiffure\",\"url\":\"https:\/\/wbcoiffure.fr\/\",\"logo\":{\"@type\":\"ImageObject\",\"inLanguage\":\"fr-FR\",\"@id\":\"https:\/\/wbcoiffure.fr\/#\/schema\/logo\/image\/\",\"url\":\"https:\/\/wbcoiffure.fr\/wp-content\/uploads\/2025\/04\/principalWB-logo-internet.png\",\"contentUrl\":\"https:\/\/wbcoiffure.fr\/wp-content\/uploads\/2025\/04\/principalWB-logo-internet.png\",\"width\":316,\"height\":82,\"caption\":\"WB Coiffure\"},\"image\":{\"@id\":\"https:\/\/wbcoiffure.fr\/#\/schema\/logo\/image\/\"}}]}<\/script>\n<!-- \/ Yoast SEO plugin. -->","yoast_head_json":{"title":"GHD Curve\u00ae Creative Curl Wand \u2013 Coffret Cadeau \u00c9dition Limit\u00e9e - WB Coiffure","robots":{"index":"index","follow":"follow","max-snippet":"max-snippet:-1","max-image-preview":"max-image-preview:large","max-video-preview":"max-video-preview:-1"},"canonical":"https:\/\/wbcoiffure.fr\/?product=ghd-curve-creative-curl-wand-coffret-cadeau-edition-limitee","og_locale":"fr_FR","og_type":"article","og_title":"GHD Curve\u00ae Creative Curl Wand \u2013 Coffret Cadeau \u00c9dition Limit\u00e9e - WB Coiffure","og_description":"Un coffret \u00e9l\u00e9gant pour des coiffures naturelles et une finition professionnelle.GHD vous propose une version chic et \u00e9toil\u00e9e de son fer \u00e0 boucler iconique, pour un look textur\u00e9 et des ondulations durables, tout en pr\u00e9servant la fibre capillaire.","og_url":"https:\/\/wbcoiffure.fr\/?product=ghd-curve-creative-curl-wand-coffret-cadeau-edition-limitee","og_site_name":"WB Coiffure","article_modified_time":"2025-07-21T11:07:20+00:00","og_image":[{"width":2000,"height":2000,"url":"https:\/\/wbcoiffure.fr\/wp-content\/uploads\/2025\/07\/71Q7ltsgnmL.jpg","type":"image\/jpeg"}],"twitter_card":"summary_large_image","twitter_misc":{"Dur\u00e9e de lecture estim\u00e9e":"1 minute"},"schema":{"@context":"https:\/\/schema.org","@graph":[{"@type":"WebPage","@id":"https:\/\/wbcoiffure.fr\/?product=ghd-curve-creative-curl-wand-coffret-cadeau-edition-limitee","url":"https:\/\/wbcoiffure.fr\/?product=ghd-curve-creative-curl-wand-coffret-cadeau-edition-limitee","name":"GHD Curve\u00ae Creative Curl Wand \u2013 Coffret Cadeau \u00c9dition Limit\u00e9e - WB Coiffure","isPartOf":{"@id":"https:\/\/wbcoiffure.fr\/#website"},"primaryImageOfPage":{"@id":"https:\/\/wbcoiffure.fr\/?product=ghd-curve-creative-curl-wand-coffret-cadeau-edition-limitee#primaryimage"},"image":{"@id":"https:\/\/wbcoiffure.fr\/?product=ghd-curve-creative-curl-wand-coffret-cadeau-edition-limitee#primaryimage"},"thumbnailUrl":"https:\/\/wbcoiffure.fr\/wp-content\/uploads\/2025\/07\/71Q7ltsgnmL.jpg","datePublished":"2025-07-12T12:14:50+00:00","dateModified":"2025-07-21T11:07:20+00:00","breadcrumb":{"@id":"https:\/\/wbcoiffure.fr\/?product=ghd-curve-creative-curl-wand-coffret-cadeau-edition-limitee#breadcrumb"},"inLanguage":"fr-FR","potentialAction":[{"@type":"ReadAction","target":["https:\/\/wbcoiffure.fr\/?product=ghd-curve-creative-curl-wand-coffret-cadeau-edition-limitee"]}]},{"@type":"ImageObject","inLanguage":"fr-FR","@id":"https:\/\/wbcoiffure.fr\/?product=ghd-curve-creative-curl-wand-coffret-cadeau-edition-limitee#primaryimage","url":"https:\/\/wbcoiffure.fr\/wp-content\/uploads\/2025\/07\/71Q7ltsgnmL.jpg","contentUrl":"https:\/\/wbcoiffure.fr\/wp-content\/uploads\/2025\/07\/71Q7ltsgnmL.jpg","width":2000,"height":2000},{"@type":"BreadcrumbList","@id":"https:\/\/wbcoiffure.fr\/?product=ghd-curve-creative-curl-wand-coffret-cadeau-edition-limitee#breadcrumb","itemListElement":[{"@type":"ListItem","position":1,"name":"Accueil","item":"https:\/\/wbcoiffure.fr\/"},{"@type":"ListItem","position":2,"name":"Boutique","item":"https:\/\/wbcoiffure.fr\/?page_id=409"},{"@type":"ListItem","position":3,"name":"GHD Curve\u00ae Creative Curl Wand \u2013 Coffret Cadeau \u00c9dition Limit\u00e9e"}]},{"@type":"WebSite","@id":"https:\/\/wbcoiffure.fr\/#website","url":"https:\/\/wbcoiffure.fr\/","name":"WB Coiffure","description":"Salon de coiffure Castelnau-le-lez","publisher":{"@id":"https:\/\/wbcoiffure.fr\/#organization"},"potentialAction":[{"@type":"SearchAction","target":{"@type":"EntryPoint","urlTemplate":"https:\/\/wbcoiffure.fr\/?s={search_term_string}"},"query-input":{"@type":"PropertyValueSpecification","valueRequired":true,"valueName":"search_term_string"}}],"inLanguage":"fr-FR"},{"@type":"Organization","@id":"https:\/\/wbcoiffure.fr\/#organization","name":"WB Coiffure","url":"https:\/\/wbcoiffure.fr\/","logo":{"@type":"ImageObject","inLanguage":"fr-FR","@id":"https:\/\/wbcoiffure.fr\/#\/schema\/logo\/image\/","url":"https:\/\/wbcoiffure.fr\/wp-content\/uploads\/2025\/04\/principalWB-logo-internet.png","contentUrl":"https:\/\/wbcoiffure.fr\/wp-content\/uploads\/2025\/04\/principalWB-logo-internet.png","width":316,"height":82,"caption":"WB Coiffure"},"image":{"@id":"https:\/\/wbcoiffure.fr\/#\/schema\/logo\/image\/"}}]}},"brands":[{"id":53,"name":"ghd","slug":"ghd"}],"_links":{"self":[{"href":"https:\/\/wbcoiffure.fr\/index.php?rest_route=\/wp\/v2\/product\/1163","targetHints":{"allow":["GET"]}}],"collection":[{"href":"https:\/\/wbcoiffure.fr\/index.php?rest_route=\/wp\/v2\/product"}],"about":[{"href":"https:\/\/wbcoiffure.fr\/index.php?rest_route=\/wp\/v2\/types\/product"}],"wp:featuredmedia":[{"embeddable":true,"href":"https:\/\/wbcoiffure.fr\/index.php?rest_route=\/wp\/v2\/media\/1164"}],"wp:attachment":[{"href":"https:\/\/wbcoiffure.fr\/index.php?rest_route=%2Fwp%2Fv2%2Fmedia&parent=1163"}],"wp:term":[{"taxonomy":"pwb-brand","embeddable":true,"href":"https:\/\/wbcoiffure.fr\/index.php?rest_route=%2Fwp%2Fv2%2Fpwb-brand&post=1163"},{"taxonomy":"product_brand","embeddable":true,"href":"https:\/\/wbcoiffure.fr\/index.php?rest_route=%2Fwp%2Fv2%2Fproduct_brand&post=1163"},{"taxonomy":"product_cat","embeddable":true,"href":"https:\/\/wbcoiffure.fr\/index.php?rest_route=%2Fwp%2Fv2%2Fproduct_cat&post=1163"},{"taxonomy":"product_tag","embeddable":true,"href":"https:\/\/wbcoiffure.fr\/index.php?rest_route=%2Fwp%2Fv2%2Fproduct_tag&post=1163"}],"curies":[{"name":"wp","href":"https:\/\/api.w.org\/{rel}","templated":true}]}}