{"id":1161,"date":"2025-07-12T14:10:28","date_gmt":"2025-07-12T12:10:28","guid":{"rendered":"https:\/\/wbcoiffure.fr\/?post_type=product&#038;p=1161"},"modified":"2025-07-21T13:10:05","modified_gmt":"2025-07-21T11:10:05","slug":"ghd-curve-creative-curl-wand-coffret-cadeau","status":"publish","type":"product","link":"https:\/\/wbcoiffure.fr\/?product=ghd-curve-creative-curl-wand-coffret-cadeau","title":{"rendered":"GHD Curve\u00ae Creative Curl Wand \u2013 Coffret Cadeau"},"content":{"rendered":"<div class=\"_tableContainer_80l1q_1\">\n<div class=\"_tableWrapper_80l1q_14 group flex w-fit flex-col-reverse\" tabindex=\"-1\">\n<div class=\"_tableContainer_80l1q_1\">\n<div class=\"_tableWrapper_80l1q_14 group flex w-fit flex-col-reverse\" tabindex=\"-1\">\n<div class=\"_tableContainer_80l1q_1\">\n<div class=\"_tableWrapper_80l1q_14 group flex w-fit flex-col-reverse\" tabindex=\"-1\">\n<div class=\"_tableContainer_80l1q_1\">\n<div class=\"_tableWrapper_80l1q_14 group flex w-fit flex-col-reverse\" tabindex=\"-1\">\n<div class=\"_tableContainer_80l1q_1\">\n<div class=\"_tableWrapper_80l1q_14 group flex w-fit flex-col-reverse\" tabindex=\"-1\">\n<div class=\"_tableContainer_80l1q_1\">\n<div class=\"_tableWrapper_80l1q_14 group flex w-fit flex-col-reverse\" tabindex=\"-1\">\n<div class=\"_tableContainer_80l1q_1\">\n<div class=\"_tableWrapper_80l1q_14 group flex w-fit flex-col-reverse\" tabindex=\"-1\">\n<table class=\"w-fit min-w-(--thread-content-width)\" data-start=\"436\" data-end=\"756\">\n<thead data-start=\"436\" data-end=\"505\">\n<tr data-start=\"436\" data-end=\"505\">\n<th data-start=\"436\" data-end=\"462\" data-col-size=\"sm\"><strong data-start=\"438\" data-end=\"457\">Type de produit<\/strong><\/th>\n<th data-start=\"462\" data-end=\"505\" data-col-size=\"md\">Fer \u00e0 boucler conique \u2013 \u00e9dition coffret<\/th>\n<\/tr>\n<\/thead>\n<tbody data-start=\"577\" data-end=\"756\">\n<tr data-start=\"577\" data-end=\"626\">\n<td data-start=\"577\" data-end=\"603\" data-col-size=\"sm\"><strong data-start=\"579\" data-end=\"589\">Marque<\/strong><\/td>\n<td data-start=\"603\" data-end=\"626\" data-col-size=\"md\">GHD \u2013 Good Hair Day<\/td>\n<\/tr>\n<tr data-start=\"627\" data-end=\"671\">\n<td data-start=\"627\" data-end=\"653\" data-col-size=\"sm\"><strong data-start=\"629\" data-end=\"639\">Format<\/strong><\/td>\n<td data-start=\"653\" data-end=\"671\" data-col-size=\"md\">Coffret cadeau<\/td>\n<\/tr>\n<tr data-start=\"672\" data-end=\"756\">\n<td data-start=\"672\" data-end=\"698\" data-col-size=\"sm\"><strong data-start=\"674\" data-end=\"692\">Particularit\u00e9s<\/strong><\/td>\n<td data-start=\"698\" data-end=\"756\" data-col-size=\"md\">&#8211; Forme conique : 23 mm \u00e0 la base, 28 mm \u00e0 l&rsquo;extr\u00e9mit\u00e9<\/td>\n<\/tr>\n<\/tbody>\n<\/table>\n<div class=\"sticky end-(--thread-content-margin) h-0 self-end select-none\">\n<div class=\"absolute end-0 flex items-end\"><\/div>\n<\/div>\n<\/div>\n<\/div>\n<ul data-start=\"757\" data-end=\"1464\">\n<li data-start=\"757\" data-end=\"817\">\n<p data-start=\"759\" data-end=\"817\">Technologie ultra-zone\u2122 : temp\u00e9rature constante de 185\u00b0C<\/p>\n<\/li>\n<li data-start=\"818\" data-end=\"858\">\n<p data-start=\"820\" data-end=\"858\">Embout isolant pour plus de s\u00e9curit\u00e9<\/p>\n<\/li>\n<li data-start=\"859\" data-end=\"1207\">\n<p data-start=\"861\" data-end=\"1207\">Support de s\u00e9curit\u00e9 int\u00e9gr\u00e9 |<br \/>\n| <strong data-start=\"893\" data-end=\"912\">Type de boucles<\/strong> | Ondulations de plage, boucles naturelles, effet coiff\u00e9-d\u00e9coiff\u00e9 |<br \/>\n| <strong data-start=\"987\" data-end=\"1002\">Utilisation<\/strong> | Convient \u00e0 tous les types de cheveux. Utilisable sur cheveux secs.<br data-start=\"1079\" data-end=\"1082\" \/>Se travaille m\u00e8che par m\u00e8che pour un rendu d\u00e9fini. |<br \/>\n| <strong data-start=\"1137\" data-end=\"1159\">Contenu du coffret<\/strong> | &#8211; 1 fer \u00e0 boucler Curve Creative Curl Wand<\/p>\n<\/li>\n<li data-start=\"1208\" data-end=\"1234\">\n<p data-start=\"1210\" data-end=\"1234\">1 gant thermor\u00e9sistant<\/p>\n<\/li>\n<li data-start=\"1235\" data-end=\"1464\">\n<p data-start=\"1237\" data-end=\"1464\">1 trousse de rangement r\u00e9sistante \u00e0 la chaleur (selon version) |<br \/>\n| <strong data-start=\"1304\" data-end=\"1322\">Conseil de pro<\/strong> | Pour des boucles longue tenue, vaporisez un spray thermo-protecteur avant utilisation, puis fixez l\u00e9g\u00e8rement avec un spray coiffant. |<\/p>\n<\/li>\n<\/ul>\n<\/div>\n<\/div>\n<\/div>\n<\/div>\n<\/div>\n<\/div>\n<\/div>\n<\/div>\n<\/div>\n<\/div>\n<\/div>\n<\/div>\n","protected":false},"excerpt":{"rendered":"<p data-pm-slice=\"1 1 []\"><strong data-start=\"161\" data-end=\"224\">FER \u00c0 BOUCLER PROFESSIONNEL POUR UN LOOK CR\u00c9ATIF ET NATUREL<\/strong><br data-start=\"224\" data-end=\"227\" \/>Con\u00e7u pour cr\u00e9er des ondulations souples, des boucles naturelles ou des coiffures texturis\u00e9es, le <em data-start=\"325\" data-end=\"355\">GHD Curve Creative Curl Wand<\/em> est l\u2019alli\u00e9 parfait pour sublimer votre chevelure tout en pr\u00e9servant sa sant\u00e9.<\/p>\n","protected":false},"featured_media":1162,"template":"","meta":{"_eb_attr":"","ocean_post_layout":"","ocean_both_sidebars_style":"","ocean_both_sidebars_content_width":0,"ocean_both_sidebars_sidebars_width":0,"ocean_sidebar":"0","ocean_second_sidebar":"0","ocean_disable_margins":"enable","ocean_add_body_class":"","ocean_shortcode_before_top_bar":"","ocean_shortcode_after_top_bar":"","ocean_shortcode_before_header":"","ocean_shortcode_after_header":"","ocean_has_shortcode":"","ocean_shortcode_after_title":"","ocean_shortcode_before_footer_widgets":"","ocean_shortcode_after_footer_widgets":"","ocean_shortcode_before_footer_bottom":"","ocean_shortcode_after_footer_bottom":"","ocean_display_top_bar":"default","ocean_display_header":"default","ocean_header_style":"","ocean_center_header_left_menu":"0","ocean_custom_header_template":"0","ocean_custom_logo":0,"ocean_custom_retina_logo":0,"ocean_custom_logo_max_width":0,"ocean_custom_logo_tablet_max_width":0,"ocean_custom_logo_mobile_max_width":0,"ocean_custom_logo_max_height":0,"ocean_custom_logo_tablet_max_height":0,"ocean_custom_logo_mobile_max_height":0,"ocean_header_custom_menu":"0","ocean_menu_typo_font_family":"0","ocean_menu_typo_font_subset":"","ocean_menu_typo_font_size":0,"ocean_menu_typo_font_size_tablet":0,"ocean_menu_typo_font_size_mobile":0,"ocean_menu_typo_font_size_unit":"px","ocean_menu_typo_font_weight":"","ocean_menu_typo_font_weight_tablet":"","ocean_menu_typo_font_weight_mobile":"","ocean_menu_typo_transform":"","ocean_menu_typo_transform_tablet":"","ocean_menu_typo_transform_mobile":"","ocean_menu_typo_line_height":0,"ocean_menu_typo_line_height_tablet":0,"ocean_menu_typo_line_height_mobile":0,"ocean_menu_typo_line_height_unit":"","ocean_menu_typo_spacing":0,"ocean_menu_typo_spacing_tablet":0,"ocean_menu_typo_spacing_mobile":0,"ocean_menu_typo_spacing_unit":"","ocean_menu_link_color":"","ocean_menu_link_color_hover":"","ocean_menu_link_color_active":"","ocean_menu_link_background":"","ocean_menu_link_hover_background":"","ocean_menu_link_active_background":"","ocean_menu_social_links_bg":"","ocean_menu_social_hover_links_bg":"","ocean_menu_social_links_color":"","ocean_menu_social_hover_links_color":"","ocean_disable_title":"default","ocean_disable_heading":"default","ocean_post_title":"","ocean_post_subheading":"","ocean_post_title_style":"","ocean_post_title_background_color":"","ocean_post_title_background":0,"ocean_post_title_bg_image_position":"","ocean_post_title_bg_image_attachment":"","ocean_post_title_bg_image_repeat":"","ocean_post_title_bg_image_size":"","ocean_post_title_height":0,"ocean_post_title_bg_overlay":0.5,"ocean_post_title_bg_overlay_color":"","ocean_disable_breadcrumbs":"default","ocean_breadcrumbs_color":"","ocean_breadcrumbs_separator_color":"","ocean_breadcrumbs_links_color":"","ocean_breadcrumbs_links_hover_color":"","ocean_display_footer_widgets":"default","ocean_display_footer_bottom":"default","ocean_custom_footer_template":"0"},"pwb-brand":[53],"product_brand":[35],"product_cat":[33,19],"product_tag":[],"class_list":{"0":"post-1161","1":"product","2":"type-product","3":"status-publish","4":"has-post-thumbnail","6":"pwb-brand-ghd","7":"product_brand-ghd","8":"product_cat-materiel-coiffure","9":"product_cat-beautybuy","10":"pa_marque-ghd","12":"entry","13":"has-media","15":"first","16":"instock","17":"shipping-taxable","18":"purchasable","19":"product-type-simple","20":"has-product-nav","21":"col","22":"span_1_of_3","23":"owp-content-center","24":"owp-thumbs-layout-horizontal","25":"owp-btn-normal","26":"owp-tabs-layout-horizontal","27":"has-no-thumbnails"},"yoast_head":"<!-- This site is optimized with the Yoast SEO plugin v27.1.1 - https:\/\/yoast.com\/product\/yoast-seo-wordpress\/ -->\n<title>GHD Curve\u00ae Creative Curl Wand \u2013 Coffret Cadeau - WB Coiffure<\/title>\n<meta name=\"robots\" content=\"index, follow, max-snippet:-1, max-image-preview:large, max-video-preview:-1\" \/>\n<link rel=\"canonical\" href=\"https:\/\/wbcoiffure.fr\/?product=ghd-curve-creative-curl-wand-coffret-cadeau\" \/>\n<meta property=\"og:locale\" content=\"fr_FR\" \/>\n<meta property=\"og:type\" content=\"article\" \/>\n<meta property=\"og:title\" content=\"GHD Curve\u00ae Creative Curl Wand \u2013 Coffret Cadeau - WB Coiffure\" \/>\n<meta property=\"og:description\" content=\"FER \u00c0 BOUCLER PROFESSIONNEL POUR UN LOOK CR\u00c9ATIF ET NATURELCon\u00e7u pour cr\u00e9er des ondulations souples, des boucles naturelles ou des coiffures texturis\u00e9es, le GHD Curve Creative Curl Wand est l\u2019alli\u00e9 parfait pour sublimer votre chevelure tout en pr\u00e9servant sa sant\u00e9.\" \/>\n<meta property=\"og:url\" content=\"https:\/\/wbcoiffure.fr\/?product=ghd-curve-creative-curl-wand-coffret-cadeau\" \/>\n<meta property=\"og:site_name\" content=\"WB Coiffure\" \/>\n<meta property=\"article:modified_time\" content=\"2025-07-21T11:10:05+00:00\" \/>\n<meta property=\"og:image\" content=\"https:\/\/wbcoiffure.fr\/wp-content\/uploads\/2025\/07\/61RG60ul2jL._AC_SX522_.jpg\" \/>\n\t<meta property=\"og:image:width\" content=\"522\" \/>\n\t<meta property=\"og:image:height\" content=\"522\" \/>\n\t<meta property=\"og:image:type\" content=\"image\/jpeg\" \/>\n<meta name=\"twitter:card\" content=\"summary_large_image\" \/>\n<meta name=\"twitter:label1\" content=\"Dur\u00e9e de lecture estim\u00e9e\" \/>\n\t<meta name=\"twitter:data1\" content=\"1 minute\" \/>\n<script type=\"application\/ld+json\" class=\"yoast-schema-graph\">{\"@context\":\"https:\/\/schema.org\",\"@graph\":[{\"@type\":\"WebPage\",\"@id\":\"https:\/\/wbcoiffure.fr\/?product=ghd-curve-creative-curl-wand-coffret-cadeau\",\"url\":\"https:\/\/wbcoiffure.fr\/?product=ghd-curve-creative-curl-wand-coffret-cadeau\",\"name\":\"GHD Curve\u00ae Creative Curl Wand \u2013 Coffret Cadeau - WB Coiffure\",\"isPartOf\":{\"@id\":\"https:\/\/wbcoiffure.fr\/#website\"},\"primaryImageOfPage\":{\"@id\":\"https:\/\/wbcoiffure.fr\/?product=ghd-curve-creative-curl-wand-coffret-cadeau#primaryimage\"},\"image\":{\"@id\":\"https:\/\/wbcoiffure.fr\/?product=ghd-curve-creative-curl-wand-coffret-cadeau#primaryimage\"},\"thumbnailUrl\":\"https:\/\/wbcoiffure.fr\/wp-content\/uploads\/2025\/07\/61RG60ul2jL._AC_SX522_.jpg\",\"datePublished\":\"2025-07-12T12:10:28+00:00\",\"dateModified\":\"2025-07-21T11:10:05+00:00\",\"breadcrumb\":{\"@id\":\"https:\/\/wbcoiffure.fr\/?product=ghd-curve-creative-curl-wand-coffret-cadeau#breadcrumb\"},\"inLanguage\":\"fr-FR\",\"potentialAction\":[{\"@type\":\"ReadAction\",\"target\":[\"https:\/\/wbcoiffure.fr\/?product=ghd-curve-creative-curl-wand-coffret-cadeau\"]}]},{\"@type\":\"ImageObject\",\"inLanguage\":\"fr-FR\",\"@id\":\"https:\/\/wbcoiffure.fr\/?product=ghd-curve-creative-curl-wand-coffret-cadeau#primaryimage\",\"url\":\"https:\/\/wbcoiffure.fr\/wp-content\/uploads\/2025\/07\/61RG60ul2jL._AC_SX522_.jpg\",\"contentUrl\":\"https:\/\/wbcoiffure.fr\/wp-content\/uploads\/2025\/07\/61RG60ul2jL._AC_SX522_.jpg\",\"width\":522,\"height\":522},{\"@type\":\"BreadcrumbList\",\"@id\":\"https:\/\/wbcoiffure.fr\/?product=ghd-curve-creative-curl-wand-coffret-cadeau#breadcrumb\",\"itemListElement\":[{\"@type\":\"ListItem\",\"position\":1,\"name\":\"Accueil\",\"item\":\"https:\/\/wbcoiffure.fr\/\"},{\"@type\":\"ListItem\",\"position\":2,\"name\":\"Boutique\",\"item\":\"https:\/\/wbcoiffure.fr\/?page_id=409\"},{\"@type\":\"ListItem\",\"position\":3,\"name\":\"GHD Curve\u00ae Creative Curl Wand \u2013 Coffret Cadeau\"}]},{\"@type\":\"WebSite\",\"@id\":\"https:\/\/wbcoiffure.fr\/#website\",\"url\":\"https:\/\/wbcoiffure.fr\/\",\"name\":\"WB Coiffure\",\"description\":\"Salon de coiffure Castelnau-le-lez\",\"publisher\":{\"@id\":\"https:\/\/wbcoiffure.fr\/#organization\"},\"potentialAction\":[{\"@type\":\"SearchAction\",\"target\":{\"@type\":\"EntryPoint\",\"urlTemplate\":\"https:\/\/wbcoiffure.fr\/?s={search_term_string}\"},\"query-input\":{\"@type\":\"PropertyValueSpecification\",\"valueRequired\":true,\"valueName\":\"search_term_string\"}}],\"inLanguage\":\"fr-FR\"},{\"@type\":\"Organization\",\"@id\":\"https:\/\/wbcoiffure.fr\/#organization\",\"name\":\"WB Coiffure\",\"url\":\"https:\/\/wbcoiffure.fr\/\",\"logo\":{\"@type\":\"ImageObject\",\"inLanguage\":\"fr-FR\",\"@id\":\"https:\/\/wbcoiffure.fr\/#\/schema\/logo\/image\/\",\"url\":\"https:\/\/wbcoiffure.fr\/wp-content\/uploads\/2025\/04\/principalWB-logo-internet.png\",\"contentUrl\":\"https:\/\/wbcoiffure.fr\/wp-content\/uploads\/2025\/04\/principalWB-logo-internet.png\",\"width\":316,\"height\":82,\"caption\":\"WB Coiffure\"},\"image\":{\"@id\":\"https:\/\/wbcoiffure.fr\/#\/schema\/logo\/image\/\"}}]}<\/script>\n<!-- \/ Yoast SEO plugin. -->","yoast_head_json":{"title":"GHD Curve\u00ae Creative Curl Wand \u2013 Coffret Cadeau - WB Coiffure","robots":{"index":"index","follow":"follow","max-snippet":"max-snippet:-1","max-image-preview":"max-image-preview:large","max-video-preview":"max-video-preview:-1"},"canonical":"https:\/\/wbcoiffure.fr\/?product=ghd-curve-creative-curl-wand-coffret-cadeau","og_locale":"fr_FR","og_type":"article","og_title":"GHD Curve\u00ae Creative Curl Wand \u2013 Coffret Cadeau - WB Coiffure","og_description":"FER \u00c0 BOUCLER PROFESSIONNEL POUR UN LOOK CR\u00c9ATIF ET NATURELCon\u00e7u pour cr\u00e9er des ondulations souples, des boucles naturelles ou des coiffures texturis\u00e9es, le GHD Curve Creative Curl Wand est l\u2019alli\u00e9 parfait pour sublimer votre chevelure tout en pr\u00e9servant sa sant\u00e9.","og_url":"https:\/\/wbcoiffure.fr\/?product=ghd-curve-creative-curl-wand-coffret-cadeau","og_site_name":"WB Coiffure","article_modified_time":"2025-07-21T11:10:05+00:00","og_image":[{"width":522,"height":522,"url":"https:\/\/wbcoiffure.fr\/wp-content\/uploads\/2025\/07\/61RG60ul2jL._AC_SX522_.jpg","type":"image\/jpeg"}],"twitter_card":"summary_large_image","twitter_misc":{"Dur\u00e9e de lecture estim\u00e9e":"1 minute"},"schema":{"@context":"https:\/\/schema.org","@graph":[{"@type":"WebPage","@id":"https:\/\/wbcoiffure.fr\/?product=ghd-curve-creative-curl-wand-coffret-cadeau","url":"https:\/\/wbcoiffure.fr\/?product=ghd-curve-creative-curl-wand-coffret-cadeau","name":"GHD Curve\u00ae Creative Curl Wand \u2013 Coffret Cadeau - WB Coiffure","isPartOf":{"@id":"https:\/\/wbcoiffure.fr\/#website"},"primaryImageOfPage":{"@id":"https:\/\/wbcoiffure.fr\/?product=ghd-curve-creative-curl-wand-coffret-cadeau#primaryimage"},"image":{"@id":"https:\/\/wbcoiffure.fr\/?product=ghd-curve-creative-curl-wand-coffret-cadeau#primaryimage"},"thumbnailUrl":"https:\/\/wbcoiffure.fr\/wp-content\/uploads\/2025\/07\/61RG60ul2jL._AC_SX522_.jpg","datePublished":"2025-07-12T12:10:28+00:00","dateModified":"2025-07-21T11:10:05+00:00","breadcrumb":{"@id":"https:\/\/wbcoiffure.fr\/?product=ghd-curve-creative-curl-wand-coffret-cadeau#breadcrumb"},"inLanguage":"fr-FR","potentialAction":[{"@type":"ReadAction","target":["https:\/\/wbcoiffure.fr\/?product=ghd-curve-creative-curl-wand-coffret-cadeau"]}]},{"@type":"ImageObject","inLanguage":"fr-FR","@id":"https:\/\/wbcoiffure.fr\/?product=ghd-curve-creative-curl-wand-coffret-cadeau#primaryimage","url":"https:\/\/wbcoiffure.fr\/wp-content\/uploads\/2025\/07\/61RG60ul2jL._AC_SX522_.jpg","contentUrl":"https:\/\/wbcoiffure.fr\/wp-content\/uploads\/2025\/07\/61RG60ul2jL._AC_SX522_.jpg","width":522,"height":522},{"@type":"BreadcrumbList","@id":"https:\/\/wbcoiffure.fr\/?product=ghd-curve-creative-curl-wand-coffret-cadeau#breadcrumb","itemListElement":[{"@type":"ListItem","position":1,"name":"Accueil","item":"https:\/\/wbcoiffure.fr\/"},{"@type":"ListItem","position":2,"name":"Boutique","item":"https:\/\/wbcoiffure.fr\/?page_id=409"},{"@type":"ListItem","position":3,"name":"GHD Curve\u00ae Creative Curl Wand \u2013 Coffret Cadeau"}]},{"@type":"WebSite","@id":"https:\/\/wbcoiffure.fr\/#website","url":"https:\/\/wbcoiffure.fr\/","name":"WB Coiffure","description":"Salon de coiffure Castelnau-le-lez","publisher":{"@id":"https:\/\/wbcoiffure.fr\/#organization"},"potentialAction":[{"@type":"SearchAction","target":{"@type":"EntryPoint","urlTemplate":"https:\/\/wbcoiffure.fr\/?s={search_term_string}"},"query-input":{"@type":"PropertyValueSpecification","valueRequired":true,"valueName":"search_term_string"}}],"inLanguage":"fr-FR"},{"@type":"Organization","@id":"https:\/\/wbcoiffure.fr\/#organization","name":"WB Coiffure","url":"https:\/\/wbcoiffure.fr\/","logo":{"@type":"ImageObject","inLanguage":"fr-FR","@id":"https:\/\/wbcoiffure.fr\/#\/schema\/logo\/image\/","url":"https:\/\/wbcoiffure.fr\/wp-content\/uploads\/2025\/04\/principalWB-logo-internet.png","contentUrl":"https:\/\/wbcoiffure.fr\/wp-content\/uploads\/2025\/04\/principalWB-logo-internet.png","width":316,"height":82,"caption":"WB Coiffure"},"image":{"@id":"https:\/\/wbcoiffure.fr\/#\/schema\/logo\/image\/"}}]}},"brands":[{"id":53,"name":"ghd","slug":"ghd"}],"_links":{"self":[{"href":"https:\/\/wbcoiffure.fr\/index.php?rest_route=\/wp\/v2\/product\/1161","targetHints":{"allow":["GET"]}}],"collection":[{"href":"https:\/\/wbcoiffure.fr\/index.php?rest_route=\/wp\/v2\/product"}],"about":[{"href":"https:\/\/wbcoiffure.fr\/index.php?rest_route=\/wp\/v2\/types\/product"}],"wp:featuredmedia":[{"embeddable":true,"href":"https:\/\/wbcoiffure.fr\/index.php?rest_route=\/wp\/v2\/media\/1162"}],"wp:attachment":[{"href":"https:\/\/wbcoiffure.fr\/index.php?rest_route=%2Fwp%2Fv2%2Fmedia&parent=1161"}],"wp:term":[{"taxonomy":"pwb-brand","embeddable":true,"href":"https:\/\/wbcoiffure.fr\/index.php?rest_route=%2Fwp%2Fv2%2Fpwb-brand&post=1161"},{"taxonomy":"product_brand","embeddable":true,"href":"https:\/\/wbcoiffure.fr\/index.php?rest_route=%2Fwp%2Fv2%2Fproduct_brand&post=1161"},{"taxonomy":"product_cat","embeddable":true,"href":"https:\/\/wbcoiffure.fr\/index.php?rest_route=%2Fwp%2Fv2%2Fproduct_cat&post=1161"},{"taxonomy":"product_tag","embeddable":true,"href":"https:\/\/wbcoiffure.fr\/index.php?rest_route=%2Fwp%2Fv2%2Fproduct_tag&post=1161"}],"curies":[{"name":"wp","href":"https:\/\/api.w.org\/{rel}","templated":true}]}}