{"id":1101,"date":"2025-07-09T19:16:41","date_gmt":"2025-07-09T17:16:41","guid":{"rendered":"https:\/\/wbcoiffure.fr\/?post_type=product&#038;p=1101"},"modified":"2025-07-21T13:13:19","modified_gmt":"2025-07-21T11:13:19","slug":"authentic-beauty-concept-dry-shampoo-2","status":"publish","type":"product","link":"https:\/\/wbcoiffure.fr\/?product=authentic-beauty-concept-dry-shampoo-2","title":{"rendered":"AUTHENTIC BEAUTY CONCEPT \u2013 DRY SHAMPOO"},"content":{"rendered":"<table class=\"w-fit min-w-(--thread-content-width)\" data-start=\"409\" data-end=\"1674\">\n<thead data-start=\"409\" data-end=\"547\">\n<tr data-start=\"409\" data-end=\"547\">\n<th data-start=\"409\" data-end=\"438\" data-col-size=\"sm\"><strong data-start=\"411\" data-end=\"426\">Consistance<\/strong><\/th>\n<th data-start=\"438\" data-end=\"547\" data-col-size=\"lg\">Poudre en spray s\u00e8che, application l\u00e9g\u00e8re<\/th>\n<\/tr>\n<\/thead>\n<tbody data-start=\"689\" data-end=\"1674\">\n<tr data-start=\"689\" data-end=\"829\">\n<td data-start=\"689\" data-end=\"718\" data-col-size=\"sm\"><strong data-start=\"691\" data-end=\"710\">Type de cheveux<\/strong><\/td>\n<td data-start=\"718\" data-end=\"829\" data-col-size=\"lg\">Tous types<\/td>\n<\/tr>\n<tr data-start=\"830\" data-end=\"970\">\n<td data-start=\"830\" data-end=\"859\" data-col-size=\"sm\"><strong data-start=\"832\" data-end=\"851\">Effet principal<\/strong><\/td>\n<td data-start=\"859\" data-end=\"970\" data-col-size=\"lg\">Absorbe l&rsquo;exc\u00e8s de s\u00e9bum, rafra\u00eechit les racines, apporte de la texture<\/td>\n<\/tr>\n<tr data-start=\"971\" data-end=\"1111\">\n<td data-start=\"971\" data-end=\"1000\" data-col-size=\"sm\"><strong data-start=\"973\" data-end=\"986\">B\u00e9n\u00e9fices<\/strong><\/td>\n<td data-start=\"1000\" data-end=\"1111\" data-col-size=\"lg\">&#8211; Cheveux plus frais instantan\u00e9ment<br \/>\n&#8211; Volume naturel<br \/>\n&#8211; Ne laisse pas de r\u00e9sidus visibles<\/td>\n<\/tr>\n<tr data-start=\"1112\" data-end=\"1252\">\n<td data-start=\"1112\" data-end=\"1141\" data-col-size=\"sm\"><strong data-start=\"1114\" data-end=\"1138\">Type de cuir chevelu<\/strong><\/td>\n<td data-start=\"1141\" data-end=\"1252\" data-col-size=\"lg\">Normal \u00e0 gras<\/td>\n<\/tr>\n<tr data-start=\"1253\" data-end=\"1394\">\n<td data-start=\"1253\" data-end=\"1282\" data-col-size=\"sm\"><strong data-start=\"1255\" data-end=\"1277\">Mode d\u2019utilisation<\/strong><\/td>\n<td data-start=\"1282\" data-end=\"1394\" data-col-size=\"lg\">Vaporiser \u00e0 la racine, laisser poser quelques instants puis brosser. Peut s\u2019utiliser en retouche quotidienne.<\/td>\n<\/tr>\n<tr data-start=\"1395\" data-end=\"1534\">\n<td data-start=\"1395\" data-end=\"1424\" data-col-size=\"sm\"><strong data-start=\"1397\" data-end=\"1417\">Caract\u00e9ristiques<\/strong><\/td>\n<td data-start=\"1424\" data-end=\"1534\" data-col-size=\"lg\">Vegan, sans silicone, sans sulfate, formule l\u00e9g\u00e8re<\/td>\n<\/tr>\n<tr data-start=\"1535\" data-end=\"1674\">\n<td data-start=\"1535\" data-end=\"1564\" data-col-size=\"sm\"><strong data-start=\"1537\" data-end=\"1557\">Ingr\u00e9dients cl\u00e9s<\/strong><\/td>\n<td data-start=\"1564\" data-end=\"1674\" data-col-size=\"lg\">Amidon de riz purifiant \u2013 100 mL \/ 60 g<\/td>\n<\/tr>\n<\/tbody>\n<\/table>\n<p>&nbsp;<\/p>\n","protected":false},"excerpt":{"rendered":"<p data-pm-slice=\"1 1 []\"><strong data-start=\"158\" data-end=\"188\">SHAMPOOING SEC TEXTURISANT<\/strong><br data-start=\"188\" data-end=\"191\" \/>Un shampooing sec en spray con\u00e7u pour rafra\u00eechir les cheveux entre deux lavages tout en leur apportant texture et volume, sans r\u00e9sidus visibles. Id\u00e9al pour les retouches express et les coiffures pleines de caract\u00e8re.<\/p>\n","protected":false},"featured_media":1102,"template":"","meta":{"_eb_attr":"","ocean_post_layout":"","ocean_both_sidebars_style":"","ocean_both_sidebars_content_width":0,"ocean_both_sidebars_sidebars_width":0,"ocean_sidebar":"0","ocean_second_sidebar":"0","ocean_disable_margins":"enable","ocean_add_body_class":"","ocean_shortcode_before_top_bar":"","ocean_shortcode_after_top_bar":"","ocean_shortcode_before_header":"","ocean_shortcode_after_header":"","ocean_has_shortcode":"","ocean_shortcode_after_title":"","ocean_shortcode_before_footer_widgets":"","ocean_shortcode_after_footer_widgets":"","ocean_shortcode_before_footer_bottom":"","ocean_shortcode_after_footer_bottom":"","ocean_display_top_bar":"default","ocean_display_header":"default","ocean_header_style":"","ocean_center_header_left_menu":"0","ocean_custom_header_template":"0","ocean_custom_logo":0,"ocean_custom_retina_logo":0,"ocean_custom_logo_max_width":0,"ocean_custom_logo_tablet_max_width":0,"ocean_custom_logo_mobile_max_width":0,"ocean_custom_logo_max_height":0,"ocean_custom_logo_tablet_max_height":0,"ocean_custom_logo_mobile_max_height":0,"ocean_header_custom_menu":"0","ocean_menu_typo_font_family":"0","ocean_menu_typo_font_subset":"","ocean_menu_typo_font_size":0,"ocean_menu_typo_font_size_tablet":0,"ocean_menu_typo_font_size_mobile":0,"ocean_menu_typo_font_size_unit":"px","ocean_menu_typo_font_weight":"","ocean_menu_typo_font_weight_tablet":"","ocean_menu_typo_font_weight_mobile":"","ocean_menu_typo_transform":"","ocean_menu_typo_transform_tablet":"","ocean_menu_typo_transform_mobile":"","ocean_menu_typo_line_height":0,"ocean_menu_typo_line_height_tablet":0,"ocean_menu_typo_line_height_mobile":0,"ocean_menu_typo_line_height_unit":"","ocean_menu_typo_spacing":0,"ocean_menu_typo_spacing_tablet":0,"ocean_menu_typo_spacing_mobile":0,"ocean_menu_typo_spacing_unit":"","ocean_menu_link_color":"","ocean_menu_link_color_hover":"","ocean_menu_link_color_active":"","ocean_menu_link_background":"","ocean_menu_link_hover_background":"","ocean_menu_link_active_background":"","ocean_menu_social_links_bg":"","ocean_menu_social_hover_links_bg":"","ocean_menu_social_links_color":"","ocean_menu_social_hover_links_color":"","ocean_disable_title":"default","ocean_disable_heading":"default","ocean_post_title":"","ocean_post_subheading":"","ocean_post_title_style":"","ocean_post_title_background_color":"","ocean_post_title_background":0,"ocean_post_title_bg_image_position":"","ocean_post_title_bg_image_attachment":"","ocean_post_title_bg_image_repeat":"","ocean_post_title_bg_image_size":"","ocean_post_title_height":0,"ocean_post_title_bg_overlay":0.5,"ocean_post_title_bg_overlay_color":"","ocean_disable_breadcrumbs":"default","ocean_breadcrumbs_color":"","ocean_breadcrumbs_separator_color":"","ocean_breadcrumbs_links_color":"","ocean_breadcrumbs_links_hover_color":"","ocean_display_footer_widgets":"default","ocean_display_footer_bottom":"default","ocean_custom_footer_template":"0"},"pwb-brand":[51],"product_brand":[39],"product_cat":[43,40,19],"product_tag":[],"class_list":{"0":"post-1101","1":"product","2":"type-product","3":"status-publish","4":"has-post-thumbnail","6":"pwb-brand-authentique-beauty-concept","7":"product_brand-authentique-beauty-concept","8":"product_cat-shampooing","9":"product_cat-shampoing-soins","10":"product_cat-beautybuy","11":"pa_marque-authentique-beauty-concept","13":"entry","14":"has-media","16":"first","17":"instock","18":"shipping-taxable","19":"purchasable","20":"product-type-simple","21":"has-product-nav","22":"col","23":"span_1_of_3","24":"owp-content-center","25":"owp-thumbs-layout-horizontal","26":"owp-btn-normal","27":"owp-tabs-layout-horizontal","28":"has-no-thumbnails"},"yoast_head":"<!-- This site is optimized with the Yoast SEO plugin v27.1.1 - https:\/\/yoast.com\/product\/yoast-seo-wordpress\/ -->\n<title>AUTHENTIC BEAUTY CONCEPT \u2013 DRY SHAMPOO - WB Coiffure<\/title>\n<meta name=\"robots\" content=\"index, follow, max-snippet:-1, max-image-preview:large, max-video-preview:-1\" \/>\n<link rel=\"canonical\" href=\"http:\/\/wbcoiffure.fr\/?product=authentic-beauty-concept-dry-shampoo-2\" \/>\n<meta property=\"og:locale\" content=\"fr_FR\" \/>\n<meta property=\"og:type\" content=\"article\" \/>\n<meta property=\"og:title\" content=\"AUTHENTIC BEAUTY CONCEPT \u2013 DRY SHAMPOO - WB Coiffure\" \/>\n<meta property=\"og:description\" content=\"SHAMPOOING SEC TEXTURISANTUn shampooing sec en spray con\u00e7u pour rafra\u00eechir les cheveux entre deux lavages tout en leur apportant texture et volume, sans r\u00e9sidus visibles. Id\u00e9al pour les retouches express et les coiffures pleines de caract\u00e8re.\" \/>\n<meta property=\"og:url\" content=\"http:\/\/wbcoiffure.fr\/?product=authentic-beauty-concept-dry-shampoo-2\" \/>\n<meta property=\"og:site_name\" content=\"WB Coiffure\" \/>\n<meta property=\"article:modified_time\" content=\"2025-07-21T11:13:19+00:00\" \/>\n<meta property=\"og:image\" content=\"http:\/\/wbcoiffure.fr\/wp-content\/uploads\/2025\/07\/dry-shampoo-250-ml-1.jpg\" \/>\n\t<meta property=\"og:image:width\" content=\"800\" \/>\n\t<meta property=\"og:image:height\" content=\"800\" \/>\n\t<meta property=\"og:image:type\" content=\"image\/jpeg\" \/>\n<meta name=\"twitter:card\" content=\"summary_large_image\" \/>\n<meta name=\"twitter:label1\" content=\"Dur\u00e9e de lecture estim\u00e9e\" \/>\n\t<meta name=\"twitter:data1\" content=\"1 minute\" \/>\n<script type=\"application\/ld+json\" class=\"yoast-schema-graph\">{\"@context\":\"https:\/\/schema.org\",\"@graph\":[{\"@type\":\"WebPage\",\"@id\":\"http:\/\/wbcoiffure.fr\/?product=authentic-beauty-concept-dry-shampoo-2\",\"url\":\"http:\/\/wbcoiffure.fr\/?product=authentic-beauty-concept-dry-shampoo-2\",\"name\":\"AUTHENTIC BEAUTY CONCEPT \u2013 DRY SHAMPOO - WB Coiffure\",\"isPartOf\":{\"@id\":\"https:\/\/wbcoiffure.fr\/#website\"},\"primaryImageOfPage\":{\"@id\":\"http:\/\/wbcoiffure.fr\/?product=authentic-beauty-concept-dry-shampoo-2#primaryimage\"},\"image\":{\"@id\":\"http:\/\/wbcoiffure.fr\/?product=authentic-beauty-concept-dry-shampoo-2#primaryimage\"},\"thumbnailUrl\":\"https:\/\/wbcoiffure.fr\/wp-content\/uploads\/2025\/07\/dry-shampoo-250-ml-1.jpg\",\"datePublished\":\"2025-07-09T17:16:41+00:00\",\"dateModified\":\"2025-07-21T11:13:19+00:00\",\"breadcrumb\":{\"@id\":\"http:\/\/wbcoiffure.fr\/?product=authentic-beauty-concept-dry-shampoo-2#breadcrumb\"},\"inLanguage\":\"fr-FR\",\"potentialAction\":[{\"@type\":\"ReadAction\",\"target\":[\"http:\/\/wbcoiffure.fr\/?product=authentic-beauty-concept-dry-shampoo-2\"]}]},{\"@type\":\"ImageObject\",\"inLanguage\":\"fr-FR\",\"@id\":\"http:\/\/wbcoiffure.fr\/?product=authentic-beauty-concept-dry-shampoo-2#primaryimage\",\"url\":\"https:\/\/wbcoiffure.fr\/wp-content\/uploads\/2025\/07\/dry-shampoo-250-ml-1.jpg\",\"contentUrl\":\"https:\/\/wbcoiffure.fr\/wp-content\/uploads\/2025\/07\/dry-shampoo-250-ml-1.jpg\",\"width\":800,\"height\":800},{\"@type\":\"BreadcrumbList\",\"@id\":\"http:\/\/wbcoiffure.fr\/?product=authentic-beauty-concept-dry-shampoo-2#breadcrumb\",\"itemListElement\":[{\"@type\":\"ListItem\",\"position\":1,\"name\":\"Accueil\",\"item\":\"https:\/\/wbcoiffure.fr\/\"},{\"@type\":\"ListItem\",\"position\":2,\"name\":\"Boutique\",\"item\":\"https:\/\/wbcoiffure.fr\/?page_id=409\"},{\"@type\":\"ListItem\",\"position\":3,\"name\":\"AUTHENTIC BEAUTY CONCEPT \u2013 DRY SHAMPOO\"}]},{\"@type\":\"WebSite\",\"@id\":\"https:\/\/wbcoiffure.fr\/#website\",\"url\":\"https:\/\/wbcoiffure.fr\/\",\"name\":\"WB Coiffure\",\"description\":\"Salon de coiffure Castelnau-le-lez\",\"publisher\":{\"@id\":\"https:\/\/wbcoiffure.fr\/#organization\"},\"potentialAction\":[{\"@type\":\"SearchAction\",\"target\":{\"@type\":\"EntryPoint\",\"urlTemplate\":\"https:\/\/wbcoiffure.fr\/?s={search_term_string}\"},\"query-input\":{\"@type\":\"PropertyValueSpecification\",\"valueRequired\":true,\"valueName\":\"search_term_string\"}}],\"inLanguage\":\"fr-FR\"},{\"@type\":\"Organization\",\"@id\":\"https:\/\/wbcoiffure.fr\/#organization\",\"name\":\"WB Coiffure\",\"url\":\"https:\/\/wbcoiffure.fr\/\",\"logo\":{\"@type\":\"ImageObject\",\"inLanguage\":\"fr-FR\",\"@id\":\"https:\/\/wbcoiffure.fr\/#\/schema\/logo\/image\/\",\"url\":\"https:\/\/wbcoiffure.fr\/wp-content\/uploads\/2025\/04\/principalWB-logo-internet.png\",\"contentUrl\":\"https:\/\/wbcoiffure.fr\/wp-content\/uploads\/2025\/04\/principalWB-logo-internet.png\",\"width\":316,\"height\":82,\"caption\":\"WB Coiffure\"},\"image\":{\"@id\":\"https:\/\/wbcoiffure.fr\/#\/schema\/logo\/image\/\"}}]}<\/script>\n<!-- \/ Yoast SEO plugin. -->","yoast_head_json":{"title":"AUTHENTIC BEAUTY CONCEPT \u2013 DRY SHAMPOO - WB Coiffure","robots":{"index":"index","follow":"follow","max-snippet":"max-snippet:-1","max-image-preview":"max-image-preview:large","max-video-preview":"max-video-preview:-1"},"canonical":"http:\/\/wbcoiffure.fr\/?product=authentic-beauty-concept-dry-shampoo-2","og_locale":"fr_FR","og_type":"article","og_title":"AUTHENTIC BEAUTY CONCEPT \u2013 DRY SHAMPOO - WB Coiffure","og_description":"SHAMPOOING SEC TEXTURISANTUn shampooing sec en spray con\u00e7u pour rafra\u00eechir les cheveux entre deux lavages tout en leur apportant texture et volume, sans r\u00e9sidus visibles. Id\u00e9al pour les retouches express et les coiffures pleines de caract\u00e8re.","og_url":"http:\/\/wbcoiffure.fr\/?product=authentic-beauty-concept-dry-shampoo-2","og_site_name":"WB Coiffure","article_modified_time":"2025-07-21T11:13:19+00:00","og_image":[{"width":800,"height":800,"url":"http:\/\/wbcoiffure.fr\/wp-content\/uploads\/2025\/07\/dry-shampoo-250-ml-1.jpg","type":"image\/jpeg"}],"twitter_card":"summary_large_image","twitter_misc":{"Dur\u00e9e de lecture estim\u00e9e":"1 minute"},"schema":{"@context":"https:\/\/schema.org","@graph":[{"@type":"WebPage","@id":"http:\/\/wbcoiffure.fr\/?product=authentic-beauty-concept-dry-shampoo-2","url":"http:\/\/wbcoiffure.fr\/?product=authentic-beauty-concept-dry-shampoo-2","name":"AUTHENTIC BEAUTY CONCEPT \u2013 DRY SHAMPOO - WB Coiffure","isPartOf":{"@id":"https:\/\/wbcoiffure.fr\/#website"},"primaryImageOfPage":{"@id":"http:\/\/wbcoiffure.fr\/?product=authentic-beauty-concept-dry-shampoo-2#primaryimage"},"image":{"@id":"http:\/\/wbcoiffure.fr\/?product=authentic-beauty-concept-dry-shampoo-2#primaryimage"},"thumbnailUrl":"https:\/\/wbcoiffure.fr\/wp-content\/uploads\/2025\/07\/dry-shampoo-250-ml-1.jpg","datePublished":"2025-07-09T17:16:41+00:00","dateModified":"2025-07-21T11:13:19+00:00","breadcrumb":{"@id":"http:\/\/wbcoiffure.fr\/?product=authentic-beauty-concept-dry-shampoo-2#breadcrumb"},"inLanguage":"fr-FR","potentialAction":[{"@type":"ReadAction","target":["http:\/\/wbcoiffure.fr\/?product=authentic-beauty-concept-dry-shampoo-2"]}]},{"@type":"ImageObject","inLanguage":"fr-FR","@id":"http:\/\/wbcoiffure.fr\/?product=authentic-beauty-concept-dry-shampoo-2#primaryimage","url":"https:\/\/wbcoiffure.fr\/wp-content\/uploads\/2025\/07\/dry-shampoo-250-ml-1.jpg","contentUrl":"https:\/\/wbcoiffure.fr\/wp-content\/uploads\/2025\/07\/dry-shampoo-250-ml-1.jpg","width":800,"height":800},{"@type":"BreadcrumbList","@id":"http:\/\/wbcoiffure.fr\/?product=authentic-beauty-concept-dry-shampoo-2#breadcrumb","itemListElement":[{"@type":"ListItem","position":1,"name":"Accueil","item":"https:\/\/wbcoiffure.fr\/"},{"@type":"ListItem","position":2,"name":"Boutique","item":"https:\/\/wbcoiffure.fr\/?page_id=409"},{"@type":"ListItem","position":3,"name":"AUTHENTIC BEAUTY CONCEPT \u2013 DRY SHAMPOO"}]},{"@type":"WebSite","@id":"https:\/\/wbcoiffure.fr\/#website","url":"https:\/\/wbcoiffure.fr\/","name":"WB Coiffure","description":"Salon de coiffure Castelnau-le-lez","publisher":{"@id":"https:\/\/wbcoiffure.fr\/#organization"},"potentialAction":[{"@type":"SearchAction","target":{"@type":"EntryPoint","urlTemplate":"https:\/\/wbcoiffure.fr\/?s={search_term_string}"},"query-input":{"@type":"PropertyValueSpecification","valueRequired":true,"valueName":"search_term_string"}}],"inLanguage":"fr-FR"},{"@type":"Organization","@id":"https:\/\/wbcoiffure.fr\/#organization","name":"WB Coiffure","url":"https:\/\/wbcoiffure.fr\/","logo":{"@type":"ImageObject","inLanguage":"fr-FR","@id":"https:\/\/wbcoiffure.fr\/#\/schema\/logo\/image\/","url":"https:\/\/wbcoiffure.fr\/wp-content\/uploads\/2025\/04\/principalWB-logo-internet.png","contentUrl":"https:\/\/wbcoiffure.fr\/wp-content\/uploads\/2025\/04\/principalWB-logo-internet.png","width":316,"height":82,"caption":"WB Coiffure"},"image":{"@id":"https:\/\/wbcoiffure.fr\/#\/schema\/logo\/image\/"}}]}},"brands":[{"id":51,"name":"Authentique beauty concept","slug":"authentique-beauty-concept"}],"_links":{"self":[{"href":"https:\/\/wbcoiffure.fr\/index.php?rest_route=\/wp\/v2\/product\/1101","targetHints":{"allow":["GET"]}}],"collection":[{"href":"https:\/\/wbcoiffure.fr\/index.php?rest_route=\/wp\/v2\/product"}],"about":[{"href":"https:\/\/wbcoiffure.fr\/index.php?rest_route=\/wp\/v2\/types\/product"}],"wp:featuredmedia":[{"embeddable":true,"href":"https:\/\/wbcoiffure.fr\/index.php?rest_route=\/wp\/v2\/media\/1102"}],"wp:attachment":[{"href":"https:\/\/wbcoiffure.fr\/index.php?rest_route=%2Fwp%2Fv2%2Fmedia&parent=1101"}],"wp:term":[{"taxonomy":"pwb-brand","embeddable":true,"href":"https:\/\/wbcoiffure.fr\/index.php?rest_route=%2Fwp%2Fv2%2Fpwb-brand&post=1101"},{"taxonomy":"product_brand","embeddable":true,"href":"https:\/\/wbcoiffure.fr\/index.php?rest_route=%2Fwp%2Fv2%2Fproduct_brand&post=1101"},{"taxonomy":"product_cat","embeddable":true,"href":"https:\/\/wbcoiffure.fr\/index.php?rest_route=%2Fwp%2Fv2%2Fproduct_cat&post=1101"},{"taxonomy":"product_tag","embeddable":true,"href":"https:\/\/wbcoiffure.fr\/index.php?rest_route=%2Fwp%2Fv2%2Fproduct_tag&post=1101"}],"curies":[{"name":"wp","href":"https:\/\/api.w.org\/{rel}","templated":true}]}}