{"id":1054,"date":"2025-07-03T20:03:34","date_gmt":"2025-07-03T18:03:34","guid":{"rendered":"https:\/\/wbcoiffure.fr\/?post_type=product&#038;p=1054"},"modified":"2025-07-21T13:16:40","modified_gmt":"2025-07-21T11:16:40","slug":"pomade-pommade-coiffante-brillance-elevee-fixation-souple","status":"publish","type":"product","link":"https:\/\/wbcoiffure.fr\/?product=pomade-pommade-coiffante-brillance-elevee-fixation-souple","title":{"rendered":"POMADE \u2013 POMMADE COIFFANTE BRILLANCE \u00c9LEV\u00c9E &#038; FIXATION SOUPLE"},"content":{"rendered":"<h3 data-start=\"395\" data-end=\"424\"><strong data-start=\"399\" data-end=\"416\">Consistance :<\/strong> Pommade<\/h3>\n<h3 data-start=\"426\" data-end=\"511\"><strong data-start=\"430\" data-end=\"451\">Type de cheveux :<\/strong> Tous types de cheveux, id\u00e9ale pour cheveux lisses \u00e0 ondul\u00e9s<\/h3>\n<h3 data-start=\"513\" data-end=\"584\"><strong data-start=\"517\" data-end=\"528\">Effet :<\/strong> Brillance \u00e9lev\u00e9e, fixation moyenne, lissage, d\u00e9finition<\/h3>\n<h3 data-start=\"586\" data-end=\"627\"><strong data-start=\"590\" data-end=\"616\">Type de cuir chevelu :<\/strong> Tous types<\/h3>\n<div class=\"_tableContainer_80l1q_1\">\n<div class=\"_tableWrapper_80l1q_14 group flex w-fit flex-col-reverse\" tabindex=\"-1\">\n<table class=\"w-fit min-w-(--thread-content-width)\" data-start=\"629\" data-end=\"1305\">\n<thead data-start=\"629\" data-end=\"809\">\n<tr data-start=\"629\" data-end=\"809\">\n<th data-start=\"629\" data-end=\"654\" data-col-size=\"sm\"><strong data-start=\"631\" data-end=\"653\">Mode d\u2019Application<\/strong><\/th>\n<th data-start=\"654\" data-end=\"809\" data-col-size=\"lg\">Pr\u00e9levez une petite quantit\u00e9, chauffez entre les mains puis appliquez sur cheveux secs ou l\u00e9g\u00e8rement humides. Peignez ou modelez selon le style d\u00e9sir\u00e9.<\/th>\n<\/tr>\n<\/thead>\n<tbody data-start=\"984\" data-end=\"1305\">\n<tr data-start=\"984\" data-end=\"1151\">\n<td data-start=\"984\" data-end=\"1009\" data-col-size=\"sm\"><strong data-start=\"986\" data-end=\"1006\">Caract\u00e9ristiques<\/strong><\/td>\n<td data-start=\"1009\" data-end=\"1151\" data-col-size=\"lg\">Texture souple, brillance intense, id\u00e9ale pour les coupes plaqu\u00e9es ou r\u00e9tro. Ne cartonne pas, se retravaille facilement. Se rince \u00e0 l\u2019eau.<\/td>\n<\/tr>\n<tr data-start=\"1152\" data-end=\"1305\">\n<td data-start=\"1152\" data-end=\"1177\" data-col-size=\"sm\"><strong data-start=\"1154\" data-end=\"1169\">Ingr\u00e9dients<\/strong><\/td>\n<td data-start=\"1177\" data-end=\"1305\" data-col-size=\"lg\">Formule \u00e0 base d\u2019eau : facile \u00e0 rincer. Agents fixants doux et brillants. Parfum signature American Crew. Sans r\u00e9sidus gras.<\/td>\n<\/tr>\n<\/tbody>\n<\/table>\n<\/div>\n<\/div>\n","protected":false},"excerpt":{"rendered":"<p>La <strong data-start=\"194\" data-end=\"204\">Pomade<\/strong> de <strong data-start=\"208\" data-end=\"225\">American Crew<\/strong> est id\u00e9ale pour des styles liss\u00e9s, brillants et ma\u00eetris\u00e9s. Parfaite pour les looks classiques ou r\u00e9tro, elle apporte souplesse et tenue sans alourdir les cheveux.<\/p>\n","protected":false},"featured_media":1056,"template":"","meta":{"_eb_attr":"","ocean_post_layout":"","ocean_both_sidebars_style":"","ocean_both_sidebars_content_width":0,"ocean_both_sidebars_sidebars_width":0,"ocean_sidebar":"0","ocean_second_sidebar":"0","ocean_disable_margins":"enable","ocean_add_body_class":"","ocean_shortcode_before_top_bar":"","ocean_shortcode_after_top_bar":"","ocean_shortcode_before_header":"","ocean_shortcode_after_header":"","ocean_has_shortcode":"","ocean_shortcode_after_title":"","ocean_shortcode_before_footer_widgets":"","ocean_shortcode_after_footer_widgets":"","ocean_shortcode_before_footer_bottom":"","ocean_shortcode_after_footer_bottom":"","ocean_display_top_bar":"default","ocean_display_header":"default","ocean_header_style":"","ocean_center_header_left_menu":"0","ocean_custom_header_template":"0","ocean_custom_logo":0,"ocean_custom_retina_logo":0,"ocean_custom_logo_max_width":0,"ocean_custom_logo_tablet_max_width":0,"ocean_custom_logo_mobile_max_width":0,"ocean_custom_logo_max_height":0,"ocean_custom_logo_tablet_max_height":0,"ocean_custom_logo_mobile_max_height":0,"ocean_header_custom_menu":"0","ocean_menu_typo_font_family":"0","ocean_menu_typo_font_subset":"","ocean_menu_typo_font_size":0,"ocean_menu_typo_font_size_tablet":0,"ocean_menu_typo_font_size_mobile":0,"ocean_menu_typo_font_size_unit":"px","ocean_menu_typo_font_weight":"","ocean_menu_typo_font_weight_tablet":"","ocean_menu_typo_font_weight_mobile":"","ocean_menu_typo_transform":"","ocean_menu_typo_transform_tablet":"","ocean_menu_typo_transform_mobile":"","ocean_menu_typo_line_height":0,"ocean_menu_typo_line_height_tablet":0,"ocean_menu_typo_line_height_mobile":0,"ocean_menu_typo_line_height_unit":"","ocean_menu_typo_spacing":0,"ocean_menu_typo_spacing_tablet":0,"ocean_menu_typo_spacing_mobile":0,"ocean_menu_typo_spacing_unit":"","ocean_menu_link_color":"","ocean_menu_link_color_hover":"","ocean_menu_link_color_active":"","ocean_menu_link_background":"","ocean_menu_link_hover_background":"","ocean_menu_link_active_background":"","ocean_menu_social_links_bg":"","ocean_menu_social_hover_links_bg":"","ocean_menu_social_links_color":"","ocean_menu_social_hover_links_color":"","ocean_disable_title":"default","ocean_disable_heading":"default","ocean_post_title":"","ocean_post_subheading":"","ocean_post_title_style":"","ocean_post_title_background_color":"","ocean_post_title_background":0,"ocean_post_title_bg_image_position":"","ocean_post_title_bg_image_attachment":"","ocean_post_title_bg_image_repeat":"","ocean_post_title_bg_image_size":"","ocean_post_title_height":0,"ocean_post_title_bg_overlay":0.5,"ocean_post_title_bg_overlay_color":"","ocean_disable_breadcrumbs":"default","ocean_breadcrumbs_color":"","ocean_breadcrumbs_separator_color":"","ocean_breadcrumbs_links_color":"","ocean_breadcrumbs_links_hover_color":"","ocean_display_footer_widgets":"default","ocean_display_footer_bottom":"default","ocean_custom_footer_template":"0"},"pwb-brand":[49],"product_brand":[38],"product_cat":[32,41,19],"product_tag":[],"class_list":{"0":"post-1054","1":"product","2":"type-product","3":"status-publish","4":"has-post-thumbnail","6":"pwb-brand-american-crew","7":"product_brand-american-crew","8":"product_cat-homme","9":"product_cat-produit-coiffant","10":"product_cat-beautybuy","11":"pa_marque-american-crew","13":"entry","14":"has-media","16":"first","17":"instock","18":"shipping-taxable","19":"purchasable","20":"product-type-simple","21":"has-product-nav","22":"col","23":"span_1_of_3","24":"owp-content-center","25":"owp-thumbs-layout-horizontal","26":"owp-btn-normal","27":"owp-tabs-layout-horizontal","28":"has-no-thumbnails"},"yoast_head":"<!-- This site is optimized with the Yoast SEO plugin v27.1.1 - https:\/\/yoast.com\/product\/yoast-seo-wordpress\/ -->\n<title>POMADE \u2013 POMMADE COIFFANTE BRILLANCE \u00c9LEV\u00c9E &amp; FIXATION SOUPLE - WB Coiffure<\/title>\n<meta name=\"robots\" content=\"index, follow, max-snippet:-1, max-image-preview:large, max-video-preview:-1\" \/>\n<link rel=\"canonical\" href=\"http:\/\/wbcoiffure.fr\/?product=pomade-pommade-coiffante-brillance-elevee-fixation-souple\" \/>\n<meta property=\"og:locale\" content=\"fr_FR\" \/>\n<meta property=\"og:type\" content=\"article\" \/>\n<meta property=\"og:title\" content=\"POMADE \u2013 POMMADE COIFFANTE BRILLANCE \u00c9LEV\u00c9E &amp; FIXATION SOUPLE - WB Coiffure\" \/>\n<meta property=\"og:description\" content=\"La Pomade de American Crew est id\u00e9ale pour des styles liss\u00e9s, brillants et ma\u00eetris\u00e9s. Parfaite pour les looks classiques ou r\u00e9tro, elle apporte souplesse et tenue sans alourdir les cheveux.\" \/>\n<meta property=\"og:url\" content=\"http:\/\/wbcoiffure.fr\/?product=pomade-pommade-coiffante-brillance-elevee-fixation-souple\" \/>\n<meta property=\"og:site_name\" content=\"WB Coiffure\" \/>\n<meta property=\"article:modified_time\" content=\"2025-07-21T11:16:40+00:00\" \/>\n<meta property=\"og:image\" content=\"http:\/\/wbcoiffure.fr\/wp-content\/uploads\/2025\/07\/pomade.jpg\" \/>\n\t<meta property=\"og:image:width\" content=\"306\" \/>\n\t<meta property=\"og:image:height\" content=\"445\" \/>\n\t<meta property=\"og:image:type\" content=\"image\/jpeg\" \/>\n<meta name=\"twitter:card\" content=\"summary_large_image\" \/>\n<meta name=\"twitter:label1\" content=\"Dur\u00e9e de lecture estim\u00e9e\" \/>\n\t<meta name=\"twitter:data1\" content=\"1 minute\" \/>\n<script type=\"application\/ld+json\" class=\"yoast-schema-graph\">{\"@context\":\"https:\/\/schema.org\",\"@graph\":[{\"@type\":\"WebPage\",\"@id\":\"http:\/\/wbcoiffure.fr\/?product=pomade-pommade-coiffante-brillance-elevee-fixation-souple\",\"url\":\"http:\/\/wbcoiffure.fr\/?product=pomade-pommade-coiffante-brillance-elevee-fixation-souple\",\"name\":\"POMADE \u2013 POMMADE COIFFANTE BRILLANCE \u00c9LEV\u00c9E & FIXATION SOUPLE - WB Coiffure\",\"isPartOf\":{\"@id\":\"https:\/\/wbcoiffure.fr\/#website\"},\"primaryImageOfPage\":{\"@id\":\"http:\/\/wbcoiffure.fr\/?product=pomade-pommade-coiffante-brillance-elevee-fixation-souple#primaryimage\"},\"image\":{\"@id\":\"http:\/\/wbcoiffure.fr\/?product=pomade-pommade-coiffante-brillance-elevee-fixation-souple#primaryimage\"},\"thumbnailUrl\":\"https:\/\/wbcoiffure.fr\/wp-content\/uploads\/2025\/07\/pomade.jpg\",\"datePublished\":\"2025-07-03T18:03:34+00:00\",\"dateModified\":\"2025-07-21T11:16:40+00:00\",\"breadcrumb\":{\"@id\":\"http:\/\/wbcoiffure.fr\/?product=pomade-pommade-coiffante-brillance-elevee-fixation-souple#breadcrumb\"},\"inLanguage\":\"fr-FR\",\"potentialAction\":[{\"@type\":\"ReadAction\",\"target\":[\"http:\/\/wbcoiffure.fr\/?product=pomade-pommade-coiffante-brillance-elevee-fixation-souple\"]}]},{\"@type\":\"ImageObject\",\"inLanguage\":\"fr-FR\",\"@id\":\"http:\/\/wbcoiffure.fr\/?product=pomade-pommade-coiffante-brillance-elevee-fixation-souple#primaryimage\",\"url\":\"https:\/\/wbcoiffure.fr\/wp-content\/uploads\/2025\/07\/pomade.jpg\",\"contentUrl\":\"https:\/\/wbcoiffure.fr\/wp-content\/uploads\/2025\/07\/pomade.jpg\",\"width\":306,\"height\":445},{\"@type\":\"BreadcrumbList\",\"@id\":\"http:\/\/wbcoiffure.fr\/?product=pomade-pommade-coiffante-brillance-elevee-fixation-souple#breadcrumb\",\"itemListElement\":[{\"@type\":\"ListItem\",\"position\":1,\"name\":\"Accueil\",\"item\":\"https:\/\/wbcoiffure.fr\/\"},{\"@type\":\"ListItem\",\"position\":2,\"name\":\"Boutique\",\"item\":\"https:\/\/wbcoiffure.fr\/?page_id=409\"},{\"@type\":\"ListItem\",\"position\":3,\"name\":\"POMADE \u2013 POMMADE COIFFANTE BRILLANCE \u00c9LEV\u00c9E &#038; FIXATION SOUPLE\"}]},{\"@type\":\"WebSite\",\"@id\":\"https:\/\/wbcoiffure.fr\/#website\",\"url\":\"https:\/\/wbcoiffure.fr\/\",\"name\":\"WB Coiffure\",\"description\":\"Salon de coiffure Castelnau-le-lez\",\"publisher\":{\"@id\":\"https:\/\/wbcoiffure.fr\/#organization\"},\"potentialAction\":[{\"@type\":\"SearchAction\",\"target\":{\"@type\":\"EntryPoint\",\"urlTemplate\":\"https:\/\/wbcoiffure.fr\/?s={search_term_string}\"},\"query-input\":{\"@type\":\"PropertyValueSpecification\",\"valueRequired\":true,\"valueName\":\"search_term_string\"}}],\"inLanguage\":\"fr-FR\"},{\"@type\":\"Organization\",\"@id\":\"https:\/\/wbcoiffure.fr\/#organization\",\"name\":\"WB Coiffure\",\"url\":\"https:\/\/wbcoiffure.fr\/\",\"logo\":{\"@type\":\"ImageObject\",\"inLanguage\":\"fr-FR\",\"@id\":\"https:\/\/wbcoiffure.fr\/#\/schema\/logo\/image\/\",\"url\":\"https:\/\/wbcoiffure.fr\/wp-content\/uploads\/2025\/04\/principalWB-logo-internet.png\",\"contentUrl\":\"https:\/\/wbcoiffure.fr\/wp-content\/uploads\/2025\/04\/principalWB-logo-internet.png\",\"width\":316,\"height\":82,\"caption\":\"WB Coiffure\"},\"image\":{\"@id\":\"https:\/\/wbcoiffure.fr\/#\/schema\/logo\/image\/\"}}]}<\/script>\n<!-- \/ Yoast SEO plugin. -->","yoast_head_json":{"title":"POMADE \u2013 POMMADE COIFFANTE BRILLANCE \u00c9LEV\u00c9E & FIXATION SOUPLE - WB Coiffure","robots":{"index":"index","follow":"follow","max-snippet":"max-snippet:-1","max-image-preview":"max-image-preview:large","max-video-preview":"max-video-preview:-1"},"canonical":"http:\/\/wbcoiffure.fr\/?product=pomade-pommade-coiffante-brillance-elevee-fixation-souple","og_locale":"fr_FR","og_type":"article","og_title":"POMADE \u2013 POMMADE COIFFANTE BRILLANCE \u00c9LEV\u00c9E & FIXATION SOUPLE - WB Coiffure","og_description":"La Pomade de American Crew est id\u00e9ale pour des styles liss\u00e9s, brillants et ma\u00eetris\u00e9s. Parfaite pour les looks classiques ou r\u00e9tro, elle apporte souplesse et tenue sans alourdir les cheveux.","og_url":"http:\/\/wbcoiffure.fr\/?product=pomade-pommade-coiffante-brillance-elevee-fixation-souple","og_site_name":"WB Coiffure","article_modified_time":"2025-07-21T11:16:40+00:00","og_image":[{"width":306,"height":445,"url":"http:\/\/wbcoiffure.fr\/wp-content\/uploads\/2025\/07\/pomade.jpg","type":"image\/jpeg"}],"twitter_card":"summary_large_image","twitter_misc":{"Dur\u00e9e de lecture estim\u00e9e":"1 minute"},"schema":{"@context":"https:\/\/schema.org","@graph":[{"@type":"WebPage","@id":"http:\/\/wbcoiffure.fr\/?product=pomade-pommade-coiffante-brillance-elevee-fixation-souple","url":"http:\/\/wbcoiffure.fr\/?product=pomade-pommade-coiffante-brillance-elevee-fixation-souple","name":"POMADE \u2013 POMMADE COIFFANTE BRILLANCE \u00c9LEV\u00c9E & FIXATION SOUPLE - WB Coiffure","isPartOf":{"@id":"https:\/\/wbcoiffure.fr\/#website"},"primaryImageOfPage":{"@id":"http:\/\/wbcoiffure.fr\/?product=pomade-pommade-coiffante-brillance-elevee-fixation-souple#primaryimage"},"image":{"@id":"http:\/\/wbcoiffure.fr\/?product=pomade-pommade-coiffante-brillance-elevee-fixation-souple#primaryimage"},"thumbnailUrl":"https:\/\/wbcoiffure.fr\/wp-content\/uploads\/2025\/07\/pomade.jpg","datePublished":"2025-07-03T18:03:34+00:00","dateModified":"2025-07-21T11:16:40+00:00","breadcrumb":{"@id":"http:\/\/wbcoiffure.fr\/?product=pomade-pommade-coiffante-brillance-elevee-fixation-souple#breadcrumb"},"inLanguage":"fr-FR","potentialAction":[{"@type":"ReadAction","target":["http:\/\/wbcoiffure.fr\/?product=pomade-pommade-coiffante-brillance-elevee-fixation-souple"]}]},{"@type":"ImageObject","inLanguage":"fr-FR","@id":"http:\/\/wbcoiffure.fr\/?product=pomade-pommade-coiffante-brillance-elevee-fixation-souple#primaryimage","url":"https:\/\/wbcoiffure.fr\/wp-content\/uploads\/2025\/07\/pomade.jpg","contentUrl":"https:\/\/wbcoiffure.fr\/wp-content\/uploads\/2025\/07\/pomade.jpg","width":306,"height":445},{"@type":"BreadcrumbList","@id":"http:\/\/wbcoiffure.fr\/?product=pomade-pommade-coiffante-brillance-elevee-fixation-souple#breadcrumb","itemListElement":[{"@type":"ListItem","position":1,"name":"Accueil","item":"https:\/\/wbcoiffure.fr\/"},{"@type":"ListItem","position":2,"name":"Boutique","item":"https:\/\/wbcoiffure.fr\/?page_id=409"},{"@type":"ListItem","position":3,"name":"POMADE \u2013 POMMADE COIFFANTE BRILLANCE \u00c9LEV\u00c9E &#038; FIXATION SOUPLE"}]},{"@type":"WebSite","@id":"https:\/\/wbcoiffure.fr\/#website","url":"https:\/\/wbcoiffure.fr\/","name":"WB Coiffure","description":"Salon de coiffure Castelnau-le-lez","publisher":{"@id":"https:\/\/wbcoiffure.fr\/#organization"},"potentialAction":[{"@type":"SearchAction","target":{"@type":"EntryPoint","urlTemplate":"https:\/\/wbcoiffure.fr\/?s={search_term_string}"},"query-input":{"@type":"PropertyValueSpecification","valueRequired":true,"valueName":"search_term_string"}}],"inLanguage":"fr-FR"},{"@type":"Organization","@id":"https:\/\/wbcoiffure.fr\/#organization","name":"WB Coiffure","url":"https:\/\/wbcoiffure.fr\/","logo":{"@type":"ImageObject","inLanguage":"fr-FR","@id":"https:\/\/wbcoiffure.fr\/#\/schema\/logo\/image\/","url":"https:\/\/wbcoiffure.fr\/wp-content\/uploads\/2025\/04\/principalWB-logo-internet.png","contentUrl":"https:\/\/wbcoiffure.fr\/wp-content\/uploads\/2025\/04\/principalWB-logo-internet.png","width":316,"height":82,"caption":"WB Coiffure"},"image":{"@id":"https:\/\/wbcoiffure.fr\/#\/schema\/logo\/image\/"}}]}},"brands":[{"id":49,"name":"American Crew","slug":"american-crew"}],"_links":{"self":[{"href":"https:\/\/wbcoiffure.fr\/index.php?rest_route=\/wp\/v2\/product\/1054","targetHints":{"allow":["GET"]}}],"collection":[{"href":"https:\/\/wbcoiffure.fr\/index.php?rest_route=\/wp\/v2\/product"}],"about":[{"href":"https:\/\/wbcoiffure.fr\/index.php?rest_route=\/wp\/v2\/types\/product"}],"wp:featuredmedia":[{"embeddable":true,"href":"https:\/\/wbcoiffure.fr\/index.php?rest_route=\/wp\/v2\/media\/1056"}],"wp:attachment":[{"href":"https:\/\/wbcoiffure.fr\/index.php?rest_route=%2Fwp%2Fv2%2Fmedia&parent=1054"}],"wp:term":[{"taxonomy":"pwb-brand","embeddable":true,"href":"https:\/\/wbcoiffure.fr\/index.php?rest_route=%2Fwp%2Fv2%2Fpwb-brand&post=1054"},{"taxonomy":"product_brand","embeddable":true,"href":"https:\/\/wbcoiffure.fr\/index.php?rest_route=%2Fwp%2Fv2%2Fproduct_brand&post=1054"},{"taxonomy":"product_cat","embeddable":true,"href":"https:\/\/wbcoiffure.fr\/index.php?rest_route=%2Fwp%2Fv2%2Fproduct_cat&post=1054"},{"taxonomy":"product_tag","embeddable":true,"href":"https:\/\/wbcoiffure.fr\/index.php?rest_route=%2Fwp%2Fv2%2Fproduct_tag&post=1054"}],"curies":[{"name":"wp","href":"https:\/\/api.w.org\/{rel}","templated":true}]}}