{"id":1051,"date":"2025-07-03T19:56:43","date_gmt":"2025-07-03T17:56:43","guid":{"rendered":"https:\/\/wbcoiffure.fr\/?post_type=product&#038;p=1051"},"modified":"2025-07-21T13:16:48","modified_gmt":"2025-07-21T11:16:48","slug":"3-in-1-classic-shampooing-apres-shampooing-gel-douche-2","status":"publish","type":"product","link":"https:\/\/wbcoiffure.fr\/?product=3-in-1-classic-shampooing-apres-shampooing-gel-douche-2","title":{"rendered":"3-IN-1 CLASSIC \u2013 SHAMPOOING, APR\u00c8S-SHAMPOOING &#038; GEL DOUCHE"},"content":{"rendered":"<h3 data-start=\"429\" data-end=\"458\"><strong data-start=\"433\" data-end=\"450\">Consistance :<\/strong> Liquide<\/h3>\n<h3 data-start=\"460\" data-end=\"507\"><strong data-start=\"464\" data-end=\"485\">Type de cheveux :<\/strong> Tous types de cheveux<\/h3>\n<h3 data-start=\"509\" data-end=\"580\"><strong data-start=\"513\" data-end=\"524\">Effet :<\/strong> Nettoyant, revitalisant, hydratant. Parfum longue dur\u00e9e<\/h3>\n<h3 data-start=\"582\" data-end=\"646\"><strong data-start=\"586\" data-end=\"619\">Type de cuir chevelu \/ peau :<\/strong> Tous types, m\u00eame sensibles<\/h3>\n<div class=\"_tableContainer_80l1q_1\">\n<div class=\"_tableWrapper_80l1q_14 group flex w-fit flex-col-reverse\" tabindex=\"-1\">\n<table class=\"w-fit min-w-(--thread-content-width)\" data-start=\"648\" data-end=\"1318\">\n<thead data-start=\"648\" data-end=\"800\">\n<tr data-start=\"648\" data-end=\"800\">\n<th data-start=\"648\" data-end=\"673\" data-col-size=\"sm\"><strong data-start=\"650\" data-end=\"672\">Mode d\u2019Application<\/strong><\/th>\n<th data-start=\"673\" data-end=\"800\" data-col-size=\"lg\">Appliquez sur cheveux et corps mouill\u00e9s. Massez pour faire mousser, puis rincez abondamment. Convient \u00e0 un usage quotidien.<\/th>\n<\/tr>\n<\/thead>\n<tbody data-start=\"952\" data-end=\"1318\">\n<tr data-start=\"952\" data-end=\"1138\">\n<td data-start=\"952\" data-end=\"977\" data-col-size=\"sm\"><strong data-start=\"954\" data-end=\"974\">Caract\u00e9ristiques<\/strong><\/td>\n<td data-start=\"977\" data-end=\"1138\" data-col-size=\"lg\">Nettoie les cheveux et la peau en douceur, d\u00e9m\u00eale et adoucit les cheveux, laisse la peau douce et l\u00e9g\u00e8rement parfum\u00e9e. Produit 3-en-1 pratique et \u00e9conomique.<\/td>\n<\/tr>\n<tr data-start=\"1139\" data-end=\"1318\">\n<td data-start=\"1139\" data-end=\"1164\" data-col-size=\"sm\"><strong data-start=\"1141\" data-end=\"1156\">Ingr\u00e9dients<\/strong><\/td>\n<td data-start=\"1164\" data-end=\"1318\" data-col-size=\"lg\">Formule enrichie en agents nettoyants doux et revitalisants. 80\u202f% de plastique recycl\u00e9 pour le flacon. Parfum signature American Crew. Sans parab\u00e8nes.<\/td>\n<\/tr>\n<\/tbody>\n<\/table>\n<\/div>\n<\/div>\n<div class=\"_tableContainer_80l1q_1\"><\/div>\n","protected":false},"excerpt":{"rendered":"<p>Le soin 3-en-1 de <strong data-start=\"213\" data-end=\"230\">American Crew<\/strong> combine shampooing, apr\u00e8s-shampooing et gel douche dans un seul flacon. Id\u00e9al pour les hommes \u00e0 la recherche de praticit\u00e9 sans compromis sur la qualit\u00e9, avec un parfum original et revigorant.<\/p>\n","protected":false},"featured_media":1038,"template":"","meta":{"_eb_attr":"","ocean_post_layout":"","ocean_both_sidebars_style":"","ocean_both_sidebars_content_width":0,"ocean_both_sidebars_sidebars_width":0,"ocean_sidebar":"0","ocean_second_sidebar":"0","ocean_disable_margins":"enable","ocean_add_body_class":"","ocean_shortcode_before_top_bar":"","ocean_shortcode_after_top_bar":"","ocean_shortcode_before_header":"","ocean_shortcode_after_header":"","ocean_has_shortcode":"","ocean_shortcode_after_title":"","ocean_shortcode_before_footer_widgets":"","ocean_shortcode_after_footer_widgets":"","ocean_shortcode_before_footer_bottom":"","ocean_shortcode_after_footer_bottom":"","ocean_display_top_bar":"default","ocean_display_header":"default","ocean_header_style":"","ocean_center_header_left_menu":"0","ocean_custom_header_template":"0","ocean_custom_logo":0,"ocean_custom_retina_logo":0,"ocean_custom_logo_max_width":0,"ocean_custom_logo_tablet_max_width":0,"ocean_custom_logo_mobile_max_width":0,"ocean_custom_logo_max_height":0,"ocean_custom_logo_tablet_max_height":0,"ocean_custom_logo_mobile_max_height":0,"ocean_header_custom_menu":"0","ocean_menu_typo_font_family":"0","ocean_menu_typo_font_subset":"","ocean_menu_typo_font_size":0,"ocean_menu_typo_font_size_tablet":0,"ocean_menu_typo_font_size_mobile":0,"ocean_menu_typo_font_size_unit":"px","ocean_menu_typo_font_weight":"","ocean_menu_typo_font_weight_tablet":"","ocean_menu_typo_font_weight_mobile":"","ocean_menu_typo_transform":"","ocean_menu_typo_transform_tablet":"","ocean_menu_typo_transform_mobile":"","ocean_menu_typo_line_height":0,"ocean_menu_typo_line_height_tablet":0,"ocean_menu_typo_line_height_mobile":0,"ocean_menu_typo_line_height_unit":"","ocean_menu_typo_spacing":0,"ocean_menu_typo_spacing_tablet":0,"ocean_menu_typo_spacing_mobile":0,"ocean_menu_typo_spacing_unit":"","ocean_menu_link_color":"","ocean_menu_link_color_hover":"","ocean_menu_link_color_active":"","ocean_menu_link_background":"","ocean_menu_link_hover_background":"","ocean_menu_link_active_background":"","ocean_menu_social_links_bg":"","ocean_menu_social_hover_links_bg":"","ocean_menu_social_links_color":"","ocean_menu_social_hover_links_color":"","ocean_disable_title":"default","ocean_disable_heading":"default","ocean_post_title":"","ocean_post_subheading":"","ocean_post_title_style":"","ocean_post_title_background_color":"","ocean_post_title_background":0,"ocean_post_title_bg_image_position":"","ocean_post_title_bg_image_attachment":"","ocean_post_title_bg_image_repeat":"","ocean_post_title_bg_image_size":"","ocean_post_title_height":0,"ocean_post_title_bg_overlay":0.5,"ocean_post_title_bg_overlay_color":"","ocean_disable_breadcrumbs":"default","ocean_breadcrumbs_color":"","ocean_breadcrumbs_separator_color":"","ocean_breadcrumbs_links_color":"","ocean_breadcrumbs_links_hover_color":"","ocean_display_footer_widgets":"default","ocean_display_footer_bottom":"default","ocean_custom_footer_template":"0"},"pwb-brand":[49],"product_brand":[38],"product_cat":[46,32,43,40,19],"product_tag":[],"class_list":{"0":"post-1051","1":"product","2":"type-product","3":"status-publish","4":"has-post-thumbnail","6":"pwb-brand-american-crew","7":"product_brand-american-crew","8":"product_cat-apres-shampoing","9":"product_cat-homme","10":"product_cat-shampooing","11":"product_cat-shampoing-soins","12":"product_cat-beautybuy","13":"pa_marque-american-crew","15":"entry","16":"has-media","18":"first","19":"instock","20":"shipping-taxable","21":"purchasable","22":"product-type-simple","23":"has-product-nav","24":"col","25":"span_1_of_3","26":"owp-content-center","27":"owp-thumbs-layout-horizontal","28":"owp-btn-normal","29":"owp-tabs-layout-horizontal","30":"has-no-thumbnails"},"yoast_head":"<!-- This site is optimized with the Yoast SEO plugin v27.1.1 - https:\/\/yoast.com\/product\/yoast-seo-wordpress\/ -->\n<title>3-IN-1 CLASSIC \u2013 SHAMPOOING, APR\u00c8S-SHAMPOOING &amp; GEL DOUCHE - WB Coiffure<\/title>\n<meta name=\"robots\" content=\"index, follow, max-snippet:-1, max-image-preview:large, max-video-preview:-1\" \/>\n<link rel=\"canonical\" href=\"https:\/\/wbcoiffure.fr\/?product=3-in-1-classic-shampooing-apres-shampooing-gel-douche-2\" \/>\n<meta property=\"og:locale\" content=\"fr_FR\" \/>\n<meta property=\"og:type\" content=\"article\" \/>\n<meta property=\"og:title\" content=\"3-IN-1 CLASSIC \u2013 SHAMPOOING, APR\u00c8S-SHAMPOOING &amp; GEL DOUCHE - WB Coiffure\" \/>\n<meta property=\"og:description\" content=\"Le soin 3-en-1 de American Crew combine shampooing, apr\u00e8s-shampooing et gel douche dans un seul flacon. Id\u00e9al pour les hommes \u00e0 la recherche de praticit\u00e9 sans compromis sur la qualit\u00e9, avec un parfum original et revigorant.\" \/>\n<meta property=\"og:url\" content=\"https:\/\/wbcoiffure.fr\/?product=3-in-1-classic-shampooing-apres-shampooing-gel-douche-2\" \/>\n<meta property=\"og:site_name\" content=\"WB Coiffure\" \/>\n<meta property=\"article:modified_time\" content=\"2025-07-21T11:16:48+00:00\" \/>\n<meta property=\"og:image\" content=\"https:\/\/wbcoiffure.fr\/wp-content\/uploads\/2025\/07\/3-in-1-classic.jpg\" \/>\n\t<meta property=\"og:image:width\" content=\"800\" \/>\n\t<meta property=\"og:image:height\" content=\"800\" \/>\n\t<meta property=\"og:image:type\" content=\"image\/jpeg\" \/>\n<meta name=\"twitter:card\" content=\"summary_large_image\" \/>\n<meta name=\"twitter:label1\" content=\"Dur\u00e9e de lecture estim\u00e9e\" \/>\n\t<meta name=\"twitter:data1\" content=\"1 minute\" \/>\n<script type=\"application\/ld+json\" class=\"yoast-schema-graph\">{\"@context\":\"https:\/\/schema.org\",\"@graph\":[{\"@type\":\"WebPage\",\"@id\":\"https:\/\/wbcoiffure.fr\/?product=3-in-1-classic-shampooing-apres-shampooing-gel-douche-2\",\"url\":\"https:\/\/wbcoiffure.fr\/?product=3-in-1-classic-shampooing-apres-shampooing-gel-douche-2\",\"name\":\"3-IN-1 CLASSIC \u2013 SHAMPOOING, APR\u00c8S-SHAMPOOING & GEL DOUCHE - WB Coiffure\",\"isPartOf\":{\"@id\":\"https:\/\/wbcoiffure.fr\/#website\"},\"primaryImageOfPage\":{\"@id\":\"https:\/\/wbcoiffure.fr\/?product=3-in-1-classic-shampooing-apres-shampooing-gel-douche-2#primaryimage\"},\"image\":{\"@id\":\"https:\/\/wbcoiffure.fr\/?product=3-in-1-classic-shampooing-apres-shampooing-gel-douche-2#primaryimage\"},\"thumbnailUrl\":\"https:\/\/wbcoiffure.fr\/wp-content\/uploads\/2025\/07\/3-in-1-classic.jpg\",\"datePublished\":\"2025-07-03T17:56:43+00:00\",\"dateModified\":\"2025-07-21T11:16:48+00:00\",\"breadcrumb\":{\"@id\":\"https:\/\/wbcoiffure.fr\/?product=3-in-1-classic-shampooing-apres-shampooing-gel-douche-2#breadcrumb\"},\"inLanguage\":\"fr-FR\",\"potentialAction\":[{\"@type\":\"ReadAction\",\"target\":[\"https:\/\/wbcoiffure.fr\/?product=3-in-1-classic-shampooing-apres-shampooing-gel-douche-2\"]}]},{\"@type\":\"ImageObject\",\"inLanguage\":\"fr-FR\",\"@id\":\"https:\/\/wbcoiffure.fr\/?product=3-in-1-classic-shampooing-apres-shampooing-gel-douche-2#primaryimage\",\"url\":\"https:\/\/wbcoiffure.fr\/wp-content\/uploads\/2025\/07\/3-in-1-classic.jpg\",\"contentUrl\":\"https:\/\/wbcoiffure.fr\/wp-content\/uploads\/2025\/07\/3-in-1-classic.jpg\",\"width\":800,\"height\":800},{\"@type\":\"BreadcrumbList\",\"@id\":\"https:\/\/wbcoiffure.fr\/?product=3-in-1-classic-shampooing-apres-shampooing-gel-douche-2#breadcrumb\",\"itemListElement\":[{\"@type\":\"ListItem\",\"position\":1,\"name\":\"Accueil\",\"item\":\"https:\/\/wbcoiffure.fr\/\"},{\"@type\":\"ListItem\",\"position\":2,\"name\":\"Boutique\",\"item\":\"https:\/\/wbcoiffure.fr\/?page_id=409\"},{\"@type\":\"ListItem\",\"position\":3,\"name\":\"3-IN-1 CLASSIC \u2013 SHAMPOOING, APR\u00c8S-SHAMPOOING &#038; GEL DOUCHE\"}]},{\"@type\":\"WebSite\",\"@id\":\"https:\/\/wbcoiffure.fr\/#website\",\"url\":\"https:\/\/wbcoiffure.fr\/\",\"name\":\"WB Coiffure\",\"description\":\"Salon de coiffure Castelnau-le-lez\",\"publisher\":{\"@id\":\"https:\/\/wbcoiffure.fr\/#organization\"},\"potentialAction\":[{\"@type\":\"SearchAction\",\"target\":{\"@type\":\"EntryPoint\",\"urlTemplate\":\"https:\/\/wbcoiffure.fr\/?s={search_term_string}\"},\"query-input\":{\"@type\":\"PropertyValueSpecification\",\"valueRequired\":true,\"valueName\":\"search_term_string\"}}],\"inLanguage\":\"fr-FR\"},{\"@type\":\"Organization\",\"@id\":\"https:\/\/wbcoiffure.fr\/#organization\",\"name\":\"WB Coiffure\",\"url\":\"https:\/\/wbcoiffure.fr\/\",\"logo\":{\"@type\":\"ImageObject\",\"inLanguage\":\"fr-FR\",\"@id\":\"https:\/\/wbcoiffure.fr\/#\/schema\/logo\/image\/\",\"url\":\"https:\/\/wbcoiffure.fr\/wp-content\/uploads\/2025\/04\/principalWB-logo-internet.png\",\"contentUrl\":\"https:\/\/wbcoiffure.fr\/wp-content\/uploads\/2025\/04\/principalWB-logo-internet.png\",\"width\":316,\"height\":82,\"caption\":\"WB Coiffure\"},\"image\":{\"@id\":\"https:\/\/wbcoiffure.fr\/#\/schema\/logo\/image\/\"}}]}<\/script>\n<!-- \/ Yoast SEO plugin. -->","yoast_head_json":{"title":"3-IN-1 CLASSIC \u2013 SHAMPOOING, APR\u00c8S-SHAMPOOING & GEL DOUCHE - WB Coiffure","robots":{"index":"index","follow":"follow","max-snippet":"max-snippet:-1","max-image-preview":"max-image-preview:large","max-video-preview":"max-video-preview:-1"},"canonical":"https:\/\/wbcoiffure.fr\/?product=3-in-1-classic-shampooing-apres-shampooing-gel-douche-2","og_locale":"fr_FR","og_type":"article","og_title":"3-IN-1 CLASSIC \u2013 SHAMPOOING, APR\u00c8S-SHAMPOOING & GEL DOUCHE - WB Coiffure","og_description":"Le soin 3-en-1 de American Crew combine shampooing, apr\u00e8s-shampooing et gel douche dans un seul flacon. Id\u00e9al pour les hommes \u00e0 la recherche de praticit\u00e9 sans compromis sur la qualit\u00e9, avec un parfum original et revigorant.","og_url":"https:\/\/wbcoiffure.fr\/?product=3-in-1-classic-shampooing-apres-shampooing-gel-douche-2","og_site_name":"WB Coiffure","article_modified_time":"2025-07-21T11:16:48+00:00","og_image":[{"width":800,"height":800,"url":"https:\/\/wbcoiffure.fr\/wp-content\/uploads\/2025\/07\/3-in-1-classic.jpg","type":"image\/jpeg"}],"twitter_card":"summary_large_image","twitter_misc":{"Dur\u00e9e de lecture estim\u00e9e":"1 minute"},"schema":{"@context":"https:\/\/schema.org","@graph":[{"@type":"WebPage","@id":"https:\/\/wbcoiffure.fr\/?product=3-in-1-classic-shampooing-apres-shampooing-gel-douche-2","url":"https:\/\/wbcoiffure.fr\/?product=3-in-1-classic-shampooing-apres-shampooing-gel-douche-2","name":"3-IN-1 CLASSIC \u2013 SHAMPOOING, APR\u00c8S-SHAMPOOING & GEL DOUCHE - WB Coiffure","isPartOf":{"@id":"https:\/\/wbcoiffure.fr\/#website"},"primaryImageOfPage":{"@id":"https:\/\/wbcoiffure.fr\/?product=3-in-1-classic-shampooing-apres-shampooing-gel-douche-2#primaryimage"},"image":{"@id":"https:\/\/wbcoiffure.fr\/?product=3-in-1-classic-shampooing-apres-shampooing-gel-douche-2#primaryimage"},"thumbnailUrl":"https:\/\/wbcoiffure.fr\/wp-content\/uploads\/2025\/07\/3-in-1-classic.jpg","datePublished":"2025-07-03T17:56:43+00:00","dateModified":"2025-07-21T11:16:48+00:00","breadcrumb":{"@id":"https:\/\/wbcoiffure.fr\/?product=3-in-1-classic-shampooing-apres-shampooing-gel-douche-2#breadcrumb"},"inLanguage":"fr-FR","potentialAction":[{"@type":"ReadAction","target":["https:\/\/wbcoiffure.fr\/?product=3-in-1-classic-shampooing-apres-shampooing-gel-douche-2"]}]},{"@type":"ImageObject","inLanguage":"fr-FR","@id":"https:\/\/wbcoiffure.fr\/?product=3-in-1-classic-shampooing-apres-shampooing-gel-douche-2#primaryimage","url":"https:\/\/wbcoiffure.fr\/wp-content\/uploads\/2025\/07\/3-in-1-classic.jpg","contentUrl":"https:\/\/wbcoiffure.fr\/wp-content\/uploads\/2025\/07\/3-in-1-classic.jpg","width":800,"height":800},{"@type":"BreadcrumbList","@id":"https:\/\/wbcoiffure.fr\/?product=3-in-1-classic-shampooing-apres-shampooing-gel-douche-2#breadcrumb","itemListElement":[{"@type":"ListItem","position":1,"name":"Accueil","item":"https:\/\/wbcoiffure.fr\/"},{"@type":"ListItem","position":2,"name":"Boutique","item":"https:\/\/wbcoiffure.fr\/?page_id=409"},{"@type":"ListItem","position":3,"name":"3-IN-1 CLASSIC \u2013 SHAMPOOING, APR\u00c8S-SHAMPOOING &#038; GEL DOUCHE"}]},{"@type":"WebSite","@id":"https:\/\/wbcoiffure.fr\/#website","url":"https:\/\/wbcoiffure.fr\/","name":"WB Coiffure","description":"Salon de coiffure Castelnau-le-lez","publisher":{"@id":"https:\/\/wbcoiffure.fr\/#organization"},"potentialAction":[{"@type":"SearchAction","target":{"@type":"EntryPoint","urlTemplate":"https:\/\/wbcoiffure.fr\/?s={search_term_string}"},"query-input":{"@type":"PropertyValueSpecification","valueRequired":true,"valueName":"search_term_string"}}],"inLanguage":"fr-FR"},{"@type":"Organization","@id":"https:\/\/wbcoiffure.fr\/#organization","name":"WB Coiffure","url":"https:\/\/wbcoiffure.fr\/","logo":{"@type":"ImageObject","inLanguage":"fr-FR","@id":"https:\/\/wbcoiffure.fr\/#\/schema\/logo\/image\/","url":"https:\/\/wbcoiffure.fr\/wp-content\/uploads\/2025\/04\/principalWB-logo-internet.png","contentUrl":"https:\/\/wbcoiffure.fr\/wp-content\/uploads\/2025\/04\/principalWB-logo-internet.png","width":316,"height":82,"caption":"WB Coiffure"},"image":{"@id":"https:\/\/wbcoiffure.fr\/#\/schema\/logo\/image\/"}}]}},"brands":[{"id":49,"name":"American Crew","slug":"american-crew"}],"_links":{"self":[{"href":"https:\/\/wbcoiffure.fr\/index.php?rest_route=\/wp\/v2\/product\/1051","targetHints":{"allow":["GET"]}}],"collection":[{"href":"https:\/\/wbcoiffure.fr\/index.php?rest_route=\/wp\/v2\/product"}],"about":[{"href":"https:\/\/wbcoiffure.fr\/index.php?rest_route=\/wp\/v2\/types\/product"}],"wp:featuredmedia":[{"embeddable":true,"href":"https:\/\/wbcoiffure.fr\/index.php?rest_route=\/wp\/v2\/media\/1038"}],"wp:attachment":[{"href":"https:\/\/wbcoiffure.fr\/index.php?rest_route=%2Fwp%2Fv2%2Fmedia&parent=1051"}],"wp:term":[{"taxonomy":"pwb-brand","embeddable":true,"href":"https:\/\/wbcoiffure.fr\/index.php?rest_route=%2Fwp%2Fv2%2Fpwb-brand&post=1051"},{"taxonomy":"product_brand","embeddable":true,"href":"https:\/\/wbcoiffure.fr\/index.php?rest_route=%2Fwp%2Fv2%2Fproduct_brand&post=1051"},{"taxonomy":"product_cat","embeddable":true,"href":"https:\/\/wbcoiffure.fr\/index.php?rest_route=%2Fwp%2Fv2%2Fproduct_cat&post=1051"},{"taxonomy":"product_tag","embeddable":true,"href":"https:\/\/wbcoiffure.fr\/index.php?rest_route=%2Fwp%2Fv2%2Fproduct_tag&post=1051"}],"curies":[{"name":"wp","href":"https:\/\/api.w.org\/{rel}","templated":true}]}}